{"id":1046,"date":"2020-08-25T17:21:53","date_gmt":"2020-08-25T10:21:53","guid":{"rendered":"http:\/\/asiamortar.com.vn\/?post_type=product&#038;p=1046"},"modified":"2021-04-02T13:34:38","modified_gmt":"2021-04-02T06:34:38","slug":"am-flexproof-521wb","status":"publish","type":"product","link":"https:\/\/asiamortar.com.vn\/en\/san-pham\/am-flexproof-521wb\/","title":{"rendered":"am Flexproof 521WB"},"content":{"rendered":"<p><\/p>\n<p><b>RECOMMENDED USES<\/b><\/p>\n<p>Seals and prepares substrates for subsequent application.<\/p>\n<p><b>ADVANTAGES<\/b><\/p>\n<p>Water-based product \u2013 environmentally friendly.<\/p>\n<p><\/p>","protected":false},"excerpt":{"rendered":"<p>The environmentally friendly AM FLEXPROOF 521WB is a water-borne bituminous emulsion designed to penetrate and seal porous surfaces when diluted. AM FLEXPROOF 521WB seals and prepares the surfaces of many substrates including concrete, asbestos cement, lightweight concrete screeds and asphalt concrete.<\/p>\n<p>Its good bonding properties ensure good adhesion to substrate when applied; at least one of the substrate must be porous in order\u00a0 to achieve a good cure.<\/p>\n","protected":false},"featured_media":2203,"template":"","meta":[],"yoast_head":"<!-- This site is optimized with the Yoast SEO plugin v15.3 - https:\/\/yoast.com\/wordpress\/plugins\/seo\/ -->\n<meta name=\"robots\" content=\"index, follow, max-snippet:-1, max-image-preview:large, max-video-preview:-1\" \/>\n<link rel=\"canonical\" href=\"https:\/\/asiamortar.com.vn\/san-pham\/am-flexproof-521wb\/\" \/>\n<meta property=\"og:locale\" content=\"en_US\" \/>\n<meta property=\"og:type\" content=\"article\" \/>\n<meta property=\"og:title\" content=\"am Flexproof 521WB - ASIA MORTAR\" \/>\n<meta property=\"og:description\" content=\"[:vi]am FLEXPROOF 521WB L\u1edbp qu\u00e9t m\u1ecfng bitum nh\u0169 t\u01b0\u01a1ng n\u01b0\u1edbc d\u00f9ng qu\u00e9t th\u1ea9m th\u1ea5u hay ph\u1ee7 k\u00edn cho c\u00e1c b\u1ec1 m\u1eb7t y\u1ebfu khi pha lo\u00e3ng ho\u1eb7c d\u00f9ng \u0111\u1ec3 x\u1eed l\u00fd chu\u1ea9n b\u1ecb cho c\u00e1c b\u1ec1 m\u1eb7t nh\u01b0 b\u00ea t\u00f4ng, t\u00f4n xi m\u0103ng, b\u00ea t\u00f4ng nh\u1eb9 ho\u1eb7c b\u00ea t\u00f4ng nh\u1ef1a \u0111\u01b0\u1eddng. V\u1edbi c\u00e1c \u01b0u \u0111i\u1ec3m v\u1ec1 l\u1ef1c d\u00ednh n\u00ean s\u1ea3n ph\u1ea9m b\u00e1m d\u00ednh t\u1ed1t v\u00e0o b\u1ec1 m\u1eb7t sau khi thi c\u00f4ng. M\u1ed9t trong 2 b\u1ec1 m\u1eb7t d\u00ednh v\u1edbi nhau n\u00ean c\u00f3 \u0111\u1ed9 r\u1ed7ng th\u00edch h\u1ee3p \u0111\u1ec3 cho s\u1ea3n ph\u1ea9m \u0111\u01b0\u1ee3c b\u1ea3o d\u01b0\u1ee1ng \u0111\u1ea7y \u0111\u1ee7.\u00a0[:en]The environmentally friendly AM FLEXPROOF 521WB is a water-borne bituminous emulsion designed to penetrate and seal porous surfaces when diluted. AM FLEXPROOF 521WB seals and prepares the surfaces of many substrates including concrete, asbestos cement, lightweight concrete screeds and asphalt concrete. Its good bonding properties ensure good adhesion to substrate when applied; at least one of the substrate must be porous in order\u00a0 to achieve a good cure.[:]\" \/>\n<meta property=\"og:url\" content=\"https:\/\/asiamortar.com.vn\/san-pham\/am-flexproof-521wb\/\" \/>\n<meta property=\"og:site_name\" content=\"ASIA MORTAR\" \/>\n<meta property=\"article:modified_time\" content=\"2021-04-02T06:34:38+00:00\" \/>\n<meta property=\"og:image\" content=\"https:\/\/asiamortar.com.vn\/wp-content\/uploads\/2020\/08\/AM-FLEXPROOF-521WB.png\" \/>\n\t<meta property=\"og:image:width\" content=\"540\" \/>\n\t<meta property=\"og:image:height\" content=\"600\" \/>\n<meta name=\"twitter:card\" content=\"summary_large_image\" \/>\n<meta name=\"twitter:label1\" content=\"Written by\">\n\t<meta name=\"twitter:data1\" content=\"Kh\u00e1ch H\u00e0ng Admin\">\n\t<meta name=\"twitter:label2\" content=\"Est. reading time\">\n\t<meta name=\"twitter:data2\" content=\"1 minute\">\n<script type=\"application\/ld+json\" class=\"yoast-schema-graph\">{\"@context\":\"https:\/\/schema.org\",\"@graph\":[{\"@type\":\"WebSite\",\"@id\":\"https:\/\/asiamortar.com.vn\/ja\/#website\",\"url\":\"https:\/\/asiamortar.com.vn\/ja\/\",\"name\":\"ASIA MORTAR\",\"description\":\"\",\"potentialAction\":[{\"@type\":\"SearchAction\",\"target\":\"https:\/\/asiamortar.com.vn\/ja\/?s={search_term_string}\",\"query-input\":\"required name=search_term_string\"}],\"inLanguage\":\"en-US\"},{\"@type\":\"ImageObject\",\"@id\":\"https:\/\/asiamortar.com.vn\/san-pham\/am-flexproof-521wb\/#primaryimage\",\"inLanguage\":\"en-US\",\"url\":\"https:\/\/asiamortar.com.vn\/wp-content\/uploads\/2020\/08\/AM-FLEXPROOF-521WB.png\",\"width\":540,\"height\":600,\"caption\":\"Am Flexproof 521wb\"},{\"@type\":\"WebPage\",\"@id\":\"https:\/\/asiamortar.com.vn\/san-pham\/am-flexproof-521wb\/#webpage\",\"url\":\"https:\/\/asiamortar.com.vn\/san-pham\/am-flexproof-521wb\/\",\"name\":\"am Flexproof 521WB - ASIA MORTAR\",\"isPartOf\":{\"@id\":\"https:\/\/asiamortar.com.vn\/ja\/#website\"},\"primaryImageOfPage\":{\"@id\":\"https:\/\/asiamortar.com.vn\/san-pham\/am-flexproof-521wb\/#primaryimage\"},\"datePublished\":\"2020-08-25T10:21:53+00:00\",\"dateModified\":\"2021-04-02T06:34:38+00:00\",\"inLanguage\":\"en-US\",\"potentialAction\":[{\"@type\":\"ReadAction\",\"target\":[\"https:\/\/asiamortar.com.vn\/san-pham\/am-flexproof-521wb\/\"]}]}]}<\/script>\n<!-- \/ Yoast SEO plugin. -->","_links":{"self":[{"href":"https:\/\/asiamortar.com.vn\/en\/wp-json\/wp\/v2\/product\/1046"}],"collection":[{"href":"https:\/\/asiamortar.com.vn\/en\/wp-json\/wp\/v2\/product"}],"about":[{"href":"https:\/\/asiamortar.com.vn\/en\/wp-json\/wp\/v2\/types\/product"}],"wp:featuredmedia":[{"embeddable":true,"href":"https:\/\/asiamortar.com.vn\/en\/wp-json\/wp\/v2\/media\/2203"}],"wp:attachment":[{"href":"https:\/\/asiamortar.com.vn\/en\/wp-json\/wp\/v2\/media?parent=1046"}],"curies":[{"name":"wp","href":"https:\/\/api.w.org\/{rel}","templated":true}]}}