{"id":1050,"date":"2020-09-03T11:27:46","date_gmt":"2020-09-03T04:27:46","guid":{"rendered":"http:\/\/asiamortar.com.vn\/?post_type=product&#038;p=1050"},"modified":"2023-03-10T11:16:37","modified_gmt":"2023-03-10T04:16:37","slug":"am-screed","status":"publish","type":"product","link":"https:\/\/asiamortar.com.vn\/en\/san-pham\/am-screed\/","title":{"rendered":"AM SCREED"},"content":{"rendered":"<p><strong>USES:<\/strong><\/p>\n<ul>\n<li>AM SCREED is formulated for both internal and external applications on sound concrete substrates.<\/li>\n<li>It is designed to have non-slump properties but yet high workability to allow the mason to form a gradient to avoid trapping of water in estate upgrading or retrofitting applications.<\/li>\n<li>AM SCREED also can be used for repairing of old worn concrete for both industrial and housing areas.<\/li>\n<\/ul>\n<p><strong>ADVANTAGE:<\/strong><\/p>\n<ul>\n<li>Premixed to ensure high consistent quality.<\/li>\n<li>Convenience in handling.<\/li>\n<li>Same amount of water is added to achieve consistency in workability.<\/li>\n<li>Easy mixing and application.<\/li>\n<li>Excellent compressive and bonding strength.<\/li>\n<li>Time and cost savings due to quick easy laying.<\/li>\n<li>Shrinkage compensated.<\/li>\n<li>For both internal and external uses.<\/li>\n<li>Cleaning limited to just disposing used paper bag.<\/li>\n<\/ul>\n<p><\/p>","protected":false},"excerpt":{"rendered":"<ul>\n<li><strong>AM SCREED<\/strong> is cement-based prepacked floor screed designed for use as a floor or deck topping at thickness of 10mm to 40mm. It is specially formulated to provide excellent strength and crack control.<\/li>\n<\/ul>\n","protected":false},"featured_media":0,"template":"","meta":[],"yoast_head":"<!-- This site is optimized with the Yoast SEO plugin v15.3 - https:\/\/yoast.com\/wordpress\/plugins\/seo\/ -->\n<meta name=\"robots\" content=\"index, follow, max-snippet:-1, max-image-preview:large, max-video-preview:-1\" \/>\n<link rel=\"canonical\" href=\"https:\/\/asiamortar.com.vn\/san-pham\/am-screed\/\" \/>\n<meta property=\"og:locale\" content=\"en_US\" \/>\n<meta property=\"og:type\" content=\"article\" \/>\n<meta property=\"og:title\" content=\"[:vi]AM SCREED[:en]AM SCREED[:zh]Am Screed[:kh]Am Screed[:ja]Am Screed[:] - ASIA MORTAR\" \/>\n<meta property=\"og:description\" content=\"[:vi]  AM SCREED \u0111\u01b0\u1ee3c \u0111\u00f3ng g\u00f3i s\u1eb5n d\u1ef1a tr\u00ean xi m\u0103ng l\u1edbp n\u1ec1n \u0111\u01b0\u1ee3c thi\u1ebft k\u1ebf \u0111\u1ec3 s\u1eed d\u1ee5ng l\u00e0m s\u00e0n ho\u1eb7c l\u1edbp tr\u00ean c\u00f9ng d\u00e0y 10mm \u0111\u1ebfn 40mm. N\u00f3 \u0111\u01b0\u1ee3c pha ch\u1ebf \u0111\u1eb7c bi\u1ec7t \u0111\u1ec3 cung c\u1ea5p s\u1ee9c m\u1ea1nh tuy\u1ec7t v\u1eddi v\u00e0 ki\u1ec3m so\u00e1t v\u1ebft n\u1ee9t. [:en]  AM SCREED is cement-based prepacked floor screed designed for use as a floor or deck topping at thickness of 10mm to 40mm. It is specially formulated to provide excellent strength and crack control. [:]\" \/>\n<meta property=\"og:url\" content=\"https:\/\/asiamortar.com.vn\/san-pham\/am-screed\/\" \/>\n<meta property=\"og:site_name\" content=\"ASIA MORTAR\" \/>\n<meta property=\"article:modified_time\" content=\"2023-03-10T04:16:37+00:00\" \/>\n<meta name=\"twitter:card\" content=\"summary_large_image\" \/>\n<meta name=\"twitter:label1\" content=\"Written by\">\n\t<meta name=\"twitter:data1\" content=\"Kh\u00e1ch H\u00e0ng Admin\">\n\t<meta name=\"twitter:label2\" content=\"Est. reading time\">\n\t<meta name=\"twitter:data2\" content=\"2 minutes\">\n<script type=\"application\/ld+json\" class=\"yoast-schema-graph\">{\"@context\":\"https:\/\/schema.org\",\"@graph\":[{\"@type\":\"WebSite\",\"@id\":\"https:\/\/asiamortar.com.vn\/ja\/#website\",\"url\":\"https:\/\/asiamortar.com.vn\/ja\/\",\"name\":\"ASIA MORTAR\",\"description\":\"\",\"potentialAction\":[{\"@type\":\"SearchAction\",\"target\":\"https:\/\/asiamortar.com.vn\/ja\/?s={search_term_string}\",\"query-input\":\"required name=search_term_string\"}],\"inLanguage\":\"en-US\"},{\"@type\":\"WebPage\",\"@id\":\"https:\/\/asiamortar.com.vn\/san-pham\/am-screed\/#webpage\",\"url\":\"https:\/\/asiamortar.com.vn\/san-pham\/am-screed\/\",\"name\":\"[:vi]AM SCREED[:en]AM SCREED[:zh]Am Screed[:kh]Am Screed[:ja]Am Screed[:] - ASIA MORTAR\",\"isPartOf\":{\"@id\":\"https:\/\/asiamortar.com.vn\/ja\/#website\"},\"datePublished\":\"2020-09-03T04:27:46+00:00\",\"dateModified\":\"2023-03-10T04:16:37+00:00\",\"inLanguage\":\"en-US\",\"potentialAction\":[{\"@type\":\"ReadAction\",\"target\":[\"https:\/\/asiamortar.com.vn\/san-pham\/am-screed\/\"]}]}]}<\/script>\n<!-- \/ Yoast SEO plugin. -->","_links":{"self":[{"href":"https:\/\/asiamortar.com.vn\/en\/wp-json\/wp\/v2\/product\/1050"}],"collection":[{"href":"https:\/\/asiamortar.com.vn\/en\/wp-json\/wp\/v2\/product"}],"about":[{"href":"https:\/\/asiamortar.com.vn\/en\/wp-json\/wp\/v2\/types\/product"}],"wp:attachment":[{"href":"https:\/\/asiamortar.com.vn\/en\/wp-json\/wp\/v2\/media?parent=1050"}],"curies":[{"name":"wp","href":"https:\/\/api.w.org\/{rel}","templated":true}]}}