{"id":1052,"date":"2020-09-03T11:29:51","date_gmt":"2020-09-03T04:29:51","guid":{"rendered":"http:\/\/asiamortar.com.vn\/?post_type=product&#038;p=1052"},"modified":"2023-03-10T10:53:13","modified_gmt":"2023-03-10T03:53:13","slug":"am-epoxicote-401p","status":"publish","type":"product","link":"https:\/\/asiamortar.com.vn\/en\/san-pham\/am-epoxicote-401p\/","title":{"rendered":"AM EPOXICOTE 401P"},"content":{"rendered":"<p><\/p>\n<p><strong>APPLICATIONS:<\/strong><\/p>\n<ul>\n<li>AM EPOXICOTE 401P is specially formulated, has anti-absorbent properties, protects surface from corrosion of chemicals for wall, floor &#8230;<\/li>\n<li>Application range of the product is very wide, application used in concrete coatings for indoor and outdoor areas, mortar surfaces, natural and man-made stone surfaces, masonry surfaces, light bricks, steel surfaces and even bituminous surfaces&#8230;<\/li>\n<\/ul>\n<p><strong>THE FOLLOWING ITEMS ARE RECOMMENDED FOR USE OF THE AM EPOXICOTE 401P PRODUCT:<\/strong><\/p>\n<ul>\n<li>Areas with growth of fungi, bacteria, microorganisms &#8230; applications for food factories, breweries, pharmaceuticals &#8230;<\/li>\n<li>Apply to wet surfaces but do not leak water such as in basements, pits, ditches &#8230; In this case, a leveling mortar must be applied in advance. waterproofing additives) before applying the coating AM EPOXICOTE 401P.<\/li>\n<li>Applications for lightly contaminated floors such as bottling plants, confectionery factories &#8230;<\/li>\n<li>Applied in areas prone to dirt due to moisture or external pollutants such as public staircase, elevator &#8230; AM EPOXICOTE 401P product surface can be easily Sanitize with clean water.<\/li>\n<li>Create beautiful glossy finish, suitable for vertical and horizontal applications, for porous surface, non-absorbent surface for both indoor and outdoor.<\/li>\n<li>Applied as a primer for bonding to surfaces such as bitumen or bitumen substrates.<\/li>\n<li>As a waterproof booster film in critical applications such as water barrier in water tanks, fuel tanks, water supply circuits and pipes and also acts as a carbonate corrosion resistant coating for concrete or steel surface.<\/li>\n<\/ul>\n<p><\/p>","protected":false},"excerpt":{"rendered":"<ul>\n<li id=\"tw-target-text\" class=\"tw-data-text tw-text-large XcVN5d tw-ta\" dir=\"ltr\" data-placeholder=\"B\u1ea3n d\u1ecbch\"><span lang=\"en\" style=\"font-family: arial, helvetica, sans-serif;\"><strong>AM EPOXICOTE 401P<\/strong> &#8211; Two-component emulsion epoxy coating protection. <\/span><\/li>\n<li class=\"tw-data-text tw-text-large XcVN5d tw-ta\" dir=\"ltr\" data-placeholder=\"B\u1ea3n d\u1ecbch\"><span lang=\"en\" style=\"font-family: arial, helvetica, sans-serif;\">Used as a coating or primer to increase adhesion to the substrate and chemical resistance with good adhesion properties to the surface with high humidity or the old painted substrate. <\/span><\/li>\n<li class=\"tw-data-text tw-text-large XcVN5d tw-ta\" dir=\"ltr\" data-placeholder=\"B\u1ea3n d\u1ecbch\"><span lang=\"en\" style=\"font-family: arial, helvetica, sans-serif;\">Tools and equipment used for mixing can be cleaned with clean water after use.<\/span><\/li>\n<\/ul>\n","protected":false},"featured_media":2179,"template":"","meta":[],"yoast_head":"<!-- This site is optimized with the Yoast SEO plugin v15.3 - https:\/\/yoast.com\/wordpress\/plugins\/seo\/ -->\n<meta name=\"robots\" content=\"index, follow, max-snippet:-1, max-image-preview:large, max-video-preview:-1\" \/>\n<link rel=\"canonical\" href=\"https:\/\/asiamortar.com.vn\/san-pham\/am-epoxicote-401p\/\" \/>\n<meta property=\"og:locale\" content=\"en_US\" \/>\n<meta property=\"og:type\" content=\"article\" \/>\n<meta property=\"og:title\" content=\"[:vi]AM EPOXICOTE 401P[:en]AM EPOXICOTE 401P[:zh]Am Epoxicote 401P[:kh]Am Epoxicote 401P[:ja]Am Epoxicote 401P[:] - ASIA MORTAR\" \/>\n<meta property=\"og:description\" content=\"[:vi]  AM EPOXICOTE 401P l\u00e0 s\u01a1n qu\u00e9t ph\u1ee7 b\u1ea3o v\u1ec7 g\u1ed1c epoxy nh\u0169 t\u01b0\u01a1ng hai th\u00e0nh ph\u1ea7n.  \u0110\u01b0\u1ee3c d\u00f9ng l\u00e0m l\u1edbp ph\u1ee7 ho\u1eb7c l\u1edbp l\u00f3t nh\u1eb1m t\u0103ng \u0111\u1ed9 b\u00e1m d\u00ednh v\u00e0o b\u1ec1 m\u1eb7t n\u1ec1n v\u00e0 kh\u1ea3 n\u0103ng kh\u00e1ng ho\u00e1 ch\u1ea5t v\u1edbi \u0111\u1eb7c t\u00ednh b\u00e1m d\u00ednh t\u1ed1t cho b\u1ec1 m\u1eb7t n\u00ean c\u00f3 \u0111\u1ed9 \u1ea9m cao ho\u1eb7c b\u1ec1 m\u1eb7t n\u1ec1n s\u01a1n c\u0169.  C\u00e1c c\u00f4ng c\u1ee5 v\u00e0 thi\u1ebft b\u1ecb d\u00f9ng \u0111\u1ec3 tr\u1ed9n c\u00f3 th\u1ec3 \u0111\u01b0\u1ee3c v\u1ec7 sinh b\u1eb1ng n\u01b0\u1edbc s\u1ea1ch sau khi s\u1eed d\u1ee5ng.\u00a0 [:en]  AM EPOXICOTE 401P - Two-component emulsion epoxy coating protection.  Used as a coating or primer to increase adhesion to the substrate and chemical resistance with good adhesion properties to the surface with high humidity or the old painted substrate.  Tools and equipment used for mixing can be cleaned with clean water after use. [:]\" \/>\n<meta property=\"og:url\" content=\"https:\/\/asiamortar.com.vn\/san-pham\/am-epoxicote-401p\/\" \/>\n<meta property=\"og:site_name\" content=\"ASIA MORTAR\" \/>\n<meta property=\"article:modified_time\" content=\"2023-03-10T03:53:13+00:00\" \/>\n<meta property=\"og:image\" content=\"https:\/\/asiamortar.com.vn\/wp-content\/uploads\/2020\/09\/401P.png\" \/>\n\t<meta property=\"og:image:width\" content=\"900\" \/>\n\t<meta property=\"og:image:height\" content=\"1000\" \/>\n<meta name=\"twitter:card\" content=\"summary_large_image\" \/>\n<meta name=\"twitter:label1\" content=\"Written by\">\n\t<meta name=\"twitter:data1\" content=\"Kh\u00e1ch H\u00e0ng Admin\">\n\t<meta name=\"twitter:label2\" content=\"Est. reading time\">\n\t<meta name=\"twitter:data2\" content=\"3 minutes\">\n<script type=\"application\/ld+json\" class=\"yoast-schema-graph\">{\"@context\":\"https:\/\/schema.org\",\"@graph\":[{\"@type\":\"WebSite\",\"@id\":\"https:\/\/asiamortar.com.vn\/ja\/#website\",\"url\":\"https:\/\/asiamortar.com.vn\/ja\/\",\"name\":\"ASIA MORTAR\",\"description\":\"\",\"potentialAction\":[{\"@type\":\"SearchAction\",\"target\":\"https:\/\/asiamortar.com.vn\/ja\/?s={search_term_string}\",\"query-input\":\"required name=search_term_string\"}],\"inLanguage\":\"en-US\"},{\"@type\":\"ImageObject\",\"@id\":\"https:\/\/asiamortar.com.vn\/san-pham\/am-epoxicote-401p\/#primaryimage\",\"inLanguage\":\"en-US\",\"url\":\"https:\/\/asiamortar.com.vn\/wp-content\/uploads\/2020\/09\/401P.png\",\"width\":900,\"height\":1000,\"caption\":\"401p\"},{\"@type\":\"WebPage\",\"@id\":\"https:\/\/asiamortar.com.vn\/san-pham\/am-epoxicote-401p\/#webpage\",\"url\":\"https:\/\/asiamortar.com.vn\/san-pham\/am-epoxicote-401p\/\",\"name\":\"[:vi]AM EPOXICOTE 401P[:en]AM EPOXICOTE 401P[:zh]Am Epoxicote 401P[:kh]Am Epoxicote 401P[:ja]Am Epoxicote 401P[:] - ASIA MORTAR\",\"isPartOf\":{\"@id\":\"https:\/\/asiamortar.com.vn\/ja\/#website\"},\"primaryImageOfPage\":{\"@id\":\"https:\/\/asiamortar.com.vn\/san-pham\/am-epoxicote-401p\/#primaryimage\"},\"datePublished\":\"2020-09-03T04:29:51+00:00\",\"dateModified\":\"2023-03-10T03:53:13+00:00\",\"inLanguage\":\"en-US\",\"potentialAction\":[{\"@type\":\"ReadAction\",\"target\":[\"https:\/\/asiamortar.com.vn\/san-pham\/am-epoxicote-401p\/\"]}]}]}<\/script>\n<!-- \/ Yoast SEO plugin. -->","_links":{"self":[{"href":"https:\/\/asiamortar.com.vn\/en\/wp-json\/wp\/v2\/product\/1052"}],"collection":[{"href":"https:\/\/asiamortar.com.vn\/en\/wp-json\/wp\/v2\/product"}],"about":[{"href":"https:\/\/asiamortar.com.vn\/en\/wp-json\/wp\/v2\/types\/product"}],"wp:featuredmedia":[{"embeddable":true,"href":"https:\/\/asiamortar.com.vn\/en\/wp-json\/wp\/v2\/media\/2179"}],"wp:attachment":[{"href":"https:\/\/asiamortar.com.vn\/en\/wp-json\/wp\/v2\/media?parent=1052"}],"curies":[{"name":"wp","href":"https:\/\/api.w.org\/{rel}","templated":true}]}}