{"id":1056,"date":"2020-09-03T11:33:51","date_gmt":"2020-09-03T04:33:51","guid":{"rendered":"http:\/\/asiamortar.com.vn\/?post_type=product&#038;p=1056"},"modified":"2023-12-01T11:07:03","modified_gmt":"2023-12-01T04:07:03","slug":"am-seal-silicone-water-rellant","status":"publish","type":"product","link":"https:\/\/asiamortar.com.vn\/en\/san-pham\/am-seal-silicone-water-rellant\/","title":{"rendered":"Am &#8211; Seal Silicone Water Rellant"},"content":{"rendered":"<p><\/p>\n<p>USES<br \/>\nam SEAL SILICONE WATER<br \/>\nREPELLANT can be used for the following<br \/>\npurpose:-<br \/>\n\u2022 As a protective treatment coat to concrete,<br \/>\nmarble, floor &amp; wall tiles, stone, against<br \/>\nnatural element.<br \/>\n\u2022 To protect marble, granite and other porous<br \/>\nstones from stains.<br \/>\n\u2022 Sealing pores of porous surfaces, thereby<br \/>\npreventing water penetration.<br \/>\n\u2022 As a water proofer for granite, marble,<br \/>\nstones etc against non excessive rising<br \/>\ndamp.<br \/>\n\u2022 As a liquid water repellent for concrete or<br \/>\nmasonry surfaces.<\/p>\n<p>ADVANTAGES<br \/>\n\u2022 Inhibits fungus and bacteria growth.<br \/>\n\u2022 Preserves original natural appearances of<br \/>\ntiles, marbles, granites, fair-face bricks at a<br \/>\neconomic cost.<br \/>\n\u2022 Able to coat over painted surfaces.<br \/>\n\u2022 Resistance to ultra-violet degradation.<\/p>\n<p><\/p>","protected":false},"excerpt":{"rendered":"<p>am SEAL SILICONE WATER<br \/>\nREPELLANT is a solventless clear coating<br \/>\nfor use in interior or exterior applications. It<br \/>\nprovides excellent protection against<br \/>\nnatural elements and act as a protective<br \/>\ncoat against water penetration or in the<br \/>\ncase of tiles,- coffee stain, oil, grease etc<\/p>\n","protected":false},"featured_media":2426,"template":"","meta":[],"yoast_head":"<!-- This site is optimized with the Yoast SEO plugin v15.3 - https:\/\/yoast.com\/wordpress\/plugins\/seo\/ -->\n<meta name=\"robots\" content=\"index, follow, max-snippet:-1, max-image-preview:large, max-video-preview:-1\" \/>\n<link rel=\"canonical\" href=\"https:\/\/asiamortar.com.vn\/san-pham\/am-seal-silicone-water-rellant\/\" \/>\n<meta property=\"og:locale\" content=\"en_US\" \/>\n<meta property=\"og:type\" content=\"article\" \/>\n<meta property=\"og:title\" content=\"Am - Seal Silicone Water Rellant - ASIA MORTAR\" \/>\n<meta property=\"og:description\" content=\"[:vi]\u00a0 am SEAL SILICONE WATER REPELLANT l\u00e0 l\u1edbp qu\u00e9t ph\u1ee7 trong su\u1ed1t kh\u00f4ng ch\u1ee9a dung m\u00f4i d\u00f9ng cho trong nh\u00e0 v\u00e0 ngo\u00e0i tr\u1eddi. S\u1ea3n ph\u1ea9m sau khi qu\u00e9t ph\u1ee7 gi\u00fap b\u1ea3o v\u1ec7 tuy\u1ec7t v\u1eddi cho b\u1ec1 m\u1eb7t t\u1eeb c\u00e1c t\u00e1c \u0111\u1ed9ng c\u1ee7a m\u00f4i tr\u01b0\u1eddng t\u1ef1 nhi\u00ean b\u1eb1ng c\u00e1ch t\u1ea1o th\u00e0nh m\u1ed9t l\u1edbp ph\u1ee7 ng\u0103n n\u01b0\u1edbc th\u1ea5m qua ho\u1eb7c ng\u0103n c\u00e1ch s\u1ef1 ng\u1ea5m d\u1ea7u, c\u00e0 ph\u00ea, m\u1ee1 l\u00ean m\u1eb7t g\u1ea1ch c\u00e1c lo\u1ea1i. \u00a0[:en]am SEAL SILICONE WATER REPELLANT is a solventless clear coating for use in interior or exterior applications. It provides excellent protection against natural elements and act as a protective coat against water penetration or in the case of tiles,- coffee stain, oil, grease etc[:]\" \/>\n<meta property=\"og:url\" content=\"https:\/\/asiamortar.com.vn\/san-pham\/am-seal-silicone-water-rellant\/\" \/>\n<meta property=\"og:site_name\" content=\"ASIA MORTAR\" \/>\n<meta property=\"article:modified_time\" content=\"2023-12-01T04:07:03+00:00\" \/>\n<meta property=\"og:image\" content=\"https:\/\/asiamortar.com.vn\/wp-content\/uploads\/2020\/09\/AM-aE-SEAL-SILICONE-WATER-RELLANT.png\" \/>\n\t<meta property=\"og:image:width\" content=\"585\" \/>\n\t<meta property=\"og:image:height\" content=\"650\" \/>\n<meta name=\"twitter:card\" content=\"summary_large_image\" \/>\n<meta name=\"twitter:label1\" content=\"Written by\">\n\t<meta name=\"twitter:data1\" content=\"Kh\u00e1ch H\u00e0ng Admin\">\n\t<meta name=\"twitter:label2\" content=\"Est. reading time\">\n\t<meta name=\"twitter:data2\" content=\"1 minute\">\n<script type=\"application\/ld+json\" class=\"yoast-schema-graph\">{\"@context\":\"https:\/\/schema.org\",\"@graph\":[{\"@type\":\"WebSite\",\"@id\":\"https:\/\/asiamortar.com.vn\/ja\/#website\",\"url\":\"https:\/\/asiamortar.com.vn\/ja\/\",\"name\":\"ASIA MORTAR\",\"description\":\"\",\"potentialAction\":[{\"@type\":\"SearchAction\",\"target\":\"https:\/\/asiamortar.com.vn\/ja\/?s={search_term_string}\",\"query-input\":\"required name=search_term_string\"}],\"inLanguage\":\"en-US\"},{\"@type\":\"ImageObject\",\"@id\":\"https:\/\/asiamortar.com.vn\/san-pham\/am-seal-silicone-water-rellant\/#primaryimage\",\"inLanguage\":\"en-US\",\"url\":\"https:\/\/asiamortar.com.vn\/wp-content\/uploads\/2020\/09\/AM-aE-SEAL-SILICONE-WATER-RELLANT.png\",\"width\":585,\"height\":650,\"caption\":\"Am \\u00e2\\u20ac\\u201c Seal Silicone Water Rellant\"},{\"@type\":\"WebPage\",\"@id\":\"https:\/\/asiamortar.com.vn\/san-pham\/am-seal-silicone-water-rellant\/#webpage\",\"url\":\"https:\/\/asiamortar.com.vn\/san-pham\/am-seal-silicone-water-rellant\/\",\"name\":\"Am - Seal Silicone Water Rellant - ASIA MORTAR\",\"isPartOf\":{\"@id\":\"https:\/\/asiamortar.com.vn\/ja\/#website\"},\"primaryImageOfPage\":{\"@id\":\"https:\/\/asiamortar.com.vn\/san-pham\/am-seal-silicone-water-rellant\/#primaryimage\"},\"datePublished\":\"2020-09-03T04:33:51+00:00\",\"dateModified\":\"2023-12-01T04:07:03+00:00\",\"inLanguage\":\"en-US\",\"potentialAction\":[{\"@type\":\"ReadAction\",\"target\":[\"https:\/\/asiamortar.com.vn\/san-pham\/am-seal-silicone-water-rellant\/\"]}]}]}<\/script>\n<!-- \/ Yoast SEO plugin. -->","_links":{"self":[{"href":"https:\/\/asiamortar.com.vn\/en\/wp-json\/wp\/v2\/product\/1056"}],"collection":[{"href":"https:\/\/asiamortar.com.vn\/en\/wp-json\/wp\/v2\/product"}],"about":[{"href":"https:\/\/asiamortar.com.vn\/en\/wp-json\/wp\/v2\/types\/product"}],"wp:featuredmedia":[{"embeddable":true,"href":"https:\/\/asiamortar.com.vn\/en\/wp-json\/wp\/v2\/media\/2426"}],"wp:attachment":[{"href":"https:\/\/asiamortar.com.vn\/en\/wp-json\/wp\/v2\/media?parent=1056"}],"curies":[{"name":"wp","href":"https:\/\/api.w.org\/{rel}","templated":true}]}}