{"id":1057,"date":"2020-09-03T11:34:34","date_gmt":"2020-09-03T04:34:34","guid":{"rendered":"http:\/\/asiamortar.com.vn\/?post_type=product&#038;p=1057"},"modified":"2020-09-26T01:13:00","modified_gmt":"2020-09-25T18:13:00","slug":"am-epoxiprime-201","status":"publish","type":"product","link":"https:\/\/asiamortar.com.vn\/en\/san-pham\/am-epoxiprime-201\/","title":{"rendered":"Am Epoxiprime 201"},"content":{"rendered":"<p class=\"qtranxs-available-languages-message qtranxs-available-languages-message-en\">Sorry, this entry is only available in <a href=\"https:\/\/asiamortar.com.vn\/vi\/wp-json\/wp\/v2\/product\/1057\" class=\"qtranxs-available-language-link qtranxs-available-language-link-vi\" title=\"Ti\u1ebfng Vi\u1ec7t\">Vietnamese<\/a>.<\/p>","protected":false},"excerpt":{"rendered":"<p class=\"qtranxs-available-languages-message qtranxs-available-languages-message-en\">Sorry, this entry is only available in <a href=\"https:\/\/asiamortar.com.vn\/vi\/wp-json\/wp\/v2\/product\/1057\" class=\"qtranxs-available-language-link qtranxs-available-language-link-vi\" title=\"Ti\u1ebfng Vi\u1ec7t\">Vietnamese<\/a>.<\/p>\n","protected":false},"featured_media":0,"template":"","meta":[],"yoast_head":"<!-- This site is optimized with the Yoast SEO plugin v15.3 - https:\/\/yoast.com\/wordpress\/plugins\/seo\/ -->\n<meta name=\"robots\" content=\"index, follow, max-snippet:-1, max-image-preview:large, max-video-preview:-1\" \/>\n<link rel=\"canonical\" href=\"http:\/\/asiamortar.com.vn\/san-pham\/am-epoxiprime-201\/\" \/>\n<meta property=\"og:locale\" content=\"en_US\" \/>\n<meta property=\"og:type\" content=\"article\" \/>\n<meta property=\"og:title\" content=\"Am Epoxiprime 201 - ASIA MORTAR\" \/>\n<meta property=\"og:description\" content=\"[:vi]am EPOXIPRIME 201 l\u00e0 l\u1edbp k\u1ebft d\u00ednh g\u1ed1c nh\u1ef1a epoxy kh\u00f4ng dung m\u00f4i c\u00f3 \u0111\u1ed9 nh\u1edbt th\u1ea5p, th\u01b0\u1eddng d\u00f9ng \u0111\u1ec3 l\u00e0m l\u1edbp l\u00f3t k\u1ebft d\u00ednh gi\u1eefa b\u1ec1 m\u1eb7t ti\u1ebfp nh\u1eadn v\u1edbi h\u1ec7 th\u1ed1ng v\u1eefa epoxy b\u00ean tr\u00ean. L\u1edbp l\u00f3t n\u00e0y c\u00f2n \u0111\u01b0\u1ee3c d\u00f9ng \u0111\u1ec3 k\u1ebft d\u00ednh cho m\u1eb7t ngang, m\u1eb7t \u0111\u1ee9ng c\u1ee7a b\u1ec1 m\u1eb7t b\u00ea t\u00f4ng, v\u1eefa, kim lo\u1ea1i v\u00e0 g\u1ea1ch \u0111\u00e1 c\u00e1c lo\u1ea1i. am EPOXIPRIME 201 \u0111\u01b0\u1ee3c cung c\u1ea5p \u1edf d\u1ea1ng b\u1ed9 2 th\u00e0nh ph\u1ea7n. Th\u00e0nh ph\u1ea7n nh\u1ef1a A v\u00e0 th\u00e0nh ph\u1ea7n B l\u00e0 ch\u1ea5t x\u00fac t\u00e1c \u0111\u00f4ng k\u1ebft. S\u1ea3n ph\u1ea9m \u0111\u01b0\u1ee3c \u0111\u00f3ng g\u00f3i v\u1edbi \u0111\u1ecbnh l\u01b0\u1ee3ng s\u1eb5n \u0111\u1ec3 h\u1ea1n ch\u1ebf s\u1ef1 sai l\u1ec7ch trong qu\u00e1 tr\u00ecnh tr\u1ed9n l\u1ea1i v\u1edbi nhau. am EPOXIPRIME 201 c\u00f3 l\u1ef1c d\u00ednh tuy\u1ec7t v\u1eddi khi s\u1eed d\u1ee5ng l\u00e0m l\u1edbp l\u00f3t k\u1ebft d\u00ednh cho h\u1ec7 th\u1ed1ng v\u1eefa s\u1eeda ch\u1eefa epoxy EPOXIMORTAR 202.[:]\" \/>\n<meta property=\"og:url\" content=\"http:\/\/asiamortar.com.vn\/san-pham\/am-epoxiprime-201\/\" \/>\n<meta property=\"og:site_name\" content=\"ASIA MORTAR\" \/>\n<meta property=\"article:modified_time\" content=\"2020-09-25T18:13:00+00:00\" \/>\n<meta name=\"twitter:card\" content=\"summary_large_image\" \/>\n<meta name=\"twitter:label1\" content=\"Written by\">\n\t<meta name=\"twitter:data1\" content=\"Kh\u00e1ch H\u00e0ng Admin\">\n\t<meta name=\"twitter:label2\" content=\"Est. reading time\">\n\t<meta name=\"twitter:data2\" content=\"1 minute\">\n<script type=\"application\/ld+json\" class=\"yoast-schema-graph\">{\"@context\":\"https:\/\/schema.org\",\"@graph\":[{\"@type\":\"WebSite\",\"@id\":\"https:\/\/asiamortar.com.vn\/ja\/#website\",\"url\":\"https:\/\/asiamortar.com.vn\/ja\/\",\"name\":\"ASIA MORTAR\",\"description\":\"\",\"potentialAction\":[{\"@type\":\"SearchAction\",\"target\":\"https:\/\/asiamortar.com.vn\/ja\/?s={search_term_string}\",\"query-input\":\"required name=search_term_string\"}],\"inLanguage\":\"en-US\"},{\"@type\":\"WebPage\",\"@id\":\"http:\/\/asiamortar.com.vn\/san-pham\/am-epoxiprime-201\/#webpage\",\"url\":\"http:\/\/asiamortar.com.vn\/san-pham\/am-epoxiprime-201\/\",\"name\":\"Am Epoxiprime 201 - ASIA MORTAR\",\"isPartOf\":{\"@id\":\"https:\/\/asiamortar.com.vn\/ja\/#website\"},\"datePublished\":\"2020-09-03T04:34:34+00:00\",\"dateModified\":\"2020-09-25T18:13:00+00:00\",\"inLanguage\":\"en-US\",\"potentialAction\":[{\"@type\":\"ReadAction\",\"target\":[\"http:\/\/asiamortar.com.vn\/san-pham\/am-epoxiprime-201\/\"]}]}]}<\/script>\n<!-- \/ Yoast SEO plugin. -->","_links":{"self":[{"href":"https:\/\/asiamortar.com.vn\/en\/wp-json\/wp\/v2\/product\/1057"}],"collection":[{"href":"https:\/\/asiamortar.com.vn\/en\/wp-json\/wp\/v2\/product"}],"about":[{"href":"https:\/\/asiamortar.com.vn\/en\/wp-json\/wp\/v2\/types\/product"}],"wp:attachment":[{"href":"https:\/\/asiamortar.com.vn\/en\/wp-json\/wp\/v2\/media?parent=1057"}],"curies":[{"name":"wp","href":"https:\/\/api.w.org\/{rel}","templated":true}]}}