{"id":1062,"date":"2020-09-03T11:40:55","date_gmt":"2020-09-03T04:40:55","guid":{"rendered":"http:\/\/asiamortar.com.vn\/?post_type=product&#038;p=1062"},"modified":"2021-04-02T15:09:28","modified_gmt":"2021-04-02T08:09:28","slug":"am-flextile-1","status":"publish","type":"product","link":"https:\/\/asiamortar.com.vn\/en\/san-pham\/am-flextile-1\/","title":{"rendered":"Am Flextile 1"},"content":{"rendered":"<p><\/p>\n<pre id=\"tw-target-text\" class=\"tw-data-text tw-text-large XcVN5d tw-ta\" dir=\"ltr\" data-placeholder=\"B\u1ea3n d\u1ecbch\"><span lang=\"en\" style=\"font-family: arial, helvetica, sans-serif;\">APPLICATIONS\r\nI used FLEXTILE 1 against\r\nWidely permeable to the following fields:\r\n\u2022 Underground floor area.\r\n\u2022 Collection pits, elevator pits.\r\n\u2022 Bathroom and toilet area.\r\n\u2022 Collection and treatment pools, swimming pools of all kinds.\r\n\u2022 Used to mix for roofing, terrace mortar.\r\n\u2022 Waterproofing for mortar and concrete used\r\non site for purposes\r\ndifferent.<\/span><\/pre>\n<p><\/p>","protected":false},"excerpt":{"rendered":"<pre id=\"tw-target-text\" class=\"tw-data-text tw-text-large XcVN5d tw-ta\" dir=\"ltr\" data-placeholder=\"B\u1ea3n d\u1ecbch\"><span lang=\"en\" style=\"font-family: arial, helvetica, sans-serif;\">am FLEXTILE 1 is waterproof additive\r\ninside, liquid form is mixed into the mortar\r\ncement sand or mix into concrete. Estate\r\nThis product will seal the capillaries\r\ncircuit, cavity and prevent side leakage\r\nin mortar, concrete.<\/span><\/pre>\n","protected":false},"featured_media":2205,"template":"","meta":[],"yoast_head":"<!-- This site is optimized with the Yoast SEO plugin v15.3 - https:\/\/yoast.com\/wordpress\/plugins\/seo\/ -->\n<meta name=\"robots\" content=\"index, follow, max-snippet:-1, max-image-preview:large, max-video-preview:-1\" \/>\n<link rel=\"canonical\" href=\"https:\/\/asiamortar.com.vn\/san-pham\/am-flextile-1\/\" \/>\n<meta property=\"og:locale\" content=\"en_US\" \/>\n<meta property=\"og:type\" content=\"article\" \/>\n<meta property=\"og:title\" content=\"Am Flextile 1 - ASIA MORTAR\" \/>\n<meta property=\"og:description\" content=\"[:vi]am FLEXTILE 1 l\u00e0 ph\u1ee5 gia ch\u1ed1ng th\u1ea5m b\u00ean trong, d\u1ea1ng l\u1ecfng \u0111\u01b0\u1ee3c tr\u1ed9n v\u00e0o v\u1eefa xi m\u0103ng c\u00e1t ho\u1eb7c tr\u1ed9n v\u00e0o b\u00ea t\u00f4ng. S\u1ea3n ph\u1ea9m n\u00e0y s\u1ebd l\u00e0m b\u00edt ch\u1eb7t c\u00e1c l\u1ed5 mao m\u1ea1ch, l\u1ed5 r\u1ed7ng v\u00e0 ng\u0103n ch\u1eb7n r\u00f2 r\u1ec9 b\u00ean trong v\u1eefa, b\u00ea t\u00f4ng.[:en]am FLEXTILE 1 is waterproof additive inside, liquid form is mixed into the mortar cement sand or mix into concrete. Estate This product will seal the capillaries circuit, cavity and prevent side leakage in mortar, concrete.[:]\" \/>\n<meta property=\"og:url\" content=\"https:\/\/asiamortar.com.vn\/san-pham\/am-flextile-1\/\" \/>\n<meta property=\"og:site_name\" content=\"ASIA MORTAR\" \/>\n<meta property=\"article:modified_time\" content=\"2021-04-02T08:09:28+00:00\" \/>\n<meta property=\"og:image\" content=\"https:\/\/asiamortar.com.vn\/wp-content\/uploads\/2020\/09\/AM-FLEXTILE-1.png\" \/>\n\t<meta property=\"og:image:width\" content=\"585\" \/>\n\t<meta property=\"og:image:height\" content=\"650\" \/>\n<meta name=\"twitter:card\" content=\"summary_large_image\" \/>\n<meta name=\"twitter:label1\" content=\"Written by\">\n\t<meta name=\"twitter:data1\" content=\"Kh\u00e1ch H\u00e0ng Admin\">\n\t<meta name=\"twitter:label2\" content=\"Est. reading time\">\n\t<meta name=\"twitter:data2\" content=\"1 minute\">\n<script type=\"application\/ld+json\" class=\"yoast-schema-graph\">{\"@context\":\"https:\/\/schema.org\",\"@graph\":[{\"@type\":\"WebSite\",\"@id\":\"https:\/\/asiamortar.com.vn\/ja\/#website\",\"url\":\"https:\/\/asiamortar.com.vn\/ja\/\",\"name\":\"ASIA MORTAR\",\"description\":\"\",\"potentialAction\":[{\"@type\":\"SearchAction\",\"target\":\"https:\/\/asiamortar.com.vn\/ja\/?s={search_term_string}\",\"query-input\":\"required name=search_term_string\"}],\"inLanguage\":\"en-US\"},{\"@type\":\"ImageObject\",\"@id\":\"https:\/\/asiamortar.com.vn\/san-pham\/am-flextile-1\/#primaryimage\",\"inLanguage\":\"en-US\",\"url\":\"https:\/\/asiamortar.com.vn\/wp-content\/uploads\/2020\/09\/AM-FLEXTILE-1.png\",\"width\":585,\"height\":650,\"caption\":\"Am Flextile 1\"},{\"@type\":\"WebPage\",\"@id\":\"https:\/\/asiamortar.com.vn\/san-pham\/am-flextile-1\/#webpage\",\"url\":\"https:\/\/asiamortar.com.vn\/san-pham\/am-flextile-1\/\",\"name\":\"Am Flextile 1 - ASIA MORTAR\",\"isPartOf\":{\"@id\":\"https:\/\/asiamortar.com.vn\/ja\/#website\"},\"primaryImageOfPage\":{\"@id\":\"https:\/\/asiamortar.com.vn\/san-pham\/am-flextile-1\/#primaryimage\"},\"datePublished\":\"2020-09-03T04:40:55+00:00\",\"dateModified\":\"2021-04-02T08:09:28+00:00\",\"inLanguage\":\"en-US\",\"potentialAction\":[{\"@type\":\"ReadAction\",\"target\":[\"https:\/\/asiamortar.com.vn\/san-pham\/am-flextile-1\/\"]}]}]}<\/script>\n<!-- \/ Yoast SEO plugin. -->","_links":{"self":[{"href":"https:\/\/asiamortar.com.vn\/en\/wp-json\/wp\/v2\/product\/1062"}],"collection":[{"href":"https:\/\/asiamortar.com.vn\/en\/wp-json\/wp\/v2\/product"}],"about":[{"href":"https:\/\/asiamortar.com.vn\/en\/wp-json\/wp\/v2\/types\/product"}],"wp:featuredmedia":[{"embeddable":true,"href":"https:\/\/asiamortar.com.vn\/en\/wp-json\/wp\/v2\/media\/2205"}],"wp:attachment":[{"href":"https:\/\/asiamortar.com.vn\/en\/wp-json\/wp\/v2\/media?parent=1062"}],"curies":[{"name":"wp","href":"https:\/\/api.w.org\/{rel}","templated":true}]}}