{"id":1063,"date":"2020-09-03T11:41:32","date_gmt":"2020-09-03T04:41:32","guid":{"rendered":"http:\/\/asiamortar.com.vn\/?post_type=product&#038;p=1063"},"modified":"2021-03-01T10:45:26","modified_gmt":"2021-03-01T03:45:26","slug":"am-flextilestop","status":"publish","type":"product","link":"https:\/\/asiamortar.com.vn\/en\/san-pham\/am-flextilestop\/","title":{"rendered":"Am Flextilestop"},"content":{"rendered":"<p><\/p>\n<pre id=\"tw-target-text\" class=\"tw-data-text tw-text-large XcVN5d tw-ta\" dir=\"ltr\" data-placeholder=\"B\u1ea3n d\u1ecbch\"><span lang=\"en\" style=\"font-family: arial, helvetica, sans-serif;\">APPLICATIONS\r\n\r\nCommon applications for underground or aqueous structures of FLEXSTOP amines are as follows:\r\n\r\n\u2022 Wastewater treatment systems.\r\n\r\n\u2022 Water treatment systems.\r\n\r\n\u2022 Swimming pools of all kinds.\r\n\r\n\u2022 Water tanks and tanks of all kinds.\r\n\r\n\u2022 Canal, dam and spillway.\r\n\r\n\u2022 Underground areas, basements.\r\n\r\n\u2022 Underground parking spaces.\r\n\r\n\u2022 Tunnels, paths.\r\n\r\n\u2022 System of diaphragm wall, bearing wall.\r\n\r\n\u2022 Suspended floor, concrete floor without soil.\r\n\r\n\u2022 Collection holes, elevator pits.\r\n\r\n\u2022 Bearing roof floor.<\/span><\/pre>\n<p><\/p>","protected":false},"excerpt":{"rendered":"<pre id=\"tw-target-text\" class=\"tw-data-text tw-text-large XcVN5d tw-ta\" dir=\"ltr\" data-placeholder=\"B\u1ea3n d\u1ecbch\"><span lang=\"en\" style=\"font-family: arial, helvetica, sans-serif;\">FLEXSTOP PVC waterstops is a PVC waterstop that is installed just before the gasket is poured, \r\nthe structure stop circuit is in water or in the tank and tank areas.\r\nThe FLEXSTOP amalgam is designed in a variety of rules to suit the purposes of locating your inner bed or \r\nthe floor of the board and ensure continuous linings to prevent water.<\/span><\/pre>\n","protected":false},"featured_media":1285,"template":"","meta":[],"yoast_head":"<!-- This site is optimized with the Yoast SEO plugin v15.3 - https:\/\/yoast.com\/wordpress\/plugins\/seo\/ -->\n<meta name=\"robots\" content=\"index, follow, max-snippet:-1, max-image-preview:large, max-video-preview:-1\" \/>\n<link rel=\"canonical\" href=\"https:\/\/asiamortar.com.vn\/san-pham\/am-flextilestop\/\" \/>\n<meta property=\"og:locale\" content=\"en_US\" \/>\n<meta property=\"og:type\" content=\"article\" \/>\n<meta property=\"og:title\" content=\"Am Flextilestop - ASIA MORTAR\" \/>\n<meta property=\"og:description\" content=\"[:vi]am FLEXSTOP PVC waterstops l b\u0103ng c\u1ea3n n\u01b0\u1edbc nh\u1ef1a PVC \u0111\u01b0\u1ee3c l\u1eafp \u0111\u1eb7t ngay tr\u01b0\u1edbc khi \u0111\u1ed5 b t\u01a1ng cho cc khe co gin, m\u1ea1ch ng\u1eebng c\u1ee7a k\u1ebft c\u1ea5u n\u1eb1m trong n\u01b0\u1edbc ho\u1eb7c cc khu v\u1ef1c b\u1ec3, b\u1ed3n c\u0129 ch\u1ee9a n\u01b0\u1edbc. am FLEXSTOP \u0111\u01b0\u1ee3c thi\u1ebft k\u1ebf \u0111a d\u1ea1ng v\u1ec1 quy cch \u0111\u1ec3 \u0111p \u1ee9ng cho cc m\u1ee5c \u0111\u00edch \u0111\u1ecbnh v\u1ecb n\u1eb1m bn trong hay m\u1eb7t ng\u1ed3i c\u1ee7a b t\u01a1ng v b\u1ea3o \u0111\u1ea3m t\u00ednh n\u1ed1i ti\u1ebfp lin t\u1ee5c \u0111\u1ec3 ng\u0103n ch\u1eb7n n\u01b0\u1edbc.[:en]FLEXSTOP PVC waterstops is a PVC waterstop that is installed just before the gasket is poured,  the structure stop circuit is in water or in the tank and tank areas. The FLEXSTOP amalgam is designed in a variety of rules to suit the purposes of locating your inner bed or  the floor of the board and ensure continuous linings to prevent water.[:]\" \/>\n<meta property=\"og:url\" content=\"https:\/\/asiamortar.com.vn\/san-pham\/am-flextilestop\/\" \/>\n<meta property=\"og:site_name\" content=\"ASIA MORTAR\" \/>\n<meta property=\"article:modified_time\" content=\"2021-03-01T03:45:26+00:00\" \/>\n<meta property=\"og:image\" content=\"https:\/\/asiamortar.com.vn\/wp-content\/uploads\/2020\/09\/AM-Flexstop-IX-200.jpg\" \/>\n\t<meta property=\"og:image:width\" content=\"2048\" \/>\n\t<meta property=\"og:image:height\" content=\"1325\" \/>\n<meta name=\"twitter:card\" content=\"summary_large_image\" \/>\n<meta name=\"twitter:label1\" content=\"Written by\">\n\t<meta name=\"twitter:data1\" content=\"Kh\u00e1ch H\u00e0ng Admin\">\n\t<meta name=\"twitter:label2\" content=\"Est. reading time\">\n\t<meta name=\"twitter:data2\" content=\"1 minute\">\n<script type=\"application\/ld+json\" class=\"yoast-schema-graph\">{\"@context\":\"https:\/\/schema.org\",\"@graph\":[{\"@type\":\"WebSite\",\"@id\":\"https:\/\/asiamortar.com.vn\/ja\/#website\",\"url\":\"https:\/\/asiamortar.com.vn\/ja\/\",\"name\":\"ASIA MORTAR\",\"description\":\"\",\"potentialAction\":[{\"@type\":\"SearchAction\",\"target\":\"https:\/\/asiamortar.com.vn\/ja\/?s={search_term_string}\",\"query-input\":\"required name=search_term_string\"}],\"inLanguage\":\"en-US\"},{\"@type\":\"ImageObject\",\"@id\":\"https:\/\/asiamortar.com.vn\/san-pham\/am-flextilestop\/#primaryimage\",\"inLanguage\":\"en-US\",\"url\":\"https:\/\/asiamortar.com.vn\/wp-content\/uploads\/2020\/09\/AM-Flexstop-IX-200.jpg\",\"width\":2048,\"height\":1325,\"caption\":\"Am Flexstop Ix 200\"},{\"@type\":\"WebPage\",\"@id\":\"https:\/\/asiamortar.com.vn\/san-pham\/am-flextilestop\/#webpage\",\"url\":\"https:\/\/asiamortar.com.vn\/san-pham\/am-flextilestop\/\",\"name\":\"Am Flextilestop - ASIA MORTAR\",\"isPartOf\":{\"@id\":\"https:\/\/asiamortar.com.vn\/ja\/#website\"},\"primaryImageOfPage\":{\"@id\":\"https:\/\/asiamortar.com.vn\/san-pham\/am-flextilestop\/#primaryimage\"},\"datePublished\":\"2020-09-03T04:41:32+00:00\",\"dateModified\":\"2021-03-01T03:45:26+00:00\",\"inLanguage\":\"en-US\",\"potentialAction\":[{\"@type\":\"ReadAction\",\"target\":[\"https:\/\/asiamortar.com.vn\/san-pham\/am-flextilestop\/\"]}]}]}<\/script>\n<!-- \/ Yoast SEO plugin. -->","_links":{"self":[{"href":"https:\/\/asiamortar.com.vn\/en\/wp-json\/wp\/v2\/product\/1063"}],"collection":[{"href":"https:\/\/asiamortar.com.vn\/en\/wp-json\/wp\/v2\/product"}],"about":[{"href":"https:\/\/asiamortar.com.vn\/en\/wp-json\/wp\/v2\/types\/product"}],"wp:featuredmedia":[{"embeddable":true,"href":"https:\/\/asiamortar.com.vn\/en\/wp-json\/wp\/v2\/media\/1285"}],"wp:attachment":[{"href":"https:\/\/asiamortar.com.vn\/en\/wp-json\/wp\/v2\/media?parent=1063"}],"curies":[{"name":"wp","href":"https:\/\/api.w.org\/{rel}","templated":true}]}}