{"id":1071,"date":"2020-09-03T11:47:53","date_gmt":"2020-09-03T04:47:53","guid":{"rendered":"http:\/\/asiamortar.com.vn\/?post_type=product&#038;p=1071"},"modified":"2023-03-08T14:21:42","modified_gmt":"2023-03-08T07:21:42","slug":"am-latex-d","status":"publish","type":"product","link":"https:\/\/asiamortar.com.vn\/en\/san-pham\/am-latex-d\/","title":{"rendered":"AM Latex D"},"content":{"rendered":"<p><\/p>\n<p><b>USES<\/b><\/p>\n<p>AM LATEX D is use for bonding of new concrete to old concrete, repair of concretes, cement flooring mixes for screeding and patching, filling\/injection grouts, tiling and setting mortars.<\/p>\n<p>General purpose waterproofer for all cement mortar and concrete applications<\/p>\n<p><b>ADVANTAGES<\/b><\/p>\n<ul>\n<li>Improves the adhesion of cement-based mixes.<\/li>\n<li>Reduces shrinkage and cracking for repair and screeding use.<\/li>\n<li>Effective in increasing the workability and cohesion of cement mixes.<\/li>\n<li>Reduce water content to improve strength without loss of workability.<\/li>\n<\/ul>\n<p><\/p>","protected":false},"excerpt":{"rendered":"<p><strong>AM LATEX D<\/strong> is water based bonding agent, integral waterproofing compound for used as an additive to normal cement\/sand or concrete. <strong>AM LATEX D<\/strong> is formulated of water based styrene-butadiene polymer latex that gives high bonding characteristics.\u00a0 It is stable under wet alkaline conditions forming a reinforcing polymer matrix within cement-based mixes.<\/p>\n","protected":false},"featured_media":2352,"template":"","meta":[],"yoast_head":"<!-- This site is optimized with the Yoast SEO plugin v15.3 - https:\/\/yoast.com\/wordpress\/plugins\/seo\/ -->\n<meta name=\"robots\" content=\"index, follow, max-snippet:-1, max-image-preview:large, max-video-preview:-1\" \/>\n<link rel=\"canonical\" href=\"https:\/\/asiamortar.com.vn\/san-pham\/am-latex-d\/\" \/>\n<meta property=\"og:locale\" content=\"en_US\" \/>\n<meta property=\"og:type\" content=\"article\" \/>\n<meta property=\"og:title\" content=\"[:vi]AM LATEX D[:en]AM Latex D[:zh]AM Latex D[:kh]AM Latex D[:ja]AM Latex D[:] - ASIA MORTAR\" \/>\n<meta property=\"og:description\" content=\"[:vi]  AM LATEX D l\u00e0 ch\u1ea5t k\u1ebft d\u00ednh \u0111a n\u0103ng g\u1ed1c n\u01b0\u1edbc, ph\u1ee5 gia ch\u1ed1ng th\u1ea5m b\u00ean trong, d\u1ea1ng l\u1ecfng \u0111\u01b0\u1ee3c tr\u1ed9n v\u00e0o v\u1eefa xi m\u0103ng c\u00e1t ho\u1eb7c b\u00ea t\u00f4ng.  AM\u00a0LATEX D \u0111\u01b0\u1ee3c s\u1ea3n xu\u1ea5t t\u1eeb nh\u1ef1a cao su styrene-butadiene polymer nh\u0169 t\u01b0\u01a1ng \u0111\u1ec3 c\u00f3 c\u00e1c t\u00ednh ch\u1ea5t k\u1ebft d\u00ednh b\u1ec1n v\u1eefng nh\u1ea5t. S\u1ea3n ph\u1ea9m b\u1ec1n v\u1eefng ngay c\u1ea3 trong m\u00f4i tr\u01b0\u1eddng ki\u1ec1m do c\u1ea5u th\u00e0nh \u0111\u01b0\u1ee3c m\u1ed1i li\u00ean k\u1ebft ch\u1eb7t ch\u1ebd gi\u1eefa c\u00e1c th\u00e0nh ph\u1ea7n h\u00f3a h\u1ecdc trong v\u1eefa xi m\u0103ng v\u1edbi nh\u1ef1a Polymer. [:en]AM LATEX D is water based bonding agent, integral waterproofing compound for used as an additive to normal cement\/sand or concrete. AM LATEX D is formulated of water based styrene-butadiene polymer latex that gives high bonding characteristics.\u00a0 It is stable under wet alkaline conditions forming a reinforcing polymer matrix within cement-based mixes.[:]\" \/>\n<meta property=\"og:url\" content=\"https:\/\/asiamortar.com.vn\/san-pham\/am-latex-d\/\" \/>\n<meta property=\"og:site_name\" content=\"ASIA MORTAR\" \/>\n<meta property=\"article:modified_time\" content=\"2023-03-08T07:21:42+00:00\" \/>\n<meta property=\"og:image\" content=\"https:\/\/asiamortar.com.vn\/wp-content\/uploads\/2020\/09\/LATEX-D.jpg\" \/>\n\t<meta property=\"og:image:width\" content=\"917\" \/>\n\t<meta property=\"og:image:height\" content=\"1280\" \/>\n<meta name=\"twitter:card\" content=\"summary_large_image\" \/>\n<meta name=\"twitter:label1\" content=\"Written by\">\n\t<meta name=\"twitter:data1\" content=\"Kh\u00e1ch H\u00e0ng Admin\">\n\t<meta name=\"twitter:label2\" content=\"Est. reading time\">\n\t<meta name=\"twitter:data2\" content=\"1 minute\">\n<script type=\"application\/ld+json\" class=\"yoast-schema-graph\">{\"@context\":\"https:\/\/schema.org\",\"@graph\":[{\"@type\":\"WebSite\",\"@id\":\"https:\/\/asiamortar.com.vn\/ja\/#website\",\"url\":\"https:\/\/asiamortar.com.vn\/ja\/\",\"name\":\"ASIA MORTAR\",\"description\":\"\",\"potentialAction\":[{\"@type\":\"SearchAction\",\"target\":\"https:\/\/asiamortar.com.vn\/ja\/?s={search_term_string}\",\"query-input\":\"required name=search_term_string\"}],\"inLanguage\":\"en-US\"},{\"@type\":\"ImageObject\",\"@id\":\"https:\/\/asiamortar.com.vn\/san-pham\/am-latex-d\/#primaryimage\",\"inLanguage\":\"en-US\",\"url\":\"https:\/\/asiamortar.com.vn\/wp-content\/uploads\/2020\/09\/LATEX-D.jpg\",\"width\":917,\"height\":1280,\"caption\":\"Latex D\"},{\"@type\":\"WebPage\",\"@id\":\"https:\/\/asiamortar.com.vn\/san-pham\/am-latex-d\/#webpage\",\"url\":\"https:\/\/asiamortar.com.vn\/san-pham\/am-latex-d\/\",\"name\":\"[:vi]AM LATEX D[:en]AM Latex D[:zh]AM Latex D[:kh]AM Latex D[:ja]AM Latex D[:] - ASIA MORTAR\",\"isPartOf\":{\"@id\":\"https:\/\/asiamortar.com.vn\/ja\/#website\"},\"primaryImageOfPage\":{\"@id\":\"https:\/\/asiamortar.com.vn\/san-pham\/am-latex-d\/#primaryimage\"},\"datePublished\":\"2020-09-03T04:47:53+00:00\",\"dateModified\":\"2023-03-08T07:21:42+00:00\",\"inLanguage\":\"en-US\",\"potentialAction\":[{\"@type\":\"ReadAction\",\"target\":[\"https:\/\/asiamortar.com.vn\/san-pham\/am-latex-d\/\"]}]}]}<\/script>\n<!-- \/ Yoast SEO plugin. -->","_links":{"self":[{"href":"https:\/\/asiamortar.com.vn\/en\/wp-json\/wp\/v2\/product\/1071"}],"collection":[{"href":"https:\/\/asiamortar.com.vn\/en\/wp-json\/wp\/v2\/product"}],"about":[{"href":"https:\/\/asiamortar.com.vn\/en\/wp-json\/wp\/v2\/types\/product"}],"wp:featuredmedia":[{"embeddable":true,"href":"https:\/\/asiamortar.com.vn\/en\/wp-json\/wp\/v2\/media\/2352"}],"wp:attachment":[{"href":"https:\/\/asiamortar.com.vn\/en\/wp-json\/wp\/v2\/media?parent=1071"}],"curies":[{"name":"wp","href":"https:\/\/api.w.org\/{rel}","templated":true}]}}