{"id":1158,"date":"2020-09-24T15:33:52","date_gmt":"2020-09-24T08:33:52","guid":{"rendered":"http:\/\/asiamortar.com.vn\/?post_type=product&#038;p=1158"},"modified":"2021-03-01T10:58:35","modified_gmt":"2021-03-01T03:58:35","slug":"am-frp","status":"publish","type":"product","link":"https:\/\/asiamortar.com.vn\/en\/san-pham\/am-frp\/","title":{"rendered":"Am FRP"},"content":{"rendered":"<p><\/p>\n<p>Properties and its uses:<br \/>\nUsed in conjunction with fibreglasss mat to<br \/>\nobtain added strength. This system exhibits<br \/>\nhigher corrosion and abrasion resistance and<br \/>\nhas excellent adhesion to metals, concrete, and<br \/>\nwood. A minimum of two layers of fiberglass<br \/>\nmat is recommended. However, one layer of<br \/>\nfiberglass mat and one layer of tissue mat is<br \/>\nsatisfactory where corrosion or abrasive<br \/>\nconditions are not excessive.<br \/>\nArea of applications:<br \/>\nAny industries where higher corrosion and<br \/>\nabrasion resistance are needed. Such areas as<br \/>\neffluent treatment tank, pickling tank and<br \/>\nchemical storage tank will find this system very<br \/>\nideal.<br \/>\nSurface preparation:<br \/>\n&#8211; Abrasive blast clean to minimum SA 2.5<br \/>\nstandard for steel. Alternative method of<br \/>\nsurface preparation may, under some<br \/>\ncircumstances be acceptable. These must be<br \/>\nconsulted with our technical personnel.<br \/>\n&#8211; All concrete surfaces should be clean, dry and<br \/>\nfree from any contamination.<\/p>\n<p><\/p>","protected":false},"excerpt":{"rendered":"<p>am FRP &#8211; Heavy chemical resistant epoxy<br \/>\nlaminate for the protection of concrete and<br \/>\nmetal surfaces<br \/>\nComposition: Based on epoxy resin and hardener<\/p>\n","protected":false},"featured_media":0,"template":"","meta":[],"yoast_head":"<!-- This site is optimized with the Yoast SEO plugin v15.3 - https:\/\/yoast.com\/wordpress\/plugins\/seo\/ -->\n<meta name=\"robots\" content=\"index, follow, max-snippet:-1, max-image-preview:large, max-video-preview:-1\" \/>\n<link rel=\"canonical\" href=\"https:\/\/asiamortar.com.vn\/san-pham\/am-frp\/\" \/>\n<meta property=\"og:locale\" content=\"en_US\" \/>\n<meta property=\"og:type\" content=\"article\" \/>\n<meta property=\"og:title\" content=\"Am FRP - ASIA MORTAR\" \/>\n<meta property=\"og:description\" content=\"[:vi]am FRP - Epoxy ch\u1ecbu h\u00f3a ch\u1ea5t n\u1eb7ng c\u00e1n m\u1ecfng \u0111\u1ec3 b\u1ea3o v\u1ec7 b\u00ea t\u00f4ng v\u00e0 b\u1ec1 m\u1eb7t kim lo\u1ea1i Th\u00e0nh ph\u1ea7n: D\u1ef1a tr\u00ean nh\u1ef1a epoxy v\u00e0 ch\u1ea5t l\u00e0m c\u1ee9ng[:en]am FRP - Heavy chemical resistant epoxy laminate for the protection of concrete and metal surfaces Composition: Based on epoxy resin and hardener[:]\" \/>\n<meta property=\"og:url\" content=\"https:\/\/asiamortar.com.vn\/san-pham\/am-frp\/\" \/>\n<meta property=\"og:site_name\" content=\"ASIA MORTAR\" \/>\n<meta property=\"article:modified_time\" content=\"2021-03-01T03:58:35+00:00\" \/>\n<meta name=\"twitter:card\" content=\"summary_large_image\" \/>\n<meta name=\"twitter:label1\" content=\"Written by\">\n\t<meta name=\"twitter:data1\" content=\"Kh\u00e1ch H\u00e0ng Admin\">\n\t<meta name=\"twitter:label2\" content=\"Est. reading time\">\n\t<meta name=\"twitter:data2\" content=\"2 minutes\">\n<script type=\"application\/ld+json\" class=\"yoast-schema-graph\">{\"@context\":\"https:\/\/schema.org\",\"@graph\":[{\"@type\":\"WebSite\",\"@id\":\"https:\/\/asiamortar.com.vn\/ja\/#website\",\"url\":\"https:\/\/asiamortar.com.vn\/ja\/\",\"name\":\"ASIA MORTAR\",\"description\":\"\",\"potentialAction\":[{\"@type\":\"SearchAction\",\"target\":\"https:\/\/asiamortar.com.vn\/ja\/?s={search_term_string}\",\"query-input\":\"required name=search_term_string\"}],\"inLanguage\":\"en-US\"},{\"@type\":\"WebPage\",\"@id\":\"https:\/\/asiamortar.com.vn\/san-pham\/am-frp\/#webpage\",\"url\":\"https:\/\/asiamortar.com.vn\/san-pham\/am-frp\/\",\"name\":\"Am FRP - ASIA MORTAR\",\"isPartOf\":{\"@id\":\"https:\/\/asiamortar.com.vn\/ja\/#website\"},\"datePublished\":\"2020-09-24T08:33:52+00:00\",\"dateModified\":\"2021-03-01T03:58:35+00:00\",\"inLanguage\":\"en-US\",\"potentialAction\":[{\"@type\":\"ReadAction\",\"target\":[\"https:\/\/asiamortar.com.vn\/san-pham\/am-frp\/\"]}]}]}<\/script>\n<!-- \/ Yoast SEO plugin. -->","_links":{"self":[{"href":"https:\/\/asiamortar.com.vn\/en\/wp-json\/wp\/v2\/product\/1158"}],"collection":[{"href":"https:\/\/asiamortar.com.vn\/en\/wp-json\/wp\/v2\/product"}],"about":[{"href":"https:\/\/asiamortar.com.vn\/en\/wp-json\/wp\/v2\/types\/product"}],"wp:attachment":[{"href":"https:\/\/asiamortar.com.vn\/en\/wp-json\/wp\/v2\/media?parent=1158"}],"curies":[{"name":"wp","href":"https:\/\/api.w.org\/{rel}","templated":true}]}}