{"id":1160,"date":"2020-09-24T15:37:41","date_gmt":"2020-09-24T08:37:41","guid":{"rendered":"http:\/\/asiamortar.com.vn\/?post_type=product&#038;p=1160"},"modified":"2021-03-01T10:55:52","modified_gmt":"2021-03-01T03:55:52","slug":"dermafil","status":"publish","type":"product","link":"https:\/\/asiamortar.com.vn\/en\/san-pham\/dermafil\/","title":{"rendered":"Dermafil"},"content":{"rendered":"<p><\/p>\n<p>DERMAFIL COMPOUND containing distilled bitumen modified with select polypropylene and copolymer polymers which<br \/>\ngives the compound excellent flexibility, thermal stability and resistance to ageing.<br \/>\nThanks to the use of REINFORCEMENT with a medium\/high mass per unit area and non woven polyester stabilised<br \/>\nby means of glass strands, DERMAFIL guarantees outstanding mechanical performance and dimensional stability<br \/>\n(\u00b10,2\/0,3%). Reinforcement in continuous polyester is available for applications on large surfaces subject to high mechanical stress. DERMAFIL 40250 GS POL and 50250 GS POL have recently obtained the CE certification in conformity<br \/>\nwith EN 14695 related to waterproofing concrete bridge decks and other surfaces trafficables by vehicles. This achievement is thanks firstly to the compound&#8217;s excellent performance, which allows the direct application of hot asphalt on top<br \/>\nof the membranes and, secondly to the high grammage stabilized polyester which can withstand the high mechanical<br \/>\nstress of heavy machinery. Top FINISH in silica sand, non-woven polypropylene, natural or coloured slate chips disseminated uniformly and firmly anchored; Smooth bottom FINISH in torched off polyethylene sheets.<br \/>\nPRODUCT PLUSES: guaranteed by more than 25 years in the field, versatile and reliable at any latitude, ideal for a<br \/>\nwide range of applications, excellent value for money.<\/p>\n<p><\/p>","protected":false},"excerpt":{"rendered":"<p>High-performance torch-on waterproofing membrane for multi-layer applications, with or without insulation. A versatile<br \/>\nmulti-purpose membrane that guarantees years of use, with an excellent quality\/price ratio<\/p>\n","protected":false},"featured_media":0,"template":"","meta":[],"yoast_head":"<!-- This site is optimized with the Yoast SEO plugin v15.3 - https:\/\/yoast.com\/wordpress\/plugins\/seo\/ -->\n<meta name=\"robots\" content=\"index, follow, max-snippet:-1, max-image-preview:large, max-video-preview:-1\" \/>\n<link rel=\"canonical\" href=\"https:\/\/asiamortar.com.vn\/san-pham\/dermafil\/\" \/>\n<meta property=\"og:locale\" content=\"en_US\" \/>\n<meta property=\"og:type\" content=\"article\" \/>\n<meta property=\"og:title\" content=\"Dermafil - ASIA MORTAR\" \/>\n<meta property=\"og:description\" content=\"[:vi]M\u00e0ng ch\u1ed1ng th\u1ea5m d\u1ea1ng ng\u1ecdn \u0111u\u1ed1c hi\u1ec7u su\u1ea5t cao cho c\u00e1c \u1ee9ng d\u1ee5ng nhi\u1ec1u l\u1edbp, c\u00f3 ho\u1eb7c kh\u00f4ng c\u00f3 l\u1edbp c\u00e1ch nhi\u1ec7t. M\u1ed9t linh ho\u1ea1t m\u00e0ng \u0111a n\u0103ng \u0111\u1ea3m b\u1ea3o s\u1eed d\u1ee5ng nhi\u1ec1u n\u0103m, v\u1edbi t\u1ef7 l\u1ec7 ch\u1ea5t l\u01b0\u1ee3ng \/ gi\u00e1 c\u1ea3 tuy\u1ec7t v\u1eddi[:en]High-performance torch-on waterproofing membrane for multi-layer applications, with or without insulation. A versatile multi-purpose membrane that guarantees years of use, with an excellent quality\/price ratio[:]\" \/>\n<meta property=\"og:url\" content=\"https:\/\/asiamortar.com.vn\/san-pham\/dermafil\/\" \/>\n<meta property=\"og:site_name\" content=\"ASIA MORTAR\" \/>\n<meta property=\"article:modified_time\" content=\"2021-03-01T03:55:52+00:00\" \/>\n<meta name=\"twitter:card\" content=\"summary_large_image\" \/>\n<meta name=\"twitter:label1\" content=\"Written by\">\n\t<meta name=\"twitter:data1\" content=\"Kh\u00e1ch H\u00e0ng Admin\">\n\t<meta name=\"twitter:label2\" content=\"Est. reading time\">\n\t<meta name=\"twitter:data2\" content=\"2 minutes\">\n<script type=\"application\/ld+json\" class=\"yoast-schema-graph\">{\"@context\":\"https:\/\/schema.org\",\"@graph\":[{\"@type\":\"WebSite\",\"@id\":\"https:\/\/asiamortar.com.vn\/ja\/#website\",\"url\":\"https:\/\/asiamortar.com.vn\/ja\/\",\"name\":\"ASIA MORTAR\",\"description\":\"\",\"potentialAction\":[{\"@type\":\"SearchAction\",\"target\":\"https:\/\/asiamortar.com.vn\/ja\/?s={search_term_string}\",\"query-input\":\"required name=search_term_string\"}],\"inLanguage\":\"en-US\"},{\"@type\":\"WebPage\",\"@id\":\"https:\/\/asiamortar.com.vn\/san-pham\/dermafil\/#webpage\",\"url\":\"https:\/\/asiamortar.com.vn\/san-pham\/dermafil\/\",\"name\":\"Dermafil - ASIA MORTAR\",\"isPartOf\":{\"@id\":\"https:\/\/asiamortar.com.vn\/ja\/#website\"},\"datePublished\":\"2020-09-24T08:37:41+00:00\",\"dateModified\":\"2021-03-01T03:55:52+00:00\",\"inLanguage\":\"en-US\",\"potentialAction\":[{\"@type\":\"ReadAction\",\"target\":[\"https:\/\/asiamortar.com.vn\/san-pham\/dermafil\/\"]}]}]}<\/script>\n<!-- \/ Yoast SEO plugin. -->","_links":{"self":[{"href":"https:\/\/asiamortar.com.vn\/en\/wp-json\/wp\/v2\/product\/1160"}],"collection":[{"href":"https:\/\/asiamortar.com.vn\/en\/wp-json\/wp\/v2\/product"}],"about":[{"href":"https:\/\/asiamortar.com.vn\/en\/wp-json\/wp\/v2\/types\/product"}],"wp:attachment":[{"href":"https:\/\/asiamortar.com.vn\/en\/wp-json\/wp\/v2\/media?parent=1160"}],"curies":[{"name":"wp","href":"https:\/\/api.w.org\/{rel}","templated":true}]}}