{"id":1163,"date":"2020-09-24T15:45:37","date_gmt":"2020-09-24T08:45:37","guid":{"rendered":"http:\/\/asiamortar.com.vn\/?post_type=product&#038;p=1163"},"modified":"2021-02-23T16:34:55","modified_gmt":"2021-02-23T09:34:55","slug":"novezkote-3000ri","status":"publish","type":"product","link":"https:\/\/asiamortar.com.vn\/en\/san-pham\/novezkote-3000ri\/","title":{"rendered":"NovezKote 3000RI"},"content":{"rendered":"<p><\/p>\n<p>RECOMMENDED USES<\/p>\n<p>\u2022 When applied to specified<br \/>\nthickness, NovezKote 3000RI is an<br \/>\neffective Root Inhibitor<br \/>\n\u2022 It will slow down and ultimately<br \/>\nstops the length growth of the roots<br \/>\n\u2022 The influence of NovezKote 3000RI<br \/>\non the root growth is localised.<br \/>\nRoot sprouts in the immediate area<br \/>\nwhich have no contact with the<br \/>\nNovezKote 3000RI remain healthy<br \/>\nand unaffected.<br \/>\nCombined features of the barrier, the<br \/>\nsite, and barrier installation and<br \/>\nmaintenance are critical to<br \/>\neffectiveness of NovezKote 3000RI.<\/p>\n<p>ADVANTAGES<\/p>\n<p>\u2022 Protects construction materials<br \/>\nfrom undesirable root penetration<br \/>\nwithout damaging plants<br \/>\n\u2022 Provides long term protection<br \/>\n\u2022 remains effective under harsh<br \/>\npressure<br \/>\n\u2022 Heat resistance<br \/>\n\u2022 Low vapour pressure<br \/>\n\u2022 Economical<\/p>\n<p><\/p>","protected":false},"excerpt":{"rendered":"<p>The environmentally friendly one-part<br \/>\nNovezKote 3000RI is a water-borne<br \/>\nproduct. It uses Preventol B2 to<br \/>\nconstrain root growth.<br \/>\nIts colour is brownish black and dries<br \/>\nto a tough flexible dark black coating<\/p>\n","protected":false},"featured_media":0,"template":"","meta":[],"yoast_head":"<!-- This site is optimized with the Yoast SEO plugin v15.3 - https:\/\/yoast.com\/wordpress\/plugins\/seo\/ -->\n<meta name=\"robots\" content=\"index, follow, max-snippet:-1, max-image-preview:large, max-video-preview:-1\" \/>\n<link rel=\"canonical\" href=\"https:\/\/asiamortar.com.vn\/san-pham\/novezkote-3000ri\/\" \/>\n<meta property=\"og:locale\" content=\"en_US\" \/>\n<meta property=\"og:type\" content=\"article\" \/>\n<meta property=\"og:title\" content=\"NovezKote 3000RI - ASIA MORTAR\" \/>\n<meta property=\"og:description\" content=\"[:vi]M\u1ed9t ph\u1ea7n th\u00e2n thi\u1ec7n v\u1edbi m\u00f4i tr\u01b0\u1eddng NovezKote 3000RI sinh ra t\u1eeb n\u01b0\u1edbc s\u1ea3n ph\u1ea9m. N\u00f3 s\u1eed d\u1ee5ng Preventol B2 \u0111\u1ec3 k\u00ecm h\u00e3m s\u1ef1 ph\u00e1t tri\u1ec3n c\u1ee7a r\u1ec5. M\u00e0u c\u1ee7a n\u00f3 l\u00e0 n\u00e2u \u0111en v\u00e0 kh\u00f4 \u0111\u1ebfn m\u1ed9t l\u1edbp ph\u1ee7 \u0111en s\u1eabm d\u1ebbo dai[:en]The environmentally friendly one-part NovezKote 3000RI is a water-borne product. It uses Preventol B2 to constrain root growth. Its colour is brownish black and dries to a tough flexible dark black coating[:]\" \/>\n<meta property=\"og:url\" content=\"https:\/\/asiamortar.com.vn\/san-pham\/novezkote-3000ri\/\" \/>\n<meta property=\"og:site_name\" content=\"ASIA MORTAR\" \/>\n<meta property=\"article:modified_time\" content=\"2021-02-23T09:34:55+00:00\" \/>\n<meta name=\"twitter:card\" content=\"summary_large_image\" \/>\n<meta name=\"twitter:label1\" content=\"Written by\">\n\t<meta name=\"twitter:data1\" content=\"Kh\u00e1ch H\u00e0ng Admin\">\n\t<meta name=\"twitter:label2\" content=\"Est. reading time\">\n\t<meta name=\"twitter:data2\" content=\"1 minute\">\n<script type=\"application\/ld+json\" class=\"yoast-schema-graph\">{\"@context\":\"https:\/\/schema.org\",\"@graph\":[{\"@type\":\"WebSite\",\"@id\":\"https:\/\/asiamortar.com.vn\/ja\/#website\",\"url\":\"https:\/\/asiamortar.com.vn\/ja\/\",\"name\":\"ASIA MORTAR\",\"description\":\"\",\"potentialAction\":[{\"@type\":\"SearchAction\",\"target\":\"https:\/\/asiamortar.com.vn\/ja\/?s={search_term_string}\",\"query-input\":\"required name=search_term_string\"}],\"inLanguage\":\"en-US\"},{\"@type\":\"WebPage\",\"@id\":\"https:\/\/asiamortar.com.vn\/san-pham\/novezkote-3000ri\/#webpage\",\"url\":\"https:\/\/asiamortar.com.vn\/san-pham\/novezkote-3000ri\/\",\"name\":\"NovezKote 3000RI - ASIA MORTAR\",\"isPartOf\":{\"@id\":\"https:\/\/asiamortar.com.vn\/ja\/#website\"},\"datePublished\":\"2020-09-24T08:45:37+00:00\",\"dateModified\":\"2021-02-23T09:34:55+00:00\",\"inLanguage\":\"en-US\",\"potentialAction\":[{\"@type\":\"ReadAction\",\"target\":[\"https:\/\/asiamortar.com.vn\/san-pham\/novezkote-3000ri\/\"]}]}]}<\/script>\n<!-- \/ Yoast SEO plugin. -->","_links":{"self":[{"href":"https:\/\/asiamortar.com.vn\/en\/wp-json\/wp\/v2\/product\/1163"}],"collection":[{"href":"https:\/\/asiamortar.com.vn\/en\/wp-json\/wp\/v2\/product"}],"about":[{"href":"https:\/\/asiamortar.com.vn\/en\/wp-json\/wp\/v2\/types\/product"}],"wp:attachment":[{"href":"https:\/\/asiamortar.com.vn\/en\/wp-json\/wp\/v2\/media?parent=1163"}],"curies":[{"name":"wp","href":"https:\/\/api.w.org\/{rel}","templated":true}]}}