{"id":1480,"date":"2020-12-31T07:54:11","date_gmt":"2020-12-31T00:54:11","guid":{"rendered":"https:\/\/asiamortar.com.vn\/?post_type=product&#038;p=1480"},"modified":"2020-12-31T07:54:11","modified_gmt":"2020-12-31T00:54:11","slug":"am-skim","status":"publish","type":"product","link":"https:\/\/asiamortar.com.vn\/en\/san-pham\/am-skim\/","title":{"rendered":"am skim"},"content":{"rendered":"<p><\/p>\n<p>USES<br \/>\nam SKIM is highly recommended for all<br \/>\ntype of concrete substrates such as precast<br \/>\nceilings, lightweight panel, walls, columns<br \/>\nand beams. It is also excellent for<br \/>\nlightweight autoclaved aerated blocks,<br \/>\nblockwalls and plastered surfaces.<\/p>\n<p>ADVANTAGES<br \/>\n\u2022 Premixed to ensure high consistent quality.<br \/>\n\u2022 Convenience in handling.<br \/>\n\u2022 Same amount of water is added to achieve<br \/>\nconsistency in workability.<br \/>\n\u2022 Easy Mixing and application.<br \/>\n\u2022 Excellent bond strength.<br \/>\n\u2022 High durability and good weather<br \/>\nresistance.<br \/>\n\u2022 Cleaning limited to just disposing used<br \/>\npaper bag.<\/p>\n<p><\/p>","protected":false},"excerpt":{"rendered":"<p>am SKIM is a cement based skim coat<br \/>\nwhich is suitable for plastered surfaces,<br \/>\nprecast ceiling components and other<br \/>\nconcrete surfaces for internal and external<br \/>\napplications. It comes in both grey and<br \/>\nwhite colours.<br \/>\nam SKIM is designed to provide a smooth<br \/>\ndurable finish together with excellent<br \/>\nadhesion strength. It meets the stringent<br \/>\narchitectural requirements for high quality<br \/>\nand fine finishes.<\/p>\n","protected":false},"featured_media":623,"template":"","meta":[],"yoast_head":"<!-- This site is optimized with the Yoast SEO plugin v15.3 - https:\/\/yoast.com\/wordpress\/plugins\/seo\/ -->\n<meta name=\"robots\" content=\"index, follow, max-snippet:-1, max-image-preview:large, max-video-preview:-1\" \/>\n<link rel=\"canonical\" href=\"https:\/\/asiamortar.com.vn\/san-pham\/am-skim\/\" \/>\n<meta property=\"og:locale\" content=\"en_US\" \/>\n<meta property=\"og:type\" content=\"article\" \/>\n<meta property=\"og:title\" content=\"[:vi]am Skim[:en]am skim[:] - ASIA MORTAR\" \/>\n<meta property=\"og:description\" content=\"[:vi]am SKIM l\u00e0 l\u1edbp b\u1ed9t tr\u00e1t, b\u00e3 ho\u00e0n thi\u1ec7n b\u1ec1 m\u1eb7t c\u00f3 g\u1ed1c xi m\u0103ng t\u0103ng c\u01b0\u1eddng polymer ph\u00f9 h\u1ee3p v\u1edbi b\u1ec1 m\u1eb7t\u00a0 v\u1eefa t\u00f4, c\u1ea5u ki\u1ec7n tr\u1ea7n \u0111\u00fac s\u1eb5n v\u00e0 c\u00e1c b\u1ec1 m\u1eb7t b\u00ea t\u00f4ng b\u00ean trong v\u00e0 ngo\u00e0i tr\u1eddi. S\u1ea3n ph\u1ea9m c\u00f3 m\u00e0u x\u00e1m v\u00e0 m\u00e0u tr\u1eafng. am SKIM \u0111\u01b0\u1ee3c thi\u1ebft k\u1ebf \u0111\u1eb7c bi\u1ec7t \u0111\u1ec3 cho m\u1ed9t l\u1edbp ho\u00e0n thi\u1ec7n b\u00f3ng m\u1ecbn b\u1ec1n \u0111\u1eb9p v\u1edbi \u0111\u1ed9 k\u1ebft d\u00ednh tuy\u1ec7t v\u1eddi. S\u1ea3n ph\u1ea9m \u0111\u1ea1t \u0111\u01b0\u1ee3c c\u00e1c y\u00eau c\u1ea7u k\u1ef9 thu\u1eadt nghi\u00eam ng\u1eb7t cho l\u1edbp ho\u00e0n thi\u1ec7n ch\u1ea5t l\u01b0\u1ee3ng cao, m\u1ecbn, \u0111\u1eb9p.[:en]am SKIM is a cement based skim coat which is suitable for plastered surfaces, precast ceiling components and other concrete surfaces for internal and external applications. It comes in both grey and white colours. am SKIM is designed to provide a smooth durable finish together with excellent adhesion strength. It meets the stringent architectural requirements for high quality and fine finishes.[:]\" \/>\n<meta property=\"og:url\" content=\"https:\/\/asiamortar.com.vn\/san-pham\/am-skim\/\" \/>\n<meta property=\"og:site_name\" content=\"ASIA MORTAR\" \/>\n<meta property=\"og:image\" content=\"https:\/\/asiamortar.com.vn\/wp-content\/uploads\/2020\/06\/am-skim.png\" \/>\n\t<meta property=\"og:image:width\" content=\"585\" \/>\n\t<meta property=\"og:image:height\" content=\"650\" \/>\n<meta name=\"twitter:card\" content=\"summary_large_image\" \/>\n<meta name=\"twitter:label1\" content=\"Written by\">\n\t<meta name=\"twitter:data1\" content=\"Kh\u00e1ch H\u00e0ng Admin\">\n\t<meta name=\"twitter:label2\" content=\"Est. reading time\">\n\t<meta name=\"twitter:data2\" content=\"1 minute\">\n<script type=\"application\/ld+json\" class=\"yoast-schema-graph\">{\"@context\":\"https:\/\/schema.org\",\"@graph\":[{\"@type\":\"WebSite\",\"@id\":\"https:\/\/asiamortar.com.vn\/ja\/#website\",\"url\":\"https:\/\/asiamortar.com.vn\/ja\/\",\"name\":\"ASIA MORTAR\",\"description\":\"\",\"potentialAction\":[{\"@type\":\"SearchAction\",\"target\":\"https:\/\/asiamortar.com.vn\/ja\/?s={search_term_string}\",\"query-input\":\"required name=search_term_string\"}],\"inLanguage\":\"en-US\"},{\"@type\":\"ImageObject\",\"@id\":\"https:\/\/asiamortar.com.vn\/san-pham\/am-skim\/#primaryimage\",\"inLanguage\":\"en-US\",\"url\":\"https:\/\/asiamortar.com.vn\/wp-content\/uploads\/2020\/06\/am-skim.png\",\"width\":585,\"height\":650,\"caption\":\"Am Skim\"},{\"@type\":\"WebPage\",\"@id\":\"https:\/\/asiamortar.com.vn\/san-pham\/am-skim\/#webpage\",\"url\":\"https:\/\/asiamortar.com.vn\/san-pham\/am-skim\/\",\"name\":\"[:vi]am Skim[:en]am skim[:] - ASIA MORTAR\",\"isPartOf\":{\"@id\":\"https:\/\/asiamortar.com.vn\/ja\/#website\"},\"primaryImageOfPage\":{\"@id\":\"https:\/\/asiamortar.com.vn\/san-pham\/am-skim\/#primaryimage\"},\"datePublished\":\"2020-12-31T00:54:11+00:00\",\"dateModified\":\"2020-12-31T00:54:11+00:00\",\"inLanguage\":\"en-US\",\"potentialAction\":[{\"@type\":\"ReadAction\",\"target\":[\"https:\/\/asiamortar.com.vn\/san-pham\/am-skim\/\"]}]}]}<\/script>\n<!-- \/ Yoast SEO plugin. -->","_links":{"self":[{"href":"https:\/\/asiamortar.com.vn\/en\/wp-json\/wp\/v2\/product\/1480"}],"collection":[{"href":"https:\/\/asiamortar.com.vn\/en\/wp-json\/wp\/v2\/product"}],"about":[{"href":"https:\/\/asiamortar.com.vn\/en\/wp-json\/wp\/v2\/types\/product"}],"wp:featuredmedia":[{"embeddable":true,"href":"https:\/\/asiamortar.com.vn\/en\/wp-json\/wp\/v2\/media\/623"}],"wp:attachment":[{"href":"https:\/\/asiamortar.com.vn\/en\/wp-json\/wp\/v2\/media?parent=1480"}],"curies":[{"name":"wp","href":"https:\/\/api.w.org\/{rel}","templated":true}]}}