{"id":1487,"date":"2020-12-31T08:09:06","date_gmt":"2020-12-31T01:09:06","guid":{"rendered":"https:\/\/asiamortar.com.vn\/?post_type=product&#038;p=1487"},"modified":"2023-03-09T09:58:42","modified_gmt":"2023-03-09T02:58:42","slug":"am-epoxicote-405-f-2","status":"publish","type":"product","link":"https:\/\/asiamortar.com.vn\/en\/san-pham\/am-epoxicote-405-f-2\/","title":{"rendered":"AM EPOXICOTE 405F"},"content":{"rendered":"<p><\/p>\n<p><b>AREA OF APPLICATIONS:<\/b><\/p>\n<ul>\n<li>Especially good for fresh water tank lining including portable water.<\/li>\n<li>Very good flexibility.<\/li>\n<li>Meeting specification for direct food contact surfaces.<\/li>\n<li>Good overall chemical properties.<\/li>\n<li>Can be applied by spray or other coating method such as roller and brushing.<\/li>\n<li>Commonly used in dairies, breweries and abattoirs.<\/li>\n<li>Very good for effluent treatment plants.<\/li>\n<li>Protection of steel and concrete storage tanks.<\/li>\n<\/ul>\n<p><\/p>","protected":false},"excerpt":{"rendered":"<ul>\n<li><strong>AM<\/strong><strong>\u00a0EPOXICOTE 405F<\/strong> is a two component epoxy resin priming and top coating system for properly prepared metal and concrete surfaces.<\/li>\n<li>Composition is Based on epoxy resin and polyamine hardener.<\/li>\n<\/ul>\n","protected":false},"featured_media":1312,"template":"","meta":[],"yoast_head":"<!-- This site is optimized with the Yoast SEO plugin v15.3 - https:\/\/yoast.com\/wordpress\/plugins\/seo\/ -->\n<meta name=\"robots\" content=\"index, follow, max-snippet:-1, max-image-preview:large, max-video-preview:-1\" \/>\n<link rel=\"canonical\" href=\"https:\/\/asiamortar.com.vn\/san-pham\/am-epoxicote-405-f-2\/\" \/>\n<meta property=\"og:locale\" content=\"en_US\" \/>\n<meta property=\"og:type\" content=\"article\" \/>\n<meta property=\"og:title\" content=\"[:vi]AM EPOXICOTE 405F[:en]AM EPOXICOTE 405F[:] - ASIA MORTAR\" \/>\n<meta property=\"og:description\" content=\"[:vi]  AM EPOXICOTE 405F l\u00e0 l\u1edbp s\u01a1n ph\u1ee7 ho\u00e0n thi\u1ec7n ho\u1eb7c l\u00e0m l\u1edbp l\u00f3t c\u00f3 h\u1ecd nh\u1ef1a epoxy 2 th\u00e0nh ph\u1ea7n, d\u00f9ng s\u01a1n ph\u1ee7 cho c\u00e1c b\u1ec1 m\u1eb7t b\u00ea t\u00f4ng hay kim lo\u1ea1i \u0111\u00e3 \u0111\u01b0\u1ee3c chu\u1ea9n b\u1ecb k\u1ef9.  Th\u00e0nh ph\u1ea7n ch\u00ednh l\u00e0 nh\u1ef1a epoxy c\u0103n b\u1ea3n v\u00e0 ch\u1ea5t l\u00e0m \u0111\u00f4ng c\u1ee9ng g\u1ed1c Polyamine. [:en]  AM\u00a0EPOXICOTE 405F is a two component epoxy resin priming and top coating system for properly prepared metal and concrete surfaces.  Composition is Based on epoxy resin and polyamine hardener. [:]\" \/>\n<meta property=\"og:url\" content=\"https:\/\/asiamortar.com.vn\/san-pham\/am-epoxicote-405-f-2\/\" \/>\n<meta property=\"og:site_name\" content=\"ASIA MORTAR\" \/>\n<meta property=\"article:modified_time\" content=\"2023-03-09T02:58:42+00:00\" \/>\n<meta property=\"og:image\" content=\"https:\/\/asiamortar.com.vn\/wp-content\/uploads\/2020\/06\/am-Epoxicote-405-F-PU-1.png\" \/>\n\t<meta property=\"og:image:width\" content=\"585\" \/>\n\t<meta property=\"og:image:height\" content=\"650\" \/>\n<meta name=\"twitter:card\" content=\"summary_large_image\" \/>\n<meta name=\"twitter:label1\" content=\"Written by\">\n\t<meta name=\"twitter:data1\" content=\"Kh\u00e1ch H\u00e0ng Admin\">\n\t<meta name=\"twitter:label2\" content=\"Est. reading time\">\n\t<meta name=\"twitter:data2\" content=\"1 minute\">\n<script type=\"application\/ld+json\" class=\"yoast-schema-graph\">{\"@context\":\"https:\/\/schema.org\",\"@graph\":[{\"@type\":\"WebSite\",\"@id\":\"https:\/\/asiamortar.com.vn\/ja\/#website\",\"url\":\"https:\/\/asiamortar.com.vn\/ja\/\",\"name\":\"ASIA MORTAR\",\"description\":\"\",\"potentialAction\":[{\"@type\":\"SearchAction\",\"target\":\"https:\/\/asiamortar.com.vn\/ja\/?s={search_term_string}\",\"query-input\":\"required name=search_term_string\"}],\"inLanguage\":\"en-US\"},{\"@type\":\"ImageObject\",\"@id\":\"https:\/\/asiamortar.com.vn\/san-pham\/am-epoxicote-405-f-2\/#primaryimage\",\"inLanguage\":\"en-US\",\"url\":\"https:\/\/asiamortar.com.vn\/wp-content\/uploads\/2020\/06\/am-Epoxicote-405-F-PU-1.png\",\"width\":585,\"height\":650,\"caption\":\"Am Epoxicote 405 F Pu\"},{\"@type\":\"WebPage\",\"@id\":\"https:\/\/asiamortar.com.vn\/san-pham\/am-epoxicote-405-f-2\/#webpage\",\"url\":\"https:\/\/asiamortar.com.vn\/san-pham\/am-epoxicote-405-f-2\/\",\"name\":\"[:vi]AM EPOXICOTE 405F[:en]AM EPOXICOTE 405F[:] - ASIA MORTAR\",\"isPartOf\":{\"@id\":\"https:\/\/asiamortar.com.vn\/ja\/#website\"},\"primaryImageOfPage\":{\"@id\":\"https:\/\/asiamortar.com.vn\/san-pham\/am-epoxicote-405-f-2\/#primaryimage\"},\"datePublished\":\"2020-12-31T01:09:06+00:00\",\"dateModified\":\"2023-03-09T02:58:42+00:00\",\"inLanguage\":\"en-US\",\"potentialAction\":[{\"@type\":\"ReadAction\",\"target\":[\"https:\/\/asiamortar.com.vn\/san-pham\/am-epoxicote-405-f-2\/\"]}]}]}<\/script>\n<!-- \/ Yoast SEO plugin. -->","_links":{"self":[{"href":"https:\/\/asiamortar.com.vn\/en\/wp-json\/wp\/v2\/product\/1487"}],"collection":[{"href":"https:\/\/asiamortar.com.vn\/en\/wp-json\/wp\/v2\/product"}],"about":[{"href":"https:\/\/asiamortar.com.vn\/en\/wp-json\/wp\/v2\/types\/product"}],"wp:featuredmedia":[{"embeddable":true,"href":"https:\/\/asiamortar.com.vn\/en\/wp-json\/wp\/v2\/media\/1312"}],"wp:attachment":[{"href":"https:\/\/asiamortar.com.vn\/en\/wp-json\/wp\/v2\/media?parent=1487"}],"curies":[{"name":"wp","href":"https:\/\/api.w.org\/{rel}","templated":true}]}}