{"id":1491,"date":"2020-12-31T08:19:45","date_gmt":"2020-12-31T01:19:45","guid":{"rendered":"https:\/\/asiamortar.com.vn\/?post_type=product&#038;p=1491"},"modified":"2020-12-31T08:19:45","modified_gmt":"2020-12-31T01:19:45","slug":"am-colour-grout","status":"publish","type":"product","link":"https:\/\/asiamortar.com.vn\/en\/san-pham\/am-colour-grout\/","title":{"rendered":"am Colour Grout"},"content":{"rendered":"<p><\/p>\n<p><b>ADVANTAGES<\/b><\/p>\n<ul>\n<li>Standard colours or custom matches upon request.<\/li>\n<li>Good adhesion to the edges of the tile and low-shrinkage.<\/li>\n<li>Good toughness, cohesion and low water absorption.<\/li>\n<li>Alkaline-resistant coloured and excellent workability.<\/li>\n<li>Does not deteriorate with ages.<\/li>\n<li>Available in sanded or non-sanded.<\/li>\n<\/ul>\n<p><\/p>","protected":false},"excerpt":{"rendered":"<p><b>am<\/b> COLOUR GROUT is a cement-based tile grout and is suitable for interior and exterior application. It is used to fill joints between tiles or natural stones laid on walls or floors with its physical function of reducing stress within the whole wall or floor covering material. <b>am<\/b> COLOUR GROUT is integrally-coloured providing ease of installation and a durable grout for floor and wall tile application. It is formulated for residential, commercial or industrial applications and meets the requirements of BS EN 12808 specification.<\/p>\n","protected":false},"featured_media":612,"template":"","meta":[],"yoast_head":"<!-- This site is optimized with the Yoast SEO plugin v15.3 - https:\/\/yoast.com\/wordpress\/plugins\/seo\/ -->\n<meta name=\"robots\" content=\"index, follow, max-snippet:-1, max-image-preview:large, max-video-preview:-1\" \/>\n<link rel=\"canonical\" href=\"https:\/\/asiamortar.com.vn\/san-pham\/am-colour-grout\/\" \/>\n<meta property=\"og:locale\" content=\"en_US\" \/>\n<meta property=\"og:type\" content=\"article\" \/>\n<meta property=\"og:title\" content=\"[:vi]am Colour Grout[:en]am Colour Grout[:] - ASIA MORTAR\" \/>\n<meta property=\"og:description\" content=\"[:vi]am COLOUR GROUT l\u00e0 s\u1ea3n ph\u1ea9m keo tr\u00edt m\u1ea1ch g\u1ed1c xi m\u0103ng, c\u00f3 th\u00e0nh ph\u1ea7n bao g\u1ed3m: xi m\u0103ng, c\u1ed1t li\u1ec7u r\u1ea5t m\u1ecbn, c\u00e1c polymer t\u1ed5ng h\u1ee3p v\u00e0 th\u00e0nh ph\u1ea7n b\u1ed9t m\u00e0u v\u00f4 c\u01a1\u2026 Ph\u00f9 h\u1ee3p cho tr\u00edt m\u1ea1ch g\u1ea1ch, m\u1ea1ch \u0111\u00e1, thi c\u00f4ng cho t\u01b0\u1eddng, s\u00e0n, cho khu v\u1ef1c trong nh\u00e0 v\u00e0 ngo\u00e0i tr\u1eddi. Sau khi \u0111\u00f3ng r\u1eafn, am COLOUR GROUT kh\u00f4ng b\u1ecb co ng\u00f3t v\u00e0 c\u00f3 kh\u1ea3 n\u0103ng ch\u1ecbu t\u00e1c \u0111\u1ed9ng c\u01a1 h\u1ecdc r\u1ea5t t\u1ed1t, \u0111\u1ed3ng th\u1eddi c\u00f3 b\u1ec1 m\u1eb7t nh\u1eb5n m\u1ecbn r\u1ea5t \u0111\u1eb9p. am COLOUR GROUT cung c\u1ea5p nhi\u1ec1u m\u00e0u s\u1eafc, khi tr\u1ed9n v\u1edbi n\u01b0\u1edbc t\u1ea1o th\u00e0nh m\u1ed9t lo\u1ea1i keo tr\u00edt m\u1ea1ch r\u1ea5t d\u1ebbo, d\u1ec5 d\u00e0ng thi c\u00f4ng b\u1eb1ng bay cho m\u1ea1ch g\u1ea1ch tr\u00ean s\u00e0n, t\u01b0\u1eddng\u2026v\u00e0 r\u1ea5t d\u1ec5 v\u1ec7 sinh. am COLOUR GROUT \u0111\u01b0\u1ee3c s\u1ea3n xu\u1ea5t theo c\u00f4ng th\u1ee9c ri\u00eang, \u0111\u01b0\u1ee3c \u00e1p d\u1ee5ng ph\u1ed5 bi\u1ebfn trong x\u00e2y d\u1ef1ng d\u00e2n d\u1ee5ng v\u00e0 c\u00f4ng nghi\u1ec7p, ph\u00f9 h\u1ee3p v\u1edbi nh\u1eefng y\u00eau c\u1ea7u c\u1ee7a ti\u00eau chu\u1ea9n BS EN 12808.[:en]am COLOUR GROUT is a cement-based tile grout and is suitable for interior and exterior application. It is used to fill joints between tiles or natural stones laid on walls or floors with its physical function of reducing stress within the whole wall or floor covering material. am COLOUR GROUT is integrally-coloured providing ease of installation and a durable grout for floor and wall tile application. It is formulated for residential, commercial or industrial applications and meets the requirements of BS EN 12808 specification.[:]\" \/>\n<meta property=\"og:url\" content=\"https:\/\/asiamortar.com.vn\/san-pham\/am-colour-grout\/\" \/>\n<meta property=\"og:site_name\" content=\"ASIA MORTAR\" \/>\n<meta property=\"og:image\" content=\"https:\/\/asiamortar.com.vn\/wp-content\/uploads\/2020\/06\/am-Colour-Grout.png\" \/>\n\t<meta property=\"og:image:width\" content=\"585\" \/>\n\t<meta property=\"og:image:height\" content=\"650\" \/>\n<meta name=\"twitter:card\" content=\"summary_large_image\" \/>\n<meta name=\"twitter:label1\" content=\"Written by\">\n\t<meta name=\"twitter:data1\" content=\"Kh\u00e1ch H\u00e0ng Admin\">\n\t<meta name=\"twitter:label2\" content=\"Est. reading time\">\n\t<meta name=\"twitter:data2\" content=\"1 minute\">\n<script type=\"application\/ld+json\" class=\"yoast-schema-graph\">{\"@context\":\"https:\/\/schema.org\",\"@graph\":[{\"@type\":\"WebSite\",\"@id\":\"https:\/\/asiamortar.com.vn\/ja\/#website\",\"url\":\"https:\/\/asiamortar.com.vn\/ja\/\",\"name\":\"ASIA MORTAR\",\"description\":\"\",\"potentialAction\":[{\"@type\":\"SearchAction\",\"target\":\"https:\/\/asiamortar.com.vn\/ja\/?s={search_term_string}\",\"query-input\":\"required name=search_term_string\"}],\"inLanguage\":\"en-US\"},{\"@type\":\"ImageObject\",\"@id\":\"https:\/\/asiamortar.com.vn\/san-pham\/am-colour-grout\/#primaryimage\",\"inLanguage\":\"en-US\",\"url\":\"https:\/\/asiamortar.com.vn\/wp-content\/uploads\/2020\/06\/am-Colour-Grout.png\",\"width\":585,\"height\":650,\"caption\":\"Am Colour Grout\"},{\"@type\":\"WebPage\",\"@id\":\"https:\/\/asiamortar.com.vn\/san-pham\/am-colour-grout\/#webpage\",\"url\":\"https:\/\/asiamortar.com.vn\/san-pham\/am-colour-grout\/\",\"name\":\"[:vi]am Colour Grout[:en]am Colour Grout[:] - ASIA MORTAR\",\"isPartOf\":{\"@id\":\"https:\/\/asiamortar.com.vn\/ja\/#website\"},\"primaryImageOfPage\":{\"@id\":\"https:\/\/asiamortar.com.vn\/san-pham\/am-colour-grout\/#primaryimage\"},\"datePublished\":\"2020-12-31T01:19:45+00:00\",\"dateModified\":\"2020-12-31T01:19:45+00:00\",\"inLanguage\":\"en-US\",\"potentialAction\":[{\"@type\":\"ReadAction\",\"target\":[\"https:\/\/asiamortar.com.vn\/san-pham\/am-colour-grout\/\"]}]}]}<\/script>\n<!-- \/ Yoast SEO plugin. -->","_links":{"self":[{"href":"https:\/\/asiamortar.com.vn\/en\/wp-json\/wp\/v2\/product\/1491"}],"collection":[{"href":"https:\/\/asiamortar.com.vn\/en\/wp-json\/wp\/v2\/product"}],"about":[{"href":"https:\/\/asiamortar.com.vn\/en\/wp-json\/wp\/v2\/types\/product"}],"wp:featuredmedia":[{"embeddable":true,"href":"https:\/\/asiamortar.com.vn\/en\/wp-json\/wp\/v2\/media\/612"}],"wp:attachment":[{"href":"https:\/\/asiamortar.com.vn\/en\/wp-json\/wp\/v2\/media?parent=1491"}],"curies":[{"name":"wp","href":"https:\/\/api.w.org\/{rel}","templated":true}]}}