{"id":1494,"date":"2020-12-31T08:37:46","date_gmt":"2020-12-31T01:37:46","guid":{"rendered":"https:\/\/asiamortar.com.vn\/?post_type=product&#038;p=1494"},"modified":"2020-12-31T08:37:46","modified_gmt":"2020-12-31T01:37:46","slug":"am-grout-310","status":"publish","type":"product","link":"https:\/\/asiamortar.com.vn\/en\/san-pham\/am-grout-310\/","title":{"rendered":"am GROUT 310"},"content":{"rendered":"<p><\/p>\n<p><strong>USES<\/strong><\/p>\n<p>am GROUT 310 is used extensively for pressure grouting and as repair grout. am GROUT 310 is used for repairing structural<br \/>\nbuilding members such as pre-cast wall panels, under plates, beams and columns and post tensioned girders.<\/p>\n<p>am GROUT 310 may also be used for pressure grouting of concrete structures, filing of rigid joints between elements in concrete and pre-cast concrete structures.<\/p>\n<p><strong>ADVANTAGES<\/strong><\/p>\n<ul style=\"list-style-type: disc;\">\n<li>Non-shrink performance provides excellent bearing.<\/li>\n<li>Flowable and self-levelling.<\/li>\n<li>High strength.<\/li>\n<li>Appearance of plain concrete.<\/li>\n<li>Does not contain any added chloride ions.<\/li>\n<\/ul>\n<p><\/p>","protected":false},"excerpt":{"rendered":"<p>am GROUT 310 is a premixed cementbased non-shrink grout that is noncorrosive, non-oxidizing and is free of chlorides and nitrates. When mixed with water, am GROUT 310 is transformed into a highly fluid grout without segregation that is able to fill intricate spaces.<\/p>\n","protected":false},"featured_media":1310,"template":"","meta":[],"yoast_head":"<!-- This site is optimized with the Yoast SEO plugin v15.3 - https:\/\/yoast.com\/wordpress\/plugins\/seo\/ -->\n<meta name=\"robots\" content=\"index, follow, max-snippet:-1, max-image-preview:large, max-video-preview:-1\" \/>\n<link rel=\"canonical\" href=\"https:\/\/asiamortar.com.vn\/san-pham\/am-grout-310\/\" \/>\n<meta property=\"og:locale\" content=\"en_US\" \/>\n<meta property=\"og:type\" content=\"article\" \/>\n<meta property=\"og:title\" content=\"[:vi]am GROUT 310[:en]am GROUT 310[:] - ASIA MORTAR\" \/>\n<meta property=\"og:description\" content=\"[:vi]am GROUT 310 l\u00e0 h\u1ed7n h\u1ee3p v\u1eefa tr\u1ed9n s\u1eb5n, kh\u00f4ng co ng\u00f3t g\u1ed1c xi m\u0103ng. Kh\u00f4ng b\u1ecb \u0103n m\u00f2n, kh\u00f4ng b\u1ecb oxy h\u00f3a v\u00e0 kh\u00f4ng ch\u1ee9a t\u00e1c nh\u00e2n \u0103n m\u00f2n Clorua, Nitrat. Khi tr\u1ed9n v\u1edbi n\u01b0\u1edbc, am GROUT 310 t\u1ea1o th\u00e0nh m\u1ed9t h\u1ed7n h\u1ee3p v\u1eefa c\u00f3 \u0111\u1ed9 ch\u1ea3y r\u1ea5t cao m\u00e0 kh\u00f4ng b\u1ecb t\u00e1ch n\u01b0\u1edbc, th\u00edch h\u1ee3p cho vi\u1ec7c thi c\u00f4ng \u0111\u1ed5 v\u1eefa t\u1ea1i nh\u1eefng v\u1ecb tr\u00ed ph\u1ee9c t\u1ea1p.[:en]am GROUT 310 is a premixed cementbased non-shrink grout that is noncorrosive, non-oxidizing and is free of chlorides and nitrates. When mixed with water, am GROUT 310 is transformed into a highly fluid grout without segregation that is able to fill intricate spaces.[:]\" \/>\n<meta property=\"og:url\" content=\"https:\/\/asiamortar.com.vn\/san-pham\/am-grout-310\/\" \/>\n<meta property=\"og:site_name\" content=\"ASIA MORTAR\" \/>\n<meta property=\"og:image\" content=\"https:\/\/asiamortar.com.vn\/wp-content\/uploads\/2020\/06\/Hinh-23.png\" \/>\n\t<meta property=\"og:image:width\" content=\"573\" \/>\n\t<meta property=\"og:image:height\" content=\"826\" \/>\n<meta name=\"twitter:card\" content=\"summary_large_image\" \/>\n<meta name=\"twitter:label1\" content=\"Written by\">\n\t<meta name=\"twitter:data1\" content=\"Kh\u00e1ch H\u00e0ng Admin\">\n\t<meta name=\"twitter:label2\" content=\"Est. reading time\">\n\t<meta name=\"twitter:data2\" content=\"1 minute\">\n<script type=\"application\/ld+json\" class=\"yoast-schema-graph\">{\"@context\":\"https:\/\/schema.org\",\"@graph\":[{\"@type\":\"WebSite\",\"@id\":\"https:\/\/asiamortar.com.vn\/ja\/#website\",\"url\":\"https:\/\/asiamortar.com.vn\/ja\/\",\"name\":\"ASIA MORTAR\",\"description\":\"\",\"potentialAction\":[{\"@type\":\"SearchAction\",\"target\":\"https:\/\/asiamortar.com.vn\/ja\/?s={search_term_string}\",\"query-input\":\"required name=search_term_string\"}],\"inLanguage\":\"en-US\"},{\"@type\":\"ImageObject\",\"@id\":\"https:\/\/asiamortar.com.vn\/san-pham\/am-grout-310\/#primaryimage\",\"inLanguage\":\"en-US\",\"url\":\"https:\/\/asiamortar.com.vn\/wp-content\/uploads\/2020\/06\/Hinh-23.png\",\"width\":573,\"height\":826,\"caption\":\"H\\u00ecnh 23\"},{\"@type\":\"WebPage\",\"@id\":\"https:\/\/asiamortar.com.vn\/san-pham\/am-grout-310\/#webpage\",\"url\":\"https:\/\/asiamortar.com.vn\/san-pham\/am-grout-310\/\",\"name\":\"[:vi]am GROUT 310[:en]am GROUT 310[:] - ASIA MORTAR\",\"isPartOf\":{\"@id\":\"https:\/\/asiamortar.com.vn\/ja\/#website\"},\"primaryImageOfPage\":{\"@id\":\"https:\/\/asiamortar.com.vn\/san-pham\/am-grout-310\/#primaryimage\"},\"datePublished\":\"2020-12-31T01:37:46+00:00\",\"dateModified\":\"2020-12-31T01:37:46+00:00\",\"inLanguage\":\"en-US\",\"potentialAction\":[{\"@type\":\"ReadAction\",\"target\":[\"https:\/\/asiamortar.com.vn\/san-pham\/am-grout-310\/\"]}]}]}<\/script>\n<!-- \/ Yoast SEO plugin. -->","_links":{"self":[{"href":"https:\/\/asiamortar.com.vn\/en\/wp-json\/wp\/v2\/product\/1494"}],"collection":[{"href":"https:\/\/asiamortar.com.vn\/en\/wp-json\/wp\/v2\/product"}],"about":[{"href":"https:\/\/asiamortar.com.vn\/en\/wp-json\/wp\/v2\/types\/product"}],"wp:featuredmedia":[{"embeddable":true,"href":"https:\/\/asiamortar.com.vn\/en\/wp-json\/wp\/v2\/media\/1310"}],"wp:attachment":[{"href":"https:\/\/asiamortar.com.vn\/en\/wp-json\/wp\/v2\/media?parent=1494"}],"curies":[{"name":"wp","href":"https:\/\/api.w.org\/{rel}","templated":true}]}}