{"id":1496,"date":"2020-12-31T08:45:50","date_gmt":"2020-12-31T01:45:50","guid":{"rendered":"https:\/\/asiamortar.com.vn\/?post_type=product&#038;p=1496"},"modified":"2023-05-24T15:44:52","modified_gmt":"2023-05-24T08:44:52","slug":"am-grout-307","status":"publish","type":"product","link":"https:\/\/asiamortar.com.vn\/en\/san-pham\/am-grout-307\/","title":{"rendered":"AM GROUT 307"},"content":{"rendered":"<p><\/p>\n<p><b>USES<\/b><\/p>\n<p>AM GROUT 307 is used extensively for pressure grouting and as a flowable grout. AM GROUT 307 is used for repairing structural building members such as pre-cast wall panels, under plates, beams and columns and post tensioned girders.<\/p>\n<p>AM GROUT 307 may also be used for pressure grouting of concrete structures, filling of rigid joints between elements in concrete and precast concrete structures.<\/p>\n<p><b>ADVANTAGES<\/b><\/p>\n<ul style=\"list-style-type: disc;\">\n<li>Shrinkage Compensation &#8211; system compensates for shrinkage and settlement in the plastic state.<\/li>\n<li>Reliable &#8211; site batching variations eliminated by the use of factory-controlled pre-packed material.<\/li>\n<li>High Early Strength &#8211; rapid return to service.<\/li>\n<li>Durability &#8211; high early strength and excellent ultimate strength.<\/li>\n<li>Non-toxic &amp; applicabce for metal surfaces.<\/li>\n<\/ul>\n<p><\/p>","protected":false},"excerpt":{"rendered":"<p><strong>AM GROUT 307<\/strong> is a premixed cement-based non-shrink grout that is non-corrosive, non-oxidizing and free of chlorides and nitrates.<\/p>\n<p>When mixed with water, <strong>AM GROUT 307<\/strong>\u00a0is transformed into a very highly fluid grout without segregation that is able to fill intricate spaces.<\/p>\n","protected":false},"featured_media":614,"template":"","meta":[],"yoast_head":"<!-- This site is optimized with the Yoast SEO plugin v15.3 - https:\/\/yoast.com\/wordpress\/plugins\/seo\/ -->\n<meta name=\"robots\" content=\"index, follow, max-snippet:-1, max-image-preview:large, max-video-preview:-1\" \/>\n<link rel=\"canonical\" href=\"https:\/\/asiamortar.com.vn\/san-pham\/am-grout-307\/\" \/>\n<meta property=\"og:locale\" content=\"en_US\" \/>\n<meta property=\"og:type\" content=\"article\" \/>\n<meta property=\"og:title\" content=\"[:vi]AM GROUT 307[:en]AM GROUT 307[:] - ASIA MORTAR\" \/>\n<meta property=\"og:description\" content=\"[:vi]AM GROUT 307 l\u00e0 v\u1eefa kh\u00f4ng co ng\u00f3t, d\u1ea1ng r\u00f3t, \u0111\u01b0\u1ee3c tr\u1ed9n s\u1eb5n g\u1ed1c xi m\u0103ng, t\u1ef1 san b\u1eb1ng ph\u1eb3ng, kh\u00f4ng g\u00e2y ra s\u01b0 \u0103n m\u00f2n v\u00e0 oxi h\u00f3a. H\u1ed7n h\u1ee3p v\u1eefa kh\u00f4ng ch\u1ee9a h\u00e0m l\u01b0\u1ee3ng Clorua v\u00e0 Nitrat. Khi tr\u1ed9n AM GROUT 307 v\u1edbi n\u01b0\u1edbc, t\u1ea1o m\u1ed9t h\u1ed7n h\u1ee3p v\u1eefa l\u1ecfng c\u00f3 \u0111\u1ed9 ch\u1ea3y r\u1ea5t cao, kh\u00f4ng ph\u00e2n t\u1ea7ng v\u00e0 t\u00e1ch n\u01b0\u1edbc. Do \u0111\u00f3, c\u00f3 th\u1ec3 thi c\u00f4ng\u00a0 t\u1ea1i nh\u1eefng v\u1ecb tr\u00ed ph\u1ee9c t\u1ea1p nh\u1ea5t.[:en]AM GROUT 307 is a premixed cement-based non-shrink grout that is non-corrosive, non-oxidizing and free of chlorides and nitrates. When mixed with water, AM GROUT 307\u00a0is transformed into a very highly fluid grout without segregation that is able to fill intricate spaces.[:]\" \/>\n<meta property=\"og:url\" content=\"https:\/\/asiamortar.com.vn\/san-pham\/am-grout-307\/\" \/>\n<meta property=\"og:site_name\" content=\"ASIA MORTAR\" \/>\n<meta property=\"article:modified_time\" content=\"2023-05-24T08:44:52+00:00\" \/>\n<meta property=\"og:image\" content=\"https:\/\/asiamortar.com.vn\/wp-content\/uploads\/2020\/06\/am-grout-307.png\" \/>\n\t<meta property=\"og:image:width\" content=\"585\" \/>\n\t<meta property=\"og:image:height\" content=\"650\" \/>\n<meta name=\"twitter:card\" content=\"summary_large_image\" \/>\n<meta name=\"twitter:label1\" content=\"Written by\">\n\t<meta name=\"twitter:data1\" content=\"Kh\u00e1ch H\u00e0ng Admin\">\n\t<meta name=\"twitter:label2\" content=\"Est. reading time\">\n\t<meta name=\"twitter:data2\" content=\"2 minutes\">\n<script type=\"application\/ld+json\" class=\"yoast-schema-graph\">{\"@context\":\"https:\/\/schema.org\",\"@graph\":[{\"@type\":\"WebSite\",\"@id\":\"https:\/\/asiamortar.com.vn\/ja\/#website\",\"url\":\"https:\/\/asiamortar.com.vn\/ja\/\",\"name\":\"ASIA MORTAR\",\"description\":\"\",\"potentialAction\":[{\"@type\":\"SearchAction\",\"target\":\"https:\/\/asiamortar.com.vn\/ja\/?s={search_term_string}\",\"query-input\":\"required name=search_term_string\"}],\"inLanguage\":\"en-US\"},{\"@type\":\"ImageObject\",\"@id\":\"https:\/\/asiamortar.com.vn\/san-pham\/am-grout-307\/#primaryimage\",\"inLanguage\":\"en-US\",\"url\":\"https:\/\/asiamortar.com.vn\/wp-content\/uploads\/2020\/06\/am-grout-307.png\",\"width\":585,\"height\":650,\"caption\":\"Am Grout 307\"},{\"@type\":\"WebPage\",\"@id\":\"https:\/\/asiamortar.com.vn\/san-pham\/am-grout-307\/#webpage\",\"url\":\"https:\/\/asiamortar.com.vn\/san-pham\/am-grout-307\/\",\"name\":\"[:vi]AM GROUT 307[:en]AM GROUT 307[:] - ASIA MORTAR\",\"isPartOf\":{\"@id\":\"https:\/\/asiamortar.com.vn\/ja\/#website\"},\"primaryImageOfPage\":{\"@id\":\"https:\/\/asiamortar.com.vn\/san-pham\/am-grout-307\/#primaryimage\"},\"datePublished\":\"2020-12-31T01:45:50+00:00\",\"dateModified\":\"2023-05-24T08:44:52+00:00\",\"inLanguage\":\"en-US\",\"potentialAction\":[{\"@type\":\"ReadAction\",\"target\":[\"https:\/\/asiamortar.com.vn\/san-pham\/am-grout-307\/\"]}]}]}<\/script>\n<!-- \/ Yoast SEO plugin. -->","_links":{"self":[{"href":"https:\/\/asiamortar.com.vn\/en\/wp-json\/wp\/v2\/product\/1496"}],"collection":[{"href":"https:\/\/asiamortar.com.vn\/en\/wp-json\/wp\/v2\/product"}],"about":[{"href":"https:\/\/asiamortar.com.vn\/en\/wp-json\/wp\/v2\/types\/product"}],"wp:featuredmedia":[{"embeddable":true,"href":"https:\/\/asiamortar.com.vn\/en\/wp-json\/wp\/v2\/media\/614"}],"wp:attachment":[{"href":"https:\/\/asiamortar.com.vn\/en\/wp-json\/wp\/v2\/media?parent=1496"}],"curies":[{"name":"wp","href":"https:\/\/api.w.org\/{rel}","templated":true}]}}