{"id":1498,"date":"2020-12-31T08:50:39","date_gmt":"2020-12-31T01:50:39","guid":{"rendered":"https:\/\/asiamortar.com.vn\/?post_type=product&#038;p=1498"},"modified":"2020-12-31T08:50:57","modified_gmt":"2020-12-31T01:50:57","slug":"am-flexseal","status":"publish","type":"product","link":"https:\/\/asiamortar.com.vn\/en\/san-pham\/am-flexseal\/","title":{"rendered":"am Flexseal"},"content":{"rendered":"<p><\/p>\n<p><b>USES<\/b><\/p>\n<p><b>am <\/b>FLEXSEAL can be use for water tanks, concrete foundations-slabs on grade and walls, water treatment reservoirs, marine structure, concrete pipes, elevator pits and equipment pits, bridge decks, tunnels and underground vaults, ramps, parking structures.<\/p>\n<p><b>ADVANTAGES<\/b><\/p>\n<ul style=\"list-style-type: disc;\">\n<li>Non-toxic, safe for use in food processing plants and potable water tanks<\/li>\n<li>Simple application (brush, dry-shake or spray application) .<\/li>\n<li>Becomes an integral part of the structure and provides a permanent treatment.<\/li>\n<li>Self-seals minor cracking.<\/li>\n<li>Provides water vapour permeability, waterproofs minor cracking.<\/li>\n<li>Effective against both positive and negative water pressure. Withstands extreme hydrostatic pressure.<\/li>\n<li>Protects reinforcing steel against corrosion<\/li>\n<li>Treatment applied to old and new concrete<\/li>\n<li>Economical to use.<\/li>\n<li>Finished surface can be over painted.<\/li>\n<\/ul>\n<p><\/p>","protected":false},"excerpt":{"rendered":"<p><b><\/b><b>am<\/b> FLEXSEAL is a surface applied capillary waterproofing slurry for new, exiting concrete structures and mortar.\u00a0 It contains high-grade silica aggregates, cement and moisture-activated chemicals. <b>am<\/b> FLEXSEAL can effectively blocks the passage of water and ensure water tightness of the structure through forming of crystals in water bearing capillaries.<\/p>\n","protected":false},"featured_media":616,"template":"","meta":[],"yoast_head":"<!-- This site is optimized with the Yoast SEO plugin v15.3 - https:\/\/yoast.com\/wordpress\/plugins\/seo\/ -->\n<meta name=\"robots\" content=\"index, follow, max-snippet:-1, max-image-preview:large, max-video-preview:-1\" \/>\n<link rel=\"canonical\" href=\"https:\/\/asiamortar.com.vn\/san-pham\/am-flexseal\/\" \/>\n<meta property=\"og:locale\" content=\"en_US\" \/>\n<meta property=\"og:type\" content=\"article\" \/>\n<meta property=\"og:title\" content=\"[:vi]am Flexseal[:en]am Flexseal[:] - ASIA MORTAR\" \/>\n<meta property=\"og:description\" content=\"[:vi]am FLEXSEAL l\u00e0 v\u1eefa xi m\u0103ng ch\u1ed1ng th\u1ea5m th\u1ea9m th\u1ea5u cho b\u00ea t\u00f4ng c\u0169, m\u1edbi v\u00e0 v\u1eefa xi m\u0103ng. S\u1ea3n ph\u1ea9m do s\u1ef1 k\u1ebft h\u1ee3p c\u1ee7a nhi\u1ec1u lo\u1ea1i ho\u00e1 ch\u1ea5t ho\u1ea1t t\u00ednh \u1ea9m, c\u1ed1t li\u1ec7u silicat ch\u1ecdn l\u1ecdc v\u00e0 xi-m\u0103ng chuy\u00ean d\u1ee5ng. S\u1ea3n ph\u1ea9m d\u00f9ng t\u1ea1o l\u1edbp ch\u1ed1ng th\u1ea5m b\u1ec1 m\u1eb7t \u0111\u1ed3ng th\u1eddi c\u00f3 t\u00ednh th\u1ea9m th\u1ea5u v\u00e0o b\u00ea-t\u00f4ng v\u1edbi c\u00e1c tinh th\u1ec3 \u0111\u01b0\u1ee3c t\u1ea1o ra s\u1ebd ph\u1ea3n \u1ee9ng v\u1edbi v\u00f4i t\u1ef1 do c\u00f3 trong b\u00ea-t\u00f4ng, t\u1ea1o gel \u0111\u1ec3 l\u1ea5p \u0111\u1ea7y c\u00e1c mao m\u1ea1ch, l\u1ed5 r\u1ed7ng v\u00e0 ng\u0103n ng\u1eeba n\u01b0\u1edbc t\u1eeb b\u00ean trong v\u00e0 \u0111\u1ea3m b\u1ea3o vi\u1ec7c ch\u1ed1ng th\u1ea5m b\u1ec1n v\u1eefng v\u00e0 l\u00e2u d\u00e0i cho k\u1ebft c\u1ea5u[:en]am FLEXSEAL is a surface applied capillary waterproofing slurry for new, exiting concrete structures and mortar.\u00a0 It contains high-grade silica aggregates, cement and moisture-activated chemicals. am FLEXSEAL can effectively blocks the passage of water and ensure water tightness of the structure through forming of crystals in water bearing capillaries.[:]\" \/>\n<meta property=\"og:url\" content=\"https:\/\/asiamortar.com.vn\/san-pham\/am-flexseal\/\" \/>\n<meta property=\"og:site_name\" content=\"ASIA MORTAR\" \/>\n<meta property=\"article:modified_time\" content=\"2020-12-31T01:50:57+00:00\" \/>\n<meta property=\"og:image\" content=\"https:\/\/asiamortar.com.vn\/wp-content\/uploads\/2020\/06\/am-flexseal.png\" \/>\n\t<meta property=\"og:image:width\" content=\"585\" \/>\n\t<meta property=\"og:image:height\" content=\"650\" \/>\n<meta name=\"twitter:card\" content=\"summary_large_image\" \/>\n<meta name=\"twitter:label1\" content=\"Written by\">\n\t<meta name=\"twitter:data1\" content=\"Kh\u00e1ch H\u00e0ng Admin\">\n\t<meta name=\"twitter:label2\" content=\"Est. reading time\">\n\t<meta name=\"twitter:data2\" content=\"2 minutes\">\n<script type=\"application\/ld+json\" class=\"yoast-schema-graph\">{\"@context\":\"https:\/\/schema.org\",\"@graph\":[{\"@type\":\"WebSite\",\"@id\":\"https:\/\/asiamortar.com.vn\/ja\/#website\",\"url\":\"https:\/\/asiamortar.com.vn\/ja\/\",\"name\":\"ASIA MORTAR\",\"description\":\"\",\"potentialAction\":[{\"@type\":\"SearchAction\",\"target\":\"https:\/\/asiamortar.com.vn\/ja\/?s={search_term_string}\",\"query-input\":\"required name=search_term_string\"}],\"inLanguage\":\"en-US\"},{\"@type\":\"ImageObject\",\"@id\":\"https:\/\/asiamortar.com.vn\/san-pham\/am-flexseal\/#primaryimage\",\"inLanguage\":\"en-US\",\"url\":\"https:\/\/asiamortar.com.vn\/wp-content\/uploads\/2020\/06\/am-flexseal.png\",\"width\":585,\"height\":650,\"caption\":\"Am Flexseal\"},{\"@type\":\"WebPage\",\"@id\":\"https:\/\/asiamortar.com.vn\/san-pham\/am-flexseal\/#webpage\",\"url\":\"https:\/\/asiamortar.com.vn\/san-pham\/am-flexseal\/\",\"name\":\"[:vi]am Flexseal[:en]am Flexseal[:] - ASIA MORTAR\",\"isPartOf\":{\"@id\":\"https:\/\/asiamortar.com.vn\/ja\/#website\"},\"primaryImageOfPage\":{\"@id\":\"https:\/\/asiamortar.com.vn\/san-pham\/am-flexseal\/#primaryimage\"},\"datePublished\":\"2020-12-31T01:50:39+00:00\",\"dateModified\":\"2020-12-31T01:50:57+00:00\",\"inLanguage\":\"en-US\",\"potentialAction\":[{\"@type\":\"ReadAction\",\"target\":[\"https:\/\/asiamortar.com.vn\/san-pham\/am-flexseal\/\"]}]}]}<\/script>\n<!-- \/ Yoast SEO plugin. -->","_links":{"self":[{"href":"https:\/\/asiamortar.com.vn\/en\/wp-json\/wp\/v2\/product\/1498"}],"collection":[{"href":"https:\/\/asiamortar.com.vn\/en\/wp-json\/wp\/v2\/product"}],"about":[{"href":"https:\/\/asiamortar.com.vn\/en\/wp-json\/wp\/v2\/types\/product"}],"wp:featuredmedia":[{"embeddable":true,"href":"https:\/\/asiamortar.com.vn\/en\/wp-json\/wp\/v2\/media\/616"}],"wp:attachment":[{"href":"https:\/\/asiamortar.com.vn\/en\/wp-json\/wp\/v2\/media?parent=1498"}],"curies":[{"name":"wp","href":"https:\/\/api.w.org\/{rel}","templated":true}]}}