{"id":464,"date":"2020-06-24T13:56:09","date_gmt":"2020-06-24T06:56:09","guid":{"rendered":"http:\/\/asiamortar.com.vn\/?post_type=product&#038;p=464"},"modified":"2021-04-01T11:32:18","modified_gmt":"2021-04-01T04:32:18","slug":"am-realease-agent","status":"publish","type":"product","link":"https:\/\/asiamortar.com.vn\/en\/san-pham\/am-realease-agent\/","title":{"rendered":"am Realease Agent"},"content":{"rendered":"<p><\/p>\n<p>am RELEASE AGENT can be used on all<br \/>\ntypes of formworks. When concrete is<br \/>\nplaced against the mould surface treated<br \/>\nwith am RELEASE AGENT, free lime from<br \/>\nthe cement reacts with the chemical<br \/>\nreagent to form soap.<br \/>\nThis soap layer between the mould surface<br \/>\nand the concrete becomes an inactive layer<br \/>\nthus preventing adhesion. Thus resulting<br \/>\nthe concrete surface to have a smooth,<br \/>\nclean and stain-free appearance<\/p>\n<p><\/p>","protected":false},"excerpt":{"rendered":"<p>am RELEASE AGENT is a chemical<br \/>\nrelease agent formulated to allow easy<br \/>\nrelease of any formwork surface. am<br \/>\nRELEASE AGENT gives a high quality<br \/>\nsmooth finish to the concrete surface after<br \/>\nthe formwork has been removed.<\/p>\n","protected":false},"featured_media":0,"template":"","meta":[],"yoast_head":"<!-- This site is optimized with the Yoast SEO plugin v15.3 - https:\/\/yoast.com\/wordpress\/plugins\/seo\/ -->\n<meta name=\"robots\" content=\"index, follow, max-snippet:-1, max-image-preview:large, max-video-preview:-1\" \/>\n<link rel=\"canonical\" href=\"https:\/\/asiamortar.com.vn\/san-pham\/am-realease-agent\/\" \/>\n<meta property=\"og:locale\" content=\"en_US\" \/>\n<meta property=\"og:type\" content=\"article\" \/>\n<meta property=\"og:title\" content=\"am Realease Agent - ASIA MORTAR\" \/>\n<meta property=\"og:description\" content=\"[:vi]am RELEASE AGENT l\u00e0 m\u1ed9t h\u00f3a ch\u1ea5t ch\u1ea5t gi\u1ea3i ph\u00f3ng c\u00f4ng th\u1ee9c \u0111\u1ec3 cho ph\u00e9p d\u1ec5 d\u00e0ng gi\u1ea3i ph\u00f3ng b\u1ea5t k\u1ef3 b\u1ec1 m\u1eb7t v\u00e1n khu\u00f4n n\u00e0o. l\u00e0 \u0110\u1ea0I L\u00dd RELEASE cung c\u1ea5p ch\u1ea5t l\u01b0\u1ee3ng cao ho\u00e0n thi\u1ec7n m\u1ecbn b\u1ec1 m\u1eb7t b\u00ea t\u00f4ng sau khi v\u00e1n khu\u00f4n \u0111\u00e3 \u0111\u01b0\u1ee3c g\u1ee1 b\u1ecf.[:en]am RELEASE AGENT is a chemical release agent formulated to allow easy release of any formwork surface. am RELEASE AGENT gives a high quality smooth finish to the concrete surface after the formwork has been removed.[:]\" \/>\n<meta property=\"og:url\" content=\"https:\/\/asiamortar.com.vn\/san-pham\/am-realease-agent\/\" \/>\n<meta property=\"og:site_name\" content=\"ASIA MORTAR\" \/>\n<meta property=\"article:modified_time\" content=\"2021-04-01T04:32:18+00:00\" \/>\n<meta name=\"twitter:card\" content=\"summary_large_image\" \/>\n<meta name=\"twitter:label1\" content=\"Written by\">\n\t<meta name=\"twitter:data1\" content=\"Kh\u00e1ch H\u00e0ng Admin\">\n\t<meta name=\"twitter:label2\" content=\"Est. reading time\">\n\t<meta name=\"twitter:data2\" content=\"1 minute\">\n<script type=\"application\/ld+json\" class=\"yoast-schema-graph\">{\"@context\":\"https:\/\/schema.org\",\"@graph\":[{\"@type\":\"WebSite\",\"@id\":\"https:\/\/asiamortar.com.vn\/ja\/#website\",\"url\":\"https:\/\/asiamortar.com.vn\/ja\/\",\"name\":\"ASIA MORTAR\",\"description\":\"\",\"potentialAction\":[{\"@type\":\"SearchAction\",\"target\":\"https:\/\/asiamortar.com.vn\/ja\/?s={search_term_string}\",\"query-input\":\"required name=search_term_string\"}],\"inLanguage\":\"en-US\"},{\"@type\":\"WebPage\",\"@id\":\"https:\/\/asiamortar.com.vn\/san-pham\/am-realease-agent\/#webpage\",\"url\":\"https:\/\/asiamortar.com.vn\/san-pham\/am-realease-agent\/\",\"name\":\"am Realease Agent - ASIA MORTAR\",\"isPartOf\":{\"@id\":\"https:\/\/asiamortar.com.vn\/ja\/#website\"},\"datePublished\":\"2020-06-24T06:56:09+00:00\",\"dateModified\":\"2021-04-01T04:32:18+00:00\",\"inLanguage\":\"en-US\",\"potentialAction\":[{\"@type\":\"ReadAction\",\"target\":[\"https:\/\/asiamortar.com.vn\/san-pham\/am-realease-agent\/\"]}]}]}<\/script>\n<!-- \/ Yoast SEO plugin. -->","_links":{"self":[{"href":"https:\/\/asiamortar.com.vn\/en\/wp-json\/wp\/v2\/product\/464"}],"collection":[{"href":"https:\/\/asiamortar.com.vn\/en\/wp-json\/wp\/v2\/product"}],"about":[{"href":"https:\/\/asiamortar.com.vn\/en\/wp-json\/wp\/v2\/types\/product"}],"wp:attachment":[{"href":"https:\/\/asiamortar.com.vn\/en\/wp-json\/wp\/v2\/media?parent=464"}],"curies":[{"name":"wp","href":"https:\/\/api.w.org\/{rel}","templated":true}]}}