{"id":465,"date":"2020-06-24T14:08:57","date_gmt":"2020-06-24T07:08:57","guid":{"rendered":"http:\/\/asiamortar.com.vn\/?post_type=product&#038;p=465"},"modified":"2020-09-24T14:39:17","modified_gmt":"2020-09-24T07:39:17","slug":"am-s40","status":"publish","type":"product","link":"https:\/\/asiamortar.com.vn\/en\/san-pham\/am-s40\/","title":{"rendered":"am S40"},"content":{"rendered":"<p><\/p>\n<p>BENEFITS<br \/>\n\u2022 Consistency in placement operations<br \/>\n\u2022 Optimized mixture costs<br \/>\n\u2022 Increased productivity<br \/>\n\u2022 Improved operational efficiencies<br \/>\n\u2022 Workability retention without retardation<br \/>\n\u2022 Superior slump retention<br \/>\n\u2022 Excellent early strength development<br \/>\n\u2022 High ultimate strengths<br \/>\nAPPLICATIONS<br \/>\n\u2022 Concrete requiring high early compressive<br \/>\nstrength development<br \/>\n\u2022 Applications requiring workability retention<br \/>\nwith retardation<br \/>\n\u2022 Concrete where high flowability, increased<br \/>\nstability and durability are needed<br \/>\n\u2022 Production of Self- Consolidating Concrete<br \/>\n(SCC) mixtures<br \/>\n\u2022 Concrete with varying water reduction<br \/>\nrequirements<\/p>\n<p><\/p>","protected":false},"excerpt":{"rendered":"<p>AM S40 ready-to-use superplasticizer<br \/>\nadmixture is based on Sulfonated<br \/>\nnaphthalene-formaldehyde. AM S40<br \/>\nsuperplasticizers is to produce flowing<br \/>\nconcrete with very high slump in the range<br \/>\nof 7-9 inches (175-225 mm) to be used in<br \/>\nheavily reinforced structures and in<br \/>\nplacements where adequate consolidation<br \/>\nby vibration cannot be readily achieved.<br \/>\nThe other major application is the<br \/>\nproduction of high-strength concrete at<br \/>\nw\/c&#8217;s ranging from 0.3 to 0.4. The capability<br \/>\nof these superplasticizers to reduce water<br \/>\nrequirements 12-25% without affecting the<br \/>\nworkability leads to production of highstrength concrete and lower permeability.<br \/>\nCompressive strengths greater than 14,000<br \/>\npsi (96.5 MPa) at 28 days have been<br \/>\nattained. The slump loss problem can be<br \/>\novercome by adding the admixture to the<br \/>\nconcrete just before the concrete is placed.<br \/>\nAM S40 meets ASTM C 494 compliance<br \/>\nrequirements for Type G, high-range waterreducing and retarding admixtures<\/p>\n","protected":false},"featured_media":0,"template":"","meta":[],"yoast_head":"<!-- This site is optimized with the Yoast SEO plugin v15.3 - https:\/\/yoast.com\/wordpress\/plugins\/seo\/ -->\n<meta name=\"robots\" content=\"index, follow, max-snippet:-1, max-image-preview:large, max-video-preview:-1\" \/>\n<link rel=\"canonical\" href=\"http:\/\/asiamortar.com.vn\/san-pham\/am-s40\/\" \/>\n<meta property=\"og:locale\" content=\"en_US\" \/>\n<meta property=\"og:type\" content=\"article\" \/>\n<meta property=\"og:title\" content=\"am S40 - ASIA MORTAR\" \/>\n<meta property=\"og:description\" content=\"[:vi]AM S40 l\u00e0 ph\u1ee5 gia si\u00eau d\u1ebbo cao c\u1ea5p d\u1ea1ng l\u1ecfng g\u1ed1c Sulfonated naphthaleneformaldehyde. Ph\u1ee5 gia si\u00eau d\u1ebbo AM S40 \u0111\u01b0\u1ee3c d\u00f9ng cho b\u00ea t\u00f4ng y\u00eau c\u1ea7u \u0111\u1ed9 s\u1ee5t ban \u0111\u1ea7u cao (175-225 mm), kh\u1ea3 n\u0103ng duy tr\u00ec \u0111\u1ed9 s\u1ee5t trong th\u1eddi gian d\u00e0i (1 -2 gi\u1edd) v\u00e0 trong \u0111i\u1ec1u ki\u1ec7n \u0111\u1ed5 b\u00ea t\u00f4ng kh\u00f3 kh\u0103n v\u00e0 chi ti\u1ebft nh\u01b0 nh\u1eefng c\u1ea5u ki\u1ec7n m\u1ecfng c\u00f3 m\u1eadt \u0111\u1ed9 c\u1ed1t th\u00e9p d\u00e0y, b\u00ea t\u00f4ng d\u1ef1 \u1ee9ng l\u1ef1c... AM S40 c\u00f2n \u0111\u01b0\u1ee3c s\u1eed d\u1ee5ng cho b\u00ea t\u00f4ng c\u01b0\u1eddng \u0111\u1ed9 cao v\u1edbi t\u1ef7 l\u1ec7 n\u01b0\u1edbc n\u01b0\u1edbc\/xi m\u0103ng r\u1ea5t th\u1ea5p trong kho\u1ea3ng t\u1eeb (0.3 \u2013 0.4). Kh\u1ea3 n\u0103ng gi\u1ea3m n\u01b0\u1edbc c\u1ee7a AM S40 r\u1ea5t cao, c\u00f3 th\u1ec3 gi\u1ea3m t\u1eeb (12 \u2013 25)% m\u00e0 kh\u00f4ng l\u00e0m thay \u0111\u1ed5i t\u00ednh c\u00f4ng t\u00e1c, \u0111\u1ed9 s\u1ee5t c\u1ee7a b\u00ea t\u00f4ng. \u0110\u00e2y l\u00e0 y\u1ebfu t\u1ed1 ch\u00ednh \u0111\u1ec3 t\u1ea1o ra b\u00ea t\u00f4ng c\u01b0\u1eddng \u0111\u1ed9 cao v\u00e0 b\u00ea t\u00f4ng ch\u1ed1ng th\u1ea5m. B\u00ea t\u00f4ng s\u1eed d\u1ee5ng ph\u1ee5 gia AM S40 c\u00f3 th\u1ec3 \u0111\u1ea1t \u0111\u01b0\u1ee3c c\u01b0\u1eddng \u0111\u1ed9 ch\u1ecbu n\u00e9n sau 28 ng\u00e0y tr\u00ean 96.5 MPa. S\u1ef1 c\u1ed1 m\u1ea5t \u0111\u1ed9 s\u1ee5t b\u00ea t\u00f4ng do m\u1ed9t s\u1ed1 nguy\u00ean nh\u00e2n kh\u00e1ch quan trong qu\u00e1 tr\u00ecnh di chuy\u1ec3n, c\u00f3 th\u1ec3 kh\u1eafc ph\u1ee5c b\u1eb1ng c\u00e1ch cho th\u00eam ph\u1ee5 gia AM S40 v\u00e0o b\u00ea t\u00f4ng tr\u01b0\u1edbc khi thi c\u00f4ng b\u00ea t\u00f4ng t\u1ea1i c\u00f4ng tr\u01b0\u1eddng. AM S40 ph\u00f9 h\u1ee3p v\u1edbi ti\u00eau chu\u1ea9n ASTM C 494 lo\u1ea1i G: ph\u1ee5 gia gi\u1ea3m n\u01b0\u1edbc cao v\u00e0 k\u00e9o d\u00e0i th\u1eddi gian duy tr\u00ec \u0111\u1ed9 s\u1ee5t b\u00ea t\u00f4ng.[:en]AM S40 ready-to-use superplasticizer admixture is based on Sulfonated naphthalene-formaldehyde. AM S40 superplasticizers is to produce flowing concrete with very high slump in the range of 7-9 inches (175-225 mm) to be used in heavily reinforced structures and in placements where adequate consolidation by vibration cannot be readily achieved. The other major application is the production of high-strength concrete at w\/c&#039;s ranging from 0.3 to 0.4. The capability of these superplasticizers to reduce water requirements 12-25% without affecting the workability leads to production of highstrength concrete and lower permeability. Compressive strengths greater than 14,000 psi (96.5 MPa) at 28 days have been attained. The slump loss problem can be overcome by adding the admixture to the concrete just before the concrete is placed. AM S40 meets ASTM C 494 compliance requirements for Type G, high-range waterreducing and retarding admixtures[:]\" \/>\n<meta property=\"og:url\" content=\"http:\/\/asiamortar.com.vn\/san-pham\/am-s40\/\" \/>\n<meta property=\"og:site_name\" content=\"ASIA MORTAR\" \/>\n<meta property=\"article:modified_time\" content=\"2020-09-24T07:39:17+00:00\" \/>\n<meta name=\"twitter:card\" content=\"summary_large_image\" \/>\n<meta name=\"twitter:label1\" content=\"Written by\">\n\t<meta name=\"twitter:data1\" content=\"Kh\u00e1ch H\u00e0ng Admin\">\n\t<meta name=\"twitter:label2\" content=\"Est. reading time\">\n\t<meta name=\"twitter:data2\" content=\"1 minute\">\n<script type=\"application\/ld+json\" class=\"yoast-schema-graph\">{\"@context\":\"https:\/\/schema.org\",\"@graph\":[{\"@type\":\"WebSite\",\"@id\":\"https:\/\/asiamortar.com.vn\/ja\/#website\",\"url\":\"https:\/\/asiamortar.com.vn\/ja\/\",\"name\":\"ASIA MORTAR\",\"description\":\"\",\"potentialAction\":[{\"@type\":\"SearchAction\",\"target\":\"https:\/\/asiamortar.com.vn\/ja\/?s={search_term_string}\",\"query-input\":\"required name=search_term_string\"}],\"inLanguage\":\"en-US\"},{\"@type\":\"WebPage\",\"@id\":\"http:\/\/asiamortar.com.vn\/san-pham\/am-s40\/#webpage\",\"url\":\"http:\/\/asiamortar.com.vn\/san-pham\/am-s40\/\",\"name\":\"am S40 - ASIA MORTAR\",\"isPartOf\":{\"@id\":\"https:\/\/asiamortar.com.vn\/ja\/#website\"},\"datePublished\":\"2020-06-24T07:08:57+00:00\",\"dateModified\":\"2020-09-24T07:39:17+00:00\",\"inLanguage\":\"en-US\",\"potentialAction\":[{\"@type\":\"ReadAction\",\"target\":[\"http:\/\/asiamortar.com.vn\/san-pham\/am-s40\/\"]}]}]}<\/script>\n<!-- \/ Yoast SEO plugin. -->","_links":{"self":[{"href":"https:\/\/asiamortar.com.vn\/en\/wp-json\/wp\/v2\/product\/465"}],"collection":[{"href":"https:\/\/asiamortar.com.vn\/en\/wp-json\/wp\/v2\/product"}],"about":[{"href":"https:\/\/asiamortar.com.vn\/en\/wp-json\/wp\/v2\/types\/product"}],"wp:attachment":[{"href":"https:\/\/asiamortar.com.vn\/en\/wp-json\/wp\/v2\/media?parent=465"}],"curies":[{"name":"wp","href":"https:\/\/api.w.org\/{rel}","templated":true}]}}