{"id":473,"date":"2020-06-24T14:14:24","date_gmt":"2020-06-24T07:14:24","guid":{"rendered":"http:\/\/asiamortar.com.vn\/?post_type=product&#038;p=473"},"modified":"2021-04-01T11:31:17","modified_gmt":"2021-04-01T04:31:17","slug":"am-pce-st-701","status":"publish","type":"product","link":"https:\/\/asiamortar.com.vn\/en\/san-pham\/am-pce-st-701\/","title":{"rendered":"am PCE ST-701"},"content":{"rendered":"<p><\/p>\n<p><strong>USE<\/strong><\/p>\n<p>AM PCE ST-701 is a ready-to-use admixture to be added to the concrete mix as a separate component. Optimal concrete plastising effect (and thus maximum water reduction) is obtained if AM PCE ST-701 is poured into the concrete mix right after the addition of the first 50-70% of the mixing water.<\/p>\n<p><strong>APPLICATIONS<\/strong><\/p>\n<ul style=\"list-style-type: disc;\">\n<li>Concrete with less water content than with conventional admixtures.<\/li>\n<li>High flowability concrete.<\/li>\n<li>Highly durable concrete.<\/li>\n<li>High strength concrete.<\/li>\n<li>Precast concrete.<\/li>\n<li>Self compacting concrete.<\/li>\n<li>Mass concrete.<\/li>\n<\/ul>\n<p><\/p>","protected":false},"excerpt":{"rendered":"<p><strong>AM PCE ST-701<\/strong> is a new generation superplasticizer based on polycarboxylate. This product is designed to provide the highest performance of water reduction, maintain high slump, excellent slump retention without affecting initial setting time and enhance the finishing characteristics of concrete. The AM PCE ST-701 specially engineered polymer molecules are perfectly suited for flatwork and slabs.<br \/>\n<strong>AM PCE ST-701<\/strong> was designed to produce super high-strength concrete, flowable and selfcompacting concrete in a variety of applications.<\/p>\n","protected":false},"featured_media":0,"template":"","meta":[],"yoast_head":"<!-- This site is optimized with the Yoast SEO plugin v15.3 - https:\/\/yoast.com\/wordpress\/plugins\/seo\/ -->\n<meta name=\"robots\" content=\"index, follow, max-snippet:-1, max-image-preview:large, max-video-preview:-1\" \/>\n<link rel=\"canonical\" href=\"https:\/\/asiamortar.com.vn\/san-pham\/am-pce-st-701\/\" \/>\n<meta property=\"og:locale\" content=\"en_US\" \/>\n<meta property=\"og:type\" content=\"article\" \/>\n<meta property=\"og:title\" content=\"[:vi]am PCE ST-701[:en]am PCE ST-701[:zh]am PCE ST-701[:kh]am PCE ST-701[:] - ASIA MORTAR\" \/>\n<meta property=\"og:description\" content=\"[:vi]AM PCE ST-701 l\u00e0 ph\u1ee5 gia si\u00eau d\u1ebbo th\u1ebf h\u1ec7 m\u1edbi d\u1ef1a tr\u00ean polycarboxylate.  S\u1ea3n ph\u1ea9m n\u00e0y \u0111\u01b0\u1ee3c thi\u1ebft k\u1ebf \u0111\u1ec3 mang l\u1ea1i hi\u1ec7u su\u1ea5t gi\u1ea3m n\u01b0\u1edbc cao nh\u1ea5t, duy tr\u00ec \u0111\u1ed9 s\u1ee5t cao, duy tr\u00ec \u0111\u1ed9 s\u1ee5t tuy\u1ec7t v\u1eddi m\u00e0 kh\u00f4ng \u1ea3nh h\u01b0\u1edfng \u0111\u1ebfn th\u1eddi gian ninh k\u1ebft ban \u0111\u1ea7u v\u00e0 n\u00e2ng cao \u0111\u1eb7c t\u00ednh ho\u00e0n thi\u1ec7n c\u1ee7a b\u00ea t\u00f4ng.  C\u00e1c ph\u00e2n t\u1eed polyme \u0111\u01b0\u1ee3c thi\u1ebft k\u1ebf \u0111\u1eb7c bi\u1ec7t AM PCE ST-701 ho\u00e0n to\u00e0n ph\u00f9 h\u1ee3p cho vi\u1ec7c l\u00e0m ph\u1eb3ng v\u00e0 s\u00e0n. AM PCE ST-701 \u0111\u01b0\u1ee3c thi\u1ebft k\u1ebf \u0111\u1ec3 s\u1ea3n xu\u1ea5t b\u00ea t\u00f4ng c\u01b0\u1eddng \u0111\u1ed9 si\u00eau cao, b\u00ea t\u00f4ng c\u00f3 th\u1ec3 ch\u1ea3y v\u00e0 t\u1ef1 l\u00e8n ch\u1eb7t trong nhi\u1ec1u \u1ee9ng d\u1ee5ng kh\u00e1c nhau.[:en]AM PCE ST-701 is a new generation superplasticizer based on polycarboxylate. This product is designed to provide the highest performance of water reduction, maintain high slump, excellent slump retention without affecting initial setting time and enhance the finishing characteristics of concrete. The AM PCE ST-701 specially engineered polymer molecules are perfectly suited for flatwork and slabs. AM PCE ST-701 was designed to produce super high-strength concrete, flowable and selfcompacting concrete in a variety of applications.[:]\" \/>\n<meta property=\"og:url\" content=\"https:\/\/asiamortar.com.vn\/san-pham\/am-pce-st-701\/\" \/>\n<meta property=\"og:site_name\" content=\"ASIA MORTAR\" \/>\n<meta property=\"article:modified_time\" content=\"2021-04-01T04:31:17+00:00\" \/>\n<meta name=\"twitter:card\" content=\"summary_large_image\" \/>\n<meta name=\"twitter:label1\" content=\"Written by\">\n\t<meta name=\"twitter:data1\" content=\"Kh\u00e1ch H\u00e0ng Admin\">\n\t<meta name=\"twitter:label2\" content=\"Est. reading time\">\n\t<meta name=\"twitter:data2\" content=\"1 minute\">\n<script type=\"application\/ld+json\" class=\"yoast-schema-graph\">{\"@context\":\"https:\/\/schema.org\",\"@graph\":[{\"@type\":\"WebSite\",\"@id\":\"https:\/\/asiamortar.com.vn\/ja\/#website\",\"url\":\"https:\/\/asiamortar.com.vn\/ja\/\",\"name\":\"ASIA MORTAR\",\"description\":\"\",\"potentialAction\":[{\"@type\":\"SearchAction\",\"target\":\"https:\/\/asiamortar.com.vn\/ja\/?s={search_term_string}\",\"query-input\":\"required name=search_term_string\"}],\"inLanguage\":\"en-US\"},{\"@type\":\"WebPage\",\"@id\":\"https:\/\/asiamortar.com.vn\/san-pham\/am-pce-st-701\/#webpage\",\"url\":\"https:\/\/asiamortar.com.vn\/san-pham\/am-pce-st-701\/\",\"name\":\"[:vi]am PCE ST-701[:en]am PCE ST-701[:zh]am PCE ST-701[:kh]am PCE ST-701[:] - ASIA MORTAR\",\"isPartOf\":{\"@id\":\"https:\/\/asiamortar.com.vn\/ja\/#website\"},\"datePublished\":\"2020-06-24T07:14:24+00:00\",\"dateModified\":\"2021-04-01T04:31:17+00:00\",\"inLanguage\":\"en-US\",\"potentialAction\":[{\"@type\":\"ReadAction\",\"target\":[\"https:\/\/asiamortar.com.vn\/san-pham\/am-pce-st-701\/\"]}]}]}<\/script>\n<!-- \/ Yoast SEO plugin. -->","_links":{"self":[{"href":"https:\/\/asiamortar.com.vn\/en\/wp-json\/wp\/v2\/product\/473"}],"collection":[{"href":"https:\/\/asiamortar.com.vn\/en\/wp-json\/wp\/v2\/product"}],"about":[{"href":"https:\/\/asiamortar.com.vn\/en\/wp-json\/wp\/v2\/types\/product"}],"wp:attachment":[{"href":"https:\/\/asiamortar.com.vn\/en\/wp-json\/wp\/v2\/media?parent=473"}],"curies":[{"name":"wp","href":"https:\/\/api.w.org\/{rel}","templated":true}]}}