{"id":479,"date":"2020-06-24T14:18:01","date_gmt":"2020-06-24T07:18:01","guid":{"rendered":"http:\/\/asiamortar.com.vn\/?post_type=product&#038;p=479"},"modified":"2023-03-08T14:09:17","modified_gmt":"2023-03-08T07:09:17","slug":"am-flexicure-101","status":"publish","type":"product","link":"https:\/\/asiamortar.com.vn\/en\/san-pham\/am-flexicure-101\/","title":{"rendered":"am Flexicure R101"},"content":{"rendered":"<p><\/p>\n<p>USES<br \/>\nam FLEXICURE 101 is used to protect fresh<br \/>\nconcrete surfaces against rapid evaporation of<br \/>\nsurface moisture. This is achieved by spraying<br \/>\nam FLEXICURE 101 onto the fresh concrete<br \/>\nsurface that would form an impermeable skin<br \/>\non the surface. am FLEXICURE 101 is also<br \/>\nsuitable for use on freshly laid floor screeds.<\/p>\n<p>ADVANTAGES<br \/>\n\u2022 am FLEXICURE 101 provides a labour saving<br \/>\nmethod of ensuring all freshly laid concrete is<br \/>\ncured properly without the use of continuous<br \/>\nwet Hessians or polyethylene curing methods.<br \/>\n\u2022 Only a single application is required.<br \/>\n\u2022 Reduces surface shrinkage and cracking by<br \/>\npreventing moisture loss from freshly laid<br \/>\nconcrete surfaces or floor screeds.<\/p>\n<p><\/p>","protected":false},"excerpt":{"rendered":"<p>am FLEXICURE 101 is a clear, water-based<br \/>\ncuring compound for newly placed concrete<br \/>\nsurfaces. Components of paraffin\/resin produce<br \/>\na moisture resistant membrane film on concrete<br \/>\nsurfaces to assure hydration of the cement. It is<br \/>\nalso available with a fugitive dye for visual<br \/>\ninspection.<\/p>\n","protected":false},"featured_media":2350,"template":"","meta":[],"yoast_head":"<!-- This site is optimized with the Yoast SEO plugin v15.3 - https:\/\/yoast.com\/wordpress\/plugins\/seo\/ -->\n<meta name=\"robots\" content=\"index, follow, max-snippet:-1, max-image-preview:large, max-video-preview:-1\" \/>\n<link rel=\"canonical\" href=\"https:\/\/asiamortar.com.vn\/san-pham\/am-flexicure-101\/\" \/>\n<meta property=\"og:locale\" content=\"en_US\" \/>\n<meta property=\"og:type\" content=\"article\" \/>\n<meta property=\"og:title\" content=\"[:vi]AM FLEXICURE 101[:en]am Flexicure R101[:zh]am Flexicure R101[:kh]am Flexicure R101[:ja]am Flexicure R101[:] - ASIA MORTAR\" \/>\n<meta property=\"og:description\" content=\"[:vi]   AM FLEXICURE 101 l\u00e0 m\u1ed9t lo\u1ea1i n\u01b0\u1edbc trong su\u1ed1t h\u1ee3p ch\u1ea5t b\u1ea3o d\u01b0\u1ee1ng cho b\u00ea t\u00f4ng m\u1edbi \u0111\u1ed5 c\u00e1c b\u1ec1 m\u1eb7t.  C\u00e1c th\u00e0nh ph\u1ea7n c\u1ee7a s\u1ea3n ph\u1ea9m parafin \/ nh\u1ef1a th\u00f4ng m\u00e0ng ch\u1ed1ng \u1ea9m tr\u00ean b\u00ea t\u00f4ng b\u1ec1 m\u1eb7t \u0111\u1ec3 \u0111\u1ea3m b\u1ea3o xi m\u0103ng ng\u1eadm n\u01b0\u1edbc.  N\u00f3 l\u00e0 c\u0169ng c\u00f3 s\u1eb5n v\u1edbi m\u1ed9t lo\u1ea1i thu\u1ed1c nhu\u1ed9m \u0111\u1ec3 t\u1ea1o h\u00ecnh \u1ea3nh s\u1ef1 ki\u1ec3m tra.  [:en]am FLEXICURE 101 is a clear, water-based curing compound for newly placed concrete surfaces. Components of paraffin\/resin produce a moisture resistant membrane film on concrete surfaces to assure hydration of the cement. It is also available with a fugitive dye for visual inspection.[:]\" \/>\n<meta property=\"og:url\" content=\"https:\/\/asiamortar.com.vn\/san-pham\/am-flexicure-101\/\" \/>\n<meta property=\"og:site_name\" content=\"ASIA MORTAR\" \/>\n<meta property=\"article:modified_time\" content=\"2023-03-08T07:09:17+00:00\" \/>\n<meta property=\"og:image\" content=\"https:\/\/asiamortar.com.vn\/wp-content\/uploads\/2020\/06\/AM-FLEXICURE-R101.jpg\" \/>\n\t<meta property=\"og:image:width\" content=\"97\" \/>\n\t<meta property=\"og:image:height\" content=\"150\" \/>\n<meta name=\"twitter:card\" content=\"summary_large_image\" \/>\n<meta name=\"twitter:label1\" content=\"Written by\">\n\t<meta name=\"twitter:data1\" content=\"Kh\u00e1ch H\u00e0ng Admin\">\n\t<meta name=\"twitter:label2\" content=\"Est. reading time\">\n\t<meta name=\"twitter:data2\" content=\"1 minute\">\n<script type=\"application\/ld+json\" class=\"yoast-schema-graph\">{\"@context\":\"https:\/\/schema.org\",\"@graph\":[{\"@type\":\"WebSite\",\"@id\":\"https:\/\/asiamortar.com.vn\/ja\/#website\",\"url\":\"https:\/\/asiamortar.com.vn\/ja\/\",\"name\":\"ASIA MORTAR\",\"description\":\"\",\"potentialAction\":[{\"@type\":\"SearchAction\",\"target\":\"https:\/\/asiamortar.com.vn\/ja\/?s={search_term_string}\",\"query-input\":\"required name=search_term_string\"}],\"inLanguage\":\"en-US\"},{\"@type\":\"ImageObject\",\"@id\":\"https:\/\/asiamortar.com.vn\/san-pham\/am-flexicure-101\/#primaryimage\",\"inLanguage\":\"en-US\",\"url\":\"https:\/\/asiamortar.com.vn\/wp-content\/uploads\/2020\/06\/AM-FLEXICURE-R101.jpg\",\"width\":97,\"height\":150,\"caption\":\"Am Flexicure R101\"},{\"@type\":\"WebPage\",\"@id\":\"https:\/\/asiamortar.com.vn\/san-pham\/am-flexicure-101\/#webpage\",\"url\":\"https:\/\/asiamortar.com.vn\/san-pham\/am-flexicure-101\/\",\"name\":\"[:vi]AM FLEXICURE 101[:en]am Flexicure R101[:zh]am Flexicure R101[:kh]am Flexicure R101[:ja]am Flexicure R101[:] - ASIA MORTAR\",\"isPartOf\":{\"@id\":\"https:\/\/asiamortar.com.vn\/ja\/#website\"},\"primaryImageOfPage\":{\"@id\":\"https:\/\/asiamortar.com.vn\/san-pham\/am-flexicure-101\/#primaryimage\"},\"datePublished\":\"2020-06-24T07:18:01+00:00\",\"dateModified\":\"2023-03-08T07:09:17+00:00\",\"inLanguage\":\"en-US\",\"potentialAction\":[{\"@type\":\"ReadAction\",\"target\":[\"https:\/\/asiamortar.com.vn\/san-pham\/am-flexicure-101\/\"]}]}]}<\/script>\n<!-- \/ Yoast SEO plugin. -->","_links":{"self":[{"href":"https:\/\/asiamortar.com.vn\/en\/wp-json\/wp\/v2\/product\/479"}],"collection":[{"href":"https:\/\/asiamortar.com.vn\/en\/wp-json\/wp\/v2\/product"}],"about":[{"href":"https:\/\/asiamortar.com.vn\/en\/wp-json\/wp\/v2\/types\/product"}],"wp:featuredmedia":[{"embeddable":true,"href":"https:\/\/asiamortar.com.vn\/en\/wp-json\/wp\/v2\/media\/2350"}],"wp:attachment":[{"href":"https:\/\/asiamortar.com.vn\/en\/wp-json\/wp\/v2\/media?parent=479"}],"curies":[{"name":"wp","href":"https:\/\/api.w.org\/{rel}","templated":true}]}}