{"id":480,"date":"2020-06-24T14:18:42","date_gmt":"2020-06-24T07:18:42","guid":{"rendered":"http:\/\/asiamortar.com.vn\/?post_type=product&#038;p=480"},"modified":"2023-03-08T14:17:39","modified_gmt":"2023-03-08T07:17:39","slug":"am-flexicure-r102","status":"publish","type":"product","link":"https:\/\/asiamortar.com.vn\/en\/san-pham\/am-flexicure-r102\/","title":{"rendered":"am Flexicure R102"},"content":{"rendered":"<p><\/p>\n<p>USES<br \/>\nam Flexicure R102 is use to prevent the<br \/>\nrapid evaporation of water from the surface of<br \/>\nfreshly placed concrete. It is a milky white<br \/>\nliquid that sprays on and dries clear on any<br \/>\nconcrete surface.<br \/>\nam Flexicure R102 also comes in a fugitive<br \/>\ndye that makes it easier to check visually for<br \/>\ncomplete coverage of the concrete surface<br \/>\nwhen the compound is applied. am Flexicure<br \/>\nR101 is also suitable for use on freshly laid<br \/>\nfloor screeds.<\/p>\n<p><\/p>","protected":false},"excerpt":{"rendered":"<p>am Flexicure R102 is a water-based<br \/>\nmembrane forming curing compound<br \/>\nconsisting of acrylic resin and may be used on<br \/>\ninterior, exterior, vertical and horizontal<br \/>\nconcrete surfaces. Once applied, it forms a<br \/>\nmembrane that retains an optimum amount of<br \/>\nwater present in freshly placed concrete to<br \/>\nallow complete hydration of the cement.<\/p>\n","protected":false},"featured_media":2350,"template":"","meta":[],"yoast_head":"<!-- This site is optimized with the Yoast SEO plugin v15.3 - https:\/\/yoast.com\/wordpress\/plugins\/seo\/ -->\n<meta name=\"robots\" content=\"index, follow, max-snippet:-1, max-image-preview:large, max-video-preview:-1\" \/>\n<link rel=\"canonical\" href=\"https:\/\/asiamortar.com.vn\/san-pham\/am-flexicure-r102\/\" \/>\n<meta property=\"og:locale\" content=\"en_US\" \/>\n<meta property=\"og:type\" content=\"article\" \/>\n<meta property=\"og:title\" content=\"[:vi] AM FLEXICURE R102[:en]am Flexicure R102[:zh]am Flexicure R102[:kh]am Flexicure R102[:ja]am Flexicure R102[:] - ASIA MORTAR\" \/>\n<meta property=\"og:description\" content=\"[:vi]  AM FLEXICURE R102 g\u1ed1c n\u01b0\u1edbc h\u1ee3p ch\u1ea5t \u0111\u00f3ng r\u1eafn t\u1ea1o m\u00e0ng bao g\u1ed3m nh\u1ef1a acrylic v\u00e0 c\u00f3 th\u1ec3 \u0111\u01b0\u1ee3c s\u1eed d\u1ee5ng tr\u00ean n\u1ed9i th\u1ea5t, ngo\u1ea1i th\u1ea5t, d\u1ecdc v\u00e0 ngang b\u1ec1 m\u1eb7t b\u00ea t\u00f4ng.  Sau khi \u00e1p d\u1ee5ng, n\u00f3 t\u1ea1o th\u00e0nh m\u1ed9t m\u00e0ng gi\u1eef l\u1ea1i m\u1ed9t l\u01b0\u1ee3ng t\u1ed1i \u01b0u n\u01b0\u1edbc c\u00f3 trong b\u00ea t\u00f4ng m\u1edbi \u0111\u1eb7t \u0111\u1ec3 cho ph\u00e9p xi m\u0103ng th\u1ee7y h\u00f3a ho\u00e0n to\u00e0n. [:en]am Flexicure R102 is a water-based membrane forming curing compound consisting of acrylic resin and may be used on interior, exterior, vertical and horizontal concrete surfaces. Once applied, it forms a membrane that retains an optimum amount of water present in freshly placed concrete to allow complete hydration of the cement.[:]\" \/>\n<meta property=\"og:url\" content=\"https:\/\/asiamortar.com.vn\/san-pham\/am-flexicure-r102\/\" \/>\n<meta property=\"og:site_name\" content=\"ASIA MORTAR\" \/>\n<meta property=\"article:modified_time\" content=\"2023-03-08T07:17:39+00:00\" \/>\n<meta property=\"og:image\" content=\"https:\/\/asiamortar.com.vn\/wp-content\/uploads\/2020\/06\/AM-FLEXICURE-R101.jpg\" \/>\n\t<meta property=\"og:image:width\" content=\"97\" \/>\n\t<meta property=\"og:image:height\" content=\"150\" \/>\n<meta name=\"twitter:card\" content=\"summary_large_image\" \/>\n<meta name=\"twitter:label1\" content=\"Written by\">\n\t<meta name=\"twitter:data1\" content=\"Kh\u00e1ch H\u00e0ng Admin\">\n\t<meta name=\"twitter:label2\" content=\"Est. reading time\">\n\t<meta name=\"twitter:data2\" content=\"1 minute\">\n<script type=\"application\/ld+json\" class=\"yoast-schema-graph\">{\"@context\":\"https:\/\/schema.org\",\"@graph\":[{\"@type\":\"WebSite\",\"@id\":\"https:\/\/asiamortar.com.vn\/ja\/#website\",\"url\":\"https:\/\/asiamortar.com.vn\/ja\/\",\"name\":\"ASIA MORTAR\",\"description\":\"\",\"potentialAction\":[{\"@type\":\"SearchAction\",\"target\":\"https:\/\/asiamortar.com.vn\/ja\/?s={search_term_string}\",\"query-input\":\"required name=search_term_string\"}],\"inLanguage\":\"en-US\"},{\"@type\":\"ImageObject\",\"@id\":\"https:\/\/asiamortar.com.vn\/san-pham\/am-flexicure-r102\/#primaryimage\",\"inLanguage\":\"en-US\",\"url\":\"https:\/\/asiamortar.com.vn\/wp-content\/uploads\/2020\/06\/AM-FLEXICURE-R101.jpg\",\"width\":97,\"height\":150,\"caption\":\"Am Flexicure R101\"},{\"@type\":\"WebPage\",\"@id\":\"https:\/\/asiamortar.com.vn\/san-pham\/am-flexicure-r102\/#webpage\",\"url\":\"https:\/\/asiamortar.com.vn\/san-pham\/am-flexicure-r102\/\",\"name\":\"[:vi] AM FLEXICURE R102[:en]am Flexicure R102[:zh]am Flexicure R102[:kh]am Flexicure R102[:ja]am Flexicure R102[:] - ASIA MORTAR\",\"isPartOf\":{\"@id\":\"https:\/\/asiamortar.com.vn\/ja\/#website\"},\"primaryImageOfPage\":{\"@id\":\"https:\/\/asiamortar.com.vn\/san-pham\/am-flexicure-r102\/#primaryimage\"},\"datePublished\":\"2020-06-24T07:18:42+00:00\",\"dateModified\":\"2023-03-08T07:17:39+00:00\",\"inLanguage\":\"en-US\",\"potentialAction\":[{\"@type\":\"ReadAction\",\"target\":[\"https:\/\/asiamortar.com.vn\/san-pham\/am-flexicure-r102\/\"]}]}]}<\/script>\n<!-- \/ Yoast SEO plugin. -->","_links":{"self":[{"href":"https:\/\/asiamortar.com.vn\/en\/wp-json\/wp\/v2\/product\/480"}],"collection":[{"href":"https:\/\/asiamortar.com.vn\/en\/wp-json\/wp\/v2\/product"}],"about":[{"href":"https:\/\/asiamortar.com.vn\/en\/wp-json\/wp\/v2\/types\/product"}],"wp:featuredmedia":[{"embeddable":true,"href":"https:\/\/asiamortar.com.vn\/en\/wp-json\/wp\/v2\/media\/2350"}],"wp:attachment":[{"href":"https:\/\/asiamortar.com.vn\/en\/wp-json\/wp\/v2\/media?parent=480"}],"curies":[{"name":"wp","href":"https:\/\/api.w.org\/{rel}","templated":true}]}}