{"id":486,"date":"2020-06-24T14:30:38","date_gmt":"2020-06-24T07:30:38","guid":{"rendered":"http:\/\/asiamortar.com.vn\/?post_type=product&#038;p=486"},"modified":"2021-03-01T10:36:27","modified_gmt":"2021-03-01T03:36:27","slug":"am-flexproof-503-pu-plus","status":"publish","type":"product","link":"https:\/\/asiamortar.com.vn\/en\/san-pham\/am-flexproof-503-pu-plus\/","title":{"rendered":"am Flexproof 503 PU PLUS"},"content":{"rendered":"<p><\/p>\n<pre id=\"tw-target-text\" class=\"tw-data-text tw-text-large XcVN5d tw-ta\" dir=\"ltr\" data-placeholder=\"B\u1ea3n d\u1ecbch\"><span lang=\"en\" style=\"font-family: arial, helvetica, sans-serif;\">APPLICATION\r\n\r\nAM FLEXPROOF 503 PU create provides continuous waterproofing for all toppings and toppings. \r\nThe product is used for waterproofing underneath (for example, underline or stamping tiles) on roofs, balconies, bathrooms, kitchens, foundation structures ...\r\n\r\nADVANTAGES\r\n\r\nSimple application (scan or spray)\r\nEvaporation is allowed\r\nConnection to the surface without need neo, reinforcement\r\nAM FLEXPROOF 503 PU may go up after curing.\r\nEven if it fails, it can be repaired in a few minutes.\r\nFacilities ensure the temperature range from -200C to + 800C<\/span><\/pre>\n<p><\/p>","protected":false},"excerpt":{"rendered":"<pre id=\"tw-target-text\" class=\"tw-data-text tw-text-large XcVN5d tw-ta\" dir=\"ltr\" data-placeholder=\"B\u1ea3n d\u1ecbch\"><span lang=\"en\" style=\"font-family: arial, helvetica, sans-serif;\">AM FLEXPROOF 503 is a single component, cold liquid application PU waterproof membrane with long lasting elasticity. \r\nCured by contact between substrate and air moisture.<\/span><\/pre>\n","protected":false},"featured_media":617,"template":"","meta":[],"yoast_head":"<!-- This site is optimized with the Yoast SEO plugin v15.3 - https:\/\/yoast.com\/wordpress\/plugins\/seo\/ -->\n<meta name=\"robots\" content=\"index, follow, max-snippet:-1, max-image-preview:large, max-video-preview:-1\" \/>\n<link rel=\"canonical\" href=\"https:\/\/asiamortar.com.vn\/san-pham\/am-flexproof-503-pu-plus\/\" \/>\n<meta property=\"og:locale\" content=\"en_US\" \/>\n<meta property=\"og:type\" content=\"article\" \/>\n<meta property=\"og:title\" content=\"[:vi]am Flexproof 503 PU PLUS[:en]am Flexproof 503 PU PLUS[:zh]am Flexproof 503 PU PLUS[:kh]am Flexproof 503 PU PLUS [:] - ASIA MORTAR\" \/>\n<meta property=\"og:description\" content=\"[:vi]AM FLEXPROOF 503 l\u00e0 m\u00e0ng ch\u1ed1ng th\u1ea5m g\u1ed1c PU m\u1ed9t th\u00e0nh ph\u1ea7n, \u1ee9ng d\u1ee5ng ch\u1ea5t l\u1ecfng l\u1ea1nh, c\u00f3 t\u00ednh \u0111\u00e0n h\u1ed3i b\u1ec1n l\u00e2u. L\u01b0u h\u00f3a b\u1edfi s\u1ee5 ti\u1ebfp x\u00fac gi\u1eefa m\u1eb7t n\u1ec1n v\u00e0 h\u01a1i \u1ea9m kh\u00f4ng kh\u00ed.[:en]AM FLEXPROOF 503 is a single component, cold liquid application PU waterproof membrane with long lasting elasticity.  Cured by contact between substrate and air moisture.[:]\" \/>\n<meta property=\"og:url\" content=\"https:\/\/asiamortar.com.vn\/san-pham\/am-flexproof-503-pu-plus\/\" \/>\n<meta property=\"og:site_name\" content=\"ASIA MORTAR\" \/>\n<meta property=\"article:modified_time\" content=\"2021-03-01T03:36:27+00:00\" \/>\n<meta property=\"og:image\" content=\"https:\/\/asiamortar.com.vn\/wp-content\/uploads\/2020\/06\/am-flexproof-503-PU.png\" \/>\n\t<meta property=\"og:image:width\" content=\"585\" \/>\n\t<meta property=\"og:image:height\" content=\"650\" \/>\n<meta name=\"twitter:card\" content=\"summary_large_image\" \/>\n<meta name=\"twitter:label1\" content=\"Written by\">\n\t<meta name=\"twitter:data1\" content=\"Kh\u00e1ch H\u00e0ng Admin\">\n\t<meta name=\"twitter:label2\" content=\"Est. reading time\">\n\t<meta name=\"twitter:data2\" content=\"1 minute\">\n<script type=\"application\/ld+json\" class=\"yoast-schema-graph\">{\"@context\":\"https:\/\/schema.org\",\"@graph\":[{\"@type\":\"WebSite\",\"@id\":\"https:\/\/asiamortar.com.vn\/ja\/#website\",\"url\":\"https:\/\/asiamortar.com.vn\/ja\/\",\"name\":\"ASIA MORTAR\",\"description\":\"\",\"potentialAction\":[{\"@type\":\"SearchAction\",\"target\":\"https:\/\/asiamortar.com.vn\/ja\/?s={search_term_string}\",\"query-input\":\"required name=search_term_string\"}],\"inLanguage\":\"en-US\"},{\"@type\":\"ImageObject\",\"@id\":\"https:\/\/asiamortar.com.vn\/san-pham\/am-flexproof-503-pu-plus\/#primaryimage\",\"inLanguage\":\"en-US\",\"url\":\"https:\/\/asiamortar.com.vn\/wp-content\/uploads\/2020\/06\/am-flexproof-503-PU.png\",\"width\":585,\"height\":650,\"caption\":\"Am Flexproof 503 Pu\"},{\"@type\":\"WebPage\",\"@id\":\"https:\/\/asiamortar.com.vn\/san-pham\/am-flexproof-503-pu-plus\/#webpage\",\"url\":\"https:\/\/asiamortar.com.vn\/san-pham\/am-flexproof-503-pu-plus\/\",\"name\":\"[:vi]am Flexproof 503 PU PLUS[:en]am Flexproof 503 PU PLUS[:zh]am Flexproof 503 PU PLUS[:kh]am Flexproof 503 PU PLUS [:] - ASIA MORTAR\",\"isPartOf\":{\"@id\":\"https:\/\/asiamortar.com.vn\/ja\/#website\"},\"primaryImageOfPage\":{\"@id\":\"https:\/\/asiamortar.com.vn\/san-pham\/am-flexproof-503-pu-plus\/#primaryimage\"},\"datePublished\":\"2020-06-24T07:30:38+00:00\",\"dateModified\":\"2021-03-01T03:36:27+00:00\",\"inLanguage\":\"en-US\",\"potentialAction\":[{\"@type\":\"ReadAction\",\"target\":[\"https:\/\/asiamortar.com.vn\/san-pham\/am-flexproof-503-pu-plus\/\"]}]}]}<\/script>\n<!-- \/ Yoast SEO plugin. -->","_links":{"self":[{"href":"https:\/\/asiamortar.com.vn\/en\/wp-json\/wp\/v2\/product\/486"}],"collection":[{"href":"https:\/\/asiamortar.com.vn\/en\/wp-json\/wp\/v2\/product"}],"about":[{"href":"https:\/\/asiamortar.com.vn\/en\/wp-json\/wp\/v2\/types\/product"}],"wp:featuredmedia":[{"embeddable":true,"href":"https:\/\/asiamortar.com.vn\/en\/wp-json\/wp\/v2\/media\/617"}],"wp:attachment":[{"href":"https:\/\/asiamortar.com.vn\/en\/wp-json\/wp\/v2\/media?parent=486"}],"curies":[{"name":"wp","href":"https:\/\/api.w.org\/{rel}","templated":true}]}}