{"id":487,"date":"2020-06-24T14:31:38","date_gmt":"2020-06-24T07:31:38","guid":{"rendered":"http:\/\/asiamortar.com.vn\/?post_type=product&#038;p=487"},"modified":"2020-12-22T23:22:54","modified_gmt":"2020-12-22T16:22:54","slug":"am-flexproof-503-pu","status":"publish","type":"product","link":"https:\/\/asiamortar.com.vn\/en\/san-pham\/am-flexproof-503-pu\/","title":{"rendered":"am Flexproof 503 PU"},"content":{"rendered":"<p><\/p>\n<p><b>USES<\/b><\/p>\n<p><b>am <\/b>FLEXPROOF 503 PU provides a seamless finish onto all types of concrete and masonry surfaces. It can be used as a concealed waterproofing application (eg. under-tile or screed) in roof, balconies, terraces, bathrooms, kitchens, foundations, etc..<\/p>\n<p><b>ADVANTAGES<\/b><\/p>\n<ul>\n<li>Simple application (roller or airless spray).<\/li>\n<li>Provides water vapour permeability.<\/li>\n<li>Full surface adherence without any additional<\/li>\n<\/ul>\n<p>Anchoring.<\/p>\n<ul>\n<li><b>am<\/b> FLEXPROOF 503 PU is able to withstand foot traffic when cured.<\/li>\n<li>Even if the membrane gets damaged, it can be<\/li>\n<\/ul>\n<p>easily repaired within minutes.<\/p>\n<ul>\n<li>Maintains its mechanical properties over a<\/li>\n<\/ul>\n<p>temperature span of -200C to +800C.<\/p>\n<p><\/p>\n<p>&nbsp;<\/p>\n<p><\/p>","protected":false},"excerpt":{"rendered":"<p><span style=\"color: #000000;\"><b>am <\/b>FLEXPROOF 503 PU is a one component, liquid cold applied, highly permanent elastic, polyurethane waterproofing membrane. It cures<\/span><br \/>\n<span style=\"color: #000000;\">by reaction with ground and air moisture.<\/span><\/p>\n","protected":false},"featured_media":617,"template":"","meta":[],"yoast_head":"<!-- This site is optimized with the Yoast SEO plugin v15.3 - https:\/\/yoast.com\/wordpress\/plugins\/seo\/ -->\n<meta name=\"robots\" content=\"index, follow, max-snippet:-1, max-image-preview:large, max-video-preview:-1\" \/>\n<link rel=\"canonical\" href=\"https:\/\/asiamortar.com.vn\/san-pham\/am-flexproof-503-pu\/\" \/>\n<meta property=\"og:locale\" content=\"en_US\" \/>\n<meta property=\"og:type\" content=\"article\" \/>\n<meta property=\"og:title\" content=\"am Flexproof 503 PU - ASIA MORTAR\" \/>\n<meta property=\"og:description\" content=\"[:vi]M\u00d4 T\u1ea2 S\u1ea2N PH\u1ea8M \u00a0AM FLEXPROOF 503 l\u00e0 m\u00e0ng ch\u1ed1ng th\u1ea5m g\u1ed1c PU m\u1ed9t th\u00e0nh ph\u1ea7n, \u1ee9ng d\u1ee5ng ch\u1ea5t l\u1ecfng l\u1ea1nh, c\u00f3 t\u00ednh \u0111\u00e0n h\u1ed3i b\u1ec1n l\u00e2u. L\u01b0u h\u00f3a b\u1edfi s\u1ee5 ti\u1ebfp x\u00fac gi\u1eefa m\u1eb7t n\u1ec1n v\u00e0 h\u01a1i \u1ea9m kh\u00f4ng kh\u00ed. &nbsp;[:en]am FLEXPROOF 503 PU is a one component, liquid cold applied, highly permanent elastic, polyurethane waterproofing membrane. It cures by reaction with ground and air moisture.[:]\" \/>\n<meta property=\"og:url\" content=\"https:\/\/asiamortar.com.vn\/san-pham\/am-flexproof-503-pu\/\" \/>\n<meta property=\"og:site_name\" content=\"ASIA MORTAR\" \/>\n<meta property=\"article:modified_time\" content=\"2020-12-22T16:22:54+00:00\" \/>\n<meta property=\"og:image\" content=\"https:\/\/asiamortar.com.vn\/wp-content\/uploads\/2020\/06\/am-flexproof-503-PU.png\" \/>\n\t<meta property=\"og:image:width\" content=\"585\" \/>\n\t<meta property=\"og:image:height\" content=\"650\" \/>\n<meta name=\"twitter:card\" content=\"summary_large_image\" \/>\n<meta name=\"twitter:label1\" content=\"Written by\">\n\t<meta name=\"twitter:data1\" content=\"Kh\u00e1ch H\u00e0ng Admin\">\n\t<meta name=\"twitter:label2\" content=\"Est. reading time\">\n\t<meta name=\"twitter:data2\" content=\"1 minute\">\n<script type=\"application\/ld+json\" class=\"yoast-schema-graph\">{\"@context\":\"https:\/\/schema.org\",\"@graph\":[{\"@type\":\"WebSite\",\"@id\":\"https:\/\/asiamortar.com.vn\/ja\/#website\",\"url\":\"https:\/\/asiamortar.com.vn\/ja\/\",\"name\":\"ASIA MORTAR\",\"description\":\"\",\"potentialAction\":[{\"@type\":\"SearchAction\",\"target\":\"https:\/\/asiamortar.com.vn\/ja\/?s={search_term_string}\",\"query-input\":\"required name=search_term_string\"}],\"inLanguage\":\"en-US\"},{\"@type\":\"ImageObject\",\"@id\":\"https:\/\/asiamortar.com.vn\/san-pham\/am-flexproof-503-pu\/#primaryimage\",\"inLanguage\":\"en-US\",\"url\":\"https:\/\/asiamortar.com.vn\/wp-content\/uploads\/2020\/06\/am-flexproof-503-PU.png\",\"width\":585,\"height\":650,\"caption\":\"Am Flexproof 503 Pu\"},{\"@type\":\"WebPage\",\"@id\":\"https:\/\/asiamortar.com.vn\/san-pham\/am-flexproof-503-pu\/#webpage\",\"url\":\"https:\/\/asiamortar.com.vn\/san-pham\/am-flexproof-503-pu\/\",\"name\":\"am Flexproof 503 PU - ASIA MORTAR\",\"isPartOf\":{\"@id\":\"https:\/\/asiamortar.com.vn\/ja\/#website\"},\"primaryImageOfPage\":{\"@id\":\"https:\/\/asiamortar.com.vn\/san-pham\/am-flexproof-503-pu\/#primaryimage\"},\"datePublished\":\"2020-06-24T07:31:38+00:00\",\"dateModified\":\"2020-12-22T16:22:54+00:00\",\"inLanguage\":\"en-US\",\"potentialAction\":[{\"@type\":\"ReadAction\",\"target\":[\"https:\/\/asiamortar.com.vn\/san-pham\/am-flexproof-503-pu\/\"]}]}]}<\/script>\n<!-- \/ Yoast SEO plugin. -->","_links":{"self":[{"href":"https:\/\/asiamortar.com.vn\/en\/wp-json\/wp\/v2\/product\/487"}],"collection":[{"href":"https:\/\/asiamortar.com.vn\/en\/wp-json\/wp\/v2\/product"}],"about":[{"href":"https:\/\/asiamortar.com.vn\/en\/wp-json\/wp\/v2\/types\/product"}],"wp:featuredmedia":[{"embeddable":true,"href":"https:\/\/asiamortar.com.vn\/en\/wp-json\/wp\/v2\/media\/617"}],"wp:attachment":[{"href":"https:\/\/asiamortar.com.vn\/en\/wp-json\/wp\/v2\/media?parent=487"}],"curies":[{"name":"wp","href":"https:\/\/api.w.org\/{rel}","templated":true}]}}