{"id":488,"date":"2020-06-24T14:32:25","date_gmt":"2020-06-24T07:32:25","guid":{"rendered":"http:\/\/asiamortar.com.vn\/?post_type=product&#038;p=488"},"modified":"2026-02-05T14:48:17","modified_gmt":"2026-02-05T07:48:17","slug":"am-flexproof-504-pu","status":"publish","type":"product","link":"https:\/\/asiamortar.com.vn\/en\/san-pham\/am-flexproof-504-pu\/","title":{"rendered":"am Flexproof 504 PU"},"content":{"rendered":"<p><\/p>\n<p><b>USES<\/b><\/p>\n<p><b>am <\/b>FLEXPROOF 504 PU provides a seamless finish onto all types of concrete and masonry surfaces. It can be use for roofs, balconies, terraces, wet rooms, flowerbeds, planter boxes, bridge-decks, tunnels, etc., affected by the ingress of water.<\/p>\n<p><b>ADVANTAGES<\/b><\/p>\n<ul>\n<li>Simple application (roller or airless spray)<\/li>\n<li>Able to bridge cracks up to 2mm wide, even at &#8211; 10C.\u00a0<\/li>\n<li>Provides water vapour permeability<\/li>\n<li>Full surface adherence without any additional anchoring<\/li>\n<li><b>am <\/b>FLEXPROOF 504 PU is able to withstand foot traffic when cured.<\/li>\n<li>Even if the membrane gets damaged, it can be easily repaired within minutes<\/li>\n<li>Maintains its mechanical properties over a temperature span of -30C to + 90C<\/li>\n<\/ul>\n<p><\/p>","protected":false},"excerpt":{"rendered":"<p><b>am <\/b>FLEXPROOF 504 PU is a one component, liquid cold applied, highly permanent elastic, polyurethane waterproofing membrane. It cures by reaction with ground and air moisture.<\/p>\n","protected":false},"featured_media":618,"template":"","meta":[],"yoast_head":"<!-- This site is optimized with the Yoast SEO plugin v15.3 - https:\/\/yoast.com\/wordpress\/plugins\/seo\/ -->\n<meta name=\"robots\" content=\"index, follow, max-snippet:-1, max-image-preview:large, max-video-preview:-1\" \/>\n<link rel=\"canonical\" href=\"https:\/\/asiamortar.com.vn\/san-pham\/am-flexproof-504-pu\/\" \/>\n<meta property=\"og:locale\" content=\"en_US\" \/>\n<meta property=\"og:type\" content=\"article\" \/>\n<meta property=\"og:title\" content=\"[:vi]am Flexproof 504 PU[:en]am Flexproof 504 PU[:zh]am Flexproof 504 PU[:kh]am Flexproof 504 PU [:] - ASIA MORTAR\" \/>\n<meta property=\"og:description\" content=\"[:vi]AM FLEXPROOF 504 PU l\u00e0 m\u00e0ng ch\u1ed1ng th\u1ea5m g\u1ed1c PU m\u1ed9t th\u00e0nh ph\u1ea7n, \u1ee9ng d\u1ee5ng ch\u1ea5t l\u1ecfng l\u1ea1nh, c\u00f3 t\u00ednh \u0111\u00e0n h\u1ed3i b\u1ec1n l\u00e2u. L\u01b0u h\u00f3a b\u1edfi s\u1ef1 ti\u1ebfp x\u00fac gi\u1eefa m\u1eb7t n\u1ec1n v\u00e0 h\u01a1i \u1ea9m kh\u00f4ng kh\u00ed.[:en]am FLEXPROOF 504 PU is a one component, liquid cold applied, highly permanent elastic, polyurethane waterproofing membrane. It cures by reaction with ground and air moisture.[:]\" \/>\n<meta property=\"og:url\" content=\"https:\/\/asiamortar.com.vn\/san-pham\/am-flexproof-504-pu\/\" \/>\n<meta property=\"og:site_name\" content=\"ASIA MORTAR\" \/>\n<meta property=\"article:modified_time\" content=\"2026-02-05T07:48:17+00:00\" \/>\n<meta property=\"og:image\" content=\"https:\/\/asiamortar.com.vn\/wp-content\/uploads\/2020\/06\/am-flexproof-504-PU.png\" \/>\n\t<meta property=\"og:image:width\" content=\"585\" \/>\n\t<meta property=\"og:image:height\" content=\"650\" \/>\n<meta name=\"twitter:card\" content=\"summary_large_image\" \/>\n<meta name=\"twitter:label1\" content=\"Written by\">\n\t<meta name=\"twitter:data1\" content=\"Kh\u00e1ch H\u00e0ng Admin\">\n\t<meta name=\"twitter:label2\" content=\"Est. reading time\">\n\t<meta name=\"twitter:data2\" content=\"1 minute\">\n<script type=\"application\/ld+json\" class=\"yoast-schema-graph\">{\"@context\":\"https:\/\/schema.org\",\"@graph\":[{\"@type\":\"WebSite\",\"@id\":\"https:\/\/asiamortar.com.vn\/ja\/#website\",\"url\":\"https:\/\/asiamortar.com.vn\/ja\/\",\"name\":\"ASIA MORTAR\",\"description\":\"\",\"potentialAction\":[{\"@type\":\"SearchAction\",\"target\":\"https:\/\/asiamortar.com.vn\/ja\/?s={search_term_string}\",\"query-input\":\"required name=search_term_string\"}],\"inLanguage\":\"en-US\"},{\"@type\":\"ImageObject\",\"@id\":\"https:\/\/asiamortar.com.vn\/san-pham\/am-flexproof-504-pu\/#primaryimage\",\"inLanguage\":\"en-US\",\"url\":\"https:\/\/asiamortar.com.vn\/wp-content\/uploads\/2020\/06\/am-flexproof-504-PU.png\",\"width\":585,\"height\":650,\"caption\":\"Am Flexproof 504 Pu\"},{\"@type\":\"WebPage\",\"@id\":\"https:\/\/asiamortar.com.vn\/san-pham\/am-flexproof-504-pu\/#webpage\",\"url\":\"https:\/\/asiamortar.com.vn\/san-pham\/am-flexproof-504-pu\/\",\"name\":\"[:vi]am Flexproof 504 PU[:en]am Flexproof 504 PU[:zh]am Flexproof 504 PU[:kh]am Flexproof 504 PU [:] - ASIA MORTAR\",\"isPartOf\":{\"@id\":\"https:\/\/asiamortar.com.vn\/ja\/#website\"},\"primaryImageOfPage\":{\"@id\":\"https:\/\/asiamortar.com.vn\/san-pham\/am-flexproof-504-pu\/#primaryimage\"},\"datePublished\":\"2020-06-24T07:32:25+00:00\",\"dateModified\":\"2026-02-05T07:48:17+00:00\",\"inLanguage\":\"en-US\",\"potentialAction\":[{\"@type\":\"ReadAction\",\"target\":[\"https:\/\/asiamortar.com.vn\/san-pham\/am-flexproof-504-pu\/\"]}]}]}<\/script>\n<!-- \/ Yoast SEO plugin. -->","_links":{"self":[{"href":"https:\/\/asiamortar.com.vn\/en\/wp-json\/wp\/v2\/product\/488"}],"collection":[{"href":"https:\/\/asiamortar.com.vn\/en\/wp-json\/wp\/v2\/product"}],"about":[{"href":"https:\/\/asiamortar.com.vn\/en\/wp-json\/wp\/v2\/types\/product"}],"wp:featuredmedia":[{"embeddable":true,"href":"https:\/\/asiamortar.com.vn\/en\/wp-json\/wp\/v2\/media\/618"}],"wp:attachment":[{"href":"https:\/\/asiamortar.com.vn\/en\/wp-json\/wp\/v2\/media?parent=488"}],"curies":[{"name":"wp","href":"https:\/\/api.w.org\/{rel}","templated":true}]}}