{"id":489,"date":"2020-06-24T14:32:56","date_gmt":"2020-06-24T07:32:56","guid":{"rendered":"http:\/\/asiamortar.com.vn\/?post_type=product&#038;p=489"},"modified":"2021-02-23T16:32:59","modified_gmt":"2021-02-23T09:32:59","slug":"am-flexproof-505-eco-pu","status":"publish","type":"product","link":"https:\/\/asiamortar.com.vn\/en\/san-pham\/am-flexproof-505-eco-pu\/","title":{"rendered":"am Flexproof 505 ECO PU"},"content":{"rendered":"<p><\/p>\n<p><b>FEATURES\/BENEFITS<\/b><\/p>\n<ul>\n<li>Excellent adhesion to wide range of substrates<\/li>\n<li>High durability<\/li>\n<li>Excellent UV and water resistance<\/li>\n<li>Environmental Friendly; non\u2013toxic &amp; low\u2013odour<\/li>\n<li>Tough flexible film<\/li>\n<li>Fast drying and easy to clean<\/li>\n<\/ul>\n<p><b>FIELD OF APPLICATIONS<\/b><\/p>\n<ul>\n<li>Rooftops<\/li>\n<li>Balconies and terraces<\/li>\n<li>Planter boxes and flowerbeds<\/li>\n<li>Interior and exterior of concrete walls<\/li>\n<\/ul>\n<p><\/p>","protected":false},"excerpt":{"rendered":"<p><b>AM <\/b><b>Flexproof<\/b><b> 505 ECO PU <\/b>is a flexible; single component; low VOC; water based acrylic polyurethane hybrid waterproofing and sealing membrane.<\/p>\n<p><b>AM <\/b><b>Flexproof<\/b><b> 505 ECO PU<\/b> is a fast drying waterproofing membrane with excellent adhesion to wide range of substrates, providing a long lasting waterproofing.<\/p>\n","protected":false},"featured_media":0,"template":"","meta":[],"yoast_head":"<!-- This site is optimized with the Yoast SEO plugin v15.3 - https:\/\/yoast.com\/wordpress\/plugins\/seo\/ -->\n<meta name=\"robots\" content=\"index, follow, max-snippet:-1, max-image-preview:large, max-video-preview:-1\" \/>\n<link rel=\"canonical\" href=\"https:\/\/asiamortar.com.vn\/san-pham\/am-flexproof-505-eco-pu\/\" \/>\n<meta property=\"og:locale\" content=\"en_US\" \/>\n<meta property=\"og:type\" content=\"article\" \/>\n<meta property=\"og:title\" content=\"[:vi]am Flexproof 505 ECO PU[:en]am Flexproof 505 ECO PU[:zh]am Flexproof 505 ECO PU[:kh]am Flexproof 505 ECO PU[:] - ASIA MORTAR\" \/>\n<meta property=\"og:description\" content=\"[:vi]AM Flexproof 505 ECO PU l\u00e0 ch\u1ea5t d\u1ebbo; th\u00e0nh ph\u1ea7n \u0111\u01a1n l\u1ebb; VOC th\u1ea5p; m\u00e0ng ch\u1ed1ng th\u1ea5m v\u00e0 b\u00edt k\u00edn g\u1ed1c n\u01b0\u1edbc acrylic polyurethane lai.  AM Flexproof 505 ECO PU l\u00e0 m\u00e0ng ch\u1ed1ng th\u1ea5m kh\u00f4 nhanh c\u00f3 kh\u1ea3 n\u0103ng b\u00e1m d\u00ednh tuy\u1ec7t v\u1eddi v\u1edbi nhi\u1ec1u lo\u1ea1i b\u1ec1 m\u1eb7t, mang l\u1ea1i kh\u1ea3 n\u0103ng ch\u1ed1ng th\u1ea5m l\u00e2u d\u00e0i.[:en]AM Flexproof 505 ECO PU is a flexible; single component; low VOC; water based acrylic polyurethane hybrid waterproofing and sealing membrane. AM Flexproof 505 ECO PU is a fast drying waterproofing membrane with excellent adhesion to wide range of substrates, providing a long lasting waterproofing.[:]\" \/>\n<meta property=\"og:url\" content=\"https:\/\/asiamortar.com.vn\/san-pham\/am-flexproof-505-eco-pu\/\" \/>\n<meta property=\"og:site_name\" content=\"ASIA MORTAR\" \/>\n<meta property=\"article:modified_time\" content=\"2021-02-23T09:32:59+00:00\" \/>\n<meta name=\"twitter:card\" content=\"summary_large_image\" \/>\n<meta name=\"twitter:label1\" content=\"Written by\">\n\t<meta name=\"twitter:data1\" content=\"Kh\u00e1ch H\u00e0ng Admin\">\n\t<meta name=\"twitter:label2\" content=\"Est. reading time\">\n\t<meta name=\"twitter:data2\" content=\"1 minute\">\n<script type=\"application\/ld+json\" class=\"yoast-schema-graph\">{\"@context\":\"https:\/\/schema.org\",\"@graph\":[{\"@type\":\"WebSite\",\"@id\":\"https:\/\/asiamortar.com.vn\/ja\/#website\",\"url\":\"https:\/\/asiamortar.com.vn\/ja\/\",\"name\":\"ASIA MORTAR\",\"description\":\"\",\"potentialAction\":[{\"@type\":\"SearchAction\",\"target\":\"https:\/\/asiamortar.com.vn\/ja\/?s={search_term_string}\",\"query-input\":\"required name=search_term_string\"}],\"inLanguage\":\"en-US\"},{\"@type\":\"WebPage\",\"@id\":\"https:\/\/asiamortar.com.vn\/san-pham\/am-flexproof-505-eco-pu\/#webpage\",\"url\":\"https:\/\/asiamortar.com.vn\/san-pham\/am-flexproof-505-eco-pu\/\",\"name\":\"[:vi]am Flexproof 505 ECO PU[:en]am Flexproof 505 ECO PU[:zh]am Flexproof 505 ECO PU[:kh]am Flexproof 505 ECO PU[:] - ASIA MORTAR\",\"isPartOf\":{\"@id\":\"https:\/\/asiamortar.com.vn\/ja\/#website\"},\"datePublished\":\"2020-06-24T07:32:56+00:00\",\"dateModified\":\"2021-02-23T09:32:59+00:00\",\"inLanguage\":\"en-US\",\"potentialAction\":[{\"@type\":\"ReadAction\",\"target\":[\"https:\/\/asiamortar.com.vn\/san-pham\/am-flexproof-505-eco-pu\/\"]}]}]}<\/script>\n<!-- \/ Yoast SEO plugin. -->","_links":{"self":[{"href":"https:\/\/asiamortar.com.vn\/en\/wp-json\/wp\/v2\/product\/489"}],"collection":[{"href":"https:\/\/asiamortar.com.vn\/en\/wp-json\/wp\/v2\/product"}],"about":[{"href":"https:\/\/asiamortar.com.vn\/en\/wp-json\/wp\/v2\/types\/product"}],"wp:attachment":[{"href":"https:\/\/asiamortar.com.vn\/en\/wp-json\/wp\/v2\/media?parent=489"}],"curies":[{"name":"wp","href":"https:\/\/api.w.org\/{rel}","templated":true}]}}