{"id":512,"date":"2020-06-24T15:04:14","date_gmt":"2020-06-24T08:04:14","guid":{"rendered":"http:\/\/asiamortar.com.vn\/?post_type=product&#038;p=512"},"modified":"2023-03-15T14:54:41","modified_gmt":"2023-03-15T07:54:41","slug":"hertron-densifier-2","status":"publish","type":"product","link":"https:\/\/asiamortar.com.vn\/en\/san-pham\/hertron-densifier-2\/","title":{"rendered":"HERTRON DENSIFIER"},"content":{"rendered":"<p><\/p>\n<p><span class=\"fontstyle0\"><strong>PRIMARY APPLICATIONS:<\/strong><\/span><\/p>\n<p><span class=\"fontstyle0\">HERTRON <\/span><span class=\"fontstyle2\">DENSIFIER can be applied over existing or cured concrete, or while the slab is still green just after final trowel. <\/span><span class=\"fontstyle0\">HERTRON <\/span><span class=\"fontstyle2\">DENSIFIER can also cementitious wear toppings.<\/span><\/p>\n<ul>\n<li><span class=\"fontstyle2\">Interior or exterior concrete<\/span><\/li>\n<li><span class=\"fontstyle2\">Warehouses \/ Distribution centers<\/span><\/li>\n<li><span class=\"fontstyle2\">Residential and garages Commercial floors<\/span><\/li>\n<li><span class=\"fontstyle2\">Schools \/ Institutional<\/span><\/li>\n<li><span class=\"fontstyle2\">All concrete surfaces<\/span><\/li>\n<\/ul>\n<p><\/p>","protected":false},"excerpt":{"rendered":"<ul>\n<li><strong><span class=\"fontstyle0\">HERTRON <\/span><\/strong><span class=\"fontstyle2\"><strong>DENSIFIER<\/strong> is a blend of inorganic polymer materials that penetrates cementitious surfaces to increase density and hardness. <\/span><strong><span class=\"fontstyle0\">HERTRON <\/span><\/strong><span class=\"fontstyle2\"><strong>DENSIFIER<\/strong>\u2019s proprietary formulation of reactive nano-sized particles penetrates deeply into concrete surfaces bonding with the cement components of the slab. <\/span><\/li>\n<li><strong><span class=\"fontstyle0\">HERTRON <\/span><\/strong><span class=\"fontstyle2\"><strong>DENSIFIER<\/strong> makes an extremely hard, dense surface that has increased wear resistance to foot and forklift traffic. It is water-based and environmentally friendly and is VOC compliant in all states<\/span><span class=\"fontstyle0\">.<\/span><\/li>\n<\/ul>\n","protected":false},"featured_media":605,"template":"","meta":[],"yoast_head":"<!-- This site is optimized with the Yoast SEO plugin v15.3 - https:\/\/yoast.com\/wordpress\/plugins\/seo\/ -->\n<meta name=\"robots\" content=\"index, follow, max-snippet:-1, max-image-preview:large, max-video-preview:-1\" \/>\n<link rel=\"canonical\" href=\"https:\/\/asiamortar.com.vn\/san-pham\/hertron-densifier-2\/\" \/>\n<meta property=\"og:locale\" content=\"en_US\" \/>\n<meta property=\"og:type\" content=\"article\" \/>\n<meta property=\"og:title\" content=\"[:vi]HERTRON DENSIFIER[:en]HERTRON DENSIFIER[:zh]Hertron Densifier[:kh]Hertron Densifier [:] - ASIA MORTAR\" \/>\n<meta property=\"og:description\" content=\"[:vi]  HERTRON DENSIFIER l\u00e0 h\u1ed7n h\u1ee3p tr\u1ed9n l\u1eabn gi\u1eefa c\u00e1c th\u00e0nh ph\u1ea7n nguy\u00ean li\u1ec7u nh\u1ef1a polymer v\u00f4 c\u01a1 c\u00f3 kh\u1ea3 n\u0103ng th\u00e2m nh\u1eadp, th\u1ea9m th\u1ea5u v\u00e0o trong c\u00e1c b\u1ec1 m\u1eb7t b\u00ea t\u00f4ng, v\u1eefa nh\u1eb1m gia t\u0103ng m\u1eadt \u0111\u1ed9 \u0111\u1eb7c ch\u1eafc v\u00e0 \u0111\u1ed9 c\u1ee9ng c\u1ee7a v\u1eefa, b\u00ea t\u00f4ng.  C\u00f4ng th\u1ee9c \u0111\u1ed9c quy\u1ec1n HERTRON DENSIFIER ch\u1ee9a c\u00e1c th\u00e0nh ph\u1ea7n h\u1ea1t si\u00eau nh\u1ecf Nano ph\u1ea3n \u1ee9ng ng\u01b0\u1ee3c l\u1ea1i \u0111\u1ec3 th\u1ea5m s\u00e2u v\u00e0o b\u00ean trong b\u00ea t\u00f4ng, v\u1eefa nh\u1eb1m gia t\u0103ng m\u1ee9c \u0111\u1ed9 li\u00ean k\u1ebft c\u1ee7a c\u00e1c th\u00e0nh ph\u1ea7n xi m\u0103ng c\u00f3 trong n\u1ec1n b\u00ea t\u00f4ng, v\u1eefa.  HERTRON DENSIFIER\u00a0\u00a0s\u1ebd cho m\u1ed9t b\u1ec1 m\u1eb7t b\u00ea t\u00f4ng, v\u1eefa ho\u00e0n thi\u1ec7n sau c\u00f9ng c\u00f3 \u0111\u1ed9 c\u1ee9ng v\u00e0 \u0111\u1eb7c ch\u1eafc cao nh\u1ea5t \u0111\u1ed3ng th\u1eddi gia t\u0103ng t\u1ed1i \u0111a v\u1ec1 kh\u1ea3 n\u0103ng ch\u1ecbu s\u1ef1 m\u00e0i m\u00f2n \u1edf b\u1ec1 m\u1eb7t m\u00e0 c\u00f3 m\u1eadt \u0111\u1ed9 l\u01b0u th\u00f4ng th\u01b0\u1eddng xuy\u00ean b\u1eb1ng n\u00e2ng ho\u1eb7c \u0111i b\u1ed9. S\u1ea3n ph\u1ea9m c\u00f3 g\u1ed1c n\u01b0\u1edbc n\u00ean th\u00e2n thi\u1ec7n v\u1edbi m\u00f4i tr\u01b0\u1eddng v\u00e0 th\u1ecfa ti\u00eau chu\u1ea9n V.O.C c\u1ee7a USA. [:en]  HERTRON DENSIFIER is a blend of inorganic polymer materials that penetrates cementitious surfaces to increase density and hardness. HERTRON DENSIFIER\u2019s proprietary formulation of reactive nano-sized particles penetrates deeply into concrete surfaces bonding with the cement components of the slab.  HERTRON DENSIFIER makes an extremely hard, dense surface that has increased wear resistance to foot and forklift traffic. It is water-based and environmentally friendly and is VOC compliant in all states. [:]\" \/>\n<meta property=\"og:url\" content=\"https:\/\/asiamortar.com.vn\/san-pham\/hertron-densifier-2\/\" \/>\n<meta property=\"og:site_name\" content=\"ASIA MORTAR\" \/>\n<meta property=\"article:modified_time\" content=\"2023-03-15T07:54:41+00:00\" \/>\n<meta property=\"og:image\" content=\"https:\/\/asiamortar.com.vn\/wp-content\/uploads\/2020\/06\/hertron-densifier.png\" \/>\n\t<meta property=\"og:image:width\" content=\"585\" \/>\n\t<meta property=\"og:image:height\" content=\"650\" \/>\n<meta name=\"twitter:card\" content=\"summary_large_image\" \/>\n<meta name=\"twitter:label1\" content=\"Written by\">\n\t<meta name=\"twitter:data1\" content=\"Kh\u00e1ch H\u00e0ng Admin\">\n\t<meta name=\"twitter:label2\" content=\"Est. reading time\">\n\t<meta name=\"twitter:data2\" content=\"1 minute\">\n<script type=\"application\/ld+json\" class=\"yoast-schema-graph\">{\"@context\":\"https:\/\/schema.org\",\"@graph\":[{\"@type\":\"WebSite\",\"@id\":\"https:\/\/asiamortar.com.vn\/ja\/#website\",\"url\":\"https:\/\/asiamortar.com.vn\/ja\/\",\"name\":\"ASIA MORTAR\",\"description\":\"\",\"potentialAction\":[{\"@type\":\"SearchAction\",\"target\":\"https:\/\/asiamortar.com.vn\/ja\/?s={search_term_string}\",\"query-input\":\"required name=search_term_string\"}],\"inLanguage\":\"en-US\"},{\"@type\":\"ImageObject\",\"@id\":\"https:\/\/asiamortar.com.vn\/san-pham\/hertron-densifier-2\/#primaryimage\",\"inLanguage\":\"en-US\",\"url\":\"https:\/\/asiamortar.com.vn\/wp-content\/uploads\/2020\/06\/hertron-densifier.png\",\"width\":585,\"height\":650,\"caption\":\"Hertron Densifier\"},{\"@type\":\"WebPage\",\"@id\":\"https:\/\/asiamortar.com.vn\/san-pham\/hertron-densifier-2\/#webpage\",\"url\":\"https:\/\/asiamortar.com.vn\/san-pham\/hertron-densifier-2\/\",\"name\":\"[:vi]HERTRON DENSIFIER[:en]HERTRON DENSIFIER[:zh]Hertron Densifier[:kh]Hertron Densifier [:] - ASIA MORTAR\",\"isPartOf\":{\"@id\":\"https:\/\/asiamortar.com.vn\/ja\/#website\"},\"primaryImageOfPage\":{\"@id\":\"https:\/\/asiamortar.com.vn\/san-pham\/hertron-densifier-2\/#primaryimage\"},\"datePublished\":\"2020-06-24T08:04:14+00:00\",\"dateModified\":\"2023-03-15T07:54:41+00:00\",\"inLanguage\":\"en-US\",\"potentialAction\":[{\"@type\":\"ReadAction\",\"target\":[\"https:\/\/asiamortar.com.vn\/san-pham\/hertron-densifier-2\/\"]}]}]}<\/script>\n<!-- \/ Yoast SEO plugin. -->","_links":{"self":[{"href":"https:\/\/asiamortar.com.vn\/en\/wp-json\/wp\/v2\/product\/512"}],"collection":[{"href":"https:\/\/asiamortar.com.vn\/en\/wp-json\/wp\/v2\/product"}],"about":[{"href":"https:\/\/asiamortar.com.vn\/en\/wp-json\/wp\/v2\/types\/product"}],"wp:featuredmedia":[{"embeddable":true,"href":"https:\/\/asiamortar.com.vn\/en\/wp-json\/wp\/v2\/media\/605"}],"wp:attachment":[{"href":"https:\/\/asiamortar.com.vn\/en\/wp-json\/wp\/v2\/media?parent=512"}],"curies":[{"name":"wp","href":"https:\/\/api.w.org\/{rel}","templated":true}]}}