{"id":524,"date":"2020-06-24T15:48:40","date_gmt":"2020-06-24T08:48:40","guid":{"rendered":"http:\/\/asiamortar.com.vn\/?post_type=product&#038;p=524"},"modified":"2023-03-15T14:51:36","modified_gmt":"2023-03-15T07:51:36","slug":"am-dura-crete-hardener-m-2","status":"publish","type":"product","link":"https:\/\/asiamortar.com.vn\/en\/san-pham\/am-dura-crete-hardener-m-2\/","title":{"rendered":"AM DURA-CRETE HARDENER (M)"},"content":{"rendered":"<p><\/p>\n<p><b>USES:<\/b><\/p>\n<ul>\n<li>AM DURA-CRETE HARDENER (M) is use for all flooring which is subjected to heavy trolley wheels, forklift, pallet trucks, impact loading or storage of heavy objects such as warehousing, factories assembly plants, loading bays, vehicular floors or roads etc..<\/li>\n<\/ul>\n<p><b>ADVANTAGES:<\/b><\/p>\n<ul>\n<li>Hardens concrete in one economical operation.<\/li>\n<li>Use of hard and properly graded aggregates increases the wear resistance over plain concrete floors.<\/li>\n<li>Use of pure minerals oxides that are bonded to the aggregates result in non-fading finishing floor surfaces.<\/li>\n<li>Prepacked and ready to use, it is factory blended to eliminates messy and expensive job-mixing and minimizes errors.<\/li>\n<li>Non-rusting materials make it possible to use AM DURA-CRETE HARDENER (M)\u00a0outdoors as well as indoor.<\/li>\n<li>AM DURA-CRETE HARDENER (M) contains dispersing agent which makes it possible to incorporate AM DURA-CRETE HARDENER (M) into the surface of low slump concrete resulting in exceptionally high surface strengths for maximum wear resistance.<\/li>\n<\/ul>\n<p><\/p>","protected":false},"excerpt":{"rendered":"<ul>\n<li><strong data-name=\"title\">AM DURA-CRETE HARDENER (M)<\/strong> is a highly durable, ready to use-metallic floor hardener, specially design to provide resistance to shock, abrasion and impact loading for both interior and exterior use. It is non-rusting and can be used on floors that are frequently wet.<\/li>\n<li><strong data-name=\"title\">AM DURA-CRETE HARDENER (M)<\/strong>\u00a0is available in a natural cement colour or in decorative colours of tile red, terracotta, black, green, grey, brown and tan.<\/li>\n<\/ul>\n","protected":false},"featured_media":0,"template":"","meta":[],"yoast_head":"<!-- This site is optimized with the Yoast SEO plugin v15.3 - https:\/\/yoast.com\/wordpress\/plugins\/seo\/ -->\n<meta name=\"robots\" content=\"index, follow, max-snippet:-1, max-image-preview:large, max-video-preview:-1\" \/>\n<link rel=\"canonical\" href=\"https:\/\/asiamortar.com.vn\/san-pham\/am-dura-crete-hardener-m-2\/\" \/>\n<meta property=\"og:locale\" content=\"en_US\" \/>\n<meta property=\"og:type\" content=\"article\" \/>\n<meta property=\"og:title\" content=\"[:vi]AM DURA-CRETE HARDENER (M)[:en]AM DURA-CRETE HARDENER (M)[:zh]am Dura-Crete Hardener (M)[:kh]am Dura-Crete Hardener (M)[:] - ASIA MORTAR\" \/>\n<meta property=\"og:description\" content=\"[:vi]  AM DURA-CRETE HARDENER (M) l\u00e0 v\u1eadt li\u1ec7u g\u1ed1c kim lo\u1ea1i tr\u1ed9n s\u1eb5n, si\u00eau b\u1ec1n v\u00e0 l\u00e0m c\u1ee9ng cho n\u1ec1n, s\u00e0n trong nh\u00e0, ngo\u00e0i tr\u1eddi c\u00f3 y\u00eau c\u1ea7u \u0111\u1ed9 va \u0111\u1eadp, m\u00e0i m\u00f2n hay va ch\u1ea1m l\u1edbn. S\u1ea3n ph\u1ea9m kh\u00f4ng b\u1ecb r\u1ec9 s\u00e9t n\u00ean th\u00edch h\u1ee3p cho c\u00e1c khu v\u1ef1c \u1ea9m th\u01b0\u1eddng xuy\u00ean.  AM DURA-CRETE HARDENER (M) c\u00f3 m\u00e0u x\u00e1m xi m\u0103ng t\u1ef1 nhi\u00ean ho\u1eb7c m\u00e0u kh\u00e1c nh\u01b0 \u0111\u1ecf, \u0111\u1ecf g\u1ea1ch, \u0111en, xanh l\u00e1, n\u00e2u, n\u00e2u v\u00e0ng.  S\u1eed d\u1ee5ng cho b\u00ea t\u00f4ng t\u01b0\u01a1i v\u1eeba \u0111\u1ed5 v\u00e0 tr\u01b0\u1edbc khi b\u1eaft \u0111\u1ea7u ninh k\u1ebft, r\u1eafc \u0111\u1ec1u AM DURA-CRETE HARDENER (M)\u00a0l\u00ean b\u1ec1 m\u1eb7t 2 l\u1ea7n. Th\u01b0\u1eddng n\u00ean r\u1eafc 2\/3 \u0111\u1ecbnh l\u01b0\u1ee3ng c\u1ee7a AM DURA-CRETE HARDENER (M) cho l\u1ea7n \u0111\u1ea7u ti\u00ean. [:en]  AM DURA-CRETE HARDENER (M) is a highly durable, ready to use-metallic floor hardener, specially design to provide resistance to shock, abrasion and impact loading for both interior and exterior use. It is non-rusting and can be used on floors that are frequently wet.  AM DURA-CRETE HARDENER (M)\u00a0is available in a natural cement colour or in decorative colours of tile red, terracotta, black, green, grey, brown and tan. [:]\" \/>\n<meta property=\"og:url\" content=\"https:\/\/asiamortar.com.vn\/san-pham\/am-dura-crete-hardener-m-2\/\" \/>\n<meta property=\"og:site_name\" content=\"ASIA MORTAR\" \/>\n<meta property=\"article:modified_time\" content=\"2023-03-15T07:51:36+00:00\" \/>\n<meta name=\"twitter:card\" content=\"summary_large_image\" \/>\n<meta name=\"twitter:label1\" content=\"Written by\">\n\t<meta name=\"twitter:data1\" content=\"Kh\u00e1ch H\u00e0ng Admin\">\n\t<meta name=\"twitter:label2\" content=\"Est. reading time\">\n\t<meta name=\"twitter:data2\" content=\"2 minutes\">\n<script type=\"application\/ld+json\" class=\"yoast-schema-graph\">{\"@context\":\"https:\/\/schema.org\",\"@graph\":[{\"@type\":\"WebSite\",\"@id\":\"https:\/\/asiamortar.com.vn\/ja\/#website\",\"url\":\"https:\/\/asiamortar.com.vn\/ja\/\",\"name\":\"ASIA MORTAR\",\"description\":\"\",\"potentialAction\":[{\"@type\":\"SearchAction\",\"target\":\"https:\/\/asiamortar.com.vn\/ja\/?s={search_term_string}\",\"query-input\":\"required name=search_term_string\"}],\"inLanguage\":\"en-US\"},{\"@type\":\"WebPage\",\"@id\":\"https:\/\/asiamortar.com.vn\/san-pham\/am-dura-crete-hardener-m-2\/#webpage\",\"url\":\"https:\/\/asiamortar.com.vn\/san-pham\/am-dura-crete-hardener-m-2\/\",\"name\":\"[:vi]AM DURA-CRETE HARDENER (M)[:en]AM DURA-CRETE HARDENER (M)[:zh]am Dura-Crete Hardener (M)[:kh]am Dura-Crete Hardener (M)[:] - ASIA MORTAR\",\"isPartOf\":{\"@id\":\"https:\/\/asiamortar.com.vn\/ja\/#website\"},\"datePublished\":\"2020-06-24T08:48:40+00:00\",\"dateModified\":\"2023-03-15T07:51:36+00:00\",\"inLanguage\":\"en-US\",\"potentialAction\":[{\"@type\":\"ReadAction\",\"target\":[\"https:\/\/asiamortar.com.vn\/san-pham\/am-dura-crete-hardener-m-2\/\"]}]}]}<\/script>\n<!-- \/ Yoast SEO plugin. -->","_links":{"self":[{"href":"https:\/\/asiamortar.com.vn\/en\/wp-json\/wp\/v2\/product\/524"}],"collection":[{"href":"https:\/\/asiamortar.com.vn\/en\/wp-json\/wp\/v2\/product"}],"about":[{"href":"https:\/\/asiamortar.com.vn\/en\/wp-json\/wp\/v2\/types\/product"}],"wp:attachment":[{"href":"https:\/\/asiamortar.com.vn\/en\/wp-json\/wp\/v2\/media?parent=524"}],"curies":[{"name":"wp","href":"https:\/\/api.w.org\/{rel}","templated":true}]}}