{"id":534,"date":"2020-06-24T15:54:56","date_gmt":"2020-06-24T08:54:56","guid":{"rendered":"http:\/\/asiamortar.com.vn\/?post_type=product&#038;p=534"},"modified":"2023-03-15T14:09:42","modified_gmt":"2023-03-15T07:09:42","slug":"am-epoxicote-tar-2","status":"publish","type":"product","link":"https:\/\/asiamortar.com.vn\/en\/san-pham\/am-epoxicote-tar-2\/","title":{"rendered":"AM EPOXICOTE TAR"},"content":{"rendered":"<p><\/p>\n<p><strong><span lang=\"en\" style=\"font-family: arial, helvetica, sans-serif;\">APPLICATIONS: <\/span><\/strong><\/p>\n<ul>\n<li><span lang=\"en\" style=\"font-family: arial, helvetica, sans-serif;\">AM EPOXICOTE TAR can be applied to surfaces or walls made of wood, metal, cement roofing or other insensitive building materials such as bitumen or bitumen. <\/span><\/li>\n<li><span lang=\"en\" style=\"font-family: arial, helvetica, sans-serif;\">Suitable for application on damp substrates, especially when exposed to moisture; It is also used for covering and sitting for structures submerged in water or barefoot, such as sewage systems, chemical industry, etc. <\/span><\/li>\n<li><span lang=\"en\" style=\"font-family: arial, helvetica, sans-serif;\">Used in places where bacteria thrive like beer, sewage pipes, surgery &#8230; thanks to the coating&#8217;s limited bacterial growth feature. The coating is capable of removing most types of substances and acids in the dairy, alcohol &#8230; <\/span><\/li>\n<li><span lang=\"en\" style=\"font-family: arial, helvetica, sans-serif;\">Not suitable for surfaces that must be in contact with potable water, doors, barns &#8230;<\/span><\/li>\n<\/ul>\n<p><\/p>","protected":false},"excerpt":{"rendered":"<ul>\n<li id=\"tw-target-text\" class=\"tw-data-text tw-text-large XcVN5d tw-ta\" dir=\"ltr\" data-placeholder=\"B\u1ea3n d\u1ecbch\"><span lang=\"en\" style=\"font-family: arial, helvetica, sans-serif;\">Chemical resistant, 2 component, low solvent content epoxy-tar-oil combined with inorganic fillers. It is specially formulated to form a hard, glossy finish and is resistant to abrasion and chemicals. <\/span><\/li>\n<li class=\"tw-data-text tw-text-large XcVN5d tw-ta\" dir=\"ltr\" data-placeholder=\"B\u1ea3n d\u1ecbch\"><span lang=\"en\" style=\"font-family: arial, helvetica, sans-serif;\">According to BS 5493: KF 3 B corresponding to KF 3 D (2-component chemical resistant finish).<\/span><\/li>\n<\/ul>\n","protected":false},"featured_media":0,"template":"","meta":[],"yoast_head":"<!-- This site is optimized with the Yoast SEO plugin v15.3 - https:\/\/yoast.com\/wordpress\/plugins\/seo\/ -->\n<meta name=\"robots\" content=\"index, follow, max-snippet:-1, max-image-preview:large, max-video-preview:-1\" \/>\n<link rel=\"canonical\" href=\"https:\/\/asiamortar.com.vn\/san-pham\/am-epoxicote-tar-2\/\" \/>\n<meta property=\"og:locale\" content=\"en_US\" \/>\n<meta property=\"og:type\" content=\"article\" \/>\n<meta property=\"og:title\" content=\"[:vi]AM EPOXICOTE TAR[:en]AM EPOXICOTE TAR[:zh]am Epoxicote TAR[:kh]am Epoxicote TAR[:] - ASIA MORTAR\" \/>\n<meta property=\"og:description\" content=\"[:vi]  Ch\u1ea5t ph\u1ee7 kh\u00e1ng ho\u00e1 ch\u1ea5t, 2 th\u00e0nh ph\u1ea7n, c\u00f3 h\u00e0m l\u01b0\u1ee3ng dung m\u00f4i th\u1ea5p g\u1ed1c epoxy-h\u1eafc \u00edn-d\u1ea7u k\u1ebft h\u1ee3p v\u1edbi ch\u1ea5t \u0111\u1ed9n v\u00f4 c\u01a1. S\u1ea3n ph\u1ea9m \u0111\u01b0\u1ee3c s\u1ea3n xu\u1ea5t \u0111\u1eb7c bi\u1ec7t \u0111\u1ec3 t\u1ea1o th\u00e0nh l\u1edbp ph\u1ee7 ho\u00e0n thi\u1ec7n c\u1ee9ng, b\u00f3ng v\u00e0 c\u00f3 t\u00ednh kh\u00e1ng m\u00e0i m\u00f2n c\u0169ng nh\u01b0 kh\u00e1ng ch\u1ecbu t\u1ed1t c\u00e1c lo\u1ea1i h\u00f3a ch\u1ea5t.  Theo ti\u00eau chu\u1ea9n BS 5493: KF 3 B t\u01b0\u01a1ng \u1ee9ng KF3 D (l\u1edbp ho\u00e0n thi\u1ec7n kh\u00e1ng ho\u00e1 ch\u1ea5t 2 th\u00e0nh ph\u1ea7n). [:en]  Chemical resistant, 2 component, low solvent content epoxy-tar-oil combined with inorganic fillers. It is specially formulated to form a hard, glossy finish and is resistant to abrasion and chemicals.  According to BS 5493: KF 3 B corresponding to KF 3 D (2-component chemical resistant finish). [:]\" \/>\n<meta property=\"og:url\" content=\"https:\/\/asiamortar.com.vn\/san-pham\/am-epoxicote-tar-2\/\" \/>\n<meta property=\"og:site_name\" content=\"ASIA MORTAR\" \/>\n<meta property=\"article:modified_time\" content=\"2023-03-15T07:09:42+00:00\" \/>\n<meta name=\"twitter:card\" content=\"summary_large_image\" \/>\n<meta name=\"twitter:label1\" content=\"Written by\">\n\t<meta name=\"twitter:data1\" content=\"Kh\u00e1ch H\u00e0ng Admin\">\n\t<meta name=\"twitter:label2\" content=\"Est. reading time\">\n\t<meta name=\"twitter:data2\" content=\"2 minutes\">\n<script type=\"application\/ld+json\" class=\"yoast-schema-graph\">{\"@context\":\"https:\/\/schema.org\",\"@graph\":[{\"@type\":\"WebSite\",\"@id\":\"https:\/\/asiamortar.com.vn\/ja\/#website\",\"url\":\"https:\/\/asiamortar.com.vn\/ja\/\",\"name\":\"ASIA MORTAR\",\"description\":\"\",\"potentialAction\":[{\"@type\":\"SearchAction\",\"target\":\"https:\/\/asiamortar.com.vn\/ja\/?s={search_term_string}\",\"query-input\":\"required name=search_term_string\"}],\"inLanguage\":\"en-US\"},{\"@type\":\"WebPage\",\"@id\":\"https:\/\/asiamortar.com.vn\/san-pham\/am-epoxicote-tar-2\/#webpage\",\"url\":\"https:\/\/asiamortar.com.vn\/san-pham\/am-epoxicote-tar-2\/\",\"name\":\"[:vi]AM EPOXICOTE TAR[:en]AM EPOXICOTE TAR[:zh]am Epoxicote TAR[:kh]am Epoxicote TAR[:] - ASIA MORTAR\",\"isPartOf\":{\"@id\":\"https:\/\/asiamortar.com.vn\/ja\/#website\"},\"datePublished\":\"2020-06-24T08:54:56+00:00\",\"dateModified\":\"2023-03-15T07:09:42+00:00\",\"inLanguage\":\"en-US\",\"potentialAction\":[{\"@type\":\"ReadAction\",\"target\":[\"https:\/\/asiamortar.com.vn\/san-pham\/am-epoxicote-tar-2\/\"]}]}]}<\/script>\n<!-- \/ Yoast SEO plugin. -->","_links":{"self":[{"href":"https:\/\/asiamortar.com.vn\/en\/wp-json\/wp\/v2\/product\/534"}],"collection":[{"href":"https:\/\/asiamortar.com.vn\/en\/wp-json\/wp\/v2\/product"}],"about":[{"href":"https:\/\/asiamortar.com.vn\/en\/wp-json\/wp\/v2\/types\/product"}],"wp:attachment":[{"href":"https:\/\/asiamortar.com.vn\/en\/wp-json\/wp\/v2\/media?parent=534"}],"curies":[{"name":"wp","href":"https:\/\/api.w.org\/{rel}","templated":true}]}}