{"id":543,"date":"2020-06-24T16:04:18","date_gmt":"2020-06-24T09:04:18","guid":{"rendered":"http:\/\/asiamortar.com.vn\/?post_type=product&#038;p=543"},"modified":"2021-02-28T10:33:32","modified_gmt":"2021-02-28T03:33:32","slug":"r-crete-eco-render","status":"publish","type":"product","link":"https:\/\/asiamortar.com.vn\/en\/san-pham\/r-crete-eco-render\/","title":{"rendered":"R-Crete Eco Render"},"content":{"rendered":"<p><\/p>\n<pre id=\"tw-target-text\" class=\"tw-data-text tw-text-large XcVN5d tw-ta\" dir=\"ltr\" data-placeholder=\"B\u1ea3n d\u1ecbch\"><span lang=\"en\" style=\"font-family: arial, helvetica, sans-serif;\">USES\r\n\r\nR-CRETE RENDER ECO can be used as a backing for masonry blocks, concrete blocks and as a cushion for floor tiles.\r\nR-CRETE RENDER ECO is used for all types of concrete substrates; lightweight foam concrete, brick wall, concrete block wall ...\r\n\r\nADVANTAGES\r\n\r\nPre-mixed products ensure consistent quality.\r\nConvenient for handling.\r\nUse the same amount of water to achieve uniform quality.\r\nEasy to mix and apply.\r\nExcellent bonding strength.\r\nHigh strength and good weather resistance.\r\nReduce cleanup by simply removing paper packaging.\r\nDo not waste sand and cement in the opened bag.<\/span><\/pre>\n<p><\/p>","protected":false},"excerpt":{"rendered":"<pre id=\"tw-target-text\" class=\"tw-data-text tw-text-large XcVN5d tw-ta\" dir=\"ltr\" data-placeholder=\"B\u1ea3n d\u1ecbch\"><span lang=\"en\" style=\"font-family: arial, helvetica, sans-serif;\">R-CRETE RENDER ECO is an environmentally friendly premixed cementitious plaster containing conventional portland cement, high kiln slag particles (GGBFS), aggregate sand and additives. Easy to apply, effective when mixed with water.\r\n\r\nR-CRETE RENDER ECO provides excellent adhesion between concrete and brick and can be used both indoors and outdoors. The product passes stringent technical requirements for its high-quality finish.<\/span><\/pre>\n","protected":false},"featured_media":0,"template":"","meta":[],"yoast_head":"<!-- This site is optimized with the Yoast SEO plugin v15.3 - https:\/\/yoast.com\/wordpress\/plugins\/seo\/ -->\n<meta name=\"robots\" content=\"index, follow, max-snippet:-1, max-image-preview:large, max-video-preview:-1\" \/>\n<link rel=\"canonical\" href=\"https:\/\/asiamortar.com.vn\/san-pham\/r-crete-eco-render\/\" \/>\n<meta property=\"og:locale\" content=\"en_US\" \/>\n<meta property=\"og:type\" content=\"article\" \/>\n<meta property=\"og:title\" content=\"[:vi]R-Crete Eco Render[:en]R-Crete Eco Render[:zh]R-Crete Eco Render[:kh]R-Crete Eco Render [:] - ASIA MORTAR\" \/>\n<meta property=\"og:description\" content=\"[:vi]R-CRETE RENDER ECO l\u00e0 s\u1ea3n ph\u1ea9m tr\u00e1t t\u01b0\u1eddng g\u1ed1c xi m\u0103ng tr\u1ed9n s\u1eb5n th\u00e2n thi\u1ec7n v\u1edbi m\u00f4i tr\u01b0\u1eddng ch\u1ee9a xi m\u0103ng portland th\u00f4ng th\u01b0\u1eddng, c\u00e1c h\u1ea1t x\u1ec9 l\u00f2 nung cao (GGBFS), c\u00e1t c\u1ea5p ph\u1ed1i v\u00e0 ph\u1ee5 gia. D\u1ec5 d\u00e0ng thi c\u00f4ng, hi\u1ec7u qu\u1ea3 khi tr\u1ed9n v\u1edbi n\u01b0\u1edbc. R-CRETE RENDER ECO cung c\u1ea5p s\u1ef1 k\u1ebft d\u00ednh tuy\u1ec7t v\u1eddi gi\u1eefa b\u00ea t\u00f4ng v\u00e0 g\u1ea1ch n\u1ec1n, c\u00f3 th\u1ec3 s\u1eed d\u1ee5ng cho c\u1ea3 trong v\u00e0 ngo\u00e0i nh\u00e0. S\u1ea3n ph\u1ea9m v\u01b0\u1ee3t qua c\u00e1c y\u00eau c\u1ea7u k\u1ef9 thu\u1eadt nghi\u00eam ng\u1eb7t cho l\u1edbp ho\u00e0n thi\u1ec7n ch\u1ea5t l\u01b0\u1ee3ng cao.[:en]R-CRETE RENDER ECO is an environmentally friendly premixed cementitious plaster containing conventional portland cement, high kiln slag particles (GGBFS), aggregate sand and additives. Easy to apply, effective when mixed with water.  R-CRETE RENDER ECO provides excellent adhesion between concrete and brick and can be used both indoors and outdoors. The product passes stringent technical requirements for its high-quality finish.[:]\" \/>\n<meta property=\"og:url\" content=\"https:\/\/asiamortar.com.vn\/san-pham\/r-crete-eco-render\/\" \/>\n<meta property=\"og:site_name\" content=\"ASIA MORTAR\" \/>\n<meta property=\"article:modified_time\" content=\"2021-02-28T03:33:32+00:00\" \/>\n<meta name=\"twitter:card\" content=\"summary_large_image\" \/>\n<meta name=\"twitter:label1\" content=\"Written by\">\n\t<meta name=\"twitter:data1\" content=\"Kh\u00e1ch H\u00e0ng Admin\">\n\t<meta name=\"twitter:label2\" content=\"Est. reading time\">\n\t<meta name=\"twitter:data2\" content=\"1 minute\">\n<script type=\"application\/ld+json\" class=\"yoast-schema-graph\">{\"@context\":\"https:\/\/schema.org\",\"@graph\":[{\"@type\":\"WebSite\",\"@id\":\"https:\/\/asiamortar.com.vn\/ja\/#website\",\"url\":\"https:\/\/asiamortar.com.vn\/ja\/\",\"name\":\"ASIA MORTAR\",\"description\":\"\",\"potentialAction\":[{\"@type\":\"SearchAction\",\"target\":\"https:\/\/asiamortar.com.vn\/ja\/?s={search_term_string}\",\"query-input\":\"required name=search_term_string\"}],\"inLanguage\":\"en-US\"},{\"@type\":\"WebPage\",\"@id\":\"https:\/\/asiamortar.com.vn\/san-pham\/r-crete-eco-render\/#webpage\",\"url\":\"https:\/\/asiamortar.com.vn\/san-pham\/r-crete-eco-render\/\",\"name\":\"[:vi]R-Crete Eco Render[:en]R-Crete Eco Render[:zh]R-Crete Eco Render[:kh]R-Crete Eco Render [:] - ASIA MORTAR\",\"isPartOf\":{\"@id\":\"https:\/\/asiamortar.com.vn\/ja\/#website\"},\"datePublished\":\"2020-06-24T09:04:18+00:00\",\"dateModified\":\"2021-02-28T03:33:32+00:00\",\"inLanguage\":\"en-US\",\"potentialAction\":[{\"@type\":\"ReadAction\",\"target\":[\"https:\/\/asiamortar.com.vn\/san-pham\/r-crete-eco-render\/\"]}]}]}<\/script>\n<!-- \/ Yoast SEO plugin. -->","_links":{"self":[{"href":"https:\/\/asiamortar.com.vn\/en\/wp-json\/wp\/v2\/product\/543"}],"collection":[{"href":"https:\/\/asiamortar.com.vn\/en\/wp-json\/wp\/v2\/product"}],"about":[{"href":"https:\/\/asiamortar.com.vn\/en\/wp-json\/wp\/v2\/types\/product"}],"wp:attachment":[{"href":"https:\/\/asiamortar.com.vn\/en\/wp-json\/wp\/v2\/media?parent=543"}],"curies":[{"name":"wp","href":"https:\/\/api.w.org\/{rel}","templated":true}]}}