{"id":544,"date":"2020-06-24T16:04:49","date_gmt":"2020-06-24T09:04:49","guid":{"rendered":"http:\/\/asiamortar.com.vn\/?post_type=product&#038;p=544"},"modified":"2025-04-01T14:32:24","modified_gmt":"2025-04-01T07:32:24","slug":"am-render-plus","status":"publish","type":"product","link":"https:\/\/asiamortar.com.vn\/en\/san-pham\/am-render-plus\/","title":{"rendered":"am Render Plus"},"content":{"rendered":"<p><\/p>\n<pre id=\"tw-target-text\" class=\"tw-data-text tw-text-large XcVN5d tw-ta\" dir=\"ltr\" data-placeholder=\"B\u1ea3n d\u1ecbch\"><span lang=\"en\" style=\"font-family: arial, helvetica, sans-serif;\">USES\r\n\r\nam RENDER PLUS can be used as a filler for masonry, block block and as a cushioning for floor tiles.\r\n\r\nam RENDER PLUS is used for all types of concrete substrates; lightweight foam concrete, brick wall, concrete block wall ...\r\n\r\nADVANTAGES\r\n\r\nPre-mixed products ensure consistent quality\r\nConvenient in construction and storage\r\nUse the same amount of water to achieve uniform quality.\r\nEasy to mix and easy to apply.\r\nExcellent bonding strength.\r\nDurability in use and good weather resistance.\r\nDo not waste sand and cement when opening the bag\r\nReduce cleanup by simply eliminating paper packaging.<\/span><\/pre>\n<p><\/p>","protected":false},"excerpt":{"rendered":"<pre id=\"tw-target-text\" class=\"tw-data-text tw-text-large XcVN5d tw-ta\" dir=\"ltr\" data-placeholder=\"B\u1ea3n d\u1ecbch\"><span lang=\"en\" style=\"font-family: arial, helvetica, sans-serif;\">am RENDER PLUS is a cementitious pre-mixed plastering mortar containing selective cement and additives. Easy to apply, highly effective when mixed with water.\r\n\r\nam RENDER PLUS provides excellent bonding strength to concrete and tile, and can be used both indoors and outdoors. Product\r\n\r\npass stringent specifications for high-quality finishes.<\/span><\/pre>\n","protected":false},"featured_media":2270,"template":"","meta":[],"yoast_head":"<!-- This site is optimized with the Yoast SEO plugin v15.3 - https:\/\/yoast.com\/wordpress\/plugins\/seo\/ -->\n<meta name=\"robots\" content=\"index, follow, max-snippet:-1, max-image-preview:large, max-video-preview:-1\" \/>\n<link rel=\"canonical\" href=\"https:\/\/asiamortar.com.vn\/san-pham\/am-render-plus\/\" \/>\n<meta property=\"og:locale\" content=\"en_US\" \/>\n<meta property=\"og:type\" content=\"article\" \/>\n<meta property=\"og:title\" content=\"[:vi]AM RENDER PLUS[:en]am Render Plus[:zh]am Render Plus[:kh]am Render Plus[:] - ASIA MORTAR\" \/>\n<meta property=\"og:description\" content=\"[:vi]am RENDER PLUS l\u00e0 v\u1eefa tr\u00e1t t\u01b0\u1eddng tr\u1ed9n\u00a0 s\u1eb5n g\u1ed1c xi m\u0103ng ch\u1ee9a xi m\u0103ng ch\u1ecdn l\u1ecdc v\u00e0\u00a0 ph\u1ee5 gia. D\u1ec5 d\u00e0ng thi c\u00f4ng, hi\u1ec7u qu\u1ea3 cao khi\u00a0 tr\u1ed9n v\u1edbi n\u01b0\u1edbc. am RENDER PLUS cho l\u1ef1c k\u1ebft d\u00ednh tuy\u1ec7t\u00a0 v\u1eddi v\u1edbi b\u00ea t\u00f4ng v\u00e0 g\u1ea1ch n\u1ec1n, c\u00f3 th\u1ec3 s\u1eed\u00a0 d\u1ee5ng cho c\u1ea3 trong v\u00e0 ngo\u00e0i nh\u00e0. S\u1ea3n ph\u1ea9m v\u01b0\u1ee3t qua c\u00e1c y\u00eau c\u1ea7u k\u1ef9 thu\u1eadt nghi\u00eam ng\u1eb7t\u00a0 cho l\u1edbp ho\u00e0n thi\u1ec7n ch\u1ea5t l\u01b0\u1ee3ng cao.[:en]am RENDER PLUS is a cementitious pre-mixed plastering mortar containing selective cement and additives. Easy to apply, highly effective when mixed with water.  am RENDER PLUS provides excellent bonding strength to concrete and tile, and can be used both indoors and outdoors. Product  pass stringent specifications for high-quality finishes.[:]\" \/>\n<meta property=\"og:url\" content=\"https:\/\/asiamortar.com.vn\/san-pham\/am-render-plus\/\" \/>\n<meta property=\"og:site_name\" content=\"ASIA MORTAR\" \/>\n<meta property=\"article:modified_time\" content=\"2025-04-01T07:32:24+00:00\" \/>\n<meta property=\"og:image\" content=\"https:\/\/asiamortar.com.vn\/wp-content\/uploads\/2020\/06\/AM-RENDER-PLUS.png\" \/>\n\t<meta property=\"og:image:width\" content=\"585\" \/>\n\t<meta property=\"og:image:height\" content=\"650\" \/>\n<meta name=\"twitter:card\" content=\"summary_large_image\" \/>\n<meta name=\"twitter:label1\" content=\"Written by\">\n\t<meta name=\"twitter:data1\" content=\"Kh\u00e1ch H\u00e0ng Admin\">\n\t<meta name=\"twitter:label2\" content=\"Est. reading time\">\n\t<meta name=\"twitter:data2\" content=\"1 minute\">\n<script type=\"application\/ld+json\" class=\"yoast-schema-graph\">{\"@context\":\"https:\/\/schema.org\",\"@graph\":[{\"@type\":\"WebSite\",\"@id\":\"https:\/\/asiamortar.com.vn\/ja\/#website\",\"url\":\"https:\/\/asiamortar.com.vn\/ja\/\",\"name\":\"ASIA MORTAR\",\"description\":\"\",\"potentialAction\":[{\"@type\":\"SearchAction\",\"target\":\"https:\/\/asiamortar.com.vn\/ja\/?s={search_term_string}\",\"query-input\":\"required name=search_term_string\"}],\"inLanguage\":\"en-US\"},{\"@type\":\"ImageObject\",\"@id\":\"https:\/\/asiamortar.com.vn\/san-pham\/am-render-plus\/#primaryimage\",\"inLanguage\":\"en-US\",\"url\":\"https:\/\/asiamortar.com.vn\/wp-content\/uploads\/2020\/06\/AM-RENDER-PLUS.png\",\"width\":585,\"height\":650,\"caption\":\"Am Render Plus\"},{\"@type\":\"WebPage\",\"@id\":\"https:\/\/asiamortar.com.vn\/san-pham\/am-render-plus\/#webpage\",\"url\":\"https:\/\/asiamortar.com.vn\/san-pham\/am-render-plus\/\",\"name\":\"[:vi]AM RENDER PLUS[:en]am Render Plus[:zh]am Render Plus[:kh]am Render Plus[:] - ASIA MORTAR\",\"isPartOf\":{\"@id\":\"https:\/\/asiamortar.com.vn\/ja\/#website\"},\"primaryImageOfPage\":{\"@id\":\"https:\/\/asiamortar.com.vn\/san-pham\/am-render-plus\/#primaryimage\"},\"datePublished\":\"2020-06-24T09:04:49+00:00\",\"dateModified\":\"2025-04-01T07:32:24+00:00\",\"inLanguage\":\"en-US\",\"potentialAction\":[{\"@type\":\"ReadAction\",\"target\":[\"https:\/\/asiamortar.com.vn\/san-pham\/am-render-plus\/\"]}]}]}<\/script>\n<!-- \/ Yoast SEO plugin. -->","_links":{"self":[{"href":"https:\/\/asiamortar.com.vn\/en\/wp-json\/wp\/v2\/product\/544"}],"collection":[{"href":"https:\/\/asiamortar.com.vn\/en\/wp-json\/wp\/v2\/product"}],"about":[{"href":"https:\/\/asiamortar.com.vn\/en\/wp-json\/wp\/v2\/types\/product"}],"wp:featuredmedia":[{"embeddable":true,"href":"https:\/\/asiamortar.com.vn\/en\/wp-json\/wp\/v2\/media\/2270"}],"wp:attachment":[{"href":"https:\/\/asiamortar.com.vn\/en\/wp-json\/wp\/v2\/media?parent=544"}],"curies":[{"name":"wp","href":"https:\/\/api.w.org\/{rel}","templated":true}]}}