{"id":545,"date":"2020-06-24T16:05:33","date_gmt":"2020-06-24T09:05:33","guid":{"rendered":"http:\/\/asiamortar.com.vn\/?post_type=product&#038;p=545"},"modified":"2025-04-01T14:31:26","modified_gmt":"2025-04-01T07:31:26","slug":"am-render-wp","status":"publish","type":"product","link":"https:\/\/asiamortar.com.vn\/en\/san-pham\/am-render-wp\/","title":{"rendered":"am Render WP"},"content":{"rendered":"<p><\/p>\n<p>USES<br \/>\nam RENDER WP can be use for bedding<br \/>\nbrickwork and block work, and backing and<br \/>\nbedding for tiles.<br \/>\nam RENDER WP is highly recommended for<br \/>\nall types of concrete substrates; lightweight<br \/>\nautoclaved aerated blocks, brick wall and block<br \/>\nwall.<\/p>\n<p>ADVANTAGE<br \/>\n\u2022 Premixed to ensure high consistent quality.<br \/>\n\u2022 Convenience in handling.<br \/>\n\u2022 Same amount of water is added to achieve<br \/>\nconsistency in workability.<br \/>\n\u2022 Easy mixing and application.<br \/>\n\u2022 Excellent bond strength.<br \/>\n\u2022 High durability and good weather resistance.<br \/>\n\u2022 No wastages on sand and opened unused bag<br \/>\ncement.<br \/>\n\u2022 Cleaning limited to just disposing used paper<br \/>\nbag.<\/p>\n<p><\/p>","protected":false},"excerpt":{"rendered":"<p>am RENDER WP is a premixed cement based<br \/>\nwaterproof plaster consists of cement, graded<br \/>\nsilica sand and chemical additives. When mixed<br \/>\nwith water, it gives an excellent plaster that is<br \/>\nwaterproof and easy to use.<br \/>\nam RENDER WP provides an excellent bond<br \/>\nand waterproof properties to concrete and brick<br \/>\nsubstrates and it can be used for internal and<br \/>\nexternal plastering. It will surpass the<br \/>\nspecifiers\u2019 stringent requirement for high quality<br \/>\nfinishes<\/p>\n","protected":false},"featured_media":2177,"template":"","meta":[],"yoast_head":"<!-- This site is optimized with the Yoast SEO plugin v15.3 - https:\/\/yoast.com\/wordpress\/plugins\/seo\/ -->\n<meta name=\"robots\" content=\"index, follow, max-snippet:-1, max-image-preview:large, max-video-preview:-1\" \/>\n<link rel=\"canonical\" href=\"https:\/\/asiamortar.com.vn\/san-pham\/am-render-wp\/\" \/>\n<meta property=\"og:locale\" content=\"en_US\" \/>\n<meta property=\"og:type\" content=\"article\" \/>\n<meta property=\"og:title\" content=\"[:vi]AM RENDER WP[:en]am Render WP[:zh]am Render WP[:kh]am Render WP[:] - ASIA MORTAR\" \/>\n<meta property=\"og:description\" content=\"[:vi]AM RENDER WP l\u00e0 s\u1ea3n ph\u1ea9m v\u1eefa tr\u00e1t t\u01b0\u1eddng ch\u1ed1ng th\u1ea5m g\u1ed1c xi m\u0103ng tr\u1ed9n s\u1eb5n v\u1edbi c\u00e1c th\u00e0nh ph\u1ea7n nh\u01b0 xi m\u0103ng, c\u00e1t silica c\u1ea5p ph\u1ed1i v\u00e0 ph\u1ee5 gia. Khi tr\u1ed9n v\u1edbi n\u01b0\u1edbc, n\u00f3 mang l\u1ea1i m\u1ed9t l\u1edbp tr\u00e1t ch\u1ed1ng th\u1ea5m tuy\u1ec7t v\u1eddi v\u00e0 d\u1ec5 d\u00e0ng thi c\u00f4ng AM RENDER WP cho \u0111\u1ed9 b\u00e1m d\u00ednh v\u00e0 kh\u1ea3 n\u0103ng ch\u1ed1ng th\u1ea5m tuy\u1ec7t v\u1eddi \u0111\u1ed1i v\u1edbi n\u1ec1n b\u00ea t\u00f4ng v\u00e0 n\u1ec1n g\u1ea1ch, \u1ee9ng d\u1ee5ng cho c\u1ea3 khu v\u1ef1c trong nh\u00e0 v\u00e0 ngo\u00e0i tr\u1eddi. S\u1ea3n ph\u1ea9m v\u01b0\u1ee3t qua c\u00e1c y\u00eau c\u1ea7u k\u1ef9 thu\u1eadt nghi\u00eam ng\u1eb7t cho l\u1edbp ho\u00e0n thi\u1ec7n ch\u1ea5t l\u01b0\u1ee3ng cao.[:en]am RENDER WP is a premixed cement based waterproof plaster consists of cement, graded silica sand and chemical additives. When mixed with water, it gives an excellent plaster that is waterproof and easy to use. am RENDER WP provides an excellent bond and waterproof properties to concrete and brick substrates and it can be used for internal and external plastering. It will surpass the specifiers\u2019 stringent requirement for high quality finishes[:]\" \/>\n<meta property=\"og:url\" content=\"https:\/\/asiamortar.com.vn\/san-pham\/am-render-wp\/\" \/>\n<meta property=\"og:site_name\" content=\"ASIA MORTAR\" \/>\n<meta property=\"article:modified_time\" content=\"2025-04-01T07:31:26+00:00\" \/>\n<meta property=\"og:image\" content=\"https:\/\/asiamortar.com.vn\/wp-content\/uploads\/2020\/06\/AM-RENDER-WP.png\" \/>\n\t<meta property=\"og:image:width\" content=\"585\" \/>\n\t<meta property=\"og:image:height\" content=\"650\" \/>\n<meta name=\"twitter:card\" content=\"summary_large_image\" \/>\n<meta name=\"twitter:label1\" content=\"Written by\">\n\t<meta name=\"twitter:data1\" content=\"Kh\u00e1ch H\u00e0ng Admin\">\n\t<meta name=\"twitter:label2\" content=\"Est. reading time\">\n\t<meta name=\"twitter:data2\" content=\"1 minute\">\n<script type=\"application\/ld+json\" class=\"yoast-schema-graph\">{\"@context\":\"https:\/\/schema.org\",\"@graph\":[{\"@type\":\"WebSite\",\"@id\":\"https:\/\/asiamortar.com.vn\/ja\/#website\",\"url\":\"https:\/\/asiamortar.com.vn\/ja\/\",\"name\":\"ASIA MORTAR\",\"description\":\"\",\"potentialAction\":[{\"@type\":\"SearchAction\",\"target\":\"https:\/\/asiamortar.com.vn\/ja\/?s={search_term_string}\",\"query-input\":\"required name=search_term_string\"}],\"inLanguage\":\"en-US\"},{\"@type\":\"ImageObject\",\"@id\":\"https:\/\/asiamortar.com.vn\/san-pham\/am-render-wp\/#primaryimage\",\"inLanguage\":\"en-US\",\"url\":\"https:\/\/asiamortar.com.vn\/wp-content\/uploads\/2020\/06\/AM-RENDER-WP.png\",\"width\":585,\"height\":650,\"caption\":\"Am Render Wp\"},{\"@type\":\"WebPage\",\"@id\":\"https:\/\/asiamortar.com.vn\/san-pham\/am-render-wp\/#webpage\",\"url\":\"https:\/\/asiamortar.com.vn\/san-pham\/am-render-wp\/\",\"name\":\"[:vi]AM RENDER WP[:en]am Render WP[:zh]am Render WP[:kh]am Render WP[:] - ASIA MORTAR\",\"isPartOf\":{\"@id\":\"https:\/\/asiamortar.com.vn\/ja\/#website\"},\"primaryImageOfPage\":{\"@id\":\"https:\/\/asiamortar.com.vn\/san-pham\/am-render-wp\/#primaryimage\"},\"datePublished\":\"2020-06-24T09:05:33+00:00\",\"dateModified\":\"2025-04-01T07:31:26+00:00\",\"inLanguage\":\"en-US\",\"potentialAction\":[{\"@type\":\"ReadAction\",\"target\":[\"https:\/\/asiamortar.com.vn\/san-pham\/am-render-wp\/\"]}]}]}<\/script>\n<!-- \/ Yoast SEO plugin. -->","_links":{"self":[{"href":"https:\/\/asiamortar.com.vn\/en\/wp-json\/wp\/v2\/product\/545"}],"collection":[{"href":"https:\/\/asiamortar.com.vn\/en\/wp-json\/wp\/v2\/product"}],"about":[{"href":"https:\/\/asiamortar.com.vn\/en\/wp-json\/wp\/v2\/types\/product"}],"wp:featuredmedia":[{"embeddable":true,"href":"https:\/\/asiamortar.com.vn\/en\/wp-json\/wp\/v2\/media\/2177"}],"wp:attachment":[{"href":"https:\/\/asiamortar.com.vn\/en\/wp-json\/wp\/v2\/media?parent=545"}],"curies":[{"name":"wp","href":"https:\/\/api.w.org\/{rel}","templated":true}]}}