{"id":555,"date":"2020-06-24T16:12:46","date_gmt":"2020-06-24T09:12:46","guid":{"rendered":"http:\/\/asiamortar.com.vn\/?post_type=product&#038;p=555"},"modified":"2021-03-01T10:20:15","modified_gmt":"2021-03-01T03:20:15","slug":"am-370","status":"publish","type":"product","link":"https:\/\/asiamortar.com.vn\/en\/san-pham\/am-370\/","title":{"rendered":"am 370"},"content":{"rendered":"<p><\/p>\n<p>USES<br \/>\n\u2022 As a patching mortar for spalling concrete,<br \/>\nworn out surface of wall renderings or floor<br \/>\nscreeding.<br \/>\n\u2022 As a thin-set bedding material for bedding<br \/>\nceramic tiles and all natural or manmade<br \/>\nstone.<br \/>\n\u2022 For repairing of honey combed concrete,<br \/>\nafter the removal of formwork.<br \/>\n\u2022 As a crack filler and also as a general<br \/>\nmortar for thin-bed or thick-bed tile<br \/>\nadhesive installation.<\/p>\n<p>ADVANTAGES<br \/>\n\u2022 Economical and easy to use.<br \/>\n\u2022 Being polymer modified type material<br \/>\nreduces curing time.<br \/>\n\u2022 Non-shrink.<br \/>\n\u2022 Water-resistant.<br \/>\n\u2022 Non-delamination.<br \/>\n\u2022 Able to achieve high compressive and<br \/>\nflexural strength easily through proper<br \/>\nmixing.<\/p>\n<p><\/p>","protected":false},"excerpt":{"rendered":"<p>am 370 is a two part, pre-packed, polymer<br \/>\nmodified cementitious repair mortar. It is<br \/>\nused for patching, repairing, filling and<br \/>\nleveling of reinforced concrete or any<br \/>\ncementitious surfaces. It is supplied in 2<br \/>\ncomponents so as to eliminate errors in site<br \/>\nmixing. PART A is mixed completely with<br \/>\nPART B to form a high strength, cohesive,<br \/>\ndurable and non-shrink mortar<\/p>\n","protected":false},"featured_media":1779,"template":"","meta":[],"yoast_head":"<!-- This site is optimized with the Yoast SEO plugin v15.3 - https:\/\/yoast.com\/wordpress\/plugins\/seo\/ -->\n<meta name=\"robots\" content=\"index, follow, max-snippet:-1, max-image-preview:large, max-video-preview:-1\" \/>\n<link rel=\"canonical\" href=\"https:\/\/asiamortar.com.vn\/san-pham\/am-370\/\" \/>\n<meta property=\"og:locale\" content=\"en_US\" \/>\n<meta property=\"og:type\" content=\"article\" \/>\n<meta property=\"og:title\" content=\"am 370 - ASIA MORTAR\" \/>\n<meta property=\"og:description\" content=\"[:vi]am 370 l\u00e0 m\u1ed9t polyme g\u1ed3m hai ph\u1ea7n, \u0111\u01b0\u1ee3c \u0111\u00f3ng g\u00f3i s\u1eb5n v\u1eefa s\u1eeda ch\u1eefa g\u1ed1c xi m\u0103ng bi\u1ebfn t\u00ednh. N\u00f3 l\u00e0 \u0111\u01b0\u1ee3c s\u1eed d\u1ee5ng \u0111\u1ec3 v\u00e1, s\u1eeda ch\u1eefa, l\u1ea5p \u0111\u1ea7y v\u00e0 san l\u1ea5p m\u1eb7t b\u1eb1ng b\u00ea t\u00f4ng c\u1ed1t th\u00e9p ho\u1eb7c b\u1ea5t k\u1ef3 b\u1ec1 m\u1eb7t xi m\u0103ng. N\u00f3 \u0111\u01b0\u1ee3c cung c\u1ea5p trong 2 c\u00e1c th\u00e0nh ph\u1ea7n \u0111\u1ec3 lo\u1ea1i b\u1ecf l\u1ed7i trong trang web s\u1ef1 pha tr\u1ed9n. PH\u1ea6N A \u0111\u01b0\u1ee3c tr\u1ed9n ho\u00e0n to\u00e0n v\u1edbi PH\u1ea6N B \u0111\u1ec3 t\u1ea1o th\u00e0nh m\u1ed9t s\u1ee9c m\u1ea1nh cao, g\u1eafn k\u1ebft, v\u1eefa b\u1ec1n v\u00e0 kh\u00f4ng co ng\u00f3t[:en]am 370 is a two part, pre-packed, polymer modified cementitious repair mortar. It is used for patching, repairing, filling and leveling of reinforced concrete or any cementitious surfaces. It is supplied in 2 components so as to eliminate errors in site mixing. PART A is mixed completely with PART B to form a high strength, cohesive, durable and non-shrink mortar[:]\" \/>\n<meta property=\"og:url\" content=\"https:\/\/asiamortar.com.vn\/san-pham\/am-370\/\" \/>\n<meta property=\"og:site_name\" content=\"ASIA MORTAR\" \/>\n<meta property=\"article:modified_time\" content=\"2021-03-01T03:20:15+00:00\" \/>\n<meta property=\"og:image\" content=\"https:\/\/asiamortar.com.vn\/wp-content\/uploads\/2020\/06\/am-307.png\" \/>\n\t<meta property=\"og:image:width\" content=\"900\" \/>\n\t<meta property=\"og:image:height\" content=\"1000\" \/>\n<meta name=\"twitter:card\" content=\"summary_large_image\" \/>\n<meta name=\"twitter:label1\" content=\"Written by\">\n\t<meta name=\"twitter:data1\" content=\"Kh\u00e1ch H\u00e0ng Admin\">\n\t<meta name=\"twitter:label2\" content=\"Est. reading time\">\n\t<meta name=\"twitter:data2\" content=\"1 minute\">\n<script type=\"application\/ld+json\" class=\"yoast-schema-graph\">{\"@context\":\"https:\/\/schema.org\",\"@graph\":[{\"@type\":\"WebSite\",\"@id\":\"https:\/\/asiamortar.com.vn\/ja\/#website\",\"url\":\"https:\/\/asiamortar.com.vn\/ja\/\",\"name\":\"ASIA MORTAR\",\"description\":\"\",\"potentialAction\":[{\"@type\":\"SearchAction\",\"target\":\"https:\/\/asiamortar.com.vn\/ja\/?s={search_term_string}\",\"query-input\":\"required name=search_term_string\"}],\"inLanguage\":\"en-US\"},{\"@type\":\"ImageObject\",\"@id\":\"https:\/\/asiamortar.com.vn\/san-pham\/am-370\/#primaryimage\",\"inLanguage\":\"en-US\",\"url\":\"https:\/\/asiamortar.com.vn\/wp-content\/uploads\/2020\/06\/am-307.png\",\"width\":900,\"height\":1000,\"caption\":\"Am 307\"},{\"@type\":\"WebPage\",\"@id\":\"https:\/\/asiamortar.com.vn\/san-pham\/am-370\/#webpage\",\"url\":\"https:\/\/asiamortar.com.vn\/san-pham\/am-370\/\",\"name\":\"am 370 - ASIA MORTAR\",\"isPartOf\":{\"@id\":\"https:\/\/asiamortar.com.vn\/ja\/#website\"},\"primaryImageOfPage\":{\"@id\":\"https:\/\/asiamortar.com.vn\/san-pham\/am-370\/#primaryimage\"},\"datePublished\":\"2020-06-24T09:12:46+00:00\",\"dateModified\":\"2021-03-01T03:20:15+00:00\",\"inLanguage\":\"en-US\",\"potentialAction\":[{\"@type\":\"ReadAction\",\"target\":[\"https:\/\/asiamortar.com.vn\/san-pham\/am-370\/\"]}]}]}<\/script>\n<!-- \/ Yoast SEO plugin. -->","_links":{"self":[{"href":"https:\/\/asiamortar.com.vn\/en\/wp-json\/wp\/v2\/product\/555"}],"collection":[{"href":"https:\/\/asiamortar.com.vn\/en\/wp-json\/wp\/v2\/product"}],"about":[{"href":"https:\/\/asiamortar.com.vn\/en\/wp-json\/wp\/v2\/types\/product"}],"wp:featuredmedia":[{"embeddable":true,"href":"https:\/\/asiamortar.com.vn\/en\/wp-json\/wp\/v2\/media\/1779"}],"wp:attachment":[{"href":"https:\/\/asiamortar.com.vn\/en\/wp-json\/wp\/v2\/media?parent=555"}],"curies":[{"name":"wp","href":"https:\/\/api.w.org\/{rel}","templated":true}]}}