{"id":557,"date":"2020-06-24T16:14:05","date_gmt":"2020-06-24T09:14:05","guid":{"rendered":"http:\/\/asiamortar.com.vn\/?post_type=product&#038;p=557"},"modified":"2021-03-01T10:22:00","modified_gmt":"2021-03-01T03:22:00","slug":"am-epoximortar-203","status":"publish","type":"product","link":"https:\/\/asiamortar.com.vn\/en\/san-pham\/am-epoximortar-203\/","title":{"rendered":"am EpoxiMortar 203"},"content":{"rendered":"<p><\/p>\n<pre id=\"tw-target-text\" class=\"tw-data-text tw-text-large XcVN5d tw-ta\" dir=\"ltr\" data-placeholder=\"B\u1ea3n d\u1ecbch\"><span lang=\"en\" style=\"font-family: arial, helvetica, sans-serif;\">Am EPOXIBOND 203 is used for the construction and sealing of brick joints or covering joints, concrete spots. EPOXOBOND 203 can be used to bond cement-based building materials together and adhere well to steel and metal surfaces.\r\n\r\nADVANTAGES\r\n\r\nEasy to apply and perfect, quick to dry, quick to put into use.\r\nEasy to clean, clean with clean water when finished and before setting.\r\nFlexible post-mixing construction times allow for long editing and editing.\r\nWaterproofing, preventing water and erosion when dry.\r\nGood chemical resistance and resistance to chemicals.\r\nGood bonding and adhesion force for metal, concrete and ceramic tiles.<\/span><\/pre>\n<p><\/p>","protected":false},"excerpt":{"rendered":"<pre id=\"tw-target-text\" class=\"tw-data-text tw-text-large XcVN5d tw-ta\" dir=\"ltr\" data-placeholder=\"B\u1ea3n d\u1ecbch\"><span lang=\"en\" style=\"font-family: arial, helvetica, sans-serif;\">Am EPXIBOND 203 is a 2-component epoxy resin liquid mortar with high resistance to acids and chemicals, \r\nso it is used for the purposes of bonding, sealing joints, circuits of acid-resistant bricks or repairing, sealing cracked. \r\nThe product has 2 colors of gray and white.<\/span><\/pre>\n","protected":false},"featured_media":0,"template":"","meta":[],"yoast_head":"<!-- This site is optimized with the Yoast SEO plugin v15.3 - https:\/\/yoast.com\/wordpress\/plugins\/seo\/ -->\n<meta name=\"robots\" content=\"index, follow, max-snippet:-1, max-image-preview:large, max-video-preview:-1\" \/>\n<link rel=\"canonical\" href=\"https:\/\/asiamortar.com.vn\/san-pham\/am-epoximortar-203\/\" \/>\n<meta property=\"og:locale\" content=\"en_US\" \/>\n<meta property=\"og:type\" content=\"article\" \/>\n<meta property=\"og:title\" content=\"am EpoxiMortar 203 - ASIA MORTAR\" \/>\n<meta property=\"og:description\" content=\"[:vi]am EPXIBOND 203 l\u00e0 s\u1ea3n ph\u1ea9m v\u1eefa l\u1ecfng nh\u1ef1a Epoxy 2 th\u00e0nh ph\u1ea7n c\u00f3 t\u00ednh kh\u00e1ng a x\u00edt v\u00e0 h\u00f3a ch\u1ea5t cao n\u00ean \u0111\u01b0\u1ee3c s\u1ef1 d\u1ee5ng cho c\u00e1c m\u1ee5c \u0111\u00edch k\u1ebft d\u00ednh, tr\u00e1m b\u00edt khe, m\u1ea1ch c\u1ee7a g\u1ea1ch ch\u1ecbu acid ho\u1eb7c d\u00f9ng s\u1eeda ch\u1eefa,tr\u00e1m b\u00edt v\u1ebft n\u1ee9t. S\u1ea3n ph\u1ea9m c\u00f3 2 m\u00e0u x\u00e1m v\u00e0 tr\u1eafng.[:en]Am EPXIBOND 203 is a 2-component epoxy resin liquid mortar with high resistance to acids and chemicals,  so it is used for the purposes of bonding, sealing joints, circuits of acid-resistant bricks or repairing, sealing cracked.  The product has 2 colors of gray and white.[:]\" \/>\n<meta property=\"og:url\" content=\"https:\/\/asiamortar.com.vn\/san-pham\/am-epoximortar-203\/\" \/>\n<meta property=\"og:site_name\" content=\"ASIA MORTAR\" \/>\n<meta property=\"article:modified_time\" content=\"2021-03-01T03:22:00+00:00\" \/>\n<meta name=\"twitter:card\" content=\"summary_large_image\" \/>\n<meta name=\"twitter:label1\" content=\"Written by\">\n\t<meta name=\"twitter:data1\" content=\"Kh\u00e1ch H\u00e0ng Admin\">\n\t<meta name=\"twitter:label2\" content=\"Est. reading time\">\n\t<meta name=\"twitter:data2\" content=\"1 minute\">\n<script type=\"application\/ld+json\" class=\"yoast-schema-graph\">{\"@context\":\"https:\/\/schema.org\",\"@graph\":[{\"@type\":\"WebSite\",\"@id\":\"https:\/\/asiamortar.com.vn\/ja\/#website\",\"url\":\"https:\/\/asiamortar.com.vn\/ja\/\",\"name\":\"ASIA MORTAR\",\"description\":\"\",\"potentialAction\":[{\"@type\":\"SearchAction\",\"target\":\"https:\/\/asiamortar.com.vn\/ja\/?s={search_term_string}\",\"query-input\":\"required name=search_term_string\"}],\"inLanguage\":\"en-US\"},{\"@type\":\"WebPage\",\"@id\":\"https:\/\/asiamortar.com.vn\/san-pham\/am-epoximortar-203\/#webpage\",\"url\":\"https:\/\/asiamortar.com.vn\/san-pham\/am-epoximortar-203\/\",\"name\":\"am EpoxiMortar 203 - ASIA MORTAR\",\"isPartOf\":{\"@id\":\"https:\/\/asiamortar.com.vn\/ja\/#website\"},\"datePublished\":\"2020-06-24T09:14:05+00:00\",\"dateModified\":\"2021-03-01T03:22:00+00:00\",\"inLanguage\":\"en-US\",\"potentialAction\":[{\"@type\":\"ReadAction\",\"target\":[\"https:\/\/asiamortar.com.vn\/san-pham\/am-epoximortar-203\/\"]}]}]}<\/script>\n<!-- \/ Yoast SEO plugin. -->","_links":{"self":[{"href":"https:\/\/asiamortar.com.vn\/en\/wp-json\/wp\/v2\/product\/557"}],"collection":[{"href":"https:\/\/asiamortar.com.vn\/en\/wp-json\/wp\/v2\/product"}],"about":[{"href":"https:\/\/asiamortar.com.vn\/en\/wp-json\/wp\/v2\/types\/product"}],"wp:attachment":[{"href":"https:\/\/asiamortar.com.vn\/en\/wp-json\/wp\/v2\/media?parent=557"}],"curies":[{"name":"wp","href":"https:\/\/api.w.org\/{rel}","templated":true}]}}