{"id":559,"date":"2020-06-24T16:15:23","date_gmt":"2020-06-24T09:15:23","guid":{"rendered":"http:\/\/asiamortar.com.vn\/?post_type=product&#038;p=559"},"modified":"2020-12-09T13:47:11","modified_gmt":"2020-12-09T06:47:11","slug":"am-epoximortar-205","status":"publish","type":"product","link":"https:\/\/asiamortar.com.vn\/en\/san-pham\/am-epoximortar-205\/","title":{"rendered":"am EpoxiMortar 205"},"content":{"rendered":"<p><\/p>\n<p><strong>USES<\/strong><\/p>\n<ul style=\"list-style-type: disc;\">\n<li>Fill narrow load-bearing gaps such as between pre-cast concrete elements in bridge construction and steel plates to concrete in external steel reinforcement repairs.<\/li>\n<li>Bond bolts and starter bars placed in the horizontal position.<\/li>\n<li>Sealer for cement-based surfaces.<\/li>\n<\/ul>\n<p><strong>ADVANTAGES<\/strong><\/p>\n<ul style=\"list-style-type: disc;\">\n<li>Can be applied easily by trowel to horizontal or vertical surfaces without slump.<\/li>\n<li>Gives excellent adhesion between concrete\/concrete and concrete\/steel.<\/li>\n<li>Develops high mechanical strength without shrinkage stress.<\/li>\n<\/ul>\n<p><\/p>","protected":false},"excerpt":{"rendered":"<p style=\"text-align: justify;\">EPOXIMORTAR 205 is a solvent-free epoxy resin adhesive for bonding pre-cast concrete units together or steel units to concrete structures. It is formulated to have a paste consistency and is designed to be applied to the bonding surfaces before assembly. Normally the joint width is 1-2mm, however, EPOXIMORTAR 205 can be applied to vertical surfaces up to 10mm without slump.<\/p>\n","protected":false},"featured_media":1281,"template":"","meta":[],"yoast_head":"<!-- This site is optimized with the Yoast SEO plugin v15.3 - https:\/\/yoast.com\/wordpress\/plugins\/seo\/ -->\n<meta name=\"robots\" content=\"index, follow, max-snippet:-1, max-image-preview:large, max-video-preview:-1\" \/>\n<link rel=\"canonical\" href=\"https:\/\/asiamortar.com.vn\/san-pham\/am-epoximortar-205\/\" \/>\n<meta property=\"og:locale\" content=\"en_US\" \/>\n<meta property=\"og:type\" content=\"article\" \/>\n<meta property=\"og:title\" content=\"[:vi]am EPOXIMORTAR 205[:en]am EpoxiMortar 205[:zh]am EpoxiMortar 205[:kh]am EpoxiMortar 205 [:] - ASIA MORTAR\" \/>\n<meta property=\"og:description\" content=\"[:vi]am EPOXIMORTAR 205\u00a0 la\u0300 ch\u00e2\u0301t k\u00ea\u0301t di\u0301nh g\u00f4\u0301c nh\u01b0\u0323a epoxy kh\u00f4ng dung m\u00f4i du\u0300ng \u0111\u00ea\u0309 k\u00ea\u0301t di\u0301nh ca\u0301c k\u00ea\u0301t c\u00e2\u0301u b\u00ea t\u00f4ng \u0111\u00fac s\u1eb5n ho\u0103\u0323c d\u00f9ng \u0111\u1ec3 li\u00ean k\u1ebft c\u00e1c c\u1ea5u\u00a0 ki\u1ec7n the\u0301p v\u00e0o c\u00e1c k\u1ebft c\u00e2\u0301u b\u00ea t\u00f4ng. \u00a0 S\u1ea3n ph\u1ea9m co\u0301 \u0111\u01b0\u1ee3c \u0111\u1ed9 s\u1ec7t \u1ed5n \u0111\u1ecbnh \u0111\u1ec3 c\u00f3 th\u1ec3 \u0111\u00ea\u0309 thi c\u00f4ng l\u00ean b\u1ec1 m\u1eb7t tr\u01b0\u01a1\u0301c khi li\u00ean k\u1ebft. Th\u01b0\u01a1\u0300ng \u0111\u01b0\u1ee3c thi c\u00f4ng v\u1edbi \u0111\u1ed9 d\u00e0y t\u01b0\u0300\u00a0\u00a0 1-2mm, tuy nhi\u00ean am EPOXIMORTAR 205 c\u00f3 th\u1ec3 \u0111\u01b0\u1ee3c thi c\u00f4ng v\u1edbi \u0111\u1ed9 d\u00e0y 10 mm cho b\u1ec1\u00a0 m\u1eb7t \u0111\u1ee9ng m\u00e0 kh\u00f4ng s\u1ee3 b\u1ecb ch\u1ea3y s\u1ec7, v\u00f5ng xu\u1ed1ng.[:en]EPOXIMORTAR 205 is a solvent-free epoxy resin adhesive for bonding pre-cast concrete units together or steel units to concrete structures. It is formulated to have a paste consistency and is designed to be applied to the bonding surfaces before assembly. Normally the joint width is 1-2mm, however, EPOXIMORTAR 205 can be applied to vertical surfaces up to 10mm without slump.[:]\" \/>\n<meta property=\"og:url\" content=\"https:\/\/asiamortar.com.vn\/san-pham\/am-epoximortar-205\/\" \/>\n<meta property=\"og:site_name\" content=\"ASIA MORTAR\" \/>\n<meta property=\"article:modified_time\" content=\"2020-12-09T06:47:11+00:00\" \/>\n<meta property=\"og:image\" content=\"https:\/\/asiamortar.com.vn\/wp-content\/uploads\/2020\/06\/z2200385820367_54f3caf93a97cf78a1f8c2a71a554b0b-2.jpg\" \/>\n\t<meta property=\"og:image:width\" content=\"960\" \/>\n\t<meta property=\"og:image:height\" content=\"718\" \/>\n<meta name=\"twitter:card\" content=\"summary_large_image\" \/>\n<meta name=\"twitter:label1\" content=\"Written by\">\n\t<meta name=\"twitter:data1\" content=\"Kh\u00e1ch H\u00e0ng Admin\">\n\t<meta name=\"twitter:label2\" content=\"Est. reading time\">\n\t<meta name=\"twitter:data2\" content=\"1 minute\">\n<script type=\"application\/ld+json\" class=\"yoast-schema-graph\">{\"@context\":\"https:\/\/schema.org\",\"@graph\":[{\"@type\":\"WebSite\",\"@id\":\"https:\/\/asiamortar.com.vn\/ja\/#website\",\"url\":\"https:\/\/asiamortar.com.vn\/ja\/\",\"name\":\"ASIA MORTAR\",\"description\":\"\",\"potentialAction\":[{\"@type\":\"SearchAction\",\"target\":\"https:\/\/asiamortar.com.vn\/ja\/?s={search_term_string}\",\"query-input\":\"required name=search_term_string\"}],\"inLanguage\":\"en-US\"},{\"@type\":\"ImageObject\",\"@id\":\"https:\/\/asiamortar.com.vn\/san-pham\/am-epoximortar-205\/#primaryimage\",\"inLanguage\":\"en-US\",\"url\":\"https:\/\/asiamortar.com.vn\/wp-content\/uploads\/2020\/06\/z2200385820367_54f3caf93a97cf78a1f8c2a71a554b0b-2.jpg\",\"width\":960,\"height\":718,\"caption\":\"Z2200385820367 54f3caf93a97cf78a1f8c2a71a554b0b\"},{\"@type\":\"WebPage\",\"@id\":\"https:\/\/asiamortar.com.vn\/san-pham\/am-epoximortar-205\/#webpage\",\"url\":\"https:\/\/asiamortar.com.vn\/san-pham\/am-epoximortar-205\/\",\"name\":\"[:vi]am EPOXIMORTAR 205[:en]am EpoxiMortar 205[:zh]am EpoxiMortar 205[:kh]am EpoxiMortar 205 [:] - ASIA MORTAR\",\"isPartOf\":{\"@id\":\"https:\/\/asiamortar.com.vn\/ja\/#website\"},\"primaryImageOfPage\":{\"@id\":\"https:\/\/asiamortar.com.vn\/san-pham\/am-epoximortar-205\/#primaryimage\"},\"datePublished\":\"2020-06-24T09:15:23+00:00\",\"dateModified\":\"2020-12-09T06:47:11+00:00\",\"inLanguage\":\"en-US\",\"potentialAction\":[{\"@type\":\"ReadAction\",\"target\":[\"https:\/\/asiamortar.com.vn\/san-pham\/am-epoximortar-205\/\"]}]}]}<\/script>\n<!-- \/ Yoast SEO plugin. -->","_links":{"self":[{"href":"https:\/\/asiamortar.com.vn\/en\/wp-json\/wp\/v2\/product\/559"}],"collection":[{"href":"https:\/\/asiamortar.com.vn\/en\/wp-json\/wp\/v2\/product"}],"about":[{"href":"https:\/\/asiamortar.com.vn\/en\/wp-json\/wp\/v2\/types\/product"}],"wp:featuredmedia":[{"embeddable":true,"href":"https:\/\/asiamortar.com.vn\/en\/wp-json\/wp\/v2\/media\/1281"}],"wp:attachment":[{"href":"https:\/\/asiamortar.com.vn\/en\/wp-json\/wp\/v2\/media?parent=559"}],"curies":[{"name":"wp","href":"https:\/\/api.w.org\/{rel}","templated":true}]}}