{"id":1048,"date":"2020-08-25T17:24:24","date_gmt":"2020-08-25T10:24:24","guid":{"rendered":"http:\/\/asiamortar.com.vn\/?post_type=product&#038;p=1048"},"modified":"2020-12-22T23:48:43","modified_gmt":"2020-12-22T16:48:43","slug":"am-flexproof-530wb","status":"publish","type":"product","link":"https:\/\/asiamortar.com.vn\/ja\/san-pham\/am-flexproof-530wb\/","title":{"rendered":"Am Flexproof 530WB"},"content":{"rendered":"<p class=\"qtranxs-available-languages-message qtranxs-available-languages-message-ja\">\u7533\u3057\u8a33\u3042\u308a\u307e\u305b\u3093\u3001\u3053\u306e\u30b3\u30f3\u30c6\u30f3\u30c4\u306f\u305f\u3060\u4eca\u3000<a href=\"https:\/\/asiamortar.com.vn\/vi\/wp-json\/wp\/v2\/product\/1048\" class=\"qtranxs-available-language-link qtranxs-available-language-link-vi\" title=\"Ti\u1ebfng Vi\u1ec7t\">\u30d9\u30c8\u30ca\u30e0\u8a9e<\/a>\u3068 <a href=\"https:\/\/asiamortar.com.vn\/en\/wp-json\/wp\/v2\/product\/1048\" class=\"qtranxs-available-language-link qtranxs-available-language-link-en\" title=\"English\">\u30a2\u30e1\u30ea\u30ab\u82f1\u8a9e<\/a>\u3000\u306e\u307f\u3067\u3059\u3002<\/p>","protected":false},"excerpt":{"rendered":"<p class=\"qtranxs-available-languages-message qtranxs-available-languages-message-ja\">\u7533\u3057\u8a33\u3042\u308a\u307e\u305b\u3093\u3001\u3053\u306e\u30b3\u30f3\u30c6\u30f3\u30c4\u306f\u305f\u3060\u4eca\u3000<a href=\"https:\/\/asiamortar.com.vn\/vi\/wp-json\/wp\/v2\/product\/1048\" class=\"qtranxs-available-language-link qtranxs-available-language-link-vi\" title=\"Ti\u1ebfng Vi\u1ec7t\">\u30d9\u30c8\u30ca\u30e0\u8a9e<\/a>\u3068 <a href=\"https:\/\/asiamortar.com.vn\/en\/wp-json\/wp\/v2\/product\/1048\" class=\"qtranxs-available-language-link qtranxs-available-language-link-en\" title=\"English\">\u30a2\u30e1\u30ea\u30ab\u82f1\u8a9e<\/a>\u3000\u306e\u307f\u3067\u3059\u3002<\/p>\n","protected":false},"featured_media":0,"template":"","meta":[],"yoast_head":"<!-- This site is optimized with the Yoast SEO plugin v15.3 - https:\/\/yoast.com\/wordpress\/plugins\/seo\/ -->\n<meta name=\"robots\" content=\"index, follow, max-snippet:-1, max-image-preview:large, max-video-preview:-1\" \/>\n<link rel=\"canonical\" href=\"https:\/\/asiamortar.com.vn\/san-pham\/am-flexproof-530wb\/\" \/>\n<meta property=\"og:locale\" content=\"ja_JP\" \/>\n<meta property=\"og:type\" content=\"article\" \/>\n<meta property=\"og:title\" content=\"[:vi]Am Flexproof 530WB[:en]Am Flexproof 530WB[:] - ASIA MORTAR\" \/>\n<meta property=\"og:description\" content=\"[:vi]L\u00e0 s\u1ea3n ph\u1ea9m ch\u1ed1ng th\u1ea5m m\u1ed9t th\u00e0nh ph\u1ea7n g\u1ed1c bitum trong n\u01b0\u1edbc, th\u00e2n thi\u1ec7n v\u1edbi m\u00f4i tr\u01b0\u1eddng. AM FLEXPROOF 530WB c\u00f3 h\u00e0m l\u01b0\u1ee3ng ch\u1ea5t r\u1eafn cao v\u00e0 c\u00e1c t\u00ednh c\u01a1 l\u00fd si\u00eau \u0111\u00e0n h\u1ed3i l\u00ean \u0111\u1ebfn 500%. AM FLEXPROOF 530WB c\u00f3 kh\u1ea3 n\u0103ng che l\u1ea5p, ch\u1ecbu \u0111\u01b0\u1ee3c c\u00e1c v\u1ebft n\u1ee9t m\u1edbi tr\u00ean 2mm.   S\u1ea3n ph\u1ea9m c\u00f3 m\u00e0u \u0111en n\u00e2u v\u00e0 t\u1ea1o th\u00e0nh l\u1edbp m\u00e0ng si\u00eau d\u1ebbo m\u00e0u \u0111en khi \u0111\u00e3 kh\u00f4.[:en]The environmentally friendly one-part AM FLEXPROOF 530WB\u00a0 is a water-borne product. It has a high solid content and a good elongation properties which stretch up to a minimum of 500%.\u00a0 Flexproof 530WB is also capable of bridging cracks up to 2mm.\u00a0 Its colour is brownish black and dries to a tough flexible dark black coating..[:]\" \/>\n<meta property=\"og:url\" content=\"https:\/\/asiamortar.com.vn\/san-pham\/am-flexproof-530wb\/\" \/>\n<meta property=\"og:site_name\" content=\"ASIA MORTAR\" \/>\n<meta property=\"article:modified_time\" content=\"2020-12-22T16:48:43+00:00\" \/>\n<meta name=\"twitter:card\" content=\"summary_large_image\" \/>\n<meta name=\"twitter:label1\" content=\"Written by\">\n\t<meta name=\"twitter:data1\" content=\"Kh\u00e1ch H\u00e0ng Admin\">\n\t<meta name=\"twitter:label2\" content=\"Est. reading time\">\n\t<meta name=\"twitter:data2\" content=\"2\u5206\">\n<script type=\"application\/ld+json\" class=\"yoast-schema-graph\">{\"@context\":\"https:\/\/schema.org\",\"@graph\":[{\"@type\":\"WebSite\",\"@id\":\"https:\/\/asiamortar.com.vn\/ja\/#website\",\"url\":\"https:\/\/asiamortar.com.vn\/ja\/\",\"name\":\"ASIA MORTAR\",\"description\":\"\",\"potentialAction\":[{\"@type\":\"SearchAction\",\"target\":\"https:\/\/asiamortar.com.vn\/ja\/?s={search_term_string}\",\"query-input\":\"required name=search_term_string\"}],\"inLanguage\":\"ja\"},{\"@type\":\"WebPage\",\"@id\":\"https:\/\/asiamortar.com.vn\/san-pham\/am-flexproof-530wb\/#webpage\",\"url\":\"https:\/\/asiamortar.com.vn\/san-pham\/am-flexproof-530wb\/\",\"name\":\"[:vi]Am Flexproof 530WB[:en]Am Flexproof 530WB[:] - ASIA MORTAR\",\"isPartOf\":{\"@id\":\"https:\/\/asiamortar.com.vn\/ja\/#website\"},\"datePublished\":\"2020-08-25T10:24:24+00:00\",\"dateModified\":\"2020-12-22T16:48:43+00:00\",\"inLanguage\":\"ja\",\"potentialAction\":[{\"@type\":\"ReadAction\",\"target\":[\"https:\/\/asiamortar.com.vn\/san-pham\/am-flexproof-530wb\/\"]}]}]}<\/script>\n<!-- \/ Yoast SEO plugin. -->","_links":{"self":[{"href":"https:\/\/asiamortar.com.vn\/ja\/wp-json\/wp\/v2\/product\/1048"}],"collection":[{"href":"https:\/\/asiamortar.com.vn\/ja\/wp-json\/wp\/v2\/product"}],"about":[{"href":"https:\/\/asiamortar.com.vn\/ja\/wp-json\/wp\/v2\/types\/product"}],"wp:attachment":[{"href":"https:\/\/asiamortar.com.vn\/ja\/wp-json\/wp\/v2\/media?parent=1048"}],"curies":[{"name":"wp","href":"https:\/\/api.w.org\/{rel}","templated":true}]}}