{"id":1054,"date":"2020-09-03T11:31:17","date_gmt":"2020-09-03T04:31:17","guid":{"rendered":"http:\/\/asiamortar.com.vn\/?post_type=product&#038;p=1054"},"modified":"2023-12-01T11:10:46","modified_gmt":"2023-12-01T04:10:46","slug":"am-pu-cote-406f","status":"publish","type":"product","link":"https:\/\/asiamortar.com.vn\/ja\/san-pham\/am-pu-cote-406f\/","title":{"rendered":"Am Pu &#8211; Cote 406F"},"content":{"rendered":"<p class=\"qtranxs-available-languages-message qtranxs-available-languages-message-ja\">\u7533\u3057\u8a33\u3042\u308a\u307e\u305b\u3093\u3001\u3053\u306e\u30b3\u30f3\u30c6\u30f3\u30c4\u306f\u305f\u3060\u4eca\u3000<a href=\"https:\/\/asiamortar.com.vn\/vi\/wp-json\/wp\/v2\/product\/1054\" class=\"qtranxs-available-language-link qtranxs-available-language-link-vi\" title=\"Ti\u1ebfng Vi\u1ec7t\">\u30d9\u30c8\u30ca\u30e0\u8a9e<\/a>\u3068 <a href=\"https:\/\/asiamortar.com.vn\/en\/wp-json\/wp\/v2\/product\/1054\" class=\"qtranxs-available-language-link qtranxs-available-language-link-en\" title=\"English\">\u30a2\u30e1\u30ea\u30ab\u82f1\u8a9e<\/a>\u3000\u306e\u307f\u3067\u3059\u3002<\/p>","protected":false},"excerpt":{"rendered":"<p class=\"qtranxs-available-languages-message qtranxs-available-languages-message-ja\">\u7533\u3057\u8a33\u3042\u308a\u307e\u305b\u3093\u3001\u3053\u306e\u30b3\u30f3\u30c6\u30f3\u30c4\u306f\u305f\u3060\u4eca\u3000<a href=\"https:\/\/asiamortar.com.vn\/vi\/wp-json\/wp\/v2\/product\/1054\" class=\"qtranxs-available-language-link qtranxs-available-language-link-vi\" title=\"Ti\u1ebfng Vi\u1ec7t\">\u30d9\u30c8\u30ca\u30e0\u8a9e<\/a>\u3068 <a href=\"https:\/\/asiamortar.com.vn\/en\/wp-json\/wp\/v2\/product\/1054\" class=\"qtranxs-available-language-link qtranxs-available-language-link-en\" title=\"English\">\u30a2\u30e1\u30ea\u30ab\u82f1\u8a9e<\/a>\u3000\u306e\u307f\u3067\u3059\u3002<\/p>\n","protected":false},"featured_media":2427,"template":"","meta":[],"yoast_head":"<!-- This site is optimized with the Yoast SEO plugin v15.3 - https:\/\/yoast.com\/wordpress\/plugins\/seo\/ -->\n<meta name=\"robots\" content=\"index, follow, max-snippet:-1, max-image-preview:large, max-video-preview:-1\" \/>\n<link rel=\"canonical\" href=\"https:\/\/asiamortar.com.vn\/san-pham\/am-pu-cote-406f\/\" \/>\n<meta property=\"og:locale\" content=\"ja_JP\" \/>\n<meta property=\"og:type\" content=\"article\" \/>\n<meta property=\"og:title\" content=\"[:vi]AM PU - COTE 406F[:en]AM PU - COTE 406F[:zh]Am Pu - Cote 406F[:kh]Am Pu - Cote 406F[:ja]Am Pu - Cote 406F[:] - ASIA MORTAR\" \/>\n<meta property=\"og:description\" content=\"[:vi]  AM PU-COTE 406F l\u00e0 l\u1edbp ph\u1ee7 s\u00e0n m\u1ecfng polyurethane h\u1ea1ng trung, g\u1ed1c dung m\u00f4i, c\u00f3 m\u00e0u, m\u1ed9t th\u00e0nh ph\u1ea7n, ch\u1ed1ng m\u00e0i m\u00f2n. L\u01b0u h\u00f3a b\u1edfi ph\u1ea3n \u1ee9ng s\u00e0n n\u1ec1n v\u00e0 \u00a0h\u01a1i \u00a0n\u01b0\u1edbc trong s\u00e0n.  Ph\u00f9 h\u1ee3p cho b\u1ec1 m\u1eb7t ngo\u00e0i tr\u1eddi nh\u01b0 m\u1ed9t ch\u1ea5t \u1ed5n \u0111\u1ecbnh m\u00e0u, ch\u1ecbu tia UV v\u00e0 ch\u1ecbu th\u1eddi ti\u1ebft. [:en]  AM PU-COTE 406F is a medium, solvent-based, color-resistant, one component, polyurethane thin floor coating. Cured by reacting the floor and water vapor in the floor.  Suitable for outdoor surface as a color stabilizer, UV and weather resistant. [:]\" \/>\n<meta property=\"og:url\" content=\"https:\/\/asiamortar.com.vn\/san-pham\/am-pu-cote-406f\/\" \/>\n<meta property=\"og:site_name\" content=\"ASIA MORTAR\" \/>\n<meta property=\"article:modified_time\" content=\"2023-12-01T04:10:46+00:00\" \/>\n<meta property=\"og:image\" content=\"https:\/\/asiamortar.com.vn\/wp-content\/uploads\/2020\/09\/AM-PU-COTE-406F.png\" \/>\n\t<meta property=\"og:image:width\" content=\"900\" \/>\n\t<meta property=\"og:image:height\" content=\"1000\" \/>\n<meta name=\"twitter:card\" content=\"summary_large_image\" \/>\n<meta name=\"twitter:label1\" content=\"Written by\">\n\t<meta name=\"twitter:data1\" content=\"Kh\u00e1ch H\u00e0ng Admin\">\n\t<meta name=\"twitter:label2\" content=\"Est. reading time\">\n\t<meta name=\"twitter:data2\" content=\"1\u5206\">\n<script type=\"application\/ld+json\" class=\"yoast-schema-graph\">{\"@context\":\"https:\/\/schema.org\",\"@graph\":[{\"@type\":\"WebSite\",\"@id\":\"https:\/\/asiamortar.com.vn\/ja\/#website\",\"url\":\"https:\/\/asiamortar.com.vn\/ja\/\",\"name\":\"ASIA MORTAR\",\"description\":\"\",\"potentialAction\":[{\"@type\":\"SearchAction\",\"target\":\"https:\/\/asiamortar.com.vn\/ja\/?s={search_term_string}\",\"query-input\":\"required name=search_term_string\"}],\"inLanguage\":\"ja\"},{\"@type\":\"ImageObject\",\"@id\":\"https:\/\/asiamortar.com.vn\/san-pham\/am-pu-cote-406f\/#primaryimage\",\"inLanguage\":\"ja\",\"url\":\"https:\/\/asiamortar.com.vn\/wp-content\/uploads\/2020\/09\/AM-PU-COTE-406F.png\",\"width\":900,\"height\":1000,\"caption\":\"Am Pu Cote 406f\"},{\"@type\":\"WebPage\",\"@id\":\"https:\/\/asiamortar.com.vn\/san-pham\/am-pu-cote-406f\/#webpage\",\"url\":\"https:\/\/asiamortar.com.vn\/san-pham\/am-pu-cote-406f\/\",\"name\":\"[:vi]AM PU - COTE 406F[:en]AM PU - COTE 406F[:zh]Am Pu - Cote 406F[:kh]Am Pu - Cote 406F[:ja]Am Pu - Cote 406F[:] - ASIA MORTAR\",\"isPartOf\":{\"@id\":\"https:\/\/asiamortar.com.vn\/ja\/#website\"},\"primaryImageOfPage\":{\"@id\":\"https:\/\/asiamortar.com.vn\/san-pham\/am-pu-cote-406f\/#primaryimage\"},\"datePublished\":\"2020-09-03T04:31:17+00:00\",\"dateModified\":\"2023-12-01T04:10:46+00:00\",\"inLanguage\":\"ja\",\"potentialAction\":[{\"@type\":\"ReadAction\",\"target\":[\"https:\/\/asiamortar.com.vn\/san-pham\/am-pu-cote-406f\/\"]}]}]}<\/script>\n<!-- \/ Yoast SEO plugin. -->","_links":{"self":[{"href":"https:\/\/asiamortar.com.vn\/ja\/wp-json\/wp\/v2\/product\/1054"}],"collection":[{"href":"https:\/\/asiamortar.com.vn\/ja\/wp-json\/wp\/v2\/product"}],"about":[{"href":"https:\/\/asiamortar.com.vn\/ja\/wp-json\/wp\/v2\/types\/product"}],"wp:featuredmedia":[{"embeddable":true,"href":"https:\/\/asiamortar.com.vn\/ja\/wp-json\/wp\/v2\/media\/2427"}],"wp:attachment":[{"href":"https:\/\/asiamortar.com.vn\/ja\/wp-json\/wp\/v2\/media?parent=1054"}],"curies":[{"name":"wp","href":"https:\/\/api.w.org\/{rel}","templated":true}]}}