{"id":1157,"date":"2020-09-24T15:32:18","date_gmt":"2020-09-24T08:32:18","guid":{"rendered":"http:\/\/asiamortar.com.vn\/?post_type=product&#038;p=1157"},"modified":"2021-02-23T16:30:38","modified_gmt":"2021-02-23T09:30:38","slug":"am-epoxymortar-uw","status":"publish","type":"product","link":"https:\/\/asiamortar.com.vn\/ja\/san-pham\/am-epoxymortar-uw\/","title":{"rendered":"Am Epoxymortar UW"},"content":{"rendered":"<p class=\"qtranxs-available-languages-message qtranxs-available-languages-message-ja\">\u7533\u3057\u8a33\u3042\u308a\u307e\u305b\u3093\u3001\u3053\u306e\u30b3\u30f3\u30c6\u30f3\u30c4\u306f\u305f\u3060\u4eca\u3000<a href=\"https:\/\/asiamortar.com.vn\/vi\/wp-json\/wp\/v2\/product\/1157\" class=\"qtranxs-available-language-link qtranxs-available-language-link-vi\" title=\"Ti\u1ebfng Vi\u1ec7t\">\u30d9\u30c8\u30ca\u30e0\u8a9e<\/a>\u3068 <a href=\"https:\/\/asiamortar.com.vn\/en\/wp-json\/wp\/v2\/product\/1157\" class=\"qtranxs-available-language-link qtranxs-available-language-link-en\" title=\"English\">\u30a2\u30e1\u30ea\u30ab\u82f1\u8a9e<\/a>\u3000\u306e\u307f\u3067\u3059\u3002<\/p>","protected":false},"excerpt":{"rendered":"<p class=\"qtranxs-available-languages-message qtranxs-available-languages-message-ja\">\u7533\u3057\u8a33\u3042\u308a\u307e\u305b\u3093\u3001\u3053\u306e\u30b3\u30f3\u30c6\u30f3\u30c4\u306f\u305f\u3060\u4eca\u3000<a href=\"https:\/\/asiamortar.com.vn\/vi\/wp-json\/wp\/v2\/product\/1157\" class=\"qtranxs-available-language-link qtranxs-available-language-link-vi\" title=\"Ti\u1ebfng Vi\u1ec7t\">\u30d9\u30c8\u30ca\u30e0\u8a9e<\/a>\u3068 <a href=\"https:\/\/asiamortar.com.vn\/en\/wp-json\/wp\/v2\/product\/1157\" class=\"qtranxs-available-language-link qtranxs-available-language-link-en\" title=\"English\">\u30a2\u30e1\u30ea\u30ab\u82f1\u8a9e<\/a>\u3000\u306e\u307f\u3067\u3059\u3002<\/p>\n","protected":false},"featured_media":0,"template":"","meta":[],"yoast_head":"<!-- This site is optimized with the Yoast SEO plugin v15.3 - https:\/\/yoast.com\/wordpress\/plugins\/seo\/ -->\n<meta name=\"robots\" content=\"index, follow, max-snippet:-1, max-image-preview:large, max-video-preview:-1\" \/>\n<link rel=\"canonical\" href=\"https:\/\/asiamortar.com.vn\/san-pham\/am-epoxymortar-uw\/\" \/>\n<meta property=\"og:locale\" content=\"ja_JP\" \/>\n<meta property=\"og:type\" content=\"article\" \/>\n<meta property=\"og:title\" content=\"Am Epoxymortar UW - ASIA MORTAR\" \/>\n<meta property=\"og:description\" content=\"[:vi]am Epoxy Mortar UW l\u00e0 v\u1eefa epoxy c\u00f3 c\u00f4ng th\u1ee9c \u0111\u1eb7c bi\u1ec7t cho nhi\u1ec1u \u1ee9ng d\u1ee5ng kh\u00e1c nhau.  N\u00f3 \u0111\u01b0\u1ee3c tr\u1ed9n s\u1eb5n \u1edf d\u1ea1ng hai th\u00e0nh ph\u1ea7n \u0111\u1ec3 d\u1ec5 d\u00e0ng tr\u1ed9n t\u1ea1i hi\u1ec7n tr\u01b0\u1eddng v\u00e0 kh\u00e1c bi\u1ec7t trong x\u00e1c nh\u1eadn tr\u1ef1c quan v\u1ec1 vi\u1ec7c tr\u1ed9n \u0111\u1ed3ng nh\u1ea5t t\u1ea1i ch\u1ed7. am Epoxy Mortar UW th\u00edch h\u1ee3p s\u1eed d\u1ee5ng trong c\u00e1c \u0111i\u1ec1u ki\u1ec7n \u0111\u1eb7c bi\u1ec7t \u1ea9m \u01b0\u1edbt v\u00e0 c\u00e1c \u1ee9ng d\u1ee5ng d\u01b0\u1edbi n\u01b0\u1edbc.  C\u01b0\u1eddng \u0111\u1ed9 n\u00e9n l\u00e0 45 N \/ mm\u00b2 cung c\u1ea5p m\u1ed9t l\u1edbp b\u1ea3o v\u1ec7 ch\u1eafc ch\u1eafn, d\u00e0y \u0111\u1eb7c v\u00e0 t\u1ed1t nh\u1ea5t ch\u1ed1ng l\u1ea1i s\u1ef1 t\u1ea5n c\u00f4ng \u0103n m\u00f2n.  N\u00f3 \u0111\u01b0\u1ee3c khuy\u1ebfn ngh\u1ecb \u0111\u1ec3 s\u1eeda ch\u1eefa ho\u1eb7c ph\u1ee5c h\u1ed3i c\u00e1c c\u00f4ng tr\u00ecnh ch\u1ecbu t\u00e1c \u0111\u1ed9ng m\u1ea1nh c\u1ee7a bi\u1ec3n nh\u01b0 c\u1ea7u c\u1ea3ng b\u00ea t\u00f4ng v\u00e0 t\u01b0\u1eddng bi\u1ec3n.  N\u00f3 c\u0169ng th\u00edch h\u1ee3p \u0111\u1ec3 s\u1eeda ch\u1eefa c\u00e1c k\u1ebft c\u1ea5u b\u00ea t\u00f4ng v\u00e0 th\u00e9p ch\u00ecm. Sau khi tr\u1ed9n th\u00e0nh ph\u1ea7n A &amp; B, V\u1eefa Epoxy c\u00f3 th\u1ec3 \u0111\u01b0\u1ee3c \u0111\u00f3ng g\u00f3i trong t\u00fai polythene \u0111\u1ec3 s\u1eed d\u1ee5ng d\u01b0\u1edbi n\u01b0\u1edbc.[:en]am Epoxy Mortar UW is specially formulated epoxy mortar for a wide variety of applications. It is ready-mixed in twocomponent for easy mixing at site and is different in visual confirmation of homogenous mixing on site. am Epoxy Mortar UW is suitable for use in exceptionally wet conditions and underwater applications. The compressive strength is 45 N\/mm\u00b2 providing a strong, dense and best protection against corrosive attack. It is recommended for fixing or reinstating structures exposed to the heavy battering of the sea such as concrete jetties and sea walls. It is also suitable for repairing submerged steelwork and concrete structures. After mixing component A &amp; B, the Epoxy Mortar may be packed in polythene bag for underwater usage.[:]\" \/>\n<meta property=\"og:url\" content=\"https:\/\/asiamortar.com.vn\/san-pham\/am-epoxymortar-uw\/\" \/>\n<meta property=\"og:site_name\" content=\"ASIA MORTAR\" \/>\n<meta property=\"article:modified_time\" content=\"2021-02-23T09:30:38+00:00\" \/>\n<meta name=\"twitter:card\" content=\"summary_large_image\" \/>\n<meta name=\"twitter:label1\" content=\"Written by\">\n\t<meta name=\"twitter:data1\" content=\"Kh\u00e1ch H\u00e0ng Admin\">\n\t<meta name=\"twitter:label2\" content=\"Est. reading time\">\n\t<meta name=\"twitter:data2\" content=\"1\u5206\">\n<script type=\"application\/ld+json\" class=\"yoast-schema-graph\">{\"@context\":\"https:\/\/schema.org\",\"@graph\":[{\"@type\":\"WebSite\",\"@id\":\"https:\/\/asiamortar.com.vn\/ja\/#website\",\"url\":\"https:\/\/asiamortar.com.vn\/ja\/\",\"name\":\"ASIA MORTAR\",\"description\":\"\",\"potentialAction\":[{\"@type\":\"SearchAction\",\"target\":\"https:\/\/asiamortar.com.vn\/ja\/?s={search_term_string}\",\"query-input\":\"required name=search_term_string\"}],\"inLanguage\":\"ja\"},{\"@type\":\"WebPage\",\"@id\":\"https:\/\/asiamortar.com.vn\/san-pham\/am-epoxymortar-uw\/#webpage\",\"url\":\"https:\/\/asiamortar.com.vn\/san-pham\/am-epoxymortar-uw\/\",\"name\":\"Am Epoxymortar UW - ASIA MORTAR\",\"isPartOf\":{\"@id\":\"https:\/\/asiamortar.com.vn\/ja\/#website\"},\"datePublished\":\"2020-09-24T08:32:18+00:00\",\"dateModified\":\"2021-02-23T09:30:38+00:00\",\"inLanguage\":\"ja\",\"potentialAction\":[{\"@type\":\"ReadAction\",\"target\":[\"https:\/\/asiamortar.com.vn\/san-pham\/am-epoxymortar-uw\/\"]}]}]}<\/script>\n<!-- \/ Yoast SEO plugin. -->","_links":{"self":[{"href":"https:\/\/asiamortar.com.vn\/ja\/wp-json\/wp\/v2\/product\/1157"}],"collection":[{"href":"https:\/\/asiamortar.com.vn\/ja\/wp-json\/wp\/v2\/product"}],"about":[{"href":"https:\/\/asiamortar.com.vn\/ja\/wp-json\/wp\/v2\/types\/product"}],"wp:attachment":[{"href":"https:\/\/asiamortar.com.vn\/ja\/wp-json\/wp\/v2\/media?parent=1157"}],"curies":[{"name":"wp","href":"https:\/\/api.w.org\/{rel}","templated":true}]}}