{"id":1490,"date":"2020-12-31T08:17:13","date_gmt":"2020-12-31T01:17:13","guid":{"rendered":"https:\/\/asiamortar.com.vn\/?post_type=product&#038;p=1490"},"modified":"2021-03-01T10:02:32","modified_gmt":"2021-03-01T03:02:32","slug":"amtilebond-plus","status":"publish","type":"product","link":"https:\/\/asiamortar.com.vn\/ja\/san-pham\/amtilebond-plus\/","title":{"rendered":"am TileBond Plus"},"content":{"rendered":"<p class=\"qtranxs-available-languages-message qtranxs-available-languages-message-ja\">\u7533\u3057\u8a33\u3042\u308a\u307e\u305b\u3093\u3001\u3053\u306e\u30b3\u30f3\u30c6\u30f3\u30c4\u306f\u305f\u3060\u4eca\u3000<a href=\"https:\/\/asiamortar.com.vn\/vi\/wp-json\/wp\/v2\/product\/1490\" class=\"qtranxs-available-language-link qtranxs-available-language-link-vi\" title=\"Ti\u1ebfng Vi\u1ec7t\">\u30d9\u30c8\u30ca\u30e0\u8a9e<\/a>\u3068 <a href=\"https:\/\/asiamortar.com.vn\/en\/wp-json\/wp\/v2\/product\/1490\" class=\"qtranxs-available-language-link qtranxs-available-language-link-en\" title=\"English\">\u30a2\u30e1\u30ea\u30ab\u82f1\u8a9e<\/a>\u3000\u306e\u307f\u3067\u3059\u3002<\/p>","protected":false},"excerpt":{"rendered":"<p class=\"qtranxs-available-languages-message qtranxs-available-languages-message-ja\">\u7533\u3057\u8a33\u3042\u308a\u307e\u305b\u3093\u3001\u3053\u306e\u30b3\u30f3\u30c6\u30f3\u30c4\u306f\u305f\u3060\u4eca\u3000<a href=\"https:\/\/asiamortar.com.vn\/vi\/wp-json\/wp\/v2\/product\/1490\" class=\"qtranxs-available-language-link qtranxs-available-language-link-vi\" title=\"Ti\u1ebfng Vi\u1ec7t\">\u30d9\u30c8\u30ca\u30e0\u8a9e<\/a>\u3068 <a href=\"https:\/\/asiamortar.com.vn\/en\/wp-json\/wp\/v2\/product\/1490\" class=\"qtranxs-available-language-link qtranxs-available-language-link-en\" title=\"English\">\u30a2\u30e1\u30ea\u30ab\u82f1\u8a9e<\/a>\u3000\u306e\u307f\u3067\u3059\u3002<\/p>\n","protected":false},"featured_media":620,"template":"","meta":[],"yoast_head":"<!-- This site is optimized with the Yoast SEO plugin v15.3 - https:\/\/yoast.com\/wordpress\/plugins\/seo\/ -->\n<meta name=\"robots\" content=\"index, follow, max-snippet:-1, max-image-preview:large, max-video-preview:-1\" \/>\n<link rel=\"canonical\" href=\"https:\/\/asiamortar.com.vn\/san-pham\/amtilebond-plus\/\" \/>\n<meta property=\"og:locale\" content=\"ja_JP\" \/>\n<meta property=\"og:type\" content=\"article\" \/>\n<meta property=\"og:title\" content=\"[:vi]am TileBond Plus[:en]am TileBond Plus[:] - ASIA MORTAR\" \/>\n<meta property=\"og:description\" content=\"[:vi]am TILEBOND PLUS l\u00e0 keo d\u00e1n g\u1ea1ch cao c\u1ea5p g\u1ed1c xi m\u0103ng \u2013 Polymer c\u1ea3i ti\u1ebfn. Khi tr\u1ed9n v\u1edbi n\u01b0\u1edbc, am TILEBOND PLUS t\u1ea1o th\u00e0nh h\u1ed7n h\u1ee3p v\u1eefa r\u1ea5t d\u1ebbo v\u00e0 \u0111\u1ed3ng nh\u1ea5t. Sau khi \u0111\u00f3ng r\u1eafn, c\u00e1c t\u00ednh n\u0103ng c\u01a1 l\u00fd c\u1ee7a am TILEBOND PLUS nh\u01b0 \u0111\u1ed9 b\u00e1m d\u00ednh, co ng\u00f3t, ch\u1ed1ng th\u1ea5m, co gi\u00e3n\u2026 c\u00f3 k\u1ebft qu\u1ea3 r\u1ea5t t\u1ed1t. am TILEBOND PLUS ph\u00f9 h\u1ee3p v\u1edbi c\u00e1c y\u00eau c\u1ea7u theo ti\u00eau chu\u1ea9n BS EN 1348.[:en]am TILEBOND PLUS is a polymer-modified cementitious tile adhesive. When mixed with water, it gives excellent workable consistency and when its cured, it displays excellent physical properties. am TILEBOND PLUS confirms to BS EN 1348 requirements.[:]\" \/>\n<meta property=\"og:url\" content=\"https:\/\/asiamortar.com.vn\/san-pham\/amtilebond-plus\/\" \/>\n<meta property=\"og:site_name\" content=\"ASIA MORTAR\" \/>\n<meta property=\"article:modified_time\" content=\"2021-03-01T03:02:32+00:00\" \/>\n<meta property=\"og:image\" content=\"https:\/\/asiamortar.com.vn\/wp-content\/uploads\/2020\/06\/am-Tilebond-Plus.png\" \/>\n\t<meta property=\"og:image:width\" content=\"585\" \/>\n\t<meta property=\"og:image:height\" content=\"650\" \/>\n<meta name=\"twitter:card\" content=\"summary_large_image\" \/>\n<meta name=\"twitter:label1\" content=\"Written by\">\n\t<meta name=\"twitter:data1\" content=\"Kh\u00e1ch H\u00e0ng Admin\">\n\t<meta name=\"twitter:label2\" content=\"Est. reading time\">\n\t<meta name=\"twitter:data2\" content=\"1\u5206\">\n<script type=\"application\/ld+json\" class=\"yoast-schema-graph\">{\"@context\":\"https:\/\/schema.org\",\"@graph\":[{\"@type\":\"WebSite\",\"@id\":\"https:\/\/asiamortar.com.vn\/ja\/#website\",\"url\":\"https:\/\/asiamortar.com.vn\/ja\/\",\"name\":\"ASIA MORTAR\",\"description\":\"\",\"potentialAction\":[{\"@type\":\"SearchAction\",\"target\":\"https:\/\/asiamortar.com.vn\/ja\/?s={search_term_string}\",\"query-input\":\"required name=search_term_string\"}],\"inLanguage\":\"ja\"},{\"@type\":\"ImageObject\",\"@id\":\"https:\/\/asiamortar.com.vn\/san-pham\/amtilebond-plus\/#primaryimage\",\"inLanguage\":\"ja\",\"url\":\"https:\/\/asiamortar.com.vn\/wp-content\/uploads\/2020\/06\/am-Tilebond-Plus.png\",\"width\":585,\"height\":650,\"caption\":\"Am Tilebond Plus\"},{\"@type\":\"WebPage\",\"@id\":\"https:\/\/asiamortar.com.vn\/san-pham\/amtilebond-plus\/#webpage\",\"url\":\"https:\/\/asiamortar.com.vn\/san-pham\/amtilebond-plus\/\",\"name\":\"[:vi]am TileBond Plus[:en]am TileBond Plus[:] - ASIA MORTAR\",\"isPartOf\":{\"@id\":\"https:\/\/asiamortar.com.vn\/ja\/#website\"},\"primaryImageOfPage\":{\"@id\":\"https:\/\/asiamortar.com.vn\/san-pham\/amtilebond-plus\/#primaryimage\"},\"datePublished\":\"2020-12-31T01:17:13+00:00\",\"dateModified\":\"2021-03-01T03:02:32+00:00\",\"inLanguage\":\"ja\",\"potentialAction\":[{\"@type\":\"ReadAction\",\"target\":[\"https:\/\/asiamortar.com.vn\/san-pham\/amtilebond-plus\/\"]}]}]}<\/script>\n<!-- \/ Yoast SEO plugin. -->","_links":{"self":[{"href":"https:\/\/asiamortar.com.vn\/ja\/wp-json\/wp\/v2\/product\/1490"}],"collection":[{"href":"https:\/\/asiamortar.com.vn\/ja\/wp-json\/wp\/v2\/product"}],"about":[{"href":"https:\/\/asiamortar.com.vn\/ja\/wp-json\/wp\/v2\/types\/product"}],"wp:featuredmedia":[{"embeddable":true,"href":"https:\/\/asiamortar.com.vn\/ja\/wp-json\/wp\/v2\/media\/620"}],"wp:attachment":[{"href":"https:\/\/asiamortar.com.vn\/ja\/wp-json\/wp\/v2\/media?parent=1490"}],"curies":[{"name":"wp","href":"https:\/\/api.w.org\/{rel}","templated":true}]}}