{"id":1492,"date":"2020-12-31T08:24:00","date_gmt":"2020-12-31T01:24:00","guid":{"rendered":"https:\/\/asiamortar.com.vn\/?post_type=product&#038;p=1492"},"modified":"2023-03-08T11:27:07","modified_gmt":"2023-03-08T04:27:07","slug":"am-tilebond-am-latex-302","status":"publish","type":"product","link":"https:\/\/asiamortar.com.vn\/ja\/san-pham\/am-tilebond-am-latex-302\/","title":{"rendered":"AM TILEBOND + AM LATEX 302"},"content":{"rendered":"<p class=\"qtranxs-available-languages-message qtranxs-available-languages-message-ja\">\u7533\u3057\u8a33\u3042\u308a\u307e\u305b\u3093\u3001\u3053\u306e\u30b3\u30f3\u30c6\u30f3\u30c4\u306f\u305f\u3060\u4eca\u3000<a href=\"https:\/\/asiamortar.com.vn\/vi\/wp-json\/wp\/v2\/product\/1492\" class=\"qtranxs-available-language-link qtranxs-available-language-link-vi\" title=\"Ti\u1ebfng Vi\u1ec7t\">\u30d9\u30c8\u30ca\u30e0\u8a9e<\/a>\u3068 <a href=\"https:\/\/asiamortar.com.vn\/en\/wp-json\/wp\/v2\/product\/1492\" class=\"qtranxs-available-language-link qtranxs-available-language-link-en\" title=\"English\">\u30a2\u30e1\u30ea\u30ab\u82f1\u8a9e<\/a>\u3000\u306e\u307f\u3067\u3059\u3002<\/p>","protected":false},"excerpt":{"rendered":"<p class=\"qtranxs-available-languages-message qtranxs-available-languages-message-ja\">\u7533\u3057\u8a33\u3042\u308a\u307e\u305b\u3093\u3001\u3053\u306e\u30b3\u30f3\u30c6\u30f3\u30c4\u306f\u305f\u3060\u4eca\u3000<a href=\"https:\/\/asiamortar.com.vn\/vi\/wp-json\/wp\/v2\/product\/1492\" class=\"qtranxs-available-language-link qtranxs-available-language-link-vi\" title=\"Ti\u1ebfng Vi\u1ec7t\">\u30d9\u30c8\u30ca\u30e0\u8a9e<\/a>\u3068 <a href=\"https:\/\/asiamortar.com.vn\/en\/wp-json\/wp\/v2\/product\/1492\" class=\"qtranxs-available-language-link qtranxs-available-language-link-en\" title=\"English\">\u30a2\u30e1\u30ea\u30ab\u82f1\u8a9e<\/a>\u3000\u306e\u307f\u3067\u3059\u3002<\/p>\n","protected":false},"featured_media":1282,"template":"","meta":[],"yoast_head":"<!-- This site is optimized with the Yoast SEO plugin v15.3 - https:\/\/yoast.com\/wordpress\/plugins\/seo\/ -->\n<meta name=\"robots\" content=\"index, follow, max-snippet:-1, max-image-preview:large, max-video-preview:-1\" \/>\n<link rel=\"canonical\" href=\"https:\/\/asiamortar.com.vn\/san-pham\/am-tilebond-am-latex-302\/\" \/>\n<meta property=\"og:locale\" content=\"ja_JP\" \/>\n<meta property=\"og:type\" content=\"article\" \/>\n<meta property=\"og:title\" content=\"[:vi]AM TILEBOND + AM LATEX 302[:en]am TileBond + am Latex 302[:] - ASIA MORTAR\" \/>\n<meta property=\"og:description\" content=\"[:vi]  AM TILEBOND\u00a0l\u00e0 h\u1ed7n h\u1ee3p v\u1eefa d\u00e1n g\u1ea1ch cao c\u1ea5p g\u1ed1c xi m\u0103ng m\u1ed9t th\u00e0nh ph\u1ea7n, th\u00edch h\u1ee3p thi c\u00f4ng d\u00e1n g\u1ea1ch cho s\u00e0n, t\u01b0\u1eddng, khu v\u1ef1c trong nh\u00e0 v\u00e0 ngo\u00e0i tr\u1eddi\u2026  AM LATEX 302 l\u00e0 ch\u1ea5t k\u1ebft d\u00ednh \u0111a n\u0103ng g\u1ed1c n\u01b0\u1edbc, \u0111\u01b0\u1ee3c s\u1ea3n xu\u1ea5t t\u1eeb nh\u1ef1a cao su styrene-butadiene polymer nh\u0169 t\u01b0\u01a1ng \u0111\u1ec3 c\u00f3 c\u00e1c t\u00ednh ch\u1ea5t k\u1ebft d\u00ednh b\u1ec1n v\u1eefng nh\u1ea5t. S\u1ea3n ph\u1ea9m b\u1ec1n v\u1eefng ngay c\u1ea3 trong m\u00f4i tr\u01b0\u1eddng ki\u1ec1m do c\u1ea5u th\u00e0nh \u0111\u01b0\u1ee3c m\u1ed1i li\u00ean k\u1ebft ch\u1eb7t ch\u1ebd gi\u1eefa c\u00e1c th\u00e0nh ph\u1ea7n h\u00f3a h\u1ecdc trong v\u1eefa xi m\u0103ng v\u1edbi nh\u1ef1a Polymer.  Khi tr\u1ed9n\u00a0AM TILEBOND\u00a0v\u1edbi\u00a0AM LATEX 330 \/ 302, \u0111\u1eb7c t\u00ednh c\u1ee7a keo d\u00e1n g\u1ea1ch s\u1ebd \u0111\u01b0\u1ee3c t\u0103ng c\u01b0\u1eddng v\u1ec1 \u0111\u1ed9 b\u00e1m d\u00ednh, kh\u1ea3 n\u0103ng kh\u00e1ng n\u01b0\u1edbc\u2026trong qu\u00e1 tr\u00ecnh thi c\u00f4ng v\u00e0 khi \u0111\u00e3 \u0111\u00f3ng r\u1eafn. [:en]am TILEBOND is a specially formulated cementitious tile adhesive. It is used for fixing floor and wall tiles. When used with am Latex 330\/302, it gives improved adhesion and water-repellent properties when set and hardened.[:]\" \/>\n<meta property=\"og:url\" content=\"https:\/\/asiamortar.com.vn\/san-pham\/am-tilebond-am-latex-302\/\" \/>\n<meta property=\"og:site_name\" content=\"ASIA MORTAR\" \/>\n<meta property=\"article:modified_time\" content=\"2023-03-08T04:27:07+00:00\" \/>\n<meta property=\"og:image\" content=\"https:\/\/asiamortar.com.vn\/wp-content\/uploads\/2020\/09\/z2200385820367_54f3caf93a97cf78a1f8c2a71a554b0b.jpg\" \/>\n\t<meta property=\"og:image:width\" content=\"1488\" \/>\n\t<meta property=\"og:image:height\" content=\"2048\" \/>\n<meta name=\"twitter:card\" content=\"summary_large_image\" \/>\n<meta name=\"twitter:label1\" content=\"Written by\">\n\t<meta name=\"twitter:data1\" content=\"Kh\u00e1ch H\u00e0ng Admin\">\n\t<meta name=\"twitter:label2\" content=\"Est. reading time\">\n\t<meta name=\"twitter:data2\" content=\"3\u5206\">\n<script type=\"application\/ld+json\" class=\"yoast-schema-graph\">{\"@context\":\"https:\/\/schema.org\",\"@graph\":[{\"@type\":\"WebSite\",\"@id\":\"https:\/\/asiamortar.com.vn\/ja\/#website\",\"url\":\"https:\/\/asiamortar.com.vn\/ja\/\",\"name\":\"ASIA MORTAR\",\"description\":\"\",\"potentialAction\":[{\"@type\":\"SearchAction\",\"target\":\"https:\/\/asiamortar.com.vn\/ja\/?s={search_term_string}\",\"query-input\":\"required name=search_term_string\"}],\"inLanguage\":\"ja\"},{\"@type\":\"ImageObject\",\"@id\":\"https:\/\/asiamortar.com.vn\/san-pham\/am-tilebond-am-latex-302\/#primaryimage\",\"inLanguage\":\"ja\",\"url\":\"https:\/\/asiamortar.com.vn\/wp-content\/uploads\/2020\/09\/z2200385820367_54f3caf93a97cf78a1f8c2a71a554b0b.jpg\",\"width\":1488,\"height\":2048,\"caption\":\"Z2200385820367 54f3caf93a97cf78a1f8c2a71a554b0b\"},{\"@type\":\"WebPage\",\"@id\":\"https:\/\/asiamortar.com.vn\/san-pham\/am-tilebond-am-latex-302\/#webpage\",\"url\":\"https:\/\/asiamortar.com.vn\/san-pham\/am-tilebond-am-latex-302\/\",\"name\":\"[:vi]AM TILEBOND + AM LATEX 302[:en]am TileBond + am Latex 302[:] - ASIA MORTAR\",\"isPartOf\":{\"@id\":\"https:\/\/asiamortar.com.vn\/ja\/#website\"},\"primaryImageOfPage\":{\"@id\":\"https:\/\/asiamortar.com.vn\/san-pham\/am-tilebond-am-latex-302\/#primaryimage\"},\"datePublished\":\"2020-12-31T01:24:00+00:00\",\"dateModified\":\"2023-03-08T04:27:07+00:00\",\"inLanguage\":\"ja\",\"potentialAction\":[{\"@type\":\"ReadAction\",\"target\":[\"https:\/\/asiamortar.com.vn\/san-pham\/am-tilebond-am-latex-302\/\"]}]}]}<\/script>\n<!-- \/ Yoast SEO plugin. -->","_links":{"self":[{"href":"https:\/\/asiamortar.com.vn\/ja\/wp-json\/wp\/v2\/product\/1492"}],"collection":[{"href":"https:\/\/asiamortar.com.vn\/ja\/wp-json\/wp\/v2\/product"}],"about":[{"href":"https:\/\/asiamortar.com.vn\/ja\/wp-json\/wp\/v2\/types\/product"}],"wp:featuredmedia":[{"embeddable":true,"href":"https:\/\/asiamortar.com.vn\/ja\/wp-json\/wp\/v2\/media\/1282"}],"wp:attachment":[{"href":"https:\/\/asiamortar.com.vn\/ja\/wp-json\/wp\/v2\/media?parent=1492"}],"curies":[{"name":"wp","href":"https:\/\/api.w.org\/{rel}","templated":true}]}}