{"id":1500,"date":"2020-12-31T08:54:14","date_gmt":"2020-12-31T01:54:14","guid":{"rendered":"https:\/\/asiamortar.com.vn\/?post_type=product&#038;p=1500"},"modified":"2021-07-02T09:59:33","modified_gmt":"2021-07-02T02:59:33","slug":"am-flexproof-502-eco","status":"publish","type":"product","link":"https:\/\/asiamortar.com.vn\/ja\/san-pham\/am-flexproof-502-eco\/","title":{"rendered":"am Flexproof 502 ECO"},"content":{"rendered":"<p class=\"qtranxs-available-languages-message qtranxs-available-languages-message-ja\">\u7533\u3057\u8a33\u3042\u308a\u307e\u305b\u3093\u3001\u3053\u306e\u30b3\u30f3\u30c6\u30f3\u30c4\u306f\u305f\u3060\u4eca\u3000<a href=\"https:\/\/asiamortar.com.vn\/vi\/wp-json\/wp\/v2\/product\/1500\" class=\"qtranxs-available-language-link qtranxs-available-language-link-vi\" title=\"Ti\u1ebfng Vi\u1ec7t\">\u30d9\u30c8\u30ca\u30e0\u8a9e<\/a>\u3068 <a href=\"https:\/\/asiamortar.com.vn\/en\/wp-json\/wp\/v2\/product\/1500\" class=\"qtranxs-available-language-link qtranxs-available-language-link-en\" title=\"English\">\u30a2\u30e1\u30ea\u30ab\u82f1\u8a9e<\/a>\u3000\u306e\u307f\u3067\u3059\u3002<\/p>","protected":false},"excerpt":{"rendered":"<p class=\"qtranxs-available-languages-message qtranxs-available-languages-message-ja\">\u7533\u3057\u8a33\u3042\u308a\u307e\u305b\u3093\u3001\u3053\u306e\u30b3\u30f3\u30c6\u30f3\u30c4\u306f\u305f\u3060\u4eca\u3000<a href=\"https:\/\/asiamortar.com.vn\/vi\/wp-json\/wp\/v2\/product\/1500\" class=\"qtranxs-available-language-link qtranxs-available-language-link-vi\" title=\"Ti\u1ebfng Vi\u1ec7t\">\u30d9\u30c8\u30ca\u30e0\u8a9e<\/a>\u3068 <a href=\"https:\/\/asiamortar.com.vn\/en\/wp-json\/wp\/v2\/product\/1500\" class=\"qtranxs-available-language-link qtranxs-available-language-link-en\" title=\"English\">\u30a2\u30e1\u30ea\u30ab\u82f1\u8a9e<\/a>\u3000\u306e\u307f\u3067\u3059\u3002<\/p>\n","protected":false},"featured_media":2303,"template":"","meta":[],"yoast_head":"<!-- This site is optimized with the Yoast SEO plugin v15.3 - https:\/\/yoast.com\/wordpress\/plugins\/seo\/ -->\n<meta name=\"robots\" content=\"index, follow, max-snippet:-1, max-image-preview:large, max-video-preview:-1\" \/>\n<link rel=\"canonical\" href=\"https:\/\/asiamortar.com.vn\/san-pham\/am-flexproof-502-eco\/\" \/>\n<meta property=\"og:locale\" content=\"ja_JP\" \/>\n<meta property=\"og:type\" content=\"article\" \/>\n<meta property=\"og:title\" content=\"[:vi]am Flexproof 502 ECO[:en]am Flexproof 502 ECO[:] - ASIA MORTAR\" \/>\n<meta property=\"og:description\" content=\"[:vi] am FLEXPROOF 502 ECO l\u00e0 h\u1ee3p ch\u1ea5t ch\u1ed1ng th\u1ea5m c\u00f3 t\u00ednh n\u0103ng \u0111\u00e0n h\u1ed3i cao g\u1ed1c xi m\u0103ng, d\u00f9ng ng\u0103n n\u01b0\u1edbc v\u00e0 ch\u1ed1ng th\u1ea5m cho k\u1ebft c\u1ea5u. am FLEXPROOF 502 ECO ch\u1ecbu \u0111\u1ef1ng \u0111\u01b0\u1ee3c \u00e1p l\u1ef1c n\u01b0\u1edbc cao trong r\u1ea5t nhi\u1ec1u \u1ee9ng d\u1ee5ng. V\u1edbi c\u00f4ng th\u1ee9c s\u1ea3n ph\u1ea9m kh\u00f4ng \u0111\u1ed9c h\u1ea1i, am FLEXPROOF 502 ECO \u0111\u01b0\u1ee3c \u00e1p d\u1ee5ng cho b\u1ec3 ch\u1ee9a n\u01b0\u1edbc sinh ho\u1ea1t v\u00e0 n\u01b0\u1edbc u\u1ed1ng. S\u1ea3n ph\u1ea9m \u0111\u01b0\u1ee3c \u0111\u00f3ng g\u00f3i th\u00e0nh hai ph\u1ea7n: nh\u1ef1a t\u1ed5ng h\u1ee3p g\u1ed1c n\u01b0\u1edbc ph\u00e2n t\u00e1n v\u00e0 h\u1ed7n h\u1ee3p xi-m\u0103ng \u0111\u00e3 \u0111\u01b0\u1ee3c ch\u1ecdn l\u1ecdc. am FLEXPROOF 502 ECO c\u00f3 t\u00ednh th\u00edch \u1ee9ng cao v\u1edbi c\u00e1c v\u1ebft n\u1ee9t ngay c\u1ea3 khi ng\u00e2m ch\u00ecm trong n\u01b0\u1edbc v\u1edbi th\u1eddi gian d\u00e0i.[:en] am FLEXPROOF 502 ECO is an elastomeric cementitious waterproofing coating for water retaining and water excluding waterproofing structures. It is designed to withstand high water pressure in many different applications. Formulated with non-toxic materials, am FLEXPROOF 502 ECO is ideal for potable water usage. This pre-packed two component system is based on special synthetic resin dispersion and a blend of selected cements. am FLEXPROOF 502 ECO exhibits excellent crack accommodation qualities even after long term water immersion.[:]\" \/>\n<meta property=\"og:url\" content=\"https:\/\/asiamortar.com.vn\/san-pham\/am-flexproof-502-eco\/\" \/>\n<meta property=\"og:site_name\" content=\"ASIA MORTAR\" \/>\n<meta property=\"article:modified_time\" content=\"2021-07-02T02:59:33+00:00\" \/>\n<meta property=\"og:image\" content=\"https:\/\/asiamortar.com.vn\/wp-content\/uploads\/2020\/12\/502-ECO_1.jpg\" \/>\n\t<meta property=\"og:image:width\" content=\"1280\" \/>\n\t<meta property=\"og:image:height\" content=\"1108\" \/>\n<meta name=\"twitter:card\" content=\"summary_large_image\" \/>\n<meta name=\"twitter:label1\" content=\"Written by\">\n\t<meta name=\"twitter:data1\" content=\"Kh\u00e1ch H\u00e0ng Admin\">\n\t<meta name=\"twitter:label2\" content=\"Est. reading time\">\n\t<meta name=\"twitter:data2\" content=\"2\u5206\">\n<script type=\"application\/ld+json\" class=\"yoast-schema-graph\">{\"@context\":\"https:\/\/schema.org\",\"@graph\":[{\"@type\":\"WebSite\",\"@id\":\"https:\/\/asiamortar.com.vn\/ja\/#website\",\"url\":\"https:\/\/asiamortar.com.vn\/ja\/\",\"name\":\"ASIA MORTAR\",\"description\":\"\",\"potentialAction\":[{\"@type\":\"SearchAction\",\"target\":\"https:\/\/asiamortar.com.vn\/ja\/?s={search_term_string}\",\"query-input\":\"required name=search_term_string\"}],\"inLanguage\":\"ja\"},{\"@type\":\"ImageObject\",\"@id\":\"https:\/\/asiamortar.com.vn\/san-pham\/am-flexproof-502-eco\/#primaryimage\",\"inLanguage\":\"ja\",\"url\":\"https:\/\/asiamortar.com.vn\/wp-content\/uploads\/2020\/12\/502-ECO_1.jpg\",\"width\":1280,\"height\":1108,\"caption\":\"502 Eco 1\"},{\"@type\":\"WebPage\",\"@id\":\"https:\/\/asiamortar.com.vn\/san-pham\/am-flexproof-502-eco\/#webpage\",\"url\":\"https:\/\/asiamortar.com.vn\/san-pham\/am-flexproof-502-eco\/\",\"name\":\"[:vi]am Flexproof 502 ECO[:en]am Flexproof 502 ECO[:] - ASIA MORTAR\",\"isPartOf\":{\"@id\":\"https:\/\/asiamortar.com.vn\/ja\/#website\"},\"primaryImageOfPage\":{\"@id\":\"https:\/\/asiamortar.com.vn\/san-pham\/am-flexproof-502-eco\/#primaryimage\"},\"datePublished\":\"2020-12-31T01:54:14+00:00\",\"dateModified\":\"2021-07-02T02:59:33+00:00\",\"inLanguage\":\"ja\",\"potentialAction\":[{\"@type\":\"ReadAction\",\"target\":[\"https:\/\/asiamortar.com.vn\/san-pham\/am-flexproof-502-eco\/\"]}]}]}<\/script>\n<!-- \/ Yoast SEO plugin. -->","_links":{"self":[{"href":"https:\/\/asiamortar.com.vn\/ja\/wp-json\/wp\/v2\/product\/1500"}],"collection":[{"href":"https:\/\/asiamortar.com.vn\/ja\/wp-json\/wp\/v2\/product"}],"about":[{"href":"https:\/\/asiamortar.com.vn\/ja\/wp-json\/wp\/v2\/types\/product"}],"wp:featuredmedia":[{"embeddable":true,"href":"https:\/\/asiamortar.com.vn\/ja\/wp-json\/wp\/v2\/media\/2303"}],"wp:attachment":[{"href":"https:\/\/asiamortar.com.vn\/ja\/wp-json\/wp\/v2\/media?parent=1500"}],"curies":[{"name":"wp","href":"https:\/\/api.w.org\/{rel}","templated":true}]}}