{"id":479,"date":"2020-06-24T14:18:01","date_gmt":"2020-06-24T07:18:01","guid":{"rendered":"http:\/\/asiamortar.com.vn\/?post_type=product&#038;p=479"},"modified":"2023-03-08T14:09:17","modified_gmt":"2023-03-08T07:09:17","slug":"am-flexicure-101","status":"publish","type":"product","link":"https:\/\/asiamortar.com.vn\/ja\/san-pham\/am-flexicure-101\/","title":{"rendered":"am Flexicure R101"},"content":{"rendered":"<p class=\"qtranxs-available-languages-message qtranxs-available-languages-message-ja\">\u7533\u3057\u8a33\u3042\u308a\u307e\u305b\u3093\u3001\u3053\u306e\u30b3\u30f3\u30c6\u30f3\u30c4\u306f\u305f\u3060\u4eca\u3000<a href=\"https:\/\/asiamortar.com.vn\/vi\/wp-json\/wp\/v2\/product\/479\" class=\"qtranxs-available-language-link qtranxs-available-language-link-vi\" title=\"Ti\u1ebfng Vi\u1ec7t\">\u30d9\u30c8\u30ca\u30e0\u8a9e<\/a>\u3068 <a href=\"https:\/\/asiamortar.com.vn\/en\/wp-json\/wp\/v2\/product\/479\" class=\"qtranxs-available-language-link qtranxs-available-language-link-en\" title=\"English\">\u30a2\u30e1\u30ea\u30ab\u82f1\u8a9e<\/a>\u3000\u306e\u307f\u3067\u3059\u3002<\/p>","protected":false},"excerpt":{"rendered":"<p class=\"qtranxs-available-languages-message qtranxs-available-languages-message-ja\">\u7533\u3057\u8a33\u3042\u308a\u307e\u305b\u3093\u3001\u3053\u306e\u30b3\u30f3\u30c6\u30f3\u30c4\u306f\u305f\u3060\u4eca\u3000<a href=\"https:\/\/asiamortar.com.vn\/vi\/wp-json\/wp\/v2\/product\/479\" class=\"qtranxs-available-language-link qtranxs-available-language-link-vi\" title=\"Ti\u1ebfng Vi\u1ec7t\">\u30d9\u30c8\u30ca\u30e0\u8a9e<\/a>\u3068 <a href=\"https:\/\/asiamortar.com.vn\/en\/wp-json\/wp\/v2\/product\/479\" class=\"qtranxs-available-language-link qtranxs-available-language-link-en\" title=\"English\">\u30a2\u30e1\u30ea\u30ab\u82f1\u8a9e<\/a>\u3000\u306e\u307f\u3067\u3059\u3002<\/p>\n","protected":false},"featured_media":2350,"template":"","meta":[],"yoast_head":"<!-- This site is optimized with the Yoast SEO plugin v15.3 - https:\/\/yoast.com\/wordpress\/plugins\/seo\/ -->\n<meta name=\"robots\" content=\"index, follow, max-snippet:-1, max-image-preview:large, max-video-preview:-1\" \/>\n<link rel=\"canonical\" href=\"https:\/\/asiamortar.com.vn\/san-pham\/am-flexicure-101\/\" \/>\n<meta property=\"og:locale\" content=\"ja_JP\" \/>\n<meta property=\"og:type\" content=\"article\" \/>\n<meta property=\"og:title\" content=\"[:vi]AM FLEXICURE 101[:en]am Flexicure R101[:zh]am Flexicure R101[:kh]am Flexicure R101[:ja]am Flexicure R101[:] - ASIA MORTAR\" \/>\n<meta property=\"og:description\" content=\"[:vi]   AM FLEXICURE 101 l\u00e0 m\u1ed9t lo\u1ea1i n\u01b0\u1edbc trong su\u1ed1t h\u1ee3p ch\u1ea5t b\u1ea3o d\u01b0\u1ee1ng cho b\u00ea t\u00f4ng m\u1edbi \u0111\u1ed5 c\u00e1c b\u1ec1 m\u1eb7t.  C\u00e1c th\u00e0nh ph\u1ea7n c\u1ee7a s\u1ea3n ph\u1ea9m parafin \/ nh\u1ef1a th\u00f4ng m\u00e0ng ch\u1ed1ng \u1ea9m tr\u00ean b\u00ea t\u00f4ng b\u1ec1 m\u1eb7t \u0111\u1ec3 \u0111\u1ea3m b\u1ea3o xi m\u0103ng ng\u1eadm n\u01b0\u1edbc.  N\u00f3 l\u00e0 c\u0169ng c\u00f3 s\u1eb5n v\u1edbi m\u1ed9t lo\u1ea1i thu\u1ed1c nhu\u1ed9m \u0111\u1ec3 t\u1ea1o h\u00ecnh \u1ea3nh s\u1ef1 ki\u1ec3m tra.  [:en]am FLEXICURE 101 is a clear, water-based curing compound for newly placed concrete surfaces. Components of paraffin\/resin produce a moisture resistant membrane film on concrete surfaces to assure hydration of the cement. It is also available with a fugitive dye for visual inspection.[:]\" \/>\n<meta property=\"og:url\" content=\"https:\/\/asiamortar.com.vn\/san-pham\/am-flexicure-101\/\" \/>\n<meta property=\"og:site_name\" content=\"ASIA MORTAR\" \/>\n<meta property=\"article:modified_time\" content=\"2023-03-08T07:09:17+00:00\" \/>\n<meta property=\"og:image\" content=\"https:\/\/asiamortar.com.vn\/wp-content\/uploads\/2020\/06\/AM-FLEXICURE-R101.jpg\" \/>\n\t<meta property=\"og:image:width\" content=\"97\" \/>\n\t<meta property=\"og:image:height\" content=\"150\" \/>\n<meta name=\"twitter:card\" content=\"summary_large_image\" \/>\n<meta name=\"twitter:label1\" content=\"Written by\">\n\t<meta name=\"twitter:data1\" content=\"Kh\u00e1ch H\u00e0ng Admin\">\n\t<meta name=\"twitter:label2\" content=\"Est. reading time\">\n\t<meta name=\"twitter:data2\" content=\"1\u5206\">\n<script type=\"application\/ld+json\" class=\"yoast-schema-graph\">{\"@context\":\"https:\/\/schema.org\",\"@graph\":[{\"@type\":\"WebSite\",\"@id\":\"https:\/\/asiamortar.com.vn\/ja\/#website\",\"url\":\"https:\/\/asiamortar.com.vn\/ja\/\",\"name\":\"ASIA MORTAR\",\"description\":\"\",\"potentialAction\":[{\"@type\":\"SearchAction\",\"target\":\"https:\/\/asiamortar.com.vn\/ja\/?s={search_term_string}\",\"query-input\":\"required name=search_term_string\"}],\"inLanguage\":\"ja\"},{\"@type\":\"ImageObject\",\"@id\":\"https:\/\/asiamortar.com.vn\/san-pham\/am-flexicure-101\/#primaryimage\",\"inLanguage\":\"ja\",\"url\":\"https:\/\/asiamortar.com.vn\/wp-content\/uploads\/2020\/06\/AM-FLEXICURE-R101.jpg\",\"width\":97,\"height\":150,\"caption\":\"Am Flexicure R101\"},{\"@type\":\"WebPage\",\"@id\":\"https:\/\/asiamortar.com.vn\/san-pham\/am-flexicure-101\/#webpage\",\"url\":\"https:\/\/asiamortar.com.vn\/san-pham\/am-flexicure-101\/\",\"name\":\"[:vi]AM FLEXICURE 101[:en]am Flexicure R101[:zh]am Flexicure R101[:kh]am Flexicure R101[:ja]am Flexicure R101[:] - ASIA MORTAR\",\"isPartOf\":{\"@id\":\"https:\/\/asiamortar.com.vn\/ja\/#website\"},\"primaryImageOfPage\":{\"@id\":\"https:\/\/asiamortar.com.vn\/san-pham\/am-flexicure-101\/#primaryimage\"},\"datePublished\":\"2020-06-24T07:18:01+00:00\",\"dateModified\":\"2023-03-08T07:09:17+00:00\",\"inLanguage\":\"ja\",\"potentialAction\":[{\"@type\":\"ReadAction\",\"target\":[\"https:\/\/asiamortar.com.vn\/san-pham\/am-flexicure-101\/\"]}]}]}<\/script>\n<!-- \/ Yoast SEO plugin. -->","_links":{"self":[{"href":"https:\/\/asiamortar.com.vn\/ja\/wp-json\/wp\/v2\/product\/479"}],"collection":[{"href":"https:\/\/asiamortar.com.vn\/ja\/wp-json\/wp\/v2\/product"}],"about":[{"href":"https:\/\/asiamortar.com.vn\/ja\/wp-json\/wp\/v2\/types\/product"}],"wp:featuredmedia":[{"embeddable":true,"href":"https:\/\/asiamortar.com.vn\/ja\/wp-json\/wp\/v2\/media\/2350"}],"wp:attachment":[{"href":"https:\/\/asiamortar.com.vn\/ja\/wp-json\/wp\/v2\/media?parent=479"}],"curies":[{"name":"wp","href":"https:\/\/api.w.org\/{rel}","templated":true}]}}