{"id":491,"date":"2020-06-24T14:33:54","date_gmt":"2020-06-24T07:33:54","guid":{"rendered":"http:\/\/asiamortar.com.vn\/?post_type=product&#038;p=491"},"modified":"2020-12-22T23:44:43","modified_gmt":"2020-12-22T16:44:43","slug":"am-flexproof-520wb","status":"publish","type":"product","link":"https:\/\/asiamortar.com.vn\/ja\/san-pham\/am-flexproof-520wb\/","title":{"rendered":"am Flexproof 520WB"},"content":{"rendered":"<p class=\"qtranxs-available-languages-message qtranxs-available-languages-message-ja\">\u7533\u3057\u8a33\u3042\u308a\u307e\u305b\u3093\u3001\u3053\u306e\u30b3\u30f3\u30c6\u30f3\u30c4\u306f\u305f\u3060\u4eca\u3000<a href=\"https:\/\/asiamortar.com.vn\/vi\/wp-json\/wp\/v2\/product\/491\" class=\"qtranxs-available-language-link qtranxs-available-language-link-vi\" title=\"Ti\u1ebfng Vi\u1ec7t\">\u30d9\u30c8\u30ca\u30e0\u8a9e<\/a>\u3068 <a href=\"https:\/\/asiamortar.com.vn\/en\/wp-json\/wp\/v2\/product\/491\" class=\"qtranxs-available-language-link qtranxs-available-language-link-en\" title=\"English\">\u30a2\u30e1\u30ea\u30ab\u82f1\u8a9e<\/a>\u3000\u306e\u307f\u3067\u3059\u3002<\/p>","protected":false},"excerpt":{"rendered":"<p class=\"qtranxs-available-languages-message qtranxs-available-languages-message-ja\">\u7533\u3057\u8a33\u3042\u308a\u307e\u305b\u3093\u3001\u3053\u306e\u30b3\u30f3\u30c6\u30f3\u30c4\u306f\u305f\u3060\u4eca\u3000<a href=\"https:\/\/asiamortar.com.vn\/vi\/wp-json\/wp\/v2\/product\/491\" class=\"qtranxs-available-language-link qtranxs-available-language-link-vi\" title=\"Ti\u1ebfng Vi\u1ec7t\">\u30d9\u30c8\u30ca\u30e0\u8a9e<\/a>\u3068 <a href=\"https:\/\/asiamortar.com.vn\/en\/wp-json\/wp\/v2\/product\/491\" class=\"qtranxs-available-language-link qtranxs-available-language-link-en\" title=\"English\">\u30a2\u30e1\u30ea\u30ab\u82f1\u8a9e<\/a>\u3000\u306e\u307f\u3067\u3059\u3002<\/p>\n","protected":false},"featured_media":1305,"template":"","meta":[],"yoast_head":"<!-- This site is optimized with the Yoast SEO plugin v15.3 - https:\/\/yoast.com\/wordpress\/plugins\/seo\/ -->\n<meta name=\"robots\" content=\"index, follow, max-snippet:-1, max-image-preview:large, max-video-preview:-1\" \/>\n<link rel=\"canonical\" href=\"https:\/\/asiamortar.com.vn\/san-pham\/am-flexproof-520wb\/\" \/>\n<meta property=\"og:locale\" content=\"ja_JP\" \/>\n<meta property=\"og:type\" content=\"article\" \/>\n<meta property=\"og:title\" content=\"[:vi]am Flexproof 520WB[:en]am Flexproof 520WB[:zh]am Flexproof 520WB[:kh]am Flexproof 520WB[:] - ASIA MORTAR\" \/>\n<meta property=\"og:description\" content=\"[:vi]am FLEXPROOF 520WB l\u00e0 l\u1edbp qu\u00e9t ch\u1ed1ng th\u1ea5m g\u1ed1c bitum nh\u1ee7 t\u01b0\u01a1ng g\u1ed1c n\u01b0\u1edbc \u1ed5n \u0111\u1ecbnh c\u00f3 m\u00e0u n\u00e2u \u0111\u1eadm\u00a0 t\u1ea1o th\u00e0nh l\u1edbp m\u00e0ng \u0111en ho\u00e0n thi\u1ec7n khi kh\u00f4.[:en]am FLEXPROOF 520WBWB is a stable, water-based bitumen emulsion that is dark brown in colour and dries to a black coating.\u00a0 It is odourless and taint-free.[:]\" \/>\n<meta property=\"og:url\" content=\"https:\/\/asiamortar.com.vn\/san-pham\/am-flexproof-520wb\/\" \/>\n<meta property=\"og:site_name\" content=\"ASIA MORTAR\" \/>\n<meta property=\"article:modified_time\" content=\"2020-12-22T16:44:43+00:00\" \/>\n<meta property=\"og:image\" content=\"https:\/\/asiamortar.com.vn\/wp-content\/uploads\/2020\/06\/Hinh-8.png\" \/>\n\t<meta property=\"og:image:width\" content=\"387\" \/>\n\t<meta property=\"og:image:height\" content=\"531\" \/>\n<meta name=\"twitter:card\" content=\"summary_large_image\" \/>\n<meta name=\"twitter:label1\" content=\"Written by\">\n\t<meta name=\"twitter:data1\" content=\"Kh\u00e1ch H\u00e0ng Admin\">\n\t<meta name=\"twitter:label2\" content=\"Est. reading time\">\n\t<meta name=\"twitter:data2\" content=\"1\u5206\">\n<script type=\"application\/ld+json\" class=\"yoast-schema-graph\">{\"@context\":\"https:\/\/schema.org\",\"@graph\":[{\"@type\":\"WebSite\",\"@id\":\"https:\/\/asiamortar.com.vn\/ja\/#website\",\"url\":\"https:\/\/asiamortar.com.vn\/ja\/\",\"name\":\"ASIA MORTAR\",\"description\":\"\",\"potentialAction\":[{\"@type\":\"SearchAction\",\"target\":\"https:\/\/asiamortar.com.vn\/ja\/?s={search_term_string}\",\"query-input\":\"required name=search_term_string\"}],\"inLanguage\":\"ja\"},{\"@type\":\"ImageObject\",\"@id\":\"https:\/\/asiamortar.com.vn\/san-pham\/am-flexproof-520wb\/#primaryimage\",\"inLanguage\":\"ja\",\"url\":\"https:\/\/asiamortar.com.vn\/wp-content\/uploads\/2020\/06\/Hinh-8.png\",\"width\":387,\"height\":531,\"caption\":\"H\\u00ecnh 8\"},{\"@type\":\"WebPage\",\"@id\":\"https:\/\/asiamortar.com.vn\/san-pham\/am-flexproof-520wb\/#webpage\",\"url\":\"https:\/\/asiamortar.com.vn\/san-pham\/am-flexproof-520wb\/\",\"name\":\"[:vi]am Flexproof 520WB[:en]am Flexproof 520WB[:zh]am Flexproof 520WB[:kh]am Flexproof 520WB[:] - ASIA MORTAR\",\"isPartOf\":{\"@id\":\"https:\/\/asiamortar.com.vn\/ja\/#website\"},\"primaryImageOfPage\":{\"@id\":\"https:\/\/asiamortar.com.vn\/san-pham\/am-flexproof-520wb\/#primaryimage\"},\"datePublished\":\"2020-06-24T07:33:54+00:00\",\"dateModified\":\"2020-12-22T16:44:43+00:00\",\"inLanguage\":\"ja\",\"potentialAction\":[{\"@type\":\"ReadAction\",\"target\":[\"https:\/\/asiamortar.com.vn\/san-pham\/am-flexproof-520wb\/\"]}]}]}<\/script>\n<!-- \/ Yoast SEO plugin. -->","_links":{"self":[{"href":"https:\/\/asiamortar.com.vn\/ja\/wp-json\/wp\/v2\/product\/491"}],"collection":[{"href":"https:\/\/asiamortar.com.vn\/ja\/wp-json\/wp\/v2\/product"}],"about":[{"href":"https:\/\/asiamortar.com.vn\/ja\/wp-json\/wp\/v2\/types\/product"}],"wp:featuredmedia":[{"embeddable":true,"href":"https:\/\/asiamortar.com.vn\/ja\/wp-json\/wp\/v2\/media\/1305"}],"wp:attachment":[{"href":"https:\/\/asiamortar.com.vn\/ja\/wp-json\/wp\/v2\/media?parent=491"}],"curies":[{"name":"wp","href":"https:\/\/api.w.org\/{rel}","templated":true}]}}