{"id":530,"date":"2020-06-24T15:52:26","date_gmt":"2020-06-24T08:52:26","guid":{"rendered":"http:\/\/asiamortar.com.vn\/?post_type=product&#038;p=530"},"modified":"2023-03-15T14:05:02","modified_gmt":"2023-03-15T07:05:02","slug":"am-epoxicote-402-f-2","status":"publish","type":"product","link":"https:\/\/asiamortar.com.vn\/ja\/san-pham\/am-epoxicote-402-f-2\/","title":{"rendered":"AM EPOXICOTE 402F"},"content":{"rendered":"<p class=\"qtranxs-available-languages-message qtranxs-available-languages-message-ja\">\u7533\u3057\u8a33\u3042\u308a\u307e\u305b\u3093\u3001\u3053\u306e\u30b3\u30f3\u30c6\u30f3\u30c4\u306f\u305f\u3060\u4eca\u3000<a href=\"https:\/\/asiamortar.com.vn\/vi\/wp-json\/wp\/v2\/product\/530\" class=\"qtranxs-available-language-link qtranxs-available-language-link-vi\" title=\"Ti\u1ebfng Vi\u1ec7t\">\u30d9\u30c8\u30ca\u30e0\u8a9e<\/a>\u3068 <a href=\"https:\/\/asiamortar.com.vn\/en\/wp-json\/wp\/v2\/product\/530\" class=\"qtranxs-available-language-link qtranxs-available-language-link-en\" title=\"English\">\u30a2\u30e1\u30ea\u30ab\u82f1\u8a9e<\/a>\u3000\u306e\u307f\u3067\u3059\u3002<\/p>","protected":false},"excerpt":{"rendered":"<p class=\"qtranxs-available-languages-message qtranxs-available-languages-message-ja\">\u7533\u3057\u8a33\u3042\u308a\u307e\u305b\u3093\u3001\u3053\u306e\u30b3\u30f3\u30c6\u30f3\u30c4\u306f\u305f\u3060\u4eca\u3000<a href=\"https:\/\/asiamortar.com.vn\/vi\/wp-json\/wp\/v2\/product\/530\" class=\"qtranxs-available-language-link qtranxs-available-language-link-vi\" title=\"Ti\u1ebfng Vi\u1ec7t\">\u30d9\u30c8\u30ca\u30e0\u8a9e<\/a>\u3068 <a href=\"https:\/\/asiamortar.com.vn\/en\/wp-json\/wp\/v2\/product\/530\" class=\"qtranxs-available-language-link qtranxs-available-language-link-en\" title=\"English\">\u30a2\u30e1\u30ea\u30ab\u82f1\u8a9e<\/a>\u3000\u306e\u307f\u3067\u3059\u3002<\/p>\n","protected":false},"featured_media":2188,"template":"","meta":[],"yoast_head":"<!-- This site is optimized with the Yoast SEO plugin v15.3 - https:\/\/yoast.com\/wordpress\/plugins\/seo\/ -->\n<meta name=\"robots\" content=\"index, follow, max-snippet:-1, max-image-preview:large, max-video-preview:-1\" \/>\n<link rel=\"canonical\" href=\"https:\/\/asiamortar.com.vn\/san-pham\/am-epoxicote-402-f-2\/\" \/>\n<meta property=\"og:locale\" content=\"ja_JP\" \/>\n<meta property=\"og:type\" content=\"article\" \/>\n<meta property=\"og:title\" content=\"[:vi]AM EPOXICOTE 402F[:en]AM EPOXICOTE 402F[:zh]am Epoxicote 402 F[:kh]am Epoxicote 402 F[:] - ASIA MORTAR\" \/>\n<meta property=\"og:description\" content=\"[:vi]  AM EPOXICOTE 402F l\u00e0 s\u01a1n ph\u1ee7 epoxy g\u1ed1c n\u01b0\u1edbc hai th\u00e0nh ph\u1ea7n ch\u1ea5t l\u01b0\u1ee3ng cao, d\u1ec5 lau ch\u00f9i, c\u00f3 kh\u1ea3 n\u0103ng ch\u1ed1ng ch\u1ecbu nhi\u1ec1u lo\u1ea1i d\u1ea7u m\u1ee1, h\u00f3a ch\u1ea5t c\u00f4ng nghi\u1ec7p, c\u00f9ng kh\u1ea3 n\u0103ng b\u00e1m d\u00ednh l\u00ean s\u00e0n b\u00ea t\u00f4ng, s\u00e0n l\u00e1ng v\u1eefa xi m\u0103ng r\u1ea5t t\u1ed1t. \u0110\u1eb7c bi\u1ec7t th\u00edch h\u1ee3p cho t\u01b0\u1eddng\/s\u00e0n trong garage, s\u00e0n nh\u00e0 c\u00f4ng nghi\u1ec7p nh\u1eb9, kho b\u00e3i, b\u1ebfp ho\u1eb7c nh\u1eefng n\u01a1i c\u00f3 ng\u01b0\u1eddi \u0111i l\u1ea1i, thi\u1ebft b\u1ecb nh\u1eb9 di chuy\u1ec3n. Ngo\u00e0i ra, \u0111\u01b0\u1ee3c khuy\u00ean d\u00f9ng l\u00e0m l\u1edbp ph\u1ee7 ng\u0103n n\u01b0\u1edbc tr\u00ean b\u1ec1 m\u1eb7t cho khu v\u1ef1c ch\u1ee9a n\u01b0\u1edbc nh\u01b0 b\u1ec3 c\u00e1, b\u1ec3 ch\u1ee9a r\u00e1c, b\u1ec3 t\u1ef1 ho\u1ea1i, b\u1ec3 ch\u1ee9a n\u01b0\u1edbc th\u1ea3i d\u00e2n d\u1ee5ng\u2026  AM EPOXICOTE 402F \u0111\u01b0\u1ee3c d\u00f9ng l\u00e0m l\u1edbp ph\u1ee7 m\u1eb7t cho nh\u1eefng khu v\u1ef1c y\u00eau c\u1ea7u s\u1ea1ch s\u1ebd, nh\u1eb5n ph\u1eb3ng v\u00e0 c\u00f3 nhi\u1ec1u m\u00e0u s\u1eafc d\u1ec5 d\u00e0ng ch\u1ecdn l\u1ef1a. [:en]  AM EPOXICOTE 402F is a high performance developed 2 component, water based epoxy coating to provide an easily cleaned surface, which is resistant to many common oils and liquids, with excellent adhesion to concrete and cement\/sand screeds. Particularly suitable for wall\/floor applications in garages, warehouses, light industry, kitchens and other areas subject to light vehicle and pedestrian traffic. Recommended as the waterproof lining for the water feature such as aquarium tank, septic tank, civil wastewater tank\u2026etc.  Product applied to form a dust free, joint less, semi-gloss finishing and available in a wide range of attractive colors. [:]\" \/>\n<meta property=\"og:url\" content=\"https:\/\/asiamortar.com.vn\/san-pham\/am-epoxicote-402-f-2\/\" \/>\n<meta property=\"og:site_name\" content=\"ASIA MORTAR\" \/>\n<meta property=\"article:modified_time\" content=\"2023-03-15T07:05:02+00:00\" \/>\n<meta property=\"og:image\" content=\"https:\/\/asiamortar.com.vn\/wp-content\/uploads\/2020\/06\/AM-EPOXICOTE-402F.png\" \/>\n\t<meta property=\"og:image:width\" content=\"585\" \/>\n\t<meta property=\"og:image:height\" content=\"650\" \/>\n<meta name=\"twitter:card\" content=\"summary_large_image\" \/>\n<meta name=\"twitter:label1\" content=\"Written by\">\n\t<meta name=\"twitter:data1\" content=\"Kh\u00e1ch H\u00e0ng Admin\">\n\t<meta name=\"twitter:label2\" content=\"Est. reading time\">\n\t<meta name=\"twitter:data2\" content=\"3\u5206\">\n<script type=\"application\/ld+json\" class=\"yoast-schema-graph\">{\"@context\":\"https:\/\/schema.org\",\"@graph\":[{\"@type\":\"WebSite\",\"@id\":\"https:\/\/asiamortar.com.vn\/ja\/#website\",\"url\":\"https:\/\/asiamortar.com.vn\/ja\/\",\"name\":\"ASIA MORTAR\",\"description\":\"\",\"potentialAction\":[{\"@type\":\"SearchAction\",\"target\":\"https:\/\/asiamortar.com.vn\/ja\/?s={search_term_string}\",\"query-input\":\"required name=search_term_string\"}],\"inLanguage\":\"ja\"},{\"@type\":\"ImageObject\",\"@id\":\"https:\/\/asiamortar.com.vn\/san-pham\/am-epoxicote-402-f-2\/#primaryimage\",\"inLanguage\":\"ja\",\"url\":\"https:\/\/asiamortar.com.vn\/wp-content\/uploads\/2020\/06\/AM-EPOXICOTE-402F.png\",\"width\":585,\"height\":650,\"caption\":\"Am Epoxicote 402f\"},{\"@type\":\"WebPage\",\"@id\":\"https:\/\/asiamortar.com.vn\/san-pham\/am-epoxicote-402-f-2\/#webpage\",\"url\":\"https:\/\/asiamortar.com.vn\/san-pham\/am-epoxicote-402-f-2\/\",\"name\":\"[:vi]AM EPOXICOTE 402F[:en]AM EPOXICOTE 402F[:zh]am Epoxicote 402 F[:kh]am Epoxicote 402 F[:] - ASIA MORTAR\",\"isPartOf\":{\"@id\":\"https:\/\/asiamortar.com.vn\/ja\/#website\"},\"primaryImageOfPage\":{\"@id\":\"https:\/\/asiamortar.com.vn\/san-pham\/am-epoxicote-402-f-2\/#primaryimage\"},\"datePublished\":\"2020-06-24T08:52:26+00:00\",\"dateModified\":\"2023-03-15T07:05:02+00:00\",\"inLanguage\":\"ja\",\"potentialAction\":[{\"@type\":\"ReadAction\",\"target\":[\"https:\/\/asiamortar.com.vn\/san-pham\/am-epoxicote-402-f-2\/\"]}]}]}<\/script>\n<!-- \/ Yoast SEO plugin. -->","_links":{"self":[{"href":"https:\/\/asiamortar.com.vn\/ja\/wp-json\/wp\/v2\/product\/530"}],"collection":[{"href":"https:\/\/asiamortar.com.vn\/ja\/wp-json\/wp\/v2\/product"}],"about":[{"href":"https:\/\/asiamortar.com.vn\/ja\/wp-json\/wp\/v2\/types\/product"}],"wp:featuredmedia":[{"embeddable":true,"href":"https:\/\/asiamortar.com.vn\/ja\/wp-json\/wp\/v2\/media\/2188"}],"wp:attachment":[{"href":"https:\/\/asiamortar.com.vn\/ja\/wp-json\/wp\/v2\/media?parent=530"}],"curies":[{"name":"wp","href":"https:\/\/api.w.org\/{rel}","templated":true}]}}