{"id":534,"date":"2020-06-24T15:54:56","date_gmt":"2020-06-24T08:54:56","guid":{"rendered":"http:\/\/asiamortar.com.vn\/?post_type=product&#038;p=534"},"modified":"2023-03-15T14:09:42","modified_gmt":"2023-03-15T07:09:42","slug":"am-epoxicote-tar-2","status":"publish","type":"product","link":"https:\/\/asiamortar.com.vn\/ja\/san-pham\/am-epoxicote-tar-2\/","title":{"rendered":"AM EPOXICOTE TAR"},"content":{"rendered":"<p class=\"qtranxs-available-languages-message qtranxs-available-languages-message-ja\">\u7533\u3057\u8a33\u3042\u308a\u307e\u305b\u3093\u3001\u3053\u306e\u30b3\u30f3\u30c6\u30f3\u30c4\u306f\u305f\u3060\u4eca\u3000<a href=\"https:\/\/asiamortar.com.vn\/vi\/wp-json\/wp\/v2\/product\/534\" class=\"qtranxs-available-language-link qtranxs-available-language-link-vi\" title=\"Ti\u1ebfng Vi\u1ec7t\">\u30d9\u30c8\u30ca\u30e0\u8a9e<\/a>\u3068 <a href=\"https:\/\/asiamortar.com.vn\/en\/wp-json\/wp\/v2\/product\/534\" class=\"qtranxs-available-language-link qtranxs-available-language-link-en\" title=\"English\">\u30a2\u30e1\u30ea\u30ab\u82f1\u8a9e<\/a>\u3000\u306e\u307f\u3067\u3059\u3002<\/p>","protected":false},"excerpt":{"rendered":"<p class=\"qtranxs-available-languages-message qtranxs-available-languages-message-ja\">\u7533\u3057\u8a33\u3042\u308a\u307e\u305b\u3093\u3001\u3053\u306e\u30b3\u30f3\u30c6\u30f3\u30c4\u306f\u305f\u3060\u4eca\u3000<a href=\"https:\/\/asiamortar.com.vn\/vi\/wp-json\/wp\/v2\/product\/534\" class=\"qtranxs-available-language-link qtranxs-available-language-link-vi\" title=\"Ti\u1ebfng Vi\u1ec7t\">\u30d9\u30c8\u30ca\u30e0\u8a9e<\/a>\u3068 <a href=\"https:\/\/asiamortar.com.vn\/en\/wp-json\/wp\/v2\/product\/534\" class=\"qtranxs-available-language-link qtranxs-available-language-link-en\" title=\"English\">\u30a2\u30e1\u30ea\u30ab\u82f1\u8a9e<\/a>\u3000\u306e\u307f\u3067\u3059\u3002<\/p>\n","protected":false},"featured_media":0,"template":"","meta":[],"yoast_head":"<!-- This site is optimized with the Yoast SEO plugin v15.3 - https:\/\/yoast.com\/wordpress\/plugins\/seo\/ -->\n<meta name=\"robots\" content=\"index, follow, max-snippet:-1, max-image-preview:large, max-video-preview:-1\" \/>\n<link rel=\"canonical\" href=\"https:\/\/asiamortar.com.vn\/san-pham\/am-epoxicote-tar-2\/\" \/>\n<meta property=\"og:locale\" content=\"ja_JP\" \/>\n<meta property=\"og:type\" content=\"article\" \/>\n<meta property=\"og:title\" content=\"[:vi]AM EPOXICOTE TAR[:en]AM EPOXICOTE TAR[:zh]am Epoxicote TAR[:kh]am Epoxicote TAR[:] - ASIA MORTAR\" \/>\n<meta property=\"og:description\" content=\"[:vi]  Ch\u1ea5t ph\u1ee7 kh\u00e1ng ho\u00e1 ch\u1ea5t, 2 th\u00e0nh ph\u1ea7n, c\u00f3 h\u00e0m l\u01b0\u1ee3ng dung m\u00f4i th\u1ea5p g\u1ed1c epoxy-h\u1eafc \u00edn-d\u1ea7u k\u1ebft h\u1ee3p v\u1edbi ch\u1ea5t \u0111\u1ed9n v\u00f4 c\u01a1. S\u1ea3n ph\u1ea9m \u0111\u01b0\u1ee3c s\u1ea3n xu\u1ea5t \u0111\u1eb7c bi\u1ec7t \u0111\u1ec3 t\u1ea1o th\u00e0nh l\u1edbp ph\u1ee7 ho\u00e0n thi\u1ec7n c\u1ee9ng, b\u00f3ng v\u00e0 c\u00f3 t\u00ednh kh\u00e1ng m\u00e0i m\u00f2n c\u0169ng nh\u01b0 kh\u00e1ng ch\u1ecbu t\u1ed1t c\u00e1c lo\u1ea1i h\u00f3a ch\u1ea5t.  Theo ti\u00eau chu\u1ea9n BS 5493: KF 3 B t\u01b0\u01a1ng \u1ee9ng KF3 D (l\u1edbp ho\u00e0n thi\u1ec7n kh\u00e1ng ho\u00e1 ch\u1ea5t 2 th\u00e0nh ph\u1ea7n). [:en]  Chemical resistant, 2 component, low solvent content epoxy-tar-oil combined with inorganic fillers. It is specially formulated to form a hard, glossy finish and is resistant to abrasion and chemicals.  According to BS 5493: KF 3 B corresponding to KF 3 D (2-component chemical resistant finish). [:]\" \/>\n<meta property=\"og:url\" content=\"https:\/\/asiamortar.com.vn\/san-pham\/am-epoxicote-tar-2\/\" \/>\n<meta property=\"og:site_name\" content=\"ASIA MORTAR\" \/>\n<meta property=\"article:modified_time\" content=\"2023-03-15T07:09:42+00:00\" \/>\n<meta name=\"twitter:card\" content=\"summary_large_image\" \/>\n<meta name=\"twitter:label1\" content=\"Written by\">\n\t<meta name=\"twitter:data1\" content=\"Kh\u00e1ch H\u00e0ng Admin\">\n\t<meta name=\"twitter:label2\" content=\"Est. reading time\">\n\t<meta name=\"twitter:data2\" content=\"2\u5206\">\n<script type=\"application\/ld+json\" class=\"yoast-schema-graph\">{\"@context\":\"https:\/\/schema.org\",\"@graph\":[{\"@type\":\"WebSite\",\"@id\":\"https:\/\/asiamortar.com.vn\/ja\/#website\",\"url\":\"https:\/\/asiamortar.com.vn\/ja\/\",\"name\":\"ASIA MORTAR\",\"description\":\"\",\"potentialAction\":[{\"@type\":\"SearchAction\",\"target\":\"https:\/\/asiamortar.com.vn\/ja\/?s={search_term_string}\",\"query-input\":\"required name=search_term_string\"}],\"inLanguage\":\"ja\"},{\"@type\":\"WebPage\",\"@id\":\"https:\/\/asiamortar.com.vn\/san-pham\/am-epoxicote-tar-2\/#webpage\",\"url\":\"https:\/\/asiamortar.com.vn\/san-pham\/am-epoxicote-tar-2\/\",\"name\":\"[:vi]AM EPOXICOTE TAR[:en]AM EPOXICOTE TAR[:zh]am Epoxicote TAR[:kh]am Epoxicote TAR[:] - ASIA MORTAR\",\"isPartOf\":{\"@id\":\"https:\/\/asiamortar.com.vn\/ja\/#website\"},\"datePublished\":\"2020-06-24T08:54:56+00:00\",\"dateModified\":\"2023-03-15T07:09:42+00:00\",\"inLanguage\":\"ja\",\"potentialAction\":[{\"@type\":\"ReadAction\",\"target\":[\"https:\/\/asiamortar.com.vn\/san-pham\/am-epoxicote-tar-2\/\"]}]}]}<\/script>\n<!-- \/ Yoast SEO plugin. -->","_links":{"self":[{"href":"https:\/\/asiamortar.com.vn\/ja\/wp-json\/wp\/v2\/product\/534"}],"collection":[{"href":"https:\/\/asiamortar.com.vn\/ja\/wp-json\/wp\/v2\/product"}],"about":[{"href":"https:\/\/asiamortar.com.vn\/ja\/wp-json\/wp\/v2\/types\/product"}],"wp:attachment":[{"href":"https:\/\/asiamortar.com.vn\/ja\/wp-json\/wp\/v2\/media?parent=534"}],"curies":[{"name":"wp","href":"https:\/\/api.w.org\/{rel}","templated":true}]}}