{"id":1052,"date":"2020-09-03T11:29:51","date_gmt":"2020-09-03T04:29:51","guid":{"rendered":"http:\/\/asiamortar.com.vn\/?post_type=product&#038;p=1052"},"modified":"2023-03-10T10:53:13","modified_gmt":"2023-03-10T03:53:13","slug":"am-epoxicote-401p","status":"publish","type":"product","link":"https:\/\/asiamortar.com.vn\/kh\/san-pham\/am-epoxicote-401p\/","title":{"rendered":"Am Epoxicote 401P"},"content":{"rendered":"<p class=\"qtranxs-available-languages-message qtranxs-available-languages-message-kh\">Sorry, this entry is only available in <a href=\"https:\/\/asiamortar.com.vn\/vi\/wp-json\/wp\/v2\/product\/1052\" class=\"qtranxs-available-language-link qtranxs-available-language-link-vi\" title=\"Ti\u1ebfng Vi\u1ec7t\">\u179c\u17c0\u178f\u178e\u17b6\u1798<\/a> and <a href=\"https:\/\/asiamortar.com.vn\/en\/wp-json\/wp\/v2\/product\/1052\" class=\"qtranxs-available-language-link qtranxs-available-language-link-en\" title=\"English\">\u17a2\u1784\u17cb\u1782\u17d2\u179b\u17c1\u179f (\u179f.\u179a.\u17a2)<\/a>.<\/p>","protected":false},"excerpt":{"rendered":"<p class=\"qtranxs-available-languages-message qtranxs-available-languages-message-kh\">Sorry, this entry is only available in <a href=\"https:\/\/asiamortar.com.vn\/vi\/wp-json\/wp\/v2\/product\/1052\" class=\"qtranxs-available-language-link qtranxs-available-language-link-vi\" title=\"Ti\u1ebfng Vi\u1ec7t\">\u179c\u17c0\u178f\u178e\u17b6\u1798<\/a> and <a href=\"https:\/\/asiamortar.com.vn\/en\/wp-json\/wp\/v2\/product\/1052\" class=\"qtranxs-available-language-link qtranxs-available-language-link-en\" title=\"English\">\u17a2\u1784\u17cb\u1782\u17d2\u179b\u17c1\u179f (\u179f.\u179a.\u17a2)<\/a>.<\/p>\n","protected":false},"featured_media":2179,"template":"","meta":[],"yoast_head":"<!-- This site is optimized with the Yoast SEO plugin v15.3 - https:\/\/yoast.com\/wordpress\/plugins\/seo\/ -->\n<meta name=\"robots\" content=\"index, follow, max-snippet:-1, max-image-preview:large, max-video-preview:-1\" \/>\n<link rel=\"canonical\" href=\"https:\/\/asiamortar.com.vn\/san-pham\/am-epoxicote-401p\/\" \/>\n<meta property=\"og:locale\" content=\"km_KH\" \/>\n<meta property=\"og:type\" content=\"article\" \/>\n<meta property=\"og:title\" content=\"[:vi]AM EPOXICOTE 401P[:en]AM EPOXICOTE 401P[:zh]Am Epoxicote 401P[:kh]Am Epoxicote 401P[:ja]Am Epoxicote 401P[:] - ASIA MORTAR\" \/>\n<meta property=\"og:description\" content=\"[:vi]  AM EPOXICOTE 401P l\u00e0 s\u01a1n qu\u00e9t ph\u1ee7 b\u1ea3o v\u1ec7 g\u1ed1c epoxy nh\u0169 t\u01b0\u01a1ng hai th\u00e0nh ph\u1ea7n.  \u0110\u01b0\u1ee3c d\u00f9ng l\u00e0m l\u1edbp ph\u1ee7 ho\u1eb7c l\u1edbp l\u00f3t nh\u1eb1m t\u0103ng \u0111\u1ed9 b\u00e1m d\u00ednh v\u00e0o b\u1ec1 m\u1eb7t n\u1ec1n v\u00e0 kh\u1ea3 n\u0103ng kh\u00e1ng ho\u00e1 ch\u1ea5t v\u1edbi \u0111\u1eb7c t\u00ednh b\u00e1m d\u00ednh t\u1ed1t cho b\u1ec1 m\u1eb7t n\u00ean c\u00f3 \u0111\u1ed9 \u1ea9m cao ho\u1eb7c b\u1ec1 m\u1eb7t n\u1ec1n s\u01a1n c\u0169.  C\u00e1c c\u00f4ng c\u1ee5 v\u00e0 thi\u1ebft b\u1ecb d\u00f9ng \u0111\u1ec3 tr\u1ed9n c\u00f3 th\u1ec3 \u0111\u01b0\u1ee3c v\u1ec7 sinh b\u1eb1ng n\u01b0\u1edbc s\u1ea1ch sau khi s\u1eed d\u1ee5ng.\u00a0 [:en]  AM EPOXICOTE 401P - Two-component emulsion epoxy coating protection.  Used as a coating or primer to increase adhesion to the substrate and chemical resistance with good adhesion properties to the surface with high humidity or the old painted substrate.  Tools and equipment used for mixing can be cleaned with clean water after use. [:]\" \/>\n<meta property=\"og:url\" content=\"https:\/\/asiamortar.com.vn\/san-pham\/am-epoxicote-401p\/\" \/>\n<meta property=\"og:site_name\" content=\"ASIA MORTAR\" \/>\n<meta property=\"article:modified_time\" content=\"2023-03-10T03:53:13+00:00\" \/>\n<meta property=\"og:image\" content=\"https:\/\/asiamortar.com.vn\/wp-content\/uploads\/2020\/09\/401P.png\" \/>\n\t<meta property=\"og:image:width\" content=\"900\" \/>\n\t<meta property=\"og:image:height\" content=\"1000\" \/>\n<meta name=\"twitter:card\" content=\"summary_large_image\" \/>\n<meta name=\"twitter:label1\" content=\"Written by\">\n\t<meta name=\"twitter:data1\" content=\"Kh\u00e1ch H\u00e0ng Admin\">\n\t<meta name=\"twitter:label2\" content=\"Est. reading time\">\n\t<meta name=\"twitter:data2\" content=\"3 minutes\">\n<script type=\"application\/ld+json\" class=\"yoast-schema-graph\">{\"@context\":\"https:\/\/schema.org\",\"@graph\":[{\"@type\":\"WebSite\",\"@id\":\"https:\/\/asiamortar.com.vn\/ja\/#website\",\"url\":\"https:\/\/asiamortar.com.vn\/ja\/\",\"name\":\"ASIA MORTAR\",\"description\":\"\",\"potentialAction\":[{\"@type\":\"SearchAction\",\"target\":\"https:\/\/asiamortar.com.vn\/ja\/?s={search_term_string}\",\"query-input\":\"required name=search_term_string\"}],\"inLanguage\":\"km-KH\"},{\"@type\":\"ImageObject\",\"@id\":\"https:\/\/asiamortar.com.vn\/san-pham\/am-epoxicote-401p\/#primaryimage\",\"inLanguage\":\"km-KH\",\"url\":\"https:\/\/asiamortar.com.vn\/wp-content\/uploads\/2020\/09\/401P.png\",\"width\":900,\"height\":1000,\"caption\":\"401p\"},{\"@type\":\"WebPage\",\"@id\":\"https:\/\/asiamortar.com.vn\/san-pham\/am-epoxicote-401p\/#webpage\",\"url\":\"https:\/\/asiamortar.com.vn\/san-pham\/am-epoxicote-401p\/\",\"name\":\"[:vi]AM EPOXICOTE 401P[:en]AM EPOXICOTE 401P[:zh]Am Epoxicote 401P[:kh]Am Epoxicote 401P[:ja]Am Epoxicote 401P[:] - ASIA MORTAR\",\"isPartOf\":{\"@id\":\"https:\/\/asiamortar.com.vn\/ja\/#website\"},\"primaryImageOfPage\":{\"@id\":\"https:\/\/asiamortar.com.vn\/san-pham\/am-epoxicote-401p\/#primaryimage\"},\"datePublished\":\"2020-09-03T04:29:51+00:00\",\"dateModified\":\"2023-03-10T03:53:13+00:00\",\"inLanguage\":\"km-KH\",\"potentialAction\":[{\"@type\":\"ReadAction\",\"target\":[\"https:\/\/asiamortar.com.vn\/san-pham\/am-epoxicote-401p\/\"]}]}]}<\/script>\n<!-- \/ Yoast SEO plugin. -->","_links":{"self":[{"href":"https:\/\/asiamortar.com.vn\/kh\/wp-json\/wp\/v2\/product\/1052"}],"collection":[{"href":"https:\/\/asiamortar.com.vn\/kh\/wp-json\/wp\/v2\/product"}],"about":[{"href":"https:\/\/asiamortar.com.vn\/kh\/wp-json\/wp\/v2\/types\/product"}],"wp:featuredmedia":[{"embeddable":true,"href":"https:\/\/asiamortar.com.vn\/kh\/wp-json\/wp\/v2\/media\/2179"}],"wp:attachment":[{"href":"https:\/\/asiamortar.com.vn\/kh\/wp-json\/wp\/v2\/media?parent=1052"}],"curies":[{"name":"wp","href":"https:\/\/api.w.org\/{rel}","templated":true}]}}