{"id":1064,"date":"2020-09-03T11:42:55","date_gmt":"2020-09-03T04:42:55","guid":{"rendered":"http:\/\/asiamortar.com.vn\/?post_type=product&#038;p=1064"},"modified":"2021-04-01T16:21:54","modified_gmt":"2021-04-01T09:21:54","slug":"am-flexswell","status":"publish","type":"product","link":"https:\/\/asiamortar.com.vn\/kh\/san-pham\/am-flexswell\/","title":{"rendered":"Am Flexswell"},"content":{"rendered":"<p class=\"qtranxs-available-languages-message qtranxs-available-languages-message-kh\">Sorry, this entry is only available in <a href=\"https:\/\/asiamortar.com.vn\/vi\/wp-json\/wp\/v2\/product\/1064\" class=\"qtranxs-available-language-link qtranxs-available-language-link-vi\" title=\"Ti\u1ebfng Vi\u1ec7t\">\u179c\u17c0\u178f\u178e\u17b6\u1798<\/a> and <a href=\"https:\/\/asiamortar.com.vn\/en\/wp-json\/wp\/v2\/product\/1064\" class=\"qtranxs-available-language-link qtranxs-available-language-link-en\" title=\"English\">\u17a2\u1784\u17cb\u1782\u17d2\u179b\u17c1\u179f (\u179f.\u179a.\u17a2)<\/a>.<\/p>","protected":false},"excerpt":{"rendered":"<p class=\"qtranxs-available-languages-message qtranxs-available-languages-message-kh\">Sorry, this entry is only available in <a href=\"https:\/\/asiamortar.com.vn\/vi\/wp-json\/wp\/v2\/product\/1064\" class=\"qtranxs-available-language-link qtranxs-available-language-link-vi\" title=\"Ti\u1ebfng Vi\u1ec7t\">\u179c\u17c0\u178f\u178e\u17b6\u1798<\/a> and <a href=\"https:\/\/asiamortar.com.vn\/en\/wp-json\/wp\/v2\/product\/1064\" class=\"qtranxs-available-language-link qtranxs-available-language-link-en\" title=\"English\">\u17a2\u1784\u17cb\u1782\u17d2\u179b\u17c1\u179f (\u179f.\u179a.\u17a2)<\/a>.<\/p>\n","protected":false},"featured_media":2202,"template":"","meta":[],"yoast_head":"<!-- This site is optimized with the Yoast SEO plugin v15.3 - https:\/\/yoast.com\/wordpress\/plugins\/seo\/ -->\n<meta name=\"robots\" content=\"index, follow, max-snippet:-1, max-image-preview:large, max-video-preview:-1\" \/>\n<link rel=\"canonical\" href=\"https:\/\/asiamortar.com.vn\/san-pham\/am-flexswell\/\" \/>\n<meta property=\"og:locale\" content=\"km_KH\" \/>\n<meta property=\"og:type\" content=\"article\" \/>\n<meta property=\"og:title\" content=\"Am Flexswell - ASIA MORTAR\" \/>\n<meta property=\"og:description\" content=\"[:vi]\u00a0 am FLEXSWELL R\/B l\u00e0 thanh c\u1ea3n n\u01b0\u1edbc cao su Polymer th\u1ee7y tr\u01b0\u01a1ng v\u00e0 l\u1ea5p k\u00edn \u0111\u1eb7c bi\u1ec7t. S\u1ea3n ph\u1ea9m \u0111\u01b0\u1ee3c thi\u1ebft k\u1ebf \u0111\u1ec3 l\u1eafp \u0111\u1eb7t ngay t\u1ea1i c\u00f4ng tr\u01b0\u1eddng tr\u01b0\u1edbc khi \u0111\u1ed5 b\u00ea t\u00f4ng cho c\u00e1c m\u1ea1ch ng\u1eebng n\u1eb1m ngang v\u00e0 m\u1ea1ch ng\u1eebng \u0111\u1ee9ng.  \u00a0 Khi ti\u1ebfp x\u00fac v\u1edbi n\u01b0\u1edbc, h\u01a1i \u1ea9m am FLEXSWELL R\/B tr\u01b0\u01a1ng n\u1edf v\u1edbi m\u1ee9c \u0111\u1ed9 ki\u1ec3m so\u00e1t \u0111\u1ec3 h\u00e0n k\u00edn v\u00e0 l\u1ea5p ch\u1eb7t c\u00e1c khe n\u1ed1i, m\u1ea1ch ng\u1eebng. L\u00e0 thanh th\u1ee7y\u00a0 tr\u01b0\u01a1ng polymer n\u00ean s\u1ea3n ph\u1ea9m s\u1ebd kh\u00f4ng tr\u01b0\u01a1ng n\u1edf \u0111\u1ebfn m\u1ee9c \u0111\u1ed9 qu\u00e1 m\u1ee9c v\u00e0 t\u1ef1 ph\u00e1 h\u1ee7y c\u1ea5u tr\u00fac c\u1ee7a thanh ch\u1ed1ng th\u1ea5m n\u00e0y. \u00a0  \u00a0 C\u00e1c th\u00f4ng s\u1ed1 v\u1ec1 \u0111\u1ed9 tr\u01b0\u01a1ng n\u1edf khi ti\u1ebfp x\u00fac v\u1edbi n\u01b0\u1edbc u\u1ed1ng nh\u01b0 sau:  7 ng\u00e0y \u2013 n\u1edf ch\u1eadm t\u1edbi 118%. 14 ng\u00e0y \u2013 tr\u01b0\u01a1ng n\u1edf 131% 28 ng\u00e0y \u2013 tr\u01b0\u01a1ng n\u1edf 142% 56 ng\u00e0y \u2013 tr\u01b0\u01a1ng n\u1edf 177%  (L\u01b0u \u00fd:\u00a0 t\u1ef7 l\u1ec7 n\u1edf 100% c\u0103n c\u1ee9 v\u00e0o k\u00edch th\u01b0\u1edbc ban \u0111\u1ea7u v\u00e0 lo\u1ea1i R hay B)[:en]am FLEXSWELL R\/B waterstop is a special sealing compound.\u00a0 It is ideal for horizontal and vertical construction joints for cast-insitu concrete.\u00a0 When exposed to moisture, am FLEXSWELL R\/B expands to form a compression seal in concrete joints in a controlled manner.\u00a0 Being a hydrophilic polymer based waterstop, it will not expand to a point that it causes the waterstop to \u2018disintegrate\u2019.\u00a0 The typical expansion characteristics when exposed to potable water is as follows:   7 days \u2013 118% movement  14 days \u2013 131% expansion  28 days \u2013 142% expansion  56 days \u2013 177% expansion  (Note: 100% indicates original size and depending on type R or B)[:]\" \/>\n<meta property=\"og:url\" content=\"https:\/\/asiamortar.com.vn\/san-pham\/am-flexswell\/\" \/>\n<meta property=\"og:site_name\" content=\"ASIA MORTAR\" \/>\n<meta property=\"article:modified_time\" content=\"2021-04-01T09:21:54+00:00\" \/>\n<meta property=\"og:image\" content=\"https:\/\/asiamortar.com.vn\/wp-content\/uploads\/2020\/09\/AM-FLEXSWELL.png\" \/>\n\t<meta property=\"og:image:width\" content=\"225\" \/>\n\t<meta property=\"og:image:height\" content=\"167\" \/>\n<meta name=\"twitter:card\" content=\"summary_large_image\" \/>\n<meta name=\"twitter:label1\" content=\"Written by\">\n\t<meta name=\"twitter:data1\" content=\"Kh\u00e1ch H\u00e0ng Admin\">\n\t<meta name=\"twitter:label2\" content=\"Est. reading time\">\n\t<meta name=\"twitter:data2\" content=\"1 minute\">\n<script type=\"application\/ld+json\" class=\"yoast-schema-graph\">{\"@context\":\"https:\/\/schema.org\",\"@graph\":[{\"@type\":\"WebSite\",\"@id\":\"https:\/\/asiamortar.com.vn\/ja\/#website\",\"url\":\"https:\/\/asiamortar.com.vn\/ja\/\",\"name\":\"ASIA MORTAR\",\"description\":\"\",\"potentialAction\":[{\"@type\":\"SearchAction\",\"target\":\"https:\/\/asiamortar.com.vn\/ja\/?s={search_term_string}\",\"query-input\":\"required name=search_term_string\"}],\"inLanguage\":\"km-KH\"},{\"@type\":\"ImageObject\",\"@id\":\"https:\/\/asiamortar.com.vn\/san-pham\/am-flexswell\/#primaryimage\",\"inLanguage\":\"km-KH\",\"url\":\"https:\/\/asiamortar.com.vn\/wp-content\/uploads\/2020\/09\/AM-FLEXSWELL.png\",\"width\":225,\"height\":167,\"caption\":\"Am Flexswell\"},{\"@type\":\"WebPage\",\"@id\":\"https:\/\/asiamortar.com.vn\/san-pham\/am-flexswell\/#webpage\",\"url\":\"https:\/\/asiamortar.com.vn\/san-pham\/am-flexswell\/\",\"name\":\"Am Flexswell - ASIA MORTAR\",\"isPartOf\":{\"@id\":\"https:\/\/asiamortar.com.vn\/ja\/#website\"},\"primaryImageOfPage\":{\"@id\":\"https:\/\/asiamortar.com.vn\/san-pham\/am-flexswell\/#primaryimage\"},\"datePublished\":\"2020-09-03T04:42:55+00:00\",\"dateModified\":\"2021-04-01T09:21:54+00:00\",\"inLanguage\":\"km-KH\",\"potentialAction\":[{\"@type\":\"ReadAction\",\"target\":[\"https:\/\/asiamortar.com.vn\/san-pham\/am-flexswell\/\"]}]}]}<\/script>\n<!-- \/ Yoast SEO plugin. -->","_links":{"self":[{"href":"https:\/\/asiamortar.com.vn\/kh\/wp-json\/wp\/v2\/product\/1064"}],"collection":[{"href":"https:\/\/asiamortar.com.vn\/kh\/wp-json\/wp\/v2\/product"}],"about":[{"href":"https:\/\/asiamortar.com.vn\/kh\/wp-json\/wp\/v2\/types\/product"}],"wp:featuredmedia":[{"embeddable":true,"href":"https:\/\/asiamortar.com.vn\/kh\/wp-json\/wp\/v2\/media\/2202"}],"wp:attachment":[{"href":"https:\/\/asiamortar.com.vn\/kh\/wp-json\/wp\/v2\/media?parent=1064"}],"curies":[{"name":"wp","href":"https:\/\/api.w.org\/{rel}","templated":true}]}}