{"id":1160,"date":"2020-09-24T15:37:41","date_gmt":"2020-09-24T08:37:41","guid":{"rendered":"http:\/\/asiamortar.com.vn\/?post_type=product&#038;p=1160"},"modified":"2021-03-01T10:55:52","modified_gmt":"2021-03-01T03:55:52","slug":"dermafil","status":"publish","type":"product","link":"https:\/\/asiamortar.com.vn\/kh\/san-pham\/dermafil\/","title":{"rendered":"Dermafil"},"content":{"rendered":"<p class=\"qtranxs-available-languages-message qtranxs-available-languages-message-kh\">Sorry, this entry is only available in <a href=\"https:\/\/asiamortar.com.vn\/vi\/wp-json\/wp\/v2\/product\/1160\" class=\"qtranxs-available-language-link qtranxs-available-language-link-vi\" title=\"Ti\u1ebfng Vi\u1ec7t\">\u179c\u17c0\u178f\u178e\u17b6\u1798<\/a> and <a href=\"https:\/\/asiamortar.com.vn\/en\/wp-json\/wp\/v2\/product\/1160\" class=\"qtranxs-available-language-link qtranxs-available-language-link-en\" title=\"English\">\u17a2\u1784\u17cb\u1782\u17d2\u179b\u17c1\u179f (\u179f.\u179a.\u17a2)<\/a>.<\/p>","protected":false},"excerpt":{"rendered":"<p class=\"qtranxs-available-languages-message qtranxs-available-languages-message-kh\">Sorry, this entry is only available in <a href=\"https:\/\/asiamortar.com.vn\/vi\/wp-json\/wp\/v2\/product\/1160\" class=\"qtranxs-available-language-link qtranxs-available-language-link-vi\" title=\"Ti\u1ebfng Vi\u1ec7t\">\u179c\u17c0\u178f\u178e\u17b6\u1798<\/a> and <a href=\"https:\/\/asiamortar.com.vn\/en\/wp-json\/wp\/v2\/product\/1160\" class=\"qtranxs-available-language-link qtranxs-available-language-link-en\" title=\"English\">\u17a2\u1784\u17cb\u1782\u17d2\u179b\u17c1\u179f (\u179f.\u179a.\u17a2)<\/a>.<\/p>\n","protected":false},"featured_media":0,"template":"","meta":[],"yoast_head":"<!-- This site is optimized with the Yoast SEO plugin v15.3 - https:\/\/yoast.com\/wordpress\/plugins\/seo\/ -->\n<meta name=\"robots\" content=\"index, follow, max-snippet:-1, max-image-preview:large, max-video-preview:-1\" \/>\n<link rel=\"canonical\" href=\"https:\/\/asiamortar.com.vn\/san-pham\/dermafil\/\" \/>\n<meta property=\"og:locale\" content=\"km_KH\" \/>\n<meta property=\"og:type\" content=\"article\" \/>\n<meta property=\"og:title\" content=\"Dermafil - ASIA MORTAR\" \/>\n<meta property=\"og:description\" content=\"[:vi]M\u00e0ng ch\u1ed1ng th\u1ea5m d\u1ea1ng ng\u1ecdn \u0111u\u1ed1c hi\u1ec7u su\u1ea5t cao cho c\u00e1c \u1ee9ng d\u1ee5ng nhi\u1ec1u l\u1edbp, c\u00f3 ho\u1eb7c kh\u00f4ng c\u00f3 l\u1edbp c\u00e1ch nhi\u1ec7t. M\u1ed9t linh ho\u1ea1t m\u00e0ng \u0111a n\u0103ng \u0111\u1ea3m b\u1ea3o s\u1eed d\u1ee5ng nhi\u1ec1u n\u0103m, v\u1edbi t\u1ef7 l\u1ec7 ch\u1ea5t l\u01b0\u1ee3ng \/ gi\u00e1 c\u1ea3 tuy\u1ec7t v\u1eddi[:en]High-performance torch-on waterproofing membrane for multi-layer applications, with or without insulation. A versatile multi-purpose membrane that guarantees years of use, with an excellent quality\/price ratio[:]\" \/>\n<meta property=\"og:url\" content=\"https:\/\/asiamortar.com.vn\/san-pham\/dermafil\/\" \/>\n<meta property=\"og:site_name\" content=\"ASIA MORTAR\" \/>\n<meta property=\"article:modified_time\" content=\"2021-03-01T03:55:52+00:00\" \/>\n<meta name=\"twitter:card\" content=\"summary_large_image\" \/>\n<meta name=\"twitter:label1\" content=\"Written by\">\n\t<meta name=\"twitter:data1\" content=\"Kh\u00e1ch H\u00e0ng Admin\">\n\t<meta name=\"twitter:label2\" content=\"Est. reading time\">\n\t<meta name=\"twitter:data2\" content=\"2 minutes\">\n<script type=\"application\/ld+json\" class=\"yoast-schema-graph\">{\"@context\":\"https:\/\/schema.org\",\"@graph\":[{\"@type\":\"WebSite\",\"@id\":\"https:\/\/asiamortar.com.vn\/ja\/#website\",\"url\":\"https:\/\/asiamortar.com.vn\/ja\/\",\"name\":\"ASIA MORTAR\",\"description\":\"\",\"potentialAction\":[{\"@type\":\"SearchAction\",\"target\":\"https:\/\/asiamortar.com.vn\/ja\/?s={search_term_string}\",\"query-input\":\"required name=search_term_string\"}],\"inLanguage\":\"km-KH\"},{\"@type\":\"WebPage\",\"@id\":\"https:\/\/asiamortar.com.vn\/san-pham\/dermafil\/#webpage\",\"url\":\"https:\/\/asiamortar.com.vn\/san-pham\/dermafil\/\",\"name\":\"Dermafil - ASIA MORTAR\",\"isPartOf\":{\"@id\":\"https:\/\/asiamortar.com.vn\/ja\/#website\"},\"datePublished\":\"2020-09-24T08:37:41+00:00\",\"dateModified\":\"2021-03-01T03:55:52+00:00\",\"inLanguage\":\"km-KH\",\"potentialAction\":[{\"@type\":\"ReadAction\",\"target\":[\"https:\/\/asiamortar.com.vn\/san-pham\/dermafil\/\"]}]}]}<\/script>\n<!-- \/ Yoast SEO plugin. -->","_links":{"self":[{"href":"https:\/\/asiamortar.com.vn\/kh\/wp-json\/wp\/v2\/product\/1160"}],"collection":[{"href":"https:\/\/asiamortar.com.vn\/kh\/wp-json\/wp\/v2\/product"}],"about":[{"href":"https:\/\/asiamortar.com.vn\/kh\/wp-json\/wp\/v2\/types\/product"}],"wp:attachment":[{"href":"https:\/\/asiamortar.com.vn\/kh\/wp-json\/wp\/v2\/media?parent=1160"}],"curies":[{"name":"wp","href":"https:\/\/api.w.org\/{rel}","templated":true}]}}