{"id":1161,"date":"2020-09-24T15:41:51","date_gmt":"2020-09-24T08:41:51","guid":{"rendered":"http:\/\/asiamortar.com.vn\/?post_type=product&#038;p=1161"},"modified":"2021-03-01T10:54:31","modified_gmt":"2021-03-01T03:54:31","slug":"flexine-tpo-pe","status":"publish","type":"product","link":"https:\/\/asiamortar.com.vn\/kh\/san-pham\/flexine-tpo-pe\/","title":{"rendered":"Flexine TPO-PE"},"content":{"rendered":"<p class=\"qtranxs-available-languages-message qtranxs-available-languages-message-kh\">Sorry, this entry is only available in <a href=\"https:\/\/asiamortar.com.vn\/vi\/wp-json\/wp\/v2\/product\/1161\" class=\"qtranxs-available-language-link qtranxs-available-language-link-vi\" title=\"Ti\u1ebfng Vi\u1ec7t\">\u179c\u17c0\u178f\u178e\u17b6\u1798<\/a> and <a href=\"https:\/\/asiamortar.com.vn\/en\/wp-json\/wp\/v2\/product\/1161\" class=\"qtranxs-available-language-link qtranxs-available-language-link-en\" title=\"English\">\u17a2\u1784\u17cb\u1782\u17d2\u179b\u17c1\u179f (\u179f.\u179a.\u17a2)<\/a>.<\/p>","protected":false},"excerpt":{"rendered":"<p class=\"qtranxs-available-languages-message qtranxs-available-languages-message-kh\">Sorry, this entry is only available in <a href=\"https:\/\/asiamortar.com.vn\/vi\/wp-json\/wp\/v2\/product\/1161\" class=\"qtranxs-available-language-link qtranxs-available-language-link-vi\" title=\"Ti\u1ebfng Vi\u1ec7t\">\u179c\u17c0\u178f\u178e\u17b6\u1798<\/a> and <a href=\"https:\/\/asiamortar.com.vn\/en\/wp-json\/wp\/v2\/product\/1161\" class=\"qtranxs-available-language-link qtranxs-available-language-link-en\" title=\"English\">\u17a2\u1784\u17cb\u1782\u17d2\u179b\u17c1\u179f (\u179f.\u179a.\u17a2)<\/a>.<\/p>\n","protected":false},"featured_media":0,"template":"","meta":[],"yoast_head":"<!-- This site is optimized with the Yoast SEO plugin v15.3 - https:\/\/yoast.com\/wordpress\/plugins\/seo\/ -->\n<meta name=\"robots\" content=\"index, follow, max-snippet:-1, max-image-preview:large, max-video-preview:-1\" \/>\n<link rel=\"canonical\" href=\"https:\/\/asiamortar.com.vn\/san-pham\/flexine-tpo-pe\/\" \/>\n<meta property=\"og:locale\" content=\"km_KH\" \/>\n<meta property=\"og:type\" content=\"article\" \/>\n<meta property=\"og:title\" content=\"Flexine TPO-PE - ASIA MORTAR\" \/>\n<meta property=\"og:description\" content=\"[:vi]CASALI truy\u1ec1n th\u1ed1ng tu\u00e2n theo s\u1ef1 ph\u00e1t tri\u1ec3n c\u00f4ng ngh\u1ec7 v\u00e0 xu h\u01b0\u1edbng th\u1ecb tr\u01b0\u1eddng c\u1ee7a c\u1ea3 th\u1ecb tr\u01b0\u1eddng \u00dd v\u00e0 th\u1ecb tr\u01b0\u1eddng qu\u1ed1c t\u1ebf v\u00e0 b\u1eb1ng c\u00e1ch n\u00e0y \u0111\u00e3 t\u1ea1o \u0111\u01b0\u1ee3c danh ti\u1ebfng nh\u01b0 m\u1ed9t c\u00f4ng ty c\u00f3 kinh nghi\u1ec7m v\u00e0 \u0111\u00e1ng tin c\u1eady. Ng\u00e0y nay h\u01a1n bao gi\u1edd h\u1ebft tri\u1ebft l\u00fd n\u00e0y kh\u00f4ng \u0111\u01b0\u1ee3c l\u00e0m suy y\u1ebfu nhi\u1ec1u ph\u00e1t tri\u1ec3n \u0111\u01b0\u1ee3c cung c\u1ea5p b\u1edfi kh\u00e1m ph\u00e1 khoa h\u1ecdc th\u1ecb tr\u01b0\u1eddng t\u00ecm ki\u1ebfm li\u00ean t\u1ee5c. Ph\u00e1t tri\u1ec3n c\u00e1c s\u1ea3n ph\u1ea9m m\u1edbi v\u00e0 c\u00e1c gi\u1ea3i ph\u00e1p ti\u00ean ti\u1ebfn  l\u00e0 m\u1ed9t ph\u1ea7n trong qu\u00e1 tr\u00ecnh trang \u0111i\u1ec3m di truy\u1ec1n c\u1ee7a ch\u00fang t\u00f4i trong khi \u0111\u1eb7t b\u1ea3n th\u00e2n v\u00e0o c\u00f4ng vi\u1ec7c h\u00e0ng ng\u00e0y \u0111\u1ed1i m\u1eb7t v\u1edbi c\u00e1c ch\u1ee7 \u0111\u1ec1 s\u00e1ng t\u1ea1o l\u00e0 ch\u00eca kh\u00f3a \u0111\u1ec3 chi\u1ebfn th\u1eafng nh\u1eefng th\u1eed th\u00e1ch m\u1edbi th\u00fa v\u1ecb. \u0110\u00e2y l\u00e0 l\u00fd do t\u1ea1i sao ch\u00fang t\u00f4i \u0111\u00e3 t\u1ea1o ra B\u1ed9 ph\u1eadn m\u00e0ng \u0111\u1ecba t\u1ed5ng h\u1ee3p chuy\u00ean v\u1ec1 ph\u1ee7 polyolefin - bi\u00ean gi\u1edbi c\u00f4ng ngh\u1ec7 m\u1edbi trong m\u00f4i tr\u01b0\u1eddng b\u1ec1n v\u1eefng x\u00e2y d\u1ef1ng th\u01b0\u01a1ng m\u1ea1i.[:en]CASALI traditionally follows the technological developments and market trends of both the Italian and international markets and has in this way earned a reputation as an experienced and reliable company. Today more than ever this philosophy must not undermine the many developments offered by scientific discovery that the market seeks so continuously. Developing new products and advanced solutions is part of our genetic make-up while putting ourselves on the line every day to face innovative themes is the key to winning exciting new challenges. This is why we have created the Synthetic Geomembrane Division that specialises in polyolefin coverings - the new technological frontier in the eco-sustainable building trade.[:]\" \/>\n<meta property=\"og:url\" content=\"https:\/\/asiamortar.com.vn\/san-pham\/flexine-tpo-pe\/\" \/>\n<meta property=\"og:site_name\" content=\"ASIA MORTAR\" \/>\n<meta property=\"article:modified_time\" content=\"2021-03-01T03:54:31+00:00\" \/>\n<meta name=\"twitter:card\" content=\"summary_large_image\" \/>\n<meta name=\"twitter:label1\" content=\"Written by\">\n\t<meta name=\"twitter:data1\" content=\"Kh\u00e1ch H\u00e0ng Admin\">\n\t<meta name=\"twitter:label2\" content=\"Est. reading time\">\n\t<meta name=\"twitter:data2\" content=\"3 minutes\">\n<script type=\"application\/ld+json\" class=\"yoast-schema-graph\">{\"@context\":\"https:\/\/schema.org\",\"@graph\":[{\"@type\":\"WebSite\",\"@id\":\"https:\/\/asiamortar.com.vn\/ja\/#website\",\"url\":\"https:\/\/asiamortar.com.vn\/ja\/\",\"name\":\"ASIA MORTAR\",\"description\":\"\",\"potentialAction\":[{\"@type\":\"SearchAction\",\"target\":\"https:\/\/asiamortar.com.vn\/ja\/?s={search_term_string}\",\"query-input\":\"required name=search_term_string\"}],\"inLanguage\":\"km-KH\"},{\"@type\":\"WebPage\",\"@id\":\"https:\/\/asiamortar.com.vn\/san-pham\/flexine-tpo-pe\/#webpage\",\"url\":\"https:\/\/asiamortar.com.vn\/san-pham\/flexine-tpo-pe\/\",\"name\":\"Flexine TPO-PE - ASIA MORTAR\",\"isPartOf\":{\"@id\":\"https:\/\/asiamortar.com.vn\/ja\/#website\"},\"datePublished\":\"2020-09-24T08:41:51+00:00\",\"dateModified\":\"2021-03-01T03:54:31+00:00\",\"inLanguage\":\"km-KH\",\"potentialAction\":[{\"@type\":\"ReadAction\",\"target\":[\"https:\/\/asiamortar.com.vn\/san-pham\/flexine-tpo-pe\/\"]}]}]}<\/script>\n<!-- \/ Yoast SEO plugin. -->","_links":{"self":[{"href":"https:\/\/asiamortar.com.vn\/kh\/wp-json\/wp\/v2\/product\/1161"}],"collection":[{"href":"https:\/\/asiamortar.com.vn\/kh\/wp-json\/wp\/v2\/product"}],"about":[{"href":"https:\/\/asiamortar.com.vn\/kh\/wp-json\/wp\/v2\/types\/product"}],"wp:attachment":[{"href":"https:\/\/asiamortar.com.vn\/kh\/wp-json\/wp\/v2\/media?parent=1161"}],"curies":[{"name":"wp","href":"https:\/\/api.w.org\/{rel}","templated":true}]}}