{"id":1328,"date":"2020-12-09T13:20:22","date_gmt":"2020-12-09T06:20:22","guid":{"rendered":"https:\/\/asiamortar.com.vn\/?post_type=product&#038;p=1328"},"modified":"2021-03-01T10:52:45","modified_gmt":"2021-03-01T03:52:45","slug":"am-epoxicote-405-fr","status":"publish","type":"product","link":"https:\/\/asiamortar.com.vn\/kh\/san-pham\/am-epoxicote-405-fr\/","title":{"rendered":"AM  EPOXICOTE 405 FR"},"content":{"rendered":"<p class=\"qtranxs-available-languages-message qtranxs-available-languages-message-kh\">Sorry, this entry is only available in <a href=\"https:\/\/asiamortar.com.vn\/vi\/wp-json\/wp\/v2\/product\/1328\" class=\"qtranxs-available-language-link qtranxs-available-language-link-vi\" title=\"Ti\u1ebfng Vi\u1ec7t\">\u179c\u17c0\u178f\u178e\u17b6\u1798<\/a> and <a href=\"https:\/\/asiamortar.com.vn\/en\/wp-json\/wp\/v2\/product\/1328\" class=\"qtranxs-available-language-link qtranxs-available-language-link-en\" title=\"English\">\u17a2\u1784\u17cb\u1782\u17d2\u179b\u17c1\u179f (\u179f.\u179a.\u17a2)<\/a>.<\/p>","protected":false},"excerpt":{"rendered":"<p class=\"qtranxs-available-languages-message qtranxs-available-languages-message-kh\">Sorry, this entry is only available in <a href=\"https:\/\/asiamortar.com.vn\/vi\/wp-json\/wp\/v2\/product\/1328\" class=\"qtranxs-available-language-link qtranxs-available-language-link-vi\" title=\"Ti\u1ebfng Vi\u1ec7t\">\u179c\u17c0\u178f\u178e\u17b6\u1798<\/a> and <a href=\"https:\/\/asiamortar.com.vn\/en\/wp-json\/wp\/v2\/product\/1328\" class=\"qtranxs-available-language-link qtranxs-available-language-link-en\" title=\"English\">\u17a2\u1784\u17cb\u1782\u17d2\u179b\u17c1\u179f (\u179f.\u179a.\u17a2)<\/a>.<\/p>\n","protected":false},"featured_media":0,"template":"","meta":[],"yoast_head":"<!-- This site is optimized with the Yoast SEO plugin v15.3 - https:\/\/yoast.com\/wordpress\/plugins\/seo\/ -->\n<meta name=\"robots\" content=\"index, follow, max-snippet:-1, max-image-preview:large, max-video-preview:-1\" \/>\n<link rel=\"canonical\" href=\"https:\/\/asiamortar.com.vn\/san-pham\/am-epoxicote-405-fr\/\" \/>\n<meta property=\"og:locale\" content=\"km_KH\" \/>\n<meta property=\"og:type\" content=\"article\" \/>\n<meta property=\"og:title\" content=\"[:vi]AM EPOXICOTE 405 FR[:en]AM EPOXICOTE 405 FR[:] - ASIA MORTAR\" \/>\n<meta property=\"og:description\" content=\"[:vi] am EPOXICOTE 405 FR l\u00e0 s\u1ea3n ph\u1ea9m s\u01a1n ch\u1ed1ng ch\u00e1y \u0111\u01b0\u1ee3c thi\u1ebft k\u1ebf \u0111\u1eb7c bi\u1ec7t t\u1ed1t cho c\u00e1c c\u00f4ng t\u00e1c ph\u00f2ng ch\u1ed1ng ch\u00e1y n\u1ed5 b\u1ea3o v\u1ec7 cho s\u1eaft th\u00e9p nh\u00e0 x\u01b0\u1edfng nh\u1eb1m k\u00e9o d\u00e0i th\u1eddi gian ch\u1ecbu \u0111\u1ef1\u01a1c l\u1eeda \u1edf nhi\u1ec7t \u0111\u1ed9 cao.[:en]am EPOXICOTE 405 FR is a coating product Fireproof is designed especially well for these Explosion protection for iron steel factory to prolong the bearing time burned at high temperature.[:]\" \/>\n<meta property=\"og:url\" content=\"https:\/\/asiamortar.com.vn\/san-pham\/am-epoxicote-405-fr\/\" \/>\n<meta property=\"og:site_name\" content=\"ASIA MORTAR\" \/>\n<meta property=\"article:modified_time\" content=\"2021-03-01T03:52:45+00:00\" \/>\n<meta name=\"twitter:card\" content=\"summary_large_image\" \/>\n<meta name=\"twitter:label1\" content=\"Written by\">\n\t<meta name=\"twitter:data1\" content=\"Kh\u00e1ch H\u00e0ng Admin\">\n\t<meta name=\"twitter:label2\" content=\"Est. reading time\">\n\t<meta name=\"twitter:data2\" content=\"2 minutes\">\n<script type=\"application\/ld+json\" class=\"yoast-schema-graph\">{\"@context\":\"https:\/\/schema.org\",\"@graph\":[{\"@type\":\"WebSite\",\"@id\":\"https:\/\/asiamortar.com.vn\/ja\/#website\",\"url\":\"https:\/\/asiamortar.com.vn\/ja\/\",\"name\":\"ASIA MORTAR\",\"description\":\"\",\"potentialAction\":[{\"@type\":\"SearchAction\",\"target\":\"https:\/\/asiamortar.com.vn\/ja\/?s={search_term_string}\",\"query-input\":\"required name=search_term_string\"}],\"inLanguage\":\"km-KH\"},{\"@type\":\"WebPage\",\"@id\":\"https:\/\/asiamortar.com.vn\/san-pham\/am-epoxicote-405-fr\/#webpage\",\"url\":\"https:\/\/asiamortar.com.vn\/san-pham\/am-epoxicote-405-fr\/\",\"name\":\"[:vi]AM EPOXICOTE 405 FR[:en]AM EPOXICOTE 405 FR[:] - ASIA MORTAR\",\"isPartOf\":{\"@id\":\"https:\/\/asiamortar.com.vn\/ja\/#website\"},\"datePublished\":\"2020-12-09T06:20:22+00:00\",\"dateModified\":\"2021-03-01T03:52:45+00:00\",\"inLanguage\":\"km-KH\",\"potentialAction\":[{\"@type\":\"ReadAction\",\"target\":[\"https:\/\/asiamortar.com.vn\/san-pham\/am-epoxicote-405-fr\/\"]}]}]}<\/script>\n<!-- \/ Yoast SEO plugin. -->","_links":{"self":[{"href":"https:\/\/asiamortar.com.vn\/kh\/wp-json\/wp\/v2\/product\/1328"}],"collection":[{"href":"https:\/\/asiamortar.com.vn\/kh\/wp-json\/wp\/v2\/product"}],"about":[{"href":"https:\/\/asiamortar.com.vn\/kh\/wp-json\/wp\/v2\/types\/product"}],"wp:attachment":[{"href":"https:\/\/asiamortar.com.vn\/kh\/wp-json\/wp\/v2\/media?parent=1328"}],"curies":[{"name":"wp","href":"https:\/\/api.w.org\/{rel}","templated":true}]}}